{"id":4335,"date":"2023-02-23T00:34:46","date_gmt":"2023-02-23T06:34:46","guid":{"rendered":"https:\/\/tecsecmty.com\/index.php\/producto\/yonusa-packey12000127p-paquete-de-energizador-de-12000v-para-un-cerco-electrico-de-hasta-3500-mts-lineales-incluye-modulo-wifi-para-manejo-y-recepcion-de-alertas-desde-celular-bateria-de-respaldo\/"},"modified":"2023-03-22T23:25:08","modified_gmt":"2023-03-23T05:25:08","slug":"yonusa-packey12000127p-paquete-de-energizador-de-12000v-para-un-cerco-electrico-de-hasta-3500-mts-lineales-incluye-modulo-wifi-para-manejo-y-recepcion-de-alertas-desde-celular-bateria-de-respaldo","status":"publish","type":"product","link":"https:\/\/tecsecmty.com\/index.php\/producto\/yonusa-packey12000127p-paquete-de-energizador-de-12000v-para-un-cerco-electrico-de-hasta-3500-mts-lineales-incluye-modulo-wifi-para-manejo-y-recepcion-de-alertas-desde-celular-bateria-de-respaldo\/","title":{"rendered":"YONUSA PACKEY12000127P &#8211; Paquete de energizador de 12,000V para un cerco el\u00e9ctrico de hasta 3500 mts lineales\/ Incluye modulo wifi para manejo y recepci\u00f3n de alertas desde celular\/ Bater\u00eda de respaldo de regalo"},"content":{"rendered":"<div class=\"row aling-items-center padding-bottom-2x\">\n<div class=\"col-lg-12\">\n<h5 class=\"card-title text-center\">Paquete YONUSA PAQEY12000127P + Bateria de Regalo<\/h5>\n<p><strong>El paquete incluye lo siguiente:<\/strong><\/p>\n<ul>\n<li class=\"ql-indent-1\">1 Energizador modelo EY12000127P de la marca Yonusa<\/li>\n<li class=\"ql-indent-1\">1 Modulo wifi de la marca Yonusa<\/li>\n<li class=\"ql-indent-1\">1 Bater\u00eda\u00a0de respaldo de 12V 4.5Amp. de la marca YLI modelo\u00a0YPB7\u00a0de Regalo<\/li>\n<\/ul>\n<p><img decoding=\"async\" class=\"overview-center-img-web\" src=\"https:\/\/tvc.mx\/media\/59280\/YON1250008-20.jpg\" alt=\"\" \/><\/div>\n<\/div>\n<div class=\"row align-items-center padding-bottom-2x\">\n<div class=\"col-md-5\"><img decoding=\"async\" class=\"d-block m-auto img-thumbnail\" src=\"https:\/\/tvc.mx\/media\/45687\/YON1250008-11.jpg\" alt=\" \" \/><\/div>\n<div class=\"col-md-7 text-md-left text-center\">\n<h2>Descripci\u00f3n general<\/h2>\n<p class=\"text-muted\">\n<p>El mejor y mas rentable sistema de protecci\u00f3n de per\u00edmetro para proteger casas, condominios, bodegas, plazas comerciales, instituciones educativas, empresas, predios y cercados de ganado. Es un sistema disuasivo mediante letreros de alto voltaje y repulsivo ya que genera una descarga de\u00a0<strong>mas de 10,000 voltios sin da\u00f1ar al intruso<\/strong>. Se ofrece un equipo confiable, eficiente y f\u00e1cil de instalar.<\/p>\n<ul>\n<li class=\"ql-indent-1\">Energizador para cerca el\u00e9ctrica de<strong>\u00a012000 Volts.<\/strong><\/li>\n<li class=\"ql-indent-1\">Equipo:\u00a0<strong>Sin interfase<\/strong>.<\/li>\n<li class=\"ql-indent-1\">Su alcance es de hasta<strong>\u00a03,500 metros lineales.\u00a0<\/strong><\/li>\n<li class=\"ql-indent-1\"><strong>700 mts. en 5 l\u00edneas.<\/strong><\/li>\n<\/ul>\n<h3><\/h3>\n<p>&nbsp;<\/p>\n<\/div>\n<\/div>\n<hr class=\"padding-bottom-2x\" \/>\n<div class=\"row align-items-center padding-bottom-2x\">\n<div class=\"col-md-5 order-md-2\"><img decoding=\"async\" class=\"d-block m-auto img-thumbnail\" src=\"https:\/\/tvc.mx\/media\/45600\/YON1250008-2.jpg\" alt=\" \" \/><\/div>\n<div class=\"col-md-7 order-md-1 text-md-left text-center\">\n<h2>Funcionalidad<\/h2>\n<p class=\"text-muted\">\n<ul>\n<li class=\"ql-align-justify\">Cargador integrado y espacio interno para bater\u00eda de 4 A\/h 12 VDC, la cual respalda al equipo por 3 dias continuos de trabajo.<\/li>\n<li class=\"ql-align-justify\">Opci\u00f3n de alimentar al equipo por medio de un panel solar.<\/li>\n<li class=\"ql-align-justify\">Detector de intrusi\u00f3n por:<\/li>\n<li class=\"ql-align-justify ql-indent-2\">Atenuaci\u00f3n de voltaje<\/li>\n<li class=\"ql-align-justify ql-indent-2\">Corte de l\u00ednea<\/li>\n<li class=\"ql-align-justify ql-indent-2\">Aterrizamiento de la l\u00ednea<\/li>\n<li class=\"ql-align-justify\">Su panel frontal luminoso permite conocer f\u00e1cilmente el estado de operaci\u00f3n del equipo.<\/li>\n<li class=\"ql-align-justify\">Excelente estabilidad ante lluvia y plantas (no genera falsas alarmas).<\/li>\n<li class=\"ql-align-justify\">Control de llave de seguridad para encendido, apagado y bloqueo del equipo.<\/li>\n<li class=\"ql-align-justify\">Operaci\u00f3n independiente del cercado y la alarma.<\/li>\n<li class=\"ql-align-justify\">Opci\u00f3n de operaci\u00f3n aun cuando el cerco se encuentra roto o da\u00f1ado.<\/li>\n<li class=\"ql-align-justify\">Puerto de entrada de control remoto 75 metros con linea de vista.<\/li>\n<li class=\"ql-align-justify\">Dise\u00f1ado para uso rudo, lo cual permite una operaci\u00f3n continua.<\/li>\n<li class=\"ql-align-justify\">Capacidad para operar 2 sirenas a 12 VDC, 30 watts, 120 dB.<\/li>\n<li class=\"ql-align-justify\">Opci\u00f3n de integrar discadores telef\u00f3nicos o digitales.<\/li>\n<li class=\"ql-align-justify\">Salida para transmisor GPRS y satelital, compatible con comunicadores GPRS, Satelital y Wifi.<\/li>\n<li class=\"ql-align-justify\">Compatible con el m\u00f3dulo Wifi Yonusa<\/li>\n<li class=\"ql-align-justify\">Su controlador de energ\u00eda representa la seguridad del intruso sin atenuar la fuerza del rechazo.<\/li>\n<li class=\"ql-align-justify\">Sus circuitos de alimentaci\u00f3n se encuentran protegidos por fusibles, reguladores electr\u00f3nicos de voltaje, supresores de transientes que protejen al equipo y permite operar con una variaci\u00f3n de +\/- 15% de voltaje de alimentaci\u00f3n.<\/li>\n<li class=\"ql-align-justify\">Operaci\u00f3n sin ruido el\u00e9ctrico por su arrestador de picos integrados.<\/li>\n<\/ul>\n<p>&nbsp;<\/p>\n<\/div>\n<\/div>\n<hr class=\"padding-bottom-2x\" \/>\n<div class=\"row align-items-center padding-bottom-2x\">\n<div class=\"col-md-5\"><img decoding=\"async\" class=\"d-block m-auto img-thumbnail\" src=\"https:\/\/tvc.mx\/media\/45603\/YON1250008--3.jpg\" alt=\" \" \/><\/div>\n<div class=\"col-md-7 text-md-left text-center\">\n<h2>Caracter\u00edsticas<\/h2>\n<p class=\"text-muted\">\n<ul>\n<li class=\"ql-align-justify\">Gabinete NEMA 2 briznas y lloviznas.<\/li>\n<li class=\"ql-align-justify\">Dimensiones: 36 cm x 25.5 cm x 11 cm.<\/li>\n<li class=\"ql-align-justify\">Retardante a la flama (cumple con Norma V0).<\/li>\n<li class=\"ql-align-justify\">Peso 3.4 kg aproximadamente.<\/li>\n<li class=\"ql-align-justify\">Protecci\u00f3n contra rayos ultravioleta.<\/li>\n<li class=\"ql-align-justify\">Protecci\u00f3n antioxidante.<\/li>\n<li class=\"ql-align-justify\">Alimentaci\u00f3n 90-220Vac 50-60Hz o Panel Solar 12Vdc.<\/li>\n<li class=\"ql-align-justify\">Salida auxiliar (1.5 amp 12 V) para alimentaci\u00f3n de sirenas, interrupciones, sensores, luces estrobosc\u00f3picas, etc.<\/li>\n<li class=\"ql-align-justify\">Salida temporizada para sirenas desde 1 minuto hasta 60 minutos.<\/li>\n<li class=\"ql-align-justify\">Dos salidas a contacto seco temporizadas (relay C NC NA) para aplicaciones de enlace a p\u00e1neles de alarma de cualquier marca, alimentaci\u00f3n de l\u00e1mparas hasta 1000 Watts o cualquier tipo de interface.<\/li>\n<li class=\"ql-align-justify\">Aviso de sirena en caso de falla del equipo y auto restablecimiento de sirena en caso de ca\u00edda a tierra moment\u00e1neo.<\/li>\n<li class=\"ql-align-justify\">Rango de operaci\u00f3n -20\u00b0C hasta 120 \u00b0C.<\/li>\n<li class=\"ql-align-justify\">Electr\u00f3nica de estado s\u00f3lido grado militar<\/li>\n<li class=\"ql-align-justify\">Cargador de bater\u00eda de respaldo hasta 40 amp\/hora.<\/li>\n<li class=\"ql-align-justify\">Puerto de alimentaci\u00f3n para panel solar.<\/li>\n<li class=\"ql-align-justify\">Salida para contacto seco para automatizaci\u00f3n.<\/li>\n<li class=\"ql-align-justify\">M\u00e1ximo factor de humedad 72%.<\/li>\n<li class=\"ql-align-justify\">M\u00e1ximo factor de vibraci\u00f3n 12 Hz\/cm.<\/li>\n<li class=\"ql-align-justify\">Inmune a RF.<\/li>\n<li class=\"ql-align-justify\">Frecuencia de operaci\u00f3n de salida: 1Hz.<\/li>\n<li class=\"ql-align-justify\">Su circuito de control de corriente representa la seguridad del intruso sin atenuar la fuerza de rechazo.<\/li>\n<\/ul>\n<p>&nbsp;<\/p>\n<\/div>\n<\/div>\n<hr class=\"padding-bottom-2x\" \/>\n<div class=\"row align-items-center padding-bottom-2x\">\n<div class=\"col-md-5 order-md-2\"><img decoding=\"async\" class=\"d-block m-auto img-thumbnail\" src=\"https:\/\/tvc.mx\/media\/45612\/YON1250008-5.jpg\" alt=\" \" \/><\/div>\n<div class=\"col-md-7 order-md-1 text-md-left text-center\">\n<h2>Parametros<\/h2>\n<p class=\"text-muted\">\n<ul>\n<li class=\"ql-align-justify\"><strong>Consumo<\/strong>: 0.1 AMP. 1.6 W\/H.<\/li>\n<li class=\"ql-align-justify\"><strong>Tensi\u00f3n de Salida:\u00a0<\/strong>12,000 V +\/- 8%.<\/li>\n<li class=\"ql-align-justify\"><strong>Fuerza de Pulso<\/strong>: 1.2 Joules +\/- 5%.<\/li>\n<li class=\"ql-align-justify\"><strong>Respaldo de Bater\u00eda:<\/strong>\u00a03 d\u00edas con bater\u00eda interna y 30 d\u00edas bater\u00eda externa.<\/li>\n<li class=\"ql-align-justify\"><strong>Consumo:<\/strong>\u00a02.0 W en operaci\u00f3n, 2.6 W en alarma + consumo de sirenas.<\/li>\n<li class=\"ql-align-justify\"><strong>Alcance lineal de alambre<\/strong>: 3,500 metros lineales.<\/li>\n<li class=\"ql-align-justify\">Gasto en consumo de energ\u00eda el\u00e9ctrica aproximado:\u00a0<u>$0.20 USD mensuales = 1.2 kw\/mes.<\/u><\/li>\n<\/ul>\n<p>&nbsp;<\/p>\n<\/div>\n<\/div>\n<hr class=\"padding-bottom-2x\" \/>\n<div class=\"row align-items-center padding-bottom-2x\">\n<div class=\"col-md-5\"><img decoding=\"async\" class=\"d-block m-auto img-thumbnail\" src=\"https:\/\/tvc.mx\/media\/45615\/YON1250008-7.jpg\" alt=\" \" \/><\/div>\n<div class=\"col-md-7 text-md-left text-center\">\n<h2>Modulo Wifi<\/h2>\n<p class=\"text-muted\">\n<p><strong>Yonusa<\/strong>\u00a0sigue manteni\u00e9ndose a la vanguardia y ahora hace posible que tu cerco el\u00e9ctrico se comunique contigo v\u00eda wifi a tu tel\u00e9fono m\u00f3vil y puedas monitorear tu cerca o la de tus clientes adem\u00e1s de tener al alcance de la mano el control de tu cerco.<\/p>\n<p>&nbsp;<\/p>\n<\/div>\n<\/div>\n<hr class=\"padding-bottom-2x\" \/>\n<div class=\"row align-items-center padding-bottom-2x\">\n<div class=\"col-md-5 order-md-2\"><img decoding=\"async\" class=\"d-block m-auto img-thumbnail\" src=\"https:\/\/tvc.mx\/media\/45627\/YON1250008-9.jpg\" alt=\" \" \/><\/div>\n<div class=\"col-md-7 order-md-1 text-md-left text-center\">\n<h2>Funciones<\/h2>\n<p class=\"text-muted\">\n<ul>\n<li class=\"ql-align-justify\">Control de encendido y\/o apagado del energizador de cerca el\u00e9ctrica.<\/li>\n<li class=\"ql-align-justify\">Bot\u00f3n de P\u00e1nico.<\/li>\n<li class=\"ql-align-justify\">Control de encendido de hasta 4 auxiliares.<\/li>\n<li class=\"ql-align-justify\">Opci\u00f3n para conectar puerta autom\u00e1tica (salida pulsante).<\/li>\n<li class=\"ql-align-justify\">Visualizaci\u00f3n r\u00e1pida del \u00faltimo evento.<\/li>\n<li class=\"ql-align-justify\">Ver historial de hasta 999999 eventos.<\/li>\n<li class=\"ql-align-justify\">Notificaci\u00f3n en tiempo real de alarma de corte o aterramiento de cerca el\u00e9ctrica.<\/li>\n<li class=\"ql-align-justify\">Notificaci\u00f3n de des-conexi\u00f3n y\/o conexi\u00f3n de la alimentaci\u00f3n de 127 VCA.<\/li>\n<li class=\"ql-align-justify\">Notificaci\u00f3n de bater\u00eda baja.<\/li>\n<li class=\"ql-align-justify\">Notificaci\u00f3n de cada acci\u00f3n realizada realizada sobre la cerca.<\/li>\n<li class=\"ql-align-justify\">Compartir la cerca el\u00e9ctrica con otros usuarios.<\/li>\n<li class=\"ql-align-justify\">Control de permisos de acci\u00f3n a otros usuarios.<\/li>\n<li class=\"ql-align-justify\">Ubicaci\u00f3n en el mapa de la cerca el\u00e9ctrica.<\/li>\n<li class=\"ql-align-justify\">Mejor ruta para llegar desde cualquier punto a la ubicaci\u00f3n de la cerca el\u00e9ctrica.<\/li>\n<li class=\"ql-align-justify\">Disponible para Android y iOS.<\/li>\n<\/ul>\n<p>&nbsp;<\/p>\n<\/div>\n<\/div>\n<hr class=\"padding-bottom-2x\" \/>\n<div class=\"row align-items-center padding-bottom-2x\">\n<div class=\"col-md-5\"><img decoding=\"async\" class=\"d-block m-auto img-thumbnail\" src=\"https:\/\/tvc.mx\/media\/45630\/YON1250008-8.jpg\" alt=\" \" \/><\/div>\n<div class=\"col-md-7 text-md-left text-center\">\n<h2>Especificaciones<\/h2>\n<p class=\"text-muted\">\n<ul>\n<li>Alimentaci\u00f3n de 12VDC.<\/li>\n<li>Consumo de 0.08 watts.<\/li>\n<li>Wifi 802.11 b\/g.<\/li>\n<li>Cifrado de contrase\u00f1as Wifi: WPA, WPA-2, WEP, WEP-128, PEAP, Adhoc.<\/li>\n<li>Especificaci\u00f3n de auxiliares.<\/li>\n<\/ul>\n<p>&nbsp;<\/p>\n<\/div>\n<\/div>\n<hr class=\"padding-bottom-2x\" \/>\n<div class=\"row align-items-center padding-bottom-2x\">\n<div class=\"col-md-5 order-md-2\"><img decoding=\"async\" class=\"d-block m-auto img-thumbnail\" src=\"https:\/\/tvc.mx\/media\/45606\/YON1250008--4.jpg\" alt=\" \" \/><\/div>\n<div class=\"col-md-7 order-md-1 text-md-left text-center\">\n<h2>Bater\u00eda YLI YPB7<\/h2>\n<p class=\"text-muted\">\n<p class=\"ql-align-justify\">La bater\u00eda\u00a0<strong>YLI YPB7<\/strong>\u00a0para respaldo ofrece al usuario la comodidad de contar siempre con una alternativa cuando la alimentaci\u00f3n directa de corriente es interrumpida por medios externos o por mantenimientos dentro del \u00e1rea de la instalaci\u00f3n. Esta bater\u00eda cuenta con una alimentaci\u00f3n de\u00a0<strong>12V\u00a0<\/strong>para los dispositivos de control de acceso independientes o paneles de control de acceso.<\/p>\n<p class=\"ql-align-justify\"><strong>Funciones principales:<\/strong><\/p>\n<ul>\n<li class=\"ql-align-justify\">Proveer de corriente a los dispositivos de control de acceso<\/li>\n<li class=\"ql-align-justify\">Bater\u00eda de 12V<\/li>\n<li class=\"ql-align-justify\">F\u00e1cil instalaci\u00f3n<\/li>\n<\/ul>\n<p>&nbsp;<\/p>\n<\/div>\n<\/div>\n<hr class=\"padding-bottom-2x\" \/>\n<div class=\"row align-items-center padding-bottom-2x\">\n<div class=\"col-md-5\"><img decoding=\"async\" class=\"d-block m-auto img-thumbnail\" src=\"https:\/\/tvc.mx\/media\/45633\/YON1250008-10.jpg\" alt=\" \" \/><\/div>\n<div class=\"col-md-7 text-md-left text-center\">\n<h2>Especificaciones de la bater\u00eda<\/h2>\n<p class=\"text-muted\">\n<p class=\"ql-align-justify\"><strong>Especificaciones:<\/strong><\/p>\n<ul>\n<li class=\"ql-align-justify\">Voltaje nominal: 12V<\/li>\n<li class=\"ql-align-justify\">Bater\u00eda recargable de Plomo-\u00c1cido, sellada (SLA), 12V 7Ah.<\/li>\n<li>Tama\u00f1o M\u00e1ximo (L x A x P): 150 x 63 x 93 (mm)<\/li>\n<\/ul>\n<p class=\"ql-align-justify\"><strong>Que necesito para que funcione:<\/strong><\/p>\n<p class=\"ql-align-justify\">Solo se colocan las terminales de positivo y negativo de los paneles de control de acceso en las terminales de la bater\u00eda en + y &#8211; seg\u00fan correspondan para poder tener alimentaci\u00f3n y carga continua en la bater\u00eda.<\/p>\n<\/div>\n<\/div>\n","protected":false},"excerpt":{"rendered":"<p>Paquete YONUSA PAQEY12000127P + Bateria de Regalo El paquete incluye lo siguiente: 1 Energizador modelo EY12000127P de la marca Yonusa 1 Modulo wifi de la marca Yonusa 1 Bater\u00eda\u00a0de respaldo de 12V 4.5Amp. de la marca YLI modelo\u00a0YPB7\u00a0de Regalo Descripci\u00f3n general El mejor y mas&hellip;<\/p>\n","protected":false},"featured_media":4334,"comment_status":"open","ping_status":"closed","template":"","meta":{"om_disable_all_campaigns":false,"_monsterinsights_skip_tracking":false,"_monsterinsights_sitenote_active":false,"_monsterinsights_sitenote_note":"","_monsterinsights_sitenote_category":0},"product_brand":[],"product_cat":[314],"product_tag":[212,211,151],"class_list":{"0":"post-4335","1":"product","2":"type-product","3":"status-publish","4":"has-post-thumbnail","6":"product_cat-energizadores","7":"product_tag-alarmas","8":"product_tag-alarmas-e-intrusion","9":"product_tag-seguridad","11":"first","12":"instock","13":"sale","14":"taxable","15":"shipping-taxable","16":"purchasable","17":"product-type-simple"},"aioseo_notices":[],"_links":{"self":[{"href":"https:\/\/tecsecmty.com\/index.php\/wp-json\/wp\/v2\/product\/4335","targetHints":{"allow":["GET"]}}],"collection":[{"href":"https:\/\/tecsecmty.com\/index.php\/wp-json\/wp\/v2\/product"}],"about":[{"href":"https:\/\/tecsecmty.com\/index.php\/wp-json\/wp\/v2\/types\/product"}],"replies":[{"embeddable":true,"href":"https:\/\/tecsecmty.com\/index.php\/wp-json\/wp\/v2\/comments?post=4335"}],"version-history":[{"count":0,"href":"https:\/\/tecsecmty.com\/index.php\/wp-json\/wp\/v2\/product\/4335\/revisions"}],"wp:featuredmedia":[{"embeddable":true,"href":"https:\/\/tecsecmty.com\/index.php\/wp-json\/wp\/v2\/media\/4334"}],"wp:attachment":[{"href":"https:\/\/tecsecmty.com\/index.php\/wp-json\/wp\/v2\/media?parent=4335"}],"wp:term":[{"taxonomy":"product_brand","embeddable":true,"href":"https:\/\/tecsecmty.com\/index.php\/wp-json\/wp\/v2\/product_brand?post=4335"},{"taxonomy":"product_cat","embeddable":true,"href":"https:\/\/tecsecmty.com\/index.php\/wp-json\/wp\/v2\/product_cat?post=4335"},{"taxonomy":"product_tag","embeddable":true,"href":"https:\/\/tecsecmty.com\/index.php\/wp-json\/wp\/v2\/product_tag?post=4335"}],"curies":[{"name":"wp","href":"https:\/\/api.w.org\/{rel}","templated":true}]}}