{"id":4345,"date":"2023-02-23T00:34:53","date_gmt":"2023-02-23T06:34:53","guid":{"rendered":"https:\/\/tecsecmty.com\/index.php\/producto\/dahua-zaz100w-adaptador-para-montaje-dahua-exb100-compatible-con-camara-antiexplocion-epc230u\/"},"modified":"2023-03-22T23:23:13","modified_gmt":"2023-03-23T05:23:13","slug":"dahua-zaz100w-adaptador-para-montaje-dahua-exb100-compatible-con-camara-antiexplocion-epc230u","status":"publish","type":"product","link":"https:\/\/tecsecmty.com\/index.php\/producto\/dahua-zaz100w-adaptador-para-montaje-dahua-exb100-compatible-con-camara-antiexplocion-epc230u\/","title":{"rendered":"DAHUA ZAZ100W- Adaptador para montaje DAHUA EXB100 &#8211; Compatible con C\u00e1mara Antiexploci\u00f3n EPC230U"},"content":{"rendered":"<h5 class=\"card-title text-center\">Informaci\u00f3n General<\/h5>\n<p>El DH-ZAZ100W de Dahua Technology es un adaptador de montaje de acero inoxidable dise\u00f1ado para funcionar con la c\u00e1mara IP protegida contra explosiones DH-EPC230UN y el montaje de pared DH-EXB100. Tiene una capacidad de carga de 110 libras. Adem\u00e1s, es adecuado para entornos de temperatura extrema.<\/p>\n<p><img decoding=\"async\" class=\"overview-center-img-web\" src=\"https:\/\/tvc.mx\/media\/477408\/Soporte_Adaptador_Montaje_Pared_C%C3%A1mara_Antiexplosi%C3%B3n_Dahua_ZAZ100W_Over_Ppal.png\" alt=\"\" \/><\/p>\n","protected":false},"excerpt":{"rendered":"<p>Informaci\u00f3n General El DH-ZAZ100W de Dahua Technology es un adaptador de montaje de acero inoxidable dise\u00f1ado para funcionar con la c\u00e1mara IP protegida contra explosiones DH-EPC230UN y el montaje de pared DH-EXB100. Tiene una capacidad de carga de 110 libras. Adem\u00e1s, es adecuado para entornos&hellip;<\/p>\n","protected":false},"featured_media":4344,"comment_status":"open","ping_status":"closed","template":"","meta":{"om_disable_all_campaigns":false,"_monsterinsights_skip_tracking":false,"_monsterinsights_sitenote_active":false,"_monsterinsights_sitenote_note":"","_monsterinsights_sitenote_category":0},"product_brand":[],"product_cat":[316],"product_tag":[212,211,151],"class_list":{"0":"post-4345","1":"product","2":"type-product","3":"status-publish","4":"has-post-thumbnail","6":"product_cat-cercas-electricas-dahua-alarmas-intrusion","7":"product_tag-alarmas","8":"product_tag-alarmas-e-intrusion","9":"product_tag-seguridad","11":"first","12":"instock","13":"sale","14":"taxable","15":"shipping-taxable","16":"purchasable","17":"product-type-simple"},"aioseo_notices":[],"_links":{"self":[{"href":"https:\/\/tecsecmty.com\/index.php\/wp-json\/wp\/v2\/product\/4345","targetHints":{"allow":["GET"]}}],"collection":[{"href":"https:\/\/tecsecmty.com\/index.php\/wp-json\/wp\/v2\/product"}],"about":[{"href":"https:\/\/tecsecmty.com\/index.php\/wp-json\/wp\/v2\/types\/product"}],"replies":[{"embeddable":true,"href":"https:\/\/tecsecmty.com\/index.php\/wp-json\/wp\/v2\/comments?post=4345"}],"version-history":[{"count":0,"href":"https:\/\/tecsecmty.com\/index.php\/wp-json\/wp\/v2\/product\/4345\/revisions"}],"wp:featuredmedia":[{"embeddable":true,"href":"https:\/\/tecsecmty.com\/index.php\/wp-json\/wp\/v2\/media\/4344"}],"wp:attachment":[{"href":"https:\/\/tecsecmty.com\/index.php\/wp-json\/wp\/v2\/media?parent=4345"}],"wp:term":[{"taxonomy":"product_brand","embeddable":true,"href":"https:\/\/tecsecmty.com\/index.php\/wp-json\/wp\/v2\/product_brand?post=4345"},{"taxonomy":"product_cat","embeddable":true,"href":"https:\/\/tecsecmty.com\/index.php\/wp-json\/wp\/v2\/product_cat?post=4345"},{"taxonomy":"product_tag","embeddable":true,"href":"https:\/\/tecsecmty.com\/index.php\/wp-json\/wp\/v2\/product_tag?post=4345"}],"curies":[{"name":"wp","href":"https:\/\/api.w.org\/{rel}","templated":true}]}}