{"id":4356,"date":"2023-02-23T00:47:06","date_gmt":"2023-02-23T06:47:06","guid":{"rendered":"https:\/\/tecsecmty.com\/index.php\/producto\/dahua-ssd-c800as512g-disco-duro-de-estado-solido-de-512-gb-2-5-alta-velocidad-puerto-6-gb-s-sata-3d-tlc-para-usos-multiples\/"},"modified":"2023-03-22T23:23:09","modified_gmt":"2023-03-23T05:23:09","slug":"dahua-ssd-c800as512g-disco-duro-de-estado-solido-de-512-gb-2-5-alta-velocidad-puerto-6-gb-s-sata-3d-tlc-para-usos-multiples","status":"publish","type":"product","link":"https:\/\/tecsecmty.com\/index.php\/producto\/dahua-ssd-c800as512g-disco-duro-de-estado-solido-de-512-gb-2-5-alta-velocidad-puerto-6-gb-s-sata-3d-tlc-para-usos-multiples\/","title":{"rendered":"DAHUA SSD-C800AS512G &#8211; Disco Duro de Estado Solido de 512 Gb 2.5&#8243;\/ Alta Velocidad\/ Puerto 6 Gb\/s SATA\/ 3D TLC\/ Para Usos Multiples\/"},"content":{"rendered":"<div class=\"row aling-items-center padding-bottom-2x\">\n<div class=\"col-lg-12\">\n<h5 class=\"card-title text-center\">Informaci\u00f3n general.<\/h5>\n<p>El\u00a0<strong>SSD-C800AS512G<\/strong>\u00a0pertenece a una nueva generaci\u00f3n de productos\u00a0<strong>SSD de 2.5\u201d<\/strong>\u00a0lanzado por Dahua, adopta un\u00a0<strong>chip 3D TLC de alta calidad<\/strong>\u00a0y un\u00a0<strong>controlador de alto rendimiento<\/strong>. Puede procesar datos efectivamente y garantizar una r\u00e1pida puesta en marcha, as\u00ed mismo en multi tarea garantiza una alta velocidad y estabilidad.<\/p>\n<p>Unidad en estado solido dise\u00f1ada para computadoras de escritorio y port\u00e1tiles personales (Laptop).<\/p>\n<p><img decoding=\"async\" class=\"overview-center-img-web\" src=\"https:\/\/tvc.mx\/media\/485180\/UNIDAD-ESTADO-SOLIDO-SSD-512GB-MARCA-DAHUA.png\" alt=\"\" \/><\/div>\n<\/div>\n<div class=\"row align-items-center padding-bottom-2x\">\n<div class=\"col-md-5\"><img decoding=\"async\" class=\"d-block m-auto img-thumbnail\" src=\"https:\/\/tvc.mx\/media\/485182\/UNIDAD-ESTADO-SOLIDO-SSD-512GB-MARCA-DAHUA-QUE-ES-SSD.png\" alt=\" \" \/><\/div>\n<div class=\"col-md-7 text-md-left text-center\">\n<h2>\u00bfQu\u00e9 es un SSD?<\/h2>\n<p class=\"text-muted\">\n<p>Los\u00a0<strong>Solid State Drive (disco de estado s\u00f3lido) SSD<\/strong>\u00a0son unidades de almacenamiento que est\u00e1n tomando auge en su uso en equipos de c\u00f3mputo y consolas de video juegos gracias a su\u00a0<strong>mayor velocidad y rendimiento comparados con los discos duros mec\u00e1nicos.<\/strong><\/p>\n<p>&nbsp;<\/p>\n<\/div>\n<\/div>\n<hr class=\"padding-bottom-2x\" \/>\n<div class=\"row align-items-center padding-bottom-2x\">\n<div class=\"col-md-5 order-md-2\"><img decoding=\"async\" class=\"d-block m-auto img-thumbnail\" src=\"https:\/\/tvc.mx\/media\/485184\/UNIDAD-ESTADO-SOLIDO-SSD-512GB-MARCA-DAHUA-INTERNO.png\" alt=\" \" \/><\/div>\n<div class=\"col-md-7 order-md-1 text-md-left text-center\">\n<h2>\u00bfC\u00f3mo almacena la informaci\u00f3n un SSD?<\/h2>\n<p class=\"text-muted\">\n<p>Los discos duros tradicionales (mec\u00e1nicos) guardan la informaci\u00f3n mediante el magnetismo en los platos que cambian de polaridad as\u00ed evitando que esta se pierda en caso de que la unidad no tenga energ\u00eda. Los SSD mantienen la informaci\u00f3n mediante la conexi\u00f3n de varias celdas de\u00a0<strong>memorias Flash NAND<\/strong>. Muy resumidamente, un SSD es similar a la conexi\u00f3n de varias memorias Flash en un sistema; similar a tener varias memorias USB conectadas entre s\u00ed.<\/p>\n<p>&nbsp;<\/p>\n<\/div>\n<\/div>\n<hr class=\"padding-bottom-2x\" \/>\n<div class=\"row align-items-center padding-bottom-2x\">\n<div class=\"col-md-5\"><img decoding=\"async\" class=\"d-block m-auto img-thumbnail\" src=\"https:\/\/tvc.mx\/media\/485186\/UNIDAD-ESTADO-SOLIDO-SSD-512GB-MARCA-DAHUA-DIFERENCIA-SSD-HDD.png\" alt=\" \" \/><\/div>\n<div class=\"col-md-7 text-md-left text-center\">\n<h2>Principales diferencias.<\/h2>\n<p class=\"text-muted\">\n<p><strong>CAPACIDAD<\/strong><\/p>\n<ul>\n<li><strong>SSD:\u00a0<\/strong>En general entre 256 GB y 4 TB<\/li>\n<li><strong>HDD:\u00a0<\/strong>En general entre 1 y 10 TB<\/li>\n<\/ul>\n<p><strong>CONSUMO<\/strong><\/p>\n<ul>\n<li><strong>SSD:\u00a0<\/strong>Menor consumo<\/li>\n<li><strong>HDD:\u00a0<\/strong>Mayor consumo<\/li>\n<\/ul>\n<p><strong>COSTE<\/strong><\/p>\n<ul>\n<li><strong>SSD:\u00a0<\/strong>Bastante m\u00e1s caros<\/li>\n<li><strong>HDD:\u00a0<\/strong>Mucho m\u00e1s econ\u00f3micos<\/li>\n<\/ul>\n<p><strong>RUIDO<\/strong><\/p>\n<ul>\n<li><strong>SSD:\u00a0<\/strong>M\u00e1s silencioso por no tener partes m\u00f3viles<\/li>\n<li><strong>HDD:\u00a0<\/strong>Algo m\u00e1s ruidoso por tener partes m\u00f3viles<\/li>\n<\/ul>\n<p><strong>VIBRACIONES<\/strong><\/p>\n<ul>\n<li><strong>SSD:\u00a0<\/strong>No vibra por no tener partes m\u00f3viles<\/li>\n<li><strong>HDD:\u00a0<\/strong>El giro de sus discos puede provocar leves vibraciones<\/li>\n<\/ul>\n<p><strong>FRAGMENTACI\u00d3N<\/strong><\/p>\n<ul>\n<li><strong>SSD:\u00a0<\/strong>No tiene<\/li>\n<li><strong>HDD:\u00a0<\/strong>Puede darse<\/li>\n<\/ul>\n<p><strong>DURABILIDAD<\/strong><\/p>\n<ul>\n<li><strong>SSD:\u00a0<\/strong>Sus celdas pueden reescribirse un n\u00famero limitado de veces<\/li>\n<li><strong>HDD:\u00a0<\/strong>Con partes mec\u00e1nicas que pueden da\u00f1arse con movimientos<\/li>\n<\/ul>\n<p><strong>TIEMPO DE ARRANQUE DE SO<\/strong><\/p>\n<ul>\n<li><strong>SSD:\u00a0<\/strong>7 segundos<\/li>\n<li><strong>HDD:\u00a0<\/strong>16 segundos<\/li>\n<\/ul>\n<p><strong>TRANSFERENCIA DE DATOS<\/strong><\/p>\n<ul>\n<li><strong>SSD:\u00a0<\/strong>En general, entre 200 y 550 MB\/s<\/li>\n<li><strong>HDD:\u00a0<\/strong>En general entre 50 y 150 MB\/s<\/li>\n<\/ul>\n<p><strong>AFECTADO POR EL MAGNETISMO<\/strong><\/p>\n<ul>\n<li><strong>SSD:\u00a0<\/strong>No<\/li>\n<li><strong>HDD:\u00a0<\/strong>El magnetismo puede eliminar datos<\/li>\n<\/ul>\n<p>&nbsp;<\/p>\n<\/div>\n<\/div>\n<hr class=\"padding-bottom-2x\" \/>\n<div class=\"row align-items-center padding-bottom-2x\">\n<div class=\"col-md-5 order-md-2\"><img decoding=\"async\" class=\"d-block m-auto img-thumbnail\" src=\"https:\/\/tvc.mx\/media\/485188\/UNIDAD-ESTADO-SOLIDO-SSD-512GB-MARCA-DAHUA-caracteristicas.png\" alt=\" \" \/><\/div>\n<div class=\"col-md-7 order-md-1 text-md-left text-center\">\n<h2>Principales caracter\u00edsticas.<\/h2>\n<p class=\"text-muted\">\n<ul>\n<li>Capacidad 512GB<\/li>\n<li>Formato 2.5\u201d<\/li>\n<li>Puerto SATA hasta 6Gb\/s<\/li>\n<li>Tipo de memoria Chip 3D TLC<\/li>\n<li>Consumo m\u00e1ximo 1300 mW<\/li>\n<li>Soporta escaneo S.M.A.R.T.<\/li>\n<li>Soporta TRIM<\/li>\n<li>Velocidad de lectura secuencial hasta 550MB\/s.<\/li>\n<li>Velocidad de escritura secuencial hasta 490MB\/s<\/li>\n<li>MTBF (Tiempo medio entre aver\u00edas) 1,500,000 horas.<\/li>\n<li>Temperatura de operaci\u00f3n 0\u00b0C a 70\u00b0C.<\/li>\n<li>Humedad relativa 5% &#8211; 95% sin condensaci\u00f3n.<\/li>\n<li>Resistencia a la vibraci\u00f3n: 10\u20131000 Hz.<\/li>\n<li>Resistencia a golpes: 1500G\/0.5 ms<\/li>\n<\/ul>\n<\/div>\n<\/div>\n","protected":false},"excerpt":{"rendered":"<p>Informaci\u00f3n general. El\u00a0SSD-C800AS512G\u00a0pertenece a una nueva generaci\u00f3n de productos\u00a0SSD de 2.5\u201d\u00a0lanzado por Dahua, adopta un\u00a0chip 3D TLC de alta calidad\u00a0y un\u00a0controlador de alto rendimiento. Puede procesar datos efectivamente y garantizar una r\u00e1pida puesta en marcha, as\u00ed mismo en multi tarea garantiza una alta velocidad y&hellip;<\/p>\n","protected":false},"featured_media":4355,"comment_status":"open","ping_status":"closed","template":"","meta":{"om_disable_all_campaigns":false,"_monsterinsights_skip_tracking":false,"_monsterinsights_sitenote_active":false,"_monsterinsights_sitenote_note":"","_monsterinsights_sitenote_category":0},"product_brand":[],"product_cat":[326],"product_tag":[320,323,324,321,322],"class_list":{"0":"post-4356","1":"product","2":"type-product","3":"status-publish","4":"has-post-thumbnail","6":"product_cat-discos-duros-dahua-almacenamiento","7":"product_tag-almacenamiento","8":"product_tag-disco-duro","9":"product_tag-memoria","10":"product_tag-seagate","11":"product_tag-usb","13":"first","14":"instock","15":"sale","16":"taxable","17":"shipping-taxable","18":"purchasable","19":"product-type-simple"},"aioseo_notices":[],"_links":{"self":[{"href":"https:\/\/tecsecmty.com\/index.php\/wp-json\/wp\/v2\/product\/4356","targetHints":{"allow":["GET"]}}],"collection":[{"href":"https:\/\/tecsecmty.com\/index.php\/wp-json\/wp\/v2\/product"}],"about":[{"href":"https:\/\/tecsecmty.com\/index.php\/wp-json\/wp\/v2\/types\/product"}],"replies":[{"embeddable":true,"href":"https:\/\/tecsecmty.com\/index.php\/wp-json\/wp\/v2\/comments?post=4356"}],"version-history":[{"count":0,"href":"https:\/\/tecsecmty.com\/index.php\/wp-json\/wp\/v2\/product\/4356\/revisions"}],"wp:featuredmedia":[{"embeddable":true,"href":"https:\/\/tecsecmty.com\/index.php\/wp-json\/wp\/v2\/media\/4355"}],"wp:attachment":[{"href":"https:\/\/tecsecmty.com\/index.php\/wp-json\/wp\/v2\/media?parent=4356"}],"wp:term":[{"taxonomy":"product_brand","embeddable":true,"href":"https:\/\/tecsecmty.com\/index.php\/wp-json\/wp\/v2\/product_brand?post=4356"},{"taxonomy":"product_cat","embeddable":true,"href":"https:\/\/tecsecmty.com\/index.php\/wp-json\/wp\/v2\/product_cat?post=4356"},{"taxonomy":"product_tag","embeddable":true,"href":"https:\/\/tecsecmty.com\/index.php\/wp-json\/wp\/v2\/product_tag?post=4356"}],"curies":[{"name":"wp","href":"https:\/\/api.w.org\/{rel}","templated":true}]}}