{"id":4358,"date":"2023-02-23T00:47:08","date_gmt":"2023-02-23T06:47:08","guid":{"rendered":"https:\/\/tecsecmty.com\/index.php\/producto\/seagate-st1000lm048-disco-duro-de-1tb-2-5-pulgadas-para-usos-multiples-sata-6gb-s-128mb-5400-rpm-600000-ciclos-barracuda-compatible-con-dvrs-moviles\/"},"modified":"2023-03-22T23:24:22","modified_gmt":"2023-03-23T05:24:22","slug":"seagate-st1000lm048-disco-duro-de-1tb-2-5-pulgadas-para-usos-multiples-sata-6gb-s-128mb-5400-rpm-600000-ciclos-barracuda-compatible-con-dvrs-moviles","status":"publish","type":"product","link":"https:\/\/tecsecmty.com\/index.php\/producto\/seagate-st1000lm048-disco-duro-de-1tb-2-5-pulgadas-para-usos-multiples-sata-6gb-s-128mb-5400-rpm-600000-ciclos-barracuda-compatible-con-dvrs-moviles\/","title":{"rendered":"SEAGATE ST1000LM048 &#8211; Disco duro de 1TB \/ 2.5 Pulgadas \/ Para usos multiples \/ SATA 6Gb\/s \/ 128MB \/ 5400 RPM \/ 600000 Ciclos\/ BarraCuda \/ Compatible con DVRs m\u00f3viles"},"content":{"rendered":"<div class=\"row aling-items-center padding-bottom-2x\">\n<div class=\"col-lg-12\">\n<h5 class=\"card-title text-center\">Informaci\u00f3n General<\/h5>\n<p>La serie\u00a0<strong>BarraCuda<\/strong>\u00a0de Seagate est\u00e1 constru\u00eddo en el formato de 2,5 pulgadas (6 cm) m\u00e1s amplia con capacidad de hasta 5 TB y formatos de 7 mm o 15 mm id\u00f3neas para una variedad de aplicaciones inform\u00e1ticas<\/p>\n<p><strong>Aplicaciones<\/strong><\/p>\n<ul>\n<li>Almacenamiento m\u00f3vil<\/li>\n<li>Sistemas de almacenamiento externo<\/li>\n<li>PC todo en uno<\/li>\n<li>PC de sobremesa ultrafinos<\/li>\n<\/ul>\n<p>Su tama\u00f1o de 15 mm de altura z permite tener unidades de PC de sobremesa todo en uno que son m\u00e1s delgadas, lo que ayuda a reducir la generaci\u00f3n de calor y vibraci\u00f3n del sistema.<\/p>\n<p><img decoding=\"async\" class=\"overview-center-img-web\" src=\"https:\/\/tvc.mx\/media\/607835\/ST1000LM048-OVERVIEW.png\" alt=\"\" \/><\/p>\n<\/div>\n<\/div>\n<div class=\"row align-items-center padding-bottom-2x\">\n<div class=\"col-md-5\"><img decoding=\"async\" class=\"d-block m-auto img-thumbnail\" src=\"https:\/\/tvc.mx\/media\/614911\/ST1000LM049-aplicaciones.png\" alt=\" \" \/><\/div>\n<div class=\"col-md-7 text-md-left text-center\">\n<h2>Caracter\u00edsticas<\/h2>\n<ul>\n<li><strong>CAPACIDAD:\u00a0<\/strong>1TB<\/li>\n<li><strong>MODELO:\u00a0<\/strong>ST1000LM048<\/li>\n<li><strong>INTERFAZ:\u00a0<\/strong>SATA 6 GB\/S<\/li>\n<li><strong>BYTES P SECTOR:\u00a0<\/strong>512\/4096<\/li>\n<li><strong>CACHE(MB):<\/strong>128<\/li>\n<li><strong>RPM:\u00a0<\/strong>5400<\/li>\n<li><strong>CICLOS:\u00a0<\/strong>600000<\/li>\n<li><strong>ALTO:\u00a0<\/strong>7mm<\/li>\n<li><strong>ANCHO:\u00a0<\/strong>69mm<\/li>\n<li><strong>GRUESO:\u00a0<\/strong>100mm<\/li>\n<li><strong>PESO:\u00a0<\/strong>90Gg<\/li>\n<\/ul>\n<\/div>\n<\/div>\n","protected":false},"excerpt":{"rendered":"<p>Informaci\u00f3n General La serie\u00a0BarraCuda\u00a0de Seagate est\u00e1 constru\u00eddo en el formato de 2,5 pulgadas (6 cm) m\u00e1s amplia con capacidad de hasta 5 TB y formatos de 7 mm o 15 mm id\u00f3neas para una variedad de aplicaciones inform\u00e1ticas Aplicaciones Almacenamiento m\u00f3vil Sistemas de almacenamiento externo&hellip;<\/p>\n","protected":false},"featured_media":4357,"comment_status":"open","ping_status":"closed","template":"","meta":{"om_disable_all_campaigns":false,"_monsterinsights_skip_tracking":false,"_monsterinsights_sitenote_active":false,"_monsterinsights_sitenote_note":"","_monsterinsights_sitenote_category":0},"product_brand":[],"product_cat":[328],"product_tag":[320,323,324,321,322],"class_list":{"0":"post-4358","1":"product","2":"type-product","3":"status-publish","4":"has-post-thumbnail","6":"product_cat-discos-duros-seagate","7":"product_tag-almacenamiento","8":"product_tag-disco-duro","9":"product_tag-memoria","10":"product_tag-seagate","11":"product_tag-usb","13":"first","14":"instock","15":"sale","16":"taxable","17":"shipping-taxable","18":"purchasable","19":"product-type-simple"},"aioseo_notices":[],"_links":{"self":[{"href":"https:\/\/tecsecmty.com\/index.php\/wp-json\/wp\/v2\/product\/4358","targetHints":{"allow":["GET"]}}],"collection":[{"href":"https:\/\/tecsecmty.com\/index.php\/wp-json\/wp\/v2\/product"}],"about":[{"href":"https:\/\/tecsecmty.com\/index.php\/wp-json\/wp\/v2\/types\/product"}],"replies":[{"embeddable":true,"href":"https:\/\/tecsecmty.com\/index.php\/wp-json\/wp\/v2\/comments?post=4358"}],"version-history":[{"count":0,"href":"https:\/\/tecsecmty.com\/index.php\/wp-json\/wp\/v2\/product\/4358\/revisions"}],"wp:featuredmedia":[{"embeddable":true,"href":"https:\/\/tecsecmty.com\/index.php\/wp-json\/wp\/v2\/media\/4357"}],"wp:attachment":[{"href":"https:\/\/tecsecmty.com\/index.php\/wp-json\/wp\/v2\/media?parent=4358"}],"wp:term":[{"taxonomy":"product_brand","embeddable":true,"href":"https:\/\/tecsecmty.com\/index.php\/wp-json\/wp\/v2\/product_brand?post=4358"},{"taxonomy":"product_cat","embeddable":true,"href":"https:\/\/tecsecmty.com\/index.php\/wp-json\/wp\/v2\/product_cat?post=4358"},{"taxonomy":"product_tag","embeddable":true,"href":"https:\/\/tecsecmty.com\/index.php\/wp-json\/wp\/v2\/product_tag?post=4358"}],"curies":[{"name":"wp","href":"https:\/\/api.w.org\/{rel}","templated":true}]}}