{"id":4360,"date":"2023-02-23T00:47:09","date_gmt":"2023-02-23T06:47:09","guid":{"rendered":"https:\/\/tecsecmty.com\/index.php\/producto\/seagate-st1000vx005-disco-duro-de-1tb-skyhawk-para-videovigilancia-ideal-para-trabajo-24-7-inteface-sata-de-6-gb-s-hasta-64-camaras-hasta-8-bahias-36-meses-de-garantia\/"},"modified":"2023-03-22T23:24:22","modified_gmt":"2023-03-23T05:24:22","slug":"seagate-st1000vx005-disco-duro-de-1tb-skyhawk-para-videovigilancia-ideal-para-trabajo-24-7-inteface-sata-de-6-gb-s-hasta-64-camaras-hasta-8-bahias-36-meses-de-garantia","status":"publish","type":"product","link":"https:\/\/tecsecmty.com\/index.php\/producto\/seagate-st1000vx005-disco-duro-de-1tb-skyhawk-para-videovigilancia-ideal-para-trabajo-24-7-inteface-sata-de-6-gb-s-hasta-64-camaras-hasta-8-bahias-36-meses-de-garantia\/","title":{"rendered":"SEAGATE ST1000VX005- Disco Duro de 1TB SkyHawk\/ Para Videovigilancia\/ Ideal para Trabajo 24\/7\/ Inteface: SATA de 6 Gb\/s\/ Hasta 64 C\u00e1maras\/ Hasta 8 Bah\u00edas\/ 36 Meses de Garant\u00eda\/"},"content":{"rendered":"<div class=\"row aling-items-center padding-bottom-2x\">\n<div class=\"col-lg-12\">\n<h5 class=\"card-title text-center\">Informaci\u00f3n General<\/h5>\n<p>El firmware ImagePerfect\u2122\u00a0<strong>dise\u00f1ado para garantizar tomas de video fluido en operaciones de vigilancia las 24 horas que graban video desde c\u00e1maras de alta definici\u00f3n<\/strong>.<\/p>\n<p>SkyHawk Health Management ayuda a proteger activamente el almacenamiento de sus sistemas de vigilancia al centrarse en opciones de prevenci\u00f3n, intervenci\u00f3n y recuperaci\u00f3n. Se incluye RAID RapidRebuild\u2122, que brinda una reconstrucci\u00f3n de volumen el triple de r\u00e1pida respecto de las reconstrucciones convencionales de la RAID.<\/p>\n<p>Sus sensores de VG integrados permiten que las unidades mantengan su rendimiento en sistemas de m\u00faltiples bah\u00edas, lo cual les brinda a los clientes la flexibilidad para expandir sus sistemas cuando necesitan m\u00e1s espacio de almacenamiento.<\/p>\n<p>La compatibilidad con transmisi\u00f3n continua\u00a0<strong>ATA<\/strong>\u00a0<strong>sostiene grabaciones de hasta 64 c\u00e1maras de alta definici\u00f3n para un video<\/strong>\u00a0n\u00edtido e ininterrumpido.<\/p>\n<p>Su MTBF de 1 mill\u00f3n de horas y garant\u00eda limitada de 3 a\u00f1os representan un costo total de propiedad (CTP) mejorado con menores costos de mantenimiento.<\/p>\n<p>Su menor consumo de energ\u00eda implica una reducci\u00f3n en las emisiones de calor, lo cual mejora la fiabilidad en las soluciones de vigilancia. Los componentes resistentes a manchas ayudan a proteger la unidad de las inclemencias del tiempo, lo cual incrementa su fiabilidad en el campo.<\/p>\n<p><img decoding=\"async\" class=\"overview-center-img-web\" src=\"https:\/\/tvc.mx\/media\/285971\/Disco-Duro-1TB-Skyhawk-7200-RPM-Sata3-6GBS-Seagate-2.png\" alt=\"\" \/><\/div>\n<\/div>\n<div class=\"row aling-items-center padding-bottom-2x\">\n<div class=\"col-lg-12\">\n<h5 class=\"card-title text-center\">Caracter\u00edsticas Principales<\/h5>\n<p class=\"ql-align-justify\">Optimizadas para sistemas de\u00a0<strong>DVR y NVR<\/strong>, las unidades de vigilancia SkyHawk\u2122 han sido perfeccionadas para\u00a0<strong>cargas de trabajo ininterrumpidas<\/strong>\u00a0en capacidades de hasta 1 TB. Equipada con el firmware expandido ImagePerfect\u2122,\u00a0<strong>SkyHawk<\/strong>\u00a0te ayuda a reducir el n\u00famero de fotogramas perdidos y el tiempo de inactividad con una calificaci\u00f3n operative el triple de una unidad de sobremesa y VIENE lista para grabar hasta 90 % del tiempo, a la vez que admite hasta 64 c\u00e1maras en HD.<\/p>\n<p class=\"ql-align-justify\">SkyHawk\u2122 saca partido de la amplia experiencia de Seagate en el dise\u00f1o de\u00a0<strong>unidades dise\u00f1adas espec\u00edficamente para operaciones de vigilancia<\/strong>.<\/p>\n<p class=\"ql-align-justify\"><strong>Usos id\u00f3neos:<\/strong><\/p>\n<p class=\"ql-align-justify\">Grabadores de video en red (NVR)<\/p>\n<p class=\"ql-align-justify\"><strong>Sistemas DVR de vigilancia:<\/strong><\/p>\n<p class=\"ql-align-justify\">SkyHawk\u2122 saca partido de la amplia experiencia de Seagate en el dise\u00f1o de unidades dise\u00f1adas espec\u00edficamente para operaciones de vigilancia<\/p>\n<p><img decoding=\"async\" class=\"overview-center-img-web\" src=\"https:\/\/tvc.mx\/media\/398183\/SEA1490004.png\" alt=\"\" \/><\/div>\n<\/div>\n<div class=\"row aling-items-center padding-bottom-2x\">\n<div class=\"col-lg-12\">\n<h5 class=\"card-title text-center\">Conoce una comparativa entre nuestros discos.<\/h5>\n<p class=\"ql-align-center\">Dependiendo de sus necesidades de grabaci\u00f3n tenemos los discos especializados para usted.<\/p>\n<p><img decoding=\"async\" class=\"overview-center-img-web\" src=\"https:\/\/tvc.mx\/media\/398027\/SEAGATE-ST1000VX005.png\" alt=\"\" \/><\/div>\n<\/div>\n","protected":false},"excerpt":{"rendered":"<p>Informaci\u00f3n General El firmware ImagePerfect\u2122\u00a0dise\u00f1ado para garantizar tomas de video fluido en operaciones de vigilancia las 24 horas que graban video desde c\u00e1maras de alta definici\u00f3n. SkyHawk Health Management ayuda a proteger activamente el almacenamiento de sus sistemas de vigilancia al centrarse en opciones de&hellip;<\/p>\n","protected":false},"featured_media":4359,"comment_status":"open","ping_status":"closed","template":"","meta":{"om_disable_all_campaigns":false,"_monsterinsights_skip_tracking":false,"_monsterinsights_sitenote_active":false,"_monsterinsights_sitenote_note":"","_monsterinsights_sitenote_category":0},"product_brand":[],"product_cat":[328],"product_tag":[320,323,324,321,322],"class_list":{"0":"post-4360","1":"product","2":"type-product","3":"status-publish","4":"has-post-thumbnail","6":"product_cat-discos-duros-seagate","7":"product_tag-almacenamiento","8":"product_tag-disco-duro","9":"product_tag-memoria","10":"product_tag-seagate","11":"product_tag-usb","13":"first","14":"instock","15":"sale","16":"taxable","17":"shipping-taxable","18":"purchasable","19":"product-type-simple"},"aioseo_notices":[],"_links":{"self":[{"href":"https:\/\/tecsecmty.com\/index.php\/wp-json\/wp\/v2\/product\/4360","targetHints":{"allow":["GET"]}}],"collection":[{"href":"https:\/\/tecsecmty.com\/index.php\/wp-json\/wp\/v2\/product"}],"about":[{"href":"https:\/\/tecsecmty.com\/index.php\/wp-json\/wp\/v2\/types\/product"}],"replies":[{"embeddable":true,"href":"https:\/\/tecsecmty.com\/index.php\/wp-json\/wp\/v2\/comments?post=4360"}],"version-history":[{"count":0,"href":"https:\/\/tecsecmty.com\/index.php\/wp-json\/wp\/v2\/product\/4360\/revisions"}],"wp:featuredmedia":[{"embeddable":true,"href":"https:\/\/tecsecmty.com\/index.php\/wp-json\/wp\/v2\/media\/4359"}],"wp:attachment":[{"href":"https:\/\/tecsecmty.com\/index.php\/wp-json\/wp\/v2\/media?parent=4360"}],"wp:term":[{"taxonomy":"product_brand","embeddable":true,"href":"https:\/\/tecsecmty.com\/index.php\/wp-json\/wp\/v2\/product_brand?post=4360"},{"taxonomy":"product_cat","embeddable":true,"href":"https:\/\/tecsecmty.com\/index.php\/wp-json\/wp\/v2\/product_cat?post=4360"},{"taxonomy":"product_tag","embeddable":true,"href":"https:\/\/tecsecmty.com\/index.php\/wp-json\/wp\/v2\/product_tag?post=4360"}],"curies":[{"name":"wp","href":"https:\/\/api.w.org\/{rel}","templated":true}]}}