{"id":4364,"date":"2023-02-23T00:47:13","date_gmt":"2023-02-23T06:47:13","guid":{"rendered":"https:\/\/tecsecmty.com\/index.php\/producto\/seagate-st2000vx007-disco-duro-de-2tb-skyhawk-lite-para-videovigilancia-ideal-para-trabajo-24-7-interface-sata-6gb-s-hasta-32-camaras-36-meses-de-garantia\/"},"modified":"2023-03-22T23:24:22","modified_gmt":"2023-03-23T05:24:22","slug":"seagate-st2000vx007-disco-duro-de-2tb-skyhawk-lite-para-videovigilancia-ideal-para-trabajo-24-7-interface-sata-6gb-s-hasta-32-camaras-36-meses-de-garantia","status":"publish","type":"product","link":"https:\/\/tecsecmty.com\/index.php\/producto\/seagate-st2000vx007-disco-duro-de-2tb-skyhawk-lite-para-videovigilancia-ideal-para-trabajo-24-7-interface-sata-6gb-s-hasta-32-camaras-36-meses-de-garantia\/","title":{"rendered":"SEAGATE ST2000VX007- Disco Duro de 2TB SkyHawk Lite\/ Para Videovigilancia\/ Ideal para Trabajo 24\/7\/ Interface: SATA 6Gb\/s\/ Hasta 32 Camaras\/ 36 Meses de Garant\u00eda\/"},"content":{"rendered":"<div class=\"row aling-items-center padding-bottom-2x\">\n<div class=\"col-lg-12\">\n<h5 class=\"card-title text-center\">Informaci\u00f3n general.<\/h5>\n<p class=\"ql-align-justify\">El mejor disco duro de optimizacion de vigilancia de su clase est\u00e1 ajustado con precisi\u00f3n para cargas de trabajo de vigilancia de alta escritura que funcionan las 24 horas, los 7 d\u00edas de la semana en entornos de peque\u00f1as empresas \/ hogares, con capacidades de hasta 2 tb, recomendadas para hasta 32 c\u00e1maras de alta resoluci\u00f3n de grabaci\u00f3n y reproducci\u00f3n de v\u00eddeos de vigilancia y con garant\u00eda limitada de 3 a\u00f1os.<\/p>\n<p><img decoding=\"async\" class=\"overview-center-img-web\" src=\"https:\/\/tvc.mx\/media\/32562\/Banner.png\" alt=\"\" \/><\/p>\n<\/div>\n<\/div>\n<div class=\"row align-items-center padding-bottom-2x\">\n<div class=\"col-md-5\"><img decoding=\"async\" class=\"d-block m-auto img-thumbnail\" src=\"https:\/\/tvc.mx\/media\/32584\/OV1.png\" alt=\" \" \/><\/div>\n<div class=\"col-md-7 text-md-left text-center\">\n<h2>Caracteristicas.<\/h2>\n<p>El firmware Imagen Perfect integrado admite una transmisi\u00f3n fluida y confiable sin cuadros ca\u00eddos.<\/p>\n<p>Dise\u00f1ado para cargas de trabajo de 120 TB \/ a\u00f1o&gt; 2 veces la de las unidades de escritorio<\/p>\n<p>El bajo consumo de energ\u00eda y la corriente de arranque minimizan la emisi\u00f3n de calor y vibraciones, mejorando la confiabilidad del disco a largo plazo.<\/p>\n<p>&nbsp;<\/p>\n<\/div>\n<\/div>\n<hr class=\"padding-bottom-2x\" \/>\n<div class=\"row aling-items-center padding-bottom-2x\">\n<div class=\"col-lg-12\">\n<h5 class=\"card-title text-center\">Conoce una comparativa entre nuestros discos.<\/h5>\n<p>Dependiendo de sus necesidades de grabaci\u00f3n tenemos los discos especializados para usted.<\/p>\n<p><img decoding=\"async\" class=\"overview-center-img-web\" src=\"https:\/\/tvc.mx\/media\/398047\/SEAGATE-ST2000VX007.png\" alt=\"\" \/><\/p>\n<\/div>\n<\/div>\n","protected":false},"excerpt":{"rendered":"<p>Informaci\u00f3n general. El mejor disco duro de optimizacion de vigilancia de su clase est\u00e1 ajustado con precisi\u00f3n para cargas de trabajo de vigilancia de alta escritura que funcionan las 24 horas, los 7 d\u00edas de la semana en entornos de peque\u00f1as empresas \/ hogares, con&hellip;<\/p>\n","protected":false},"featured_media":4363,"comment_status":"open","ping_status":"closed","template":"","meta":{"om_disable_all_campaigns":false,"_monsterinsights_skip_tracking":false,"_monsterinsights_sitenote_active":false,"_monsterinsights_sitenote_note":"","_monsterinsights_sitenote_category":0},"product_brand":[],"product_cat":[328],"product_tag":[320,323,324,321,322],"class_list":{"0":"post-4364","1":"product","2":"type-product","3":"status-publish","4":"has-post-thumbnail","6":"product_cat-discos-duros-seagate","7":"product_tag-almacenamiento","8":"product_tag-disco-duro","9":"product_tag-memoria","10":"product_tag-seagate","11":"product_tag-usb","13":"first","14":"instock","15":"sale","16":"taxable","17":"shipping-taxable","18":"purchasable","19":"product-type-simple"},"aioseo_notices":[],"_links":{"self":[{"href":"https:\/\/tecsecmty.com\/index.php\/wp-json\/wp\/v2\/product\/4364","targetHints":{"allow":["GET"]}}],"collection":[{"href":"https:\/\/tecsecmty.com\/index.php\/wp-json\/wp\/v2\/product"}],"about":[{"href":"https:\/\/tecsecmty.com\/index.php\/wp-json\/wp\/v2\/types\/product"}],"replies":[{"embeddable":true,"href":"https:\/\/tecsecmty.com\/index.php\/wp-json\/wp\/v2\/comments?post=4364"}],"version-history":[{"count":0,"href":"https:\/\/tecsecmty.com\/index.php\/wp-json\/wp\/v2\/product\/4364\/revisions"}],"wp:featuredmedia":[{"embeddable":true,"href":"https:\/\/tecsecmty.com\/index.php\/wp-json\/wp\/v2\/media\/4363"}],"wp:attachment":[{"href":"https:\/\/tecsecmty.com\/index.php\/wp-json\/wp\/v2\/media?parent=4364"}],"wp:term":[{"taxonomy":"product_brand","embeddable":true,"href":"https:\/\/tecsecmty.com\/index.php\/wp-json\/wp\/v2\/product_brand?post=4364"},{"taxonomy":"product_cat","embeddable":true,"href":"https:\/\/tecsecmty.com\/index.php\/wp-json\/wp\/v2\/product_cat?post=4364"},{"taxonomy":"product_tag","embeddable":true,"href":"https:\/\/tecsecmty.com\/index.php\/wp-json\/wp\/v2\/product_tag?post=4364"}],"curies":[{"name":"wp","href":"https:\/\/api.w.org\/{rel}","templated":true}]}}