{"id":4378,"date":"2023-02-23T00:47:30","date_gmt":"2023-02-23T06:47:30","guid":{"rendered":"https:\/\/tecsecmty.com\/index.php\/producto\/seagate-dahua-st10000nm001g-disco-duro-empresarial-de-10-tb-exos-x16-especial-para-servidores-7200-rpm-ideal-para-centro-de-datos-raid-y-vigilancia-centralizada\/"},"modified":"2023-03-22T23:24:22","modified_gmt":"2023-03-23T05:24:22","slug":"seagate-dahua-st10000nm001g-disco-duro-empresarial-de-10-tb-exos-x16-especial-para-servidores-7200-rpm-ideal-para-centro-de-datos-raid-y-vigilancia-centralizada","status":"publish","type":"product","link":"https:\/\/tecsecmty.com\/index.php\/producto\/seagate-dahua-st10000nm001g-disco-duro-empresarial-de-10-tb-exos-x16-especial-para-servidores-7200-rpm-ideal-para-centro-de-datos-raid-y-vigilancia-centralizada\/","title":{"rendered":"SEAGATE\/DAHUA- ST10000NM001G &#8211; Disco Duro Empresarial de 10 TB\/ Exos X16\/ Especial para Servidores\/ 7200 RPM\/ Ideal para Centro de Datos, Raid y Vigilancia Centralizada\/"},"content":{"rendered":"<div class=\"row aling-items-center padding-bottom-2x\">\n<div class=\"col-lg-12\">\n<h5 class=\"card-title text-center\">Informaci\u00f3n general<\/h5>\n<p>Seagate fabrica unidades de disco duro que atienden las necesidades particulares del mercado del almacenamiento a escala masiva. Como producto ic\u00f3nico de la serie Seagate X, la unidad de disco duro empresarial Exos X16 es la unidad de disco duro de mayor capacidad en la l\u00ednea.<\/p>\n<p><img decoding=\"async\" class=\"overview-center-img-web\" src=\"https:\/\/tvc.mx\/media\/336479\/Disco-Duro-10TB-Seagate-espacial-para-servidores-modelo-EXO-x16-ST10000NM001G-Dahua-B.png\" alt=\"\" \/><\/div>\n<\/div>\n<div class=\"row align-items-center padding-bottom-2x\">\n<div class=\"col-md-5 order-md-2\"><img decoding=\"async\" class=\"d-block m-auto img-thumbnail\" src=\"https:\/\/tvc.mx\/media\/336611\/Disco-Duro-10TB-Seagate-espacial-para-servidores-modelo-EXO-x16-Detalles-del-producto-ST10000NM001G-Dahua-M.png\" alt=\" \" \/><\/div>\n<div class=\"col-md-7 order-md-1 text-md-left text-center\">\n<h2>Modos de uso<\/h2>\n<p class=\"text-muted\">\n<p>*Centro de datos en la nube e hiperescala<\/p>\n<p>*Centros de datos expansivos de escala masiva<\/p>\n<p>*Aplicaciones de inteligencia de datos.<\/p>\n<p>*Almacenamiento RAID de alta capacidad y densidad.<\/p>\n<p>*Matrices de almacenamiento externo de uso general para empresas<\/p>\n<p>*Sistemas de archivos distribuidos, incluidos Hadoop y Ceph<\/p>\n<p>*Restauraci\u00f3n y copia de seguridad empresarial: D2D, cinta virtual<\/p>\n<p>*Vigilancia centralizada<\/p>\n<p>&nbsp;<\/p>\n<\/div>\n<\/div>\n<hr class=\"padding-bottom-2x\" \/>\n<div class=\"row aling-items-center padding-bottom-2x\">\n<div class=\"col-lg-12\">\n<h5 class=\"card-title text-center\">Especificaciones del producto<\/h5>\n<p>Los modelos SATA de escala masiva est\u00e1n ideados para grandes transferencias de datos y baja latencia.<\/p>\n<p>La unidad de disco duro de mayor rendimiento con almacenamiento cach\u00e9 mejorado, lo cual la hace perfecta para aplicaciones de centros de datos en nube y de volumen de datos masivo.<\/p>\n<p>Ademas de contar con tecnolog\u00eda de sellado en helio de pr\u00f3xima generaci\u00f3n para mayor solidez en el manejo y protecci\u00f3n contra fugas. Cuenta con sensores ambientales digitales para llevar un seguimiento de las condiciones internas de la unidad a fin de ofrecer una operaci\u00f3n y rendimiento \u00f3ptimos.<\/p>\n<p><img decoding=\"async\" class=\"overview-center-img-web\" src=\"https:\/\/tvc.mx\/media\/336655\/disco-duro-10tb-seagate-espacial-para-servidores-modelo-exo-x16-aplicaciones-st10000nm001g-dahua-%282%29.png\" alt=\"\" \/><\/div>\n<\/div>\n<div class=\"row aling-items-center padding-bottom-2x\">\n<div class=\"col-lg-12\">\n<h5 class=\"card-title text-center\">Caracter\u00edsticas<\/h5>\n<p><strong>Capacidad<\/strong><\/p>\n<p>10\u00a0TB<\/p>\n<p><strong>Interfaz<\/strong><\/p>\n<p>SATA a 6 Gb\/s<\/p>\n<p><strong>Formato<\/strong><\/p>\n<p>3,5 pulgadas<\/p>\n<p><strong>Velocidad del disco<\/strong><\/p>\n<p>7200 r. p. m.<\/p>\n<p><img decoding=\"async\" class=\"overview-center-img-web\" src=\"https:\/\/tvc.mx\/media\/336711\/disco-duro-10tb-seagate-espacial-para-servidores-modelo-exo-x16-caracteristicas-st10000nm001g-dahua-png.png\" alt=\"\" \/><\/div>\n<\/div>\n","protected":false},"excerpt":{"rendered":"<p>Informaci\u00f3n general Seagate fabrica unidades de disco duro que atienden las necesidades particulares del mercado del almacenamiento a escala masiva. Como producto ic\u00f3nico de la serie Seagate X, la unidad de disco duro empresarial Exos X16 es la unidad de disco duro de mayor capacidad&hellip;<\/p>\n","protected":false},"featured_media":4377,"comment_status":"open","ping_status":"closed","template":"","meta":{"om_disable_all_campaigns":false,"_monsterinsights_skip_tracking":false,"_monsterinsights_sitenote_active":false,"_monsterinsights_sitenote_note":"","_monsterinsights_sitenote_category":0},"product_brand":[],"product_cat":[326],"product_tag":[320,323,324,321,322],"class_list":{"0":"post-4378","1":"product","2":"type-product","3":"status-publish","4":"has-post-thumbnail","6":"product_cat-discos-duros-dahua-almacenamiento","7":"product_tag-almacenamiento","8":"product_tag-disco-duro","9":"product_tag-memoria","10":"product_tag-seagate","11":"product_tag-usb","13":"first","14":"instock","15":"sale","16":"taxable","17":"shipping-taxable","18":"purchasable","19":"product-type-simple"},"aioseo_notices":[],"_links":{"self":[{"href":"https:\/\/tecsecmty.com\/index.php\/wp-json\/wp\/v2\/product\/4378","targetHints":{"allow":["GET"]}}],"collection":[{"href":"https:\/\/tecsecmty.com\/index.php\/wp-json\/wp\/v2\/product"}],"about":[{"href":"https:\/\/tecsecmty.com\/index.php\/wp-json\/wp\/v2\/types\/product"}],"replies":[{"embeddable":true,"href":"https:\/\/tecsecmty.com\/index.php\/wp-json\/wp\/v2\/comments?post=4378"}],"version-history":[{"count":0,"href":"https:\/\/tecsecmty.com\/index.php\/wp-json\/wp\/v2\/product\/4378\/revisions"}],"wp:featuredmedia":[{"embeddable":true,"href":"https:\/\/tecsecmty.com\/index.php\/wp-json\/wp\/v2\/media\/4377"}],"wp:attachment":[{"href":"https:\/\/tecsecmty.com\/index.php\/wp-json\/wp\/v2\/media?parent=4378"}],"wp:term":[{"taxonomy":"product_brand","embeddable":true,"href":"https:\/\/tecsecmty.com\/index.php\/wp-json\/wp\/v2\/product_brand?post=4378"},{"taxonomy":"product_cat","embeddable":true,"href":"https:\/\/tecsecmty.com\/index.php\/wp-json\/wp\/v2\/product_cat?post=4378"},{"taxonomy":"product_tag","embeddable":true,"href":"https:\/\/tecsecmty.com\/index.php\/wp-json\/wp\/v2\/product_tag?post=4378"}],"curies":[{"name":"wp","href":"https:\/\/api.w.org\/{rel}","templated":true}]}}