{"id":4380,"date":"2023-02-23T00:47:32","date_gmt":"2023-02-23T06:47:32","guid":{"rendered":"https:\/\/tecsecmty.com\/index.php\/producto\/toshiba-hdwl110uzsva-disco-duro-de-1tb-de-2-5-pulgadas-para-usos-multiples-interface-sata-6-0-gbit-s-5400-rpm-buffer-de-128-mb-recomendado-para-dvrs-moviles\/"},"modified":"2023-03-22T23:24:27","modified_gmt":"2023-03-23T05:24:27","slug":"toshiba-hdwl110uzsva-disco-duro-de-1tb-de-2-5-pulgadas-para-usos-multiples-interface-sata-6-0-gbit-s-5400-rpm-buffer-de-128-mb-recomendado-para-dvrs-moviles","status":"publish","type":"product","link":"https:\/\/tecsecmty.com\/index.php\/producto\/toshiba-hdwl110uzsva-disco-duro-de-1tb-de-2-5-pulgadas-para-usos-multiples-interface-sata-6-0-gbit-s-5400-rpm-buffer-de-128-mb-recomendado-para-dvrs-moviles\/","title":{"rendered":"TOSHIBA HDWL110UZSVA- Disco Duro de 1TB de 2.5 Pulgadas\/ Para Usos M\u00faltiples\/ Interface: SATA 6.0 Gbit\/s:\/ 5400 rpm\/ Buffer de 128 MB\/ Recomendado para DVRs Moviles\/"},"content":{"rendered":"<div class=\"row aling-items-center padding-bottom-2x\">\n<div class=\"col-lg-12\">\n<h5 class=\"card-title text-center\">Informacion General<\/h5>\n<p>El disco duro interno de la computadora port\u00e1til L200 de Toshiba est\u00e1 dise\u00f1ado para usuarios de computadoras port\u00e1tiles y jugadores de todos los d\u00edas, proporcionando una forma conveniente y confiable de ampliar la capacidad de almacenamiento de su computadora port\u00e1til o sistema de juegos.<\/p>\n<p>El L200 ofrece una gran capacidad de almacenamiento de hasta 1TB\u00a0en un formato compacto de 2.5 pulgadas, lo que le permite almacenar m\u00e1s datos y archivos del juego mientras viaja.\u00a0Incluye sensor de choque interno y tecnolog\u00eda de carga en rampa para ayudar a proteger su unidad y sus datos de da\u00f1os.<\/p>\n<p><img decoding=\"async\" class=\"overview-center-img-web\" src=\"https:\/\/tvc.mx\/media\/28661\/BANNER.png\" alt=\"\" \/><\/div>\n<\/div>\n<div class=\"row align-items-center padding-bottom-2x\">\n<div class=\"col-md-5\"><img decoding=\"async\" class=\"d-block m-auto img-thumbnail\" src=\"https:\/\/tvc.mx\/media\/28662\/OVL2.png\" alt=\" \" \/><\/div>\n<div class=\"col-md-7 text-md-left text-center\">\n<h2>Aplicaciones<\/h2>\n<p class=\"text-muted\">\n<p>El L200 est\u00e1 dise\u00f1ado para un bajo consumo de energ\u00eda, para ayudar a optimizar la vida \u00fatil de la bater\u00eda del dispositivo.\u00a0Adem\u00e1s, el funcionamiento silencioso del disco lo convierte en una excelente soluci\u00f3n de almacenamiento para sistemas de juegos y aplicaciones de computaci\u00f3n m\u00f3vil donde la capacidad, el perfil de potencia y la confiabilidad son cr\u00edticos.<\/p>\n<p>Aplicaciones\u00a0:<\/p>\n<ul>\n<li>Computadoras port\u00e1tiles<\/li>\n<li>Sistemas de juego<\/li>\n<li>Almacenamiento externo<\/li>\n<\/ul>\n<p>&nbsp;<\/p>\n<\/div>\n<\/div>\n<hr class=\"padding-bottom-2x\" \/>\n<div class=\"row align-items-center padding-bottom-2x\">\n<div class=\"col-md-5 order-md-2\"><img decoding=\"async\" class=\"d-block m-auto img-thumbnail\" src=\"https:\/\/tvc.mx\/media\/28667\/OVL1.png\" alt=\" \" \/><\/div>\n<div class=\"col-md-7 order-md-1 text-md-left text-center\">\n<h2>Especificaciones t\u00e9cnicas<\/h2>\n<p class=\"text-muted\">\n<h2><strong>Disco duro para computadora port\u00e1til L200<\/strong><\/h2>\n<h3>Especificaciones t\u00e9cnicas<\/h3>\n<p>1 TB Hasta 128 MB de cach\u00e9<\/p>\n<p>Tecnolog\u00eda de cach\u00e9 de Toshiba<\/p>\n<p>Tecnolog\u00eda de carga en rampa<\/p>\n<p>Factor de forma\u00a02.5 pulgadas<\/p>\n<p>Interfaz SATA<\/p>\n<p>Hasta 6 Gbit \/ s (1TB 7mm)<\/p>\n<p>Hasta 3 Gbit \/ s (1TB 9.5mm)<\/p>\n<p>Velocidad rotacional 5400 RPM<\/p>\n<p>Tama\u00f1o del cach\u00e9 128 MB,<\/p>\n<p>Garant\u00eda limitada Hasta 2 a\u00f1os.<\/p>\n<\/div>\n<\/div>\n","protected":false},"excerpt":{"rendered":"<p>Informacion General El disco duro interno de la computadora port\u00e1til L200 de Toshiba est\u00e1 dise\u00f1ado para usuarios de computadoras port\u00e1tiles y jugadores de todos los d\u00edas, proporcionando una forma conveniente y confiable de ampliar la capacidad de almacenamiento de su computadora port\u00e1til o sistema de&hellip;<\/p>\n","protected":false},"featured_media":4379,"comment_status":"open","ping_status":"closed","template":"","meta":{"om_disable_all_campaigns":false,"_monsterinsights_skip_tracking":false,"_monsterinsights_sitenote_active":false,"_monsterinsights_sitenote_note":"","_monsterinsights_sitenote_category":0},"product_brand":[],"product_cat":[330],"product_tag":[320,323,324,321,322],"class_list":{"0":"post-4380","1":"product","2":"type-product","3":"status-publish","4":"has-post-thumbnail","6":"product_cat-discos-duros-toshiba","7":"product_tag-almacenamiento","8":"product_tag-disco-duro","9":"product_tag-memoria","10":"product_tag-seagate","11":"product_tag-usb","13":"first","14":"instock","15":"sale","16":"taxable","17":"shipping-taxable","18":"purchasable","19":"product-type-simple"},"aioseo_notices":[],"_links":{"self":[{"href":"https:\/\/tecsecmty.com\/index.php\/wp-json\/wp\/v2\/product\/4380","targetHints":{"allow":["GET"]}}],"collection":[{"href":"https:\/\/tecsecmty.com\/index.php\/wp-json\/wp\/v2\/product"}],"about":[{"href":"https:\/\/tecsecmty.com\/index.php\/wp-json\/wp\/v2\/types\/product"}],"replies":[{"embeddable":true,"href":"https:\/\/tecsecmty.com\/index.php\/wp-json\/wp\/v2\/comments?post=4380"}],"version-history":[{"count":0,"href":"https:\/\/tecsecmty.com\/index.php\/wp-json\/wp\/v2\/product\/4380\/revisions"}],"wp:featuredmedia":[{"embeddable":true,"href":"https:\/\/tecsecmty.com\/index.php\/wp-json\/wp\/v2\/media\/4379"}],"wp:attachment":[{"href":"https:\/\/tecsecmty.com\/index.php\/wp-json\/wp\/v2\/media?parent=4380"}],"wp:term":[{"taxonomy":"product_brand","embeddable":true,"href":"https:\/\/tecsecmty.com\/index.php\/wp-json\/wp\/v2\/product_brand?post=4380"},{"taxonomy":"product_cat","embeddable":true,"href":"https:\/\/tecsecmty.com\/index.php\/wp-json\/wp\/v2\/product_cat?post=4380"},{"taxonomy":"product_tag","embeddable":true,"href":"https:\/\/tecsecmty.com\/index.php\/wp-json\/wp\/v2\/product_tag?post=4380"}],"curies":[{"name":"wp","href":"https:\/\/api.w.org\/{rel}","templated":true}]}}