{"id":4382,"date":"2023-02-23T00:47:33","date_gmt":"2023-02-23T06:47:33","guid":{"rendered":"https:\/\/tecsecmty.com\/index.php\/producto\/western-huh721010ale604-disco-duro-de-10-tb-serie-ultrastar-recomendado-para-servidores-videovigilancia-sin-limite-de-bahias-7200rpm-sata-3-6gbs-256mb\/"},"modified":"2023-03-22T23:24:55","modified_gmt":"2023-03-23T05:24:55","slug":"western-huh721010ale604-disco-duro-de-10-tb-serie-ultrastar-recomendado-para-servidores-videovigilancia-sin-limite-de-bahias-7200rpm-sata-3-6gbs-256mb","status":"publish","type":"product","link":"https:\/\/tecsecmty.com\/index.php\/producto\/western-huh721010ale604-disco-duro-de-10-tb-serie-ultrastar-recomendado-para-servidores-videovigilancia-sin-limite-de-bahias-7200rpm-sata-3-6gbs-256mb\/","title":{"rendered":"WESTERN HUH721010ALE604 &#8211; Disco duro de 10 TB \/ Serie ULTRASTAR \/ Recomendado para servidores \/ Videovigilancia \/ Sin limite de bahias \/ 7200RPM \/ SATA 3 \/ 6GBS \/ 256MB\/"},"content":{"rendered":"<div class=\"row aling-items-center padding-bottom-2x\">\n<div class=\"col-lg-12\">\n<h5 class=\"card-title text-center\">Informaci\u00f3n general<\/h5>\n<p>La amplitud y profundidad de Big Data est\u00e1 impulsando la necesidad universal de mayores capacidades en un amplio espectro de aplicaciones y cargas de trabajo.\u00a0Al sentar las bases para un centro de datos sin preocupaciones, Western Digital ofrece la capacidad de conquistar la explosi\u00f3n de datos con la serie de discos duros Ultrastar DC HC500.\u00a0Construida con tecnolog\u00eda HelioSeal, la \u00fanica plataforma de helio de quinta generaci\u00f3n de la industria, la serie DC HC500 es<\/p>\n<p>dise\u00f1ado para entornos de nube p\u00fablica y privada, donde la densidad de almacenamiento, Watts \/ TB y $ \/ TB son cr\u00edticos para crear la infraestructura m\u00e1s rentable.\u00a0La tecnolog\u00eda HelioSeal es clave para lograr mayores capacidades de manejo, mayores \u00edndices de confiabilidad y eficiencia energ\u00e9tica extrema.\u00a0El resultado es un menor costo total de propiedad (TCO) para nuestros clientes empresariales y en la nube.<\/p>\n<p><img decoding=\"async\" class=\"overview-center-img-web\" src=\"https:\/\/tvc.mx\/media\/27274\/ov1.png\" alt=\"\" \/><\/div>\n<\/div>\n<div class=\"row aling-items-center padding-bottom-2x\">\n<div class=\"col-lg-12\">\n<h5 class=\"card-title text-center\">Serie Ultrastar<\/h5>\n<p>Respondiendo a las complejas necesidades del moderno centro de datos, Western Digital ha desarrollado la tecnolog\u00eda HelioSeal, un componente b\u00e1sico para unidades de disco duro (HDD) de alta capacidad.\u00a0Esta innovadora tecnolog\u00eda sella herm\u00e9ticamente el HDD y reemplaza el aire interior con helio, que es una s\u00e9ptima parte de la densidad del aire.\u00a0La atm\u00f3sfera menos densa restablece los l\u00edmites y desaf\u00edos de los discos duros convencionales de alta capacidad, lo que permite un aumento dram\u00e1tico en la eficiencia, la confiabilidad y el valor.<\/p>\n<p><img decoding=\"async\" class=\"overview-center-img-web\" src=\"https:\/\/tvc.mx\/media\/27787\/ov2.png\" alt=\"\" \/><\/div>\n<\/div>\n","protected":false},"excerpt":{"rendered":"<p>Informaci\u00f3n general La amplitud y profundidad de Big Data est\u00e1 impulsando la necesidad universal de mayores capacidades en un amplio espectro de aplicaciones y cargas de trabajo.\u00a0Al sentar las bases para un centro de datos sin preocupaciones, Western Digital ofrece la capacidad de conquistar la&hellip;<\/p>\n","protected":false},"featured_media":4381,"comment_status":"open","ping_status":"closed","template":"","meta":{"om_disable_all_campaigns":false,"_monsterinsights_skip_tracking":false,"_monsterinsights_sitenote_active":false,"_monsterinsights_sitenote_note":"","_monsterinsights_sitenote_category":0},"product_brand":[],"product_cat":[332],"product_tag":[320,323,324,321,322],"class_list":{"0":"post-4382","1":"product","2":"type-product","3":"status-publish","4":"has-post-thumbnail","6":"product_cat-discos-duros-western-digital","7":"product_tag-almacenamiento","8":"product_tag-disco-duro","9":"product_tag-memoria","10":"product_tag-seagate","11":"product_tag-usb","13":"first","14":"instock","15":"sale","16":"taxable","17":"shipping-taxable","18":"purchasable","19":"product-type-simple"},"aioseo_notices":[],"_links":{"self":[{"href":"https:\/\/tecsecmty.com\/index.php\/wp-json\/wp\/v2\/product\/4382","targetHints":{"allow":["GET"]}}],"collection":[{"href":"https:\/\/tecsecmty.com\/index.php\/wp-json\/wp\/v2\/product"}],"about":[{"href":"https:\/\/tecsecmty.com\/index.php\/wp-json\/wp\/v2\/types\/product"}],"replies":[{"embeddable":true,"href":"https:\/\/tecsecmty.com\/index.php\/wp-json\/wp\/v2\/comments?post=4382"}],"version-history":[{"count":0,"href":"https:\/\/tecsecmty.com\/index.php\/wp-json\/wp\/v2\/product\/4382\/revisions"}],"wp:featuredmedia":[{"embeddable":true,"href":"https:\/\/tecsecmty.com\/index.php\/wp-json\/wp\/v2\/media\/4381"}],"wp:attachment":[{"href":"https:\/\/tecsecmty.com\/index.php\/wp-json\/wp\/v2\/media?parent=4382"}],"wp:term":[{"taxonomy":"product_brand","embeddable":true,"href":"https:\/\/tecsecmty.com\/index.php\/wp-json\/wp\/v2\/product_brand?post=4382"},{"taxonomy":"product_cat","embeddable":true,"href":"https:\/\/tecsecmty.com\/index.php\/wp-json\/wp\/v2\/product_cat?post=4382"},{"taxonomy":"product_tag","embeddable":true,"href":"https:\/\/tecsecmty.com\/index.php\/wp-json\/wp\/v2\/product_tag?post=4382"}],"curies":[{"name":"wp","href":"https:\/\/api.w.org\/{rel}","templated":true}]}}