{"id":4384,"date":"2023-02-23T00:47:35","date_gmt":"2023-02-23T06:47:35","guid":{"rendered":"https:\/\/tecsecmty.com\/index.php\/producto\/western-huh721212ale604-disco-duro-de-12-tb-serie-ultrastar-recomendado-para-servidores-videovigilancia-sin-limite-de-bahias-7200rpm-sata-3-6gbs-256mb\/"},"modified":"2023-03-22T23:24:55","modified_gmt":"2023-03-23T05:24:55","slug":"western-huh721212ale604-disco-duro-de-12-tb-serie-ultrastar-recomendado-para-servidores-videovigilancia-sin-limite-de-bahias-7200rpm-sata-3-6gbs-256mb","status":"publish","type":"product","link":"https:\/\/tecsecmty.com\/index.php\/producto\/western-huh721212ale604-disco-duro-de-12-tb-serie-ultrastar-recomendado-para-servidores-videovigilancia-sin-limite-de-bahias-7200rpm-sata-3-6gbs-256mb\/","title":{"rendered":"WESTERN HUH721212ALE604 &#8211; Disco duro de 12 TB \/ Serie ULTRASTAR \/ Recomendado para servidores \/ Videovigilancia \/ Sin limite de bahias \/ 7200RPM \/ SATA 3 \/ 6GBS \/ 256MB"},"content":{"rendered":"<div class=\"row aling-items-center padding-bottom-2x\">\n<div class=\"col-lg-12\">\n<h5 class=\"card-title text-center\">Aumento de la capacidad y reducci\u00f3n del TCO para los centros de datos en la nube y de hiperescala<\/h5>\n<hr \/>\n<p>La amplitud y profundidad de Big Data est\u00e1 impulsando la necesidad universal de mayores capacidades en un amplio espectro de aplicaciones y cargas de trabajo.\u00a0Al sentar las bases para un centro de datos sin preocupaciones, Western Digital ofrece la capacidad de conquistar la explosi\u00f3n de datos con la serie de discos duros Ultrastar DC HC500.\u00a0Construida con tecnolog\u00eda HelioSeal, la \u00fanica plataforma de helio de quinta generaci\u00f3n de la industria, la serie DC HC500 es<\/p>\n<p>dise\u00f1ado para entornos de nube p\u00fablica y privada, donde la densidad de almacenamiento, Watts \/ TB y $ \/ TB son cr\u00edticos para crear la infraestructura m\u00e1s rentable.\u00a0La tecnolog\u00eda HelioSeal es clave para lograr mayores capacidades de manejo, mayores \u00edndices de confiabilidad y eficiencia energ\u00e9tica extrema.\u00a0El resultado es un menor costo total de propiedad (TCO) para nuestros clientes empresariales y en la nube.<\/p>\n<p><img decoding=\"async\" class=\"overview-center-img-web\" src=\"https:\/\/tvc.mx\/media\/28180\/OV1.png\" alt=\"\" \/><\/div>\n<\/div>\n<div class=\"row align-items-center padding-bottom-2x\">\n<div class=\"col-md-5\"><img decoding=\"async\" class=\"d-block m-auto img-thumbnail\" src=\"https:\/\/tvc.mx\/media\/28181\/OV2.png\" alt=\" \" \/><\/div>\n<div class=\"col-md-7 text-md-left text-center\">\n<h2>M\u00e1s all\u00e1 del aire. El helio te lleva m\u00e1s alto.<\/h2>\n<p class=\"text-muted\">\n<p>Respondiendo a las complejas necesidades del moderno centro de datos, Western Digital ha desarrollado la tecnolog\u00eda HelioSeal, un componente b\u00e1sico para unidades de disco duro (HDD) de alta capacidad.\u00a0Esta innovadora tecnolog\u00eda sella herm\u00e9ticamente el HDD y reemplaza el aire interior con helio, que es una s\u00e9ptima parte de la densidad del aire.\u00a0La atm\u00f3sfera menos densa restablece los l\u00edmites y desaf\u00edos de los discos duros convencionales de alta capacidad, lo que permite un aumento dram\u00e1tico en la eficiencia, la confiabilidad y el valor.<\/p>\n<p>&nbsp;<\/p>\n<\/div>\n<\/div>\n<hr class=\"padding-bottom-2x\" \/>\n<div class=\"row align-items-center padding-bottom-2x\">\n<div class=\"col-md-5 order-md-2\"><img decoding=\"async\" class=\"d-block m-auto img-thumbnail\" src=\"https:\/\/tvc.mx\/media\/28184\/OV3.png\" alt=\" \" \/><\/div>\n<div class=\"col-md-7 order-md-1 text-md-left text-center\">\n<h2>Resuelve los desaf\u00edos de TCO<\/h2>\n<p class=\"text-muted\">\n<p>Al sentar las bases para un centro de datos sin preocupaciones, Western Digital ofrece capacidad para<\/p>\n<p>conquista la explosi\u00f3n de datos &#8211; Ultrastar\u00ae<\/p>\n<p>DC HC520, anteriormente conocido como Ultrastar He12<\/p>\n<p>y parte de nuestra serie HC500 de discos duros llenos de helio. Dise\u00f1ado para manejar cargas de trabajo<\/p>\n<p>Hasta 550 TB por a\u00f1o, el Ultrastar DC HC520 es el primer variador de 12 TB de la industria y<\/p>\n<p>utiliza la tecnolog\u00eda tradicional de grabaci\u00f3n magn\u00e9tica perpendicular (PMR) para que est\u00e9 lista para cualquier aplicaci\u00f3n o entorno de capacidad empresarial. El interno estable<\/p>\n<p>entorno creado por HelioSeal\u00ae de cuarta generaci\u00f3n<\/p>\n<p>La tecnolog\u00eda permite un nuevo disco de 8<\/p>\n<p>dise\u00f1o, aumentando la capacidad en un 20% en comparaci\u00f3n con el dise\u00f1o de 7 discos del anterior<\/p>\n<p>generaci\u00f3n, Ultrastar DC HC510. Esta unidad de helio de alta capacidad ofrece uno de los m\u00e1s bajos<\/p>\n<p>perfiles de potencia en la industria para ayudar a los arquitectos del centro de datos a cumplir con el medio ambiente<\/p>\n<p>objetivos y requisitos. Dirigido a 2.5M horas MTBF, el Ultrastar DC HC520 proporciona<\/p>\n<p>la calificaci\u00f3n de confiabilidad m\u00e1s alta disponible de todos los discos duros en el mercado actual al construir sobre<\/p>\n<p>Dise\u00f1o exitoso de sus predecesores de 10TB, 8TB y 6TB. Conf\u00ede en Western Digital y el<\/p>\n<p>Ultrastar DC HC520 para ofrecer m\u00e1s capacidad, m\u00e1s eficiencia, m\u00e1s confiabilidad y m\u00e1s<\/p>\n<p>valor para su centro de datos<\/p>\n<\/div>\n<\/div>\n","protected":false},"excerpt":{"rendered":"<p>Aumento de la capacidad y reducci\u00f3n del TCO para los centros de datos en la nube y de hiperescala La amplitud y profundidad de Big Data est\u00e1 impulsando la necesidad universal de mayores capacidades en un amplio espectro de aplicaciones y cargas de trabajo.\u00a0Al sentar&hellip;<\/p>\n","protected":false},"featured_media":4383,"comment_status":"open","ping_status":"closed","template":"","meta":{"om_disable_all_campaigns":false,"_monsterinsights_skip_tracking":false,"_monsterinsights_sitenote_active":false,"_monsterinsights_sitenote_note":"","_monsterinsights_sitenote_category":0},"product_brand":[],"product_cat":[332],"product_tag":[320,323,324,321,322],"class_list":{"0":"post-4384","1":"product","2":"type-product","3":"status-publish","4":"has-post-thumbnail","6":"product_cat-discos-duros-western-digital","7":"product_tag-almacenamiento","8":"product_tag-disco-duro","9":"product_tag-memoria","10":"product_tag-seagate","11":"product_tag-usb","13":"first","14":"instock","15":"sale","16":"taxable","17":"shipping-taxable","18":"purchasable","19":"product-type-simple"},"aioseo_notices":[],"_links":{"self":[{"href":"https:\/\/tecsecmty.com\/index.php\/wp-json\/wp\/v2\/product\/4384","targetHints":{"allow":["GET"]}}],"collection":[{"href":"https:\/\/tecsecmty.com\/index.php\/wp-json\/wp\/v2\/product"}],"about":[{"href":"https:\/\/tecsecmty.com\/index.php\/wp-json\/wp\/v2\/types\/product"}],"replies":[{"embeddable":true,"href":"https:\/\/tecsecmty.com\/index.php\/wp-json\/wp\/v2\/comments?post=4384"}],"version-history":[{"count":0,"href":"https:\/\/tecsecmty.com\/index.php\/wp-json\/wp\/v2\/product\/4384\/revisions"}],"wp:featuredmedia":[{"embeddable":true,"href":"https:\/\/tecsecmty.com\/index.php\/wp-json\/wp\/v2\/media\/4383"}],"wp:attachment":[{"href":"https:\/\/tecsecmty.com\/index.php\/wp-json\/wp\/v2\/media?parent=4384"}],"wp:term":[{"taxonomy":"product_brand","embeddable":true,"href":"https:\/\/tecsecmty.com\/index.php\/wp-json\/wp\/v2\/product_brand?post=4384"},{"taxonomy":"product_cat","embeddable":true,"href":"https:\/\/tecsecmty.com\/index.php\/wp-json\/wp\/v2\/product_cat?post=4384"},{"taxonomy":"product_tag","embeddable":true,"href":"https:\/\/tecsecmty.com\/index.php\/wp-json\/wp\/v2\/product_tag?post=4384"}],"curies":[{"name":"wp","href":"https:\/\/api.w.org\/{rel}","templated":true}]}}