{"id":4386,"date":"2023-02-23T00:47:37","date_gmt":"2023-02-23T06:47:37","guid":{"rendered":"https:\/\/tecsecmty.com\/index.php\/producto\/western-hus728t8tale6l4-disco-duro-de-8-tb-serie-ultrastar-recomendado-para-servidores-videovigilancia-sin-limite-de-bahias-7200rpm-sata-3-6gbs-256mb\/"},"modified":"2023-03-22T23:24:55","modified_gmt":"2023-03-23T05:24:55","slug":"western-hus728t8tale6l4-disco-duro-de-8-tb-serie-ultrastar-recomendado-para-servidores-videovigilancia-sin-limite-de-bahias-7200rpm-sata-3-6gbs-256mb","status":"publish","type":"product","link":"https:\/\/tecsecmty.com\/index.php\/producto\/western-hus728t8tale6l4-disco-duro-de-8-tb-serie-ultrastar-recomendado-para-servidores-videovigilancia-sin-limite-de-bahias-7200rpm-sata-3-6gbs-256mb\/","title":{"rendered":"WESTERN HUS728T8TALE6L4 &#8211; Disco duro de 8 TB \/ Serie ULTRASTAR \/ Recomendado para servidores \/ Videovigilancia \/ Sin limite de bahias \/ 7200RPM \/ SATA 3 \/ 6GBS \/ 256MB"},"content":{"rendered":"<div class=\"row aling-items-center padding-bottom-2x\">\n<div class=\"col-lg-12\">\n<h5 class=\"card-title text-center\">Informacion general<\/h5>\n<p class=\"ql-align-justify\">El Ultrastar\u00ae\u00a0corriente continua HC320 8 TB1,\u00a0los discos duros ayudan a cumplir estos requisitos al ofrecer alta capacidad almacenamiento con casi un 40% de aumento de rendimiento en escrituras aleatorias de baja profundidad de cola nuestra generaci\u00f3n anterior de 8 TB HDD2. Este aumento de rendimiento ayuda a habilitar el escalado de capacidad y desbloquea el Costo total de propiedad (TCO) m\u00e1s bajo. El Ultrastar DC HC320 HDD es dise\u00f1ado para una variedad de aplicaciones, incluidas las matrices de almacenamiento tradicionales, montadas en bastidor, gabinetes de almacenamiento y sistemas de almacenamiento distribuido basados \u200b\u200ben servidor. El Ultrastar DC HC320 proporciona velocidades de husillo r\u00e1pidas de 7.200 RPM y se ofrece en SATA de 8 Gb \/ so Interfaz SAS de 12 Gb \/ s con formato avanzado 512e3 tama\u00f1o del sector<\/p>\n<p><img decoding=\"async\" class=\"overview-center-img-web\" src=\"https:\/\/tvc.mx\/media\/27776\/OV1.1.png\" alt=\"\" \/><\/div>\n<\/div>\n<div class=\"row aling-items-center padding-bottom-2x\">\n<div class=\"col-lg-12\">\n<h5 class=\"card-title text-center\">Serie Ultrastar<\/h5>\n<p class=\"ql-align-justify\">Entrega de econom\u00eda y velocidad de acceso a las aplicaciones y cargas de trabajo del centro de datos<\/p>\n<p class=\"ql-align-justify\">A medida que la industria evoluciona para desarrollar soluciones especialmente dise\u00f1adas para los crecientes requisitos de almacenamiento de datos, los gerentes de TI contin\u00faan confiando en unidades de capacidad de rango medio que son econ\u00f3micas de adquirir, pero que brindan acceso a datos r\u00e1pido y confiable para aplicaciones de centros de datos tradicionales.\u00a0Dise\u00f1ada para manejar cargas de trabajo de hasta 550 TB por a\u00f1o, la serie Ultrastar DC HC300 es un dise\u00f1o probado de plataforma a\u00e9rea que ofrece hasta 10 TB de capacidad l\u00edder en la industria para ayudar a abordar los requisitos econ\u00f3micos y de densidad de acceso de muchas cargas de trabajo de centros de datos.\u00a0Ideal para aplicaciones de almacenamiento y servidor, as\u00ed como para computaci\u00f3n distribuida y escalable (incluidas arquitecturas de almacenamiento de bloques y archivos), la serie Ultrastar DC HC300 proporciona velocidades r\u00e1pidas de husillo de 7.200 RPM y se ofrece en interfaz SATA de 6 Gb \/ s o SAS de 12 Gb \/ s con Formato avanzado 512e3 tama\u00f1o del sector.<\/p>\n<p><img decoding=\"async\" class=\"overview-center-img-web\" src=\"https:\/\/tvc.mx\/media\/27779\/OV1.png\" alt=\"\" \/><\/div>\n<\/div>\n","protected":false},"excerpt":{"rendered":"<p>Informacion general El Ultrastar\u00ae\u00a0corriente continua HC320 8 TB1,\u00a0los discos duros ayudan a cumplir estos requisitos al ofrecer alta capacidad almacenamiento con casi un 40% de aumento de rendimiento en escrituras aleatorias de baja profundidad de cola nuestra generaci\u00f3n anterior de 8 TB HDD2. Este aumento&hellip;<\/p>\n","protected":false},"featured_media":4385,"comment_status":"open","ping_status":"closed","template":"","meta":{"om_disable_all_campaigns":false,"_monsterinsights_skip_tracking":false,"_monsterinsights_sitenote_active":false,"_monsterinsights_sitenote_note":"","_monsterinsights_sitenote_category":0},"product_brand":[],"product_cat":[332],"product_tag":[320,323,324,321,322],"class_list":{"0":"post-4386","1":"product","2":"type-product","3":"status-publish","4":"has-post-thumbnail","6":"product_cat-discos-duros-western-digital","7":"product_tag-almacenamiento","8":"product_tag-disco-duro","9":"product_tag-memoria","10":"product_tag-seagate","11":"product_tag-usb","13":"first","14":"instock","15":"sale","16":"taxable","17":"shipping-taxable","18":"purchasable","19":"product-type-simple"},"aioseo_notices":[],"_links":{"self":[{"href":"https:\/\/tecsecmty.com\/index.php\/wp-json\/wp\/v2\/product\/4386","targetHints":{"allow":["GET"]}}],"collection":[{"href":"https:\/\/tecsecmty.com\/index.php\/wp-json\/wp\/v2\/product"}],"about":[{"href":"https:\/\/tecsecmty.com\/index.php\/wp-json\/wp\/v2\/types\/product"}],"replies":[{"embeddable":true,"href":"https:\/\/tecsecmty.com\/index.php\/wp-json\/wp\/v2\/comments?post=4386"}],"version-history":[{"count":0,"href":"https:\/\/tecsecmty.com\/index.php\/wp-json\/wp\/v2\/product\/4386\/revisions"}],"wp:featuredmedia":[{"embeddable":true,"href":"https:\/\/tecsecmty.com\/index.php\/wp-json\/wp\/v2\/media\/4385"}],"wp:attachment":[{"href":"https:\/\/tecsecmty.com\/index.php\/wp-json\/wp\/v2\/media?parent=4386"}],"wp:term":[{"taxonomy":"product_brand","embeddable":true,"href":"https:\/\/tecsecmty.com\/index.php\/wp-json\/wp\/v2\/product_brand?post=4386"},{"taxonomy":"product_cat","embeddable":true,"href":"https:\/\/tecsecmty.com\/index.php\/wp-json\/wp\/v2\/product_cat?post=4386"},{"taxonomy":"product_tag","embeddable":true,"href":"https:\/\/tecsecmty.com\/index.php\/wp-json\/wp\/v2\/product_tag?post=4386"}],"curies":[{"name":"wp","href":"https:\/\/api.w.org\/{rel}","templated":true}]}}