{"id":4390,"date":"2023-02-23T00:47:40","date_gmt":"2023-02-23T06:47:40","guid":{"rendered":"https:\/\/tecsecmty.com\/index.php\/producto\/western-wd102kryz-disco-duro-10-tb-serie-gold-sata-6-gbs-recomendado-para-video-vigilancia-servidores-7200-rpm-256mb-tamano-3-5\/"},"modified":"2023-03-22T23:24:55","modified_gmt":"2023-03-23T05:24:55","slug":"western-wd102kryz-disco-duro-10-tb-serie-gold-sata-6-gbs-recomendado-para-video-vigilancia-servidores-7200-rpm-256mb-tamano-3-5","status":"publish","type":"product","link":"https:\/\/tecsecmty.com\/index.php\/producto\/western-wd102kryz-disco-duro-10-tb-serie-gold-sata-6-gbs-recomendado-para-video-vigilancia-servidores-7200-rpm-256mb-tamano-3-5\/","title":{"rendered":"WESTERN WD102KRYZ- Disco duro 10 TB\/ Serie Gold\/ Sata 6 GBS\/ Recomendado para video vigilancia\/ Servidores\/ 7200 RPM\/ 256MB\/ Tamano 3.5"},"content":{"rendered":"<div class=\"row aling-items-center padding-bottom-2x\">\n<div class=\"col-lg-12\">\n<h5 class=\"card-title text-center\">WD GOLD<\/h5>\n<h3>Dise\u00f1ado espec\u00edficamente para su uso en centros de datos y sistemas de almacenamiento de clase empresarial, el disco duro SATA WD Gold Enterprise Class ofrece el rendimiento de clase mundial que espera de los discos duros Western Digital\u00ae.<\/h3>\n<h3>Con 10TB de almacenamiento, el WD Gold \u2122 es una soluci\u00f3n altamente confiable para entornos de almacenamiento exigentes, maneja una tecnolog\u00eda de protecci\u00f3n contra vibraciones y un bajo consumo de energ\u00eda.<\/h3>\n<p><img decoding=\"async\" class=\"overview-center-img-web\" src=\"https:\/\/tvc.mx\/media\/118754\/wd-digital-hdd-disco-duro-wd-gold-wd102kryz-tvc-cctv-wd-banner.jpg\" alt=\"\" \/><\/div>\n<\/div>\n<div class=\"row align-items-center padding-bottom-2x\">\n<div class=\"col-md-5\"><img decoding=\"async\" class=\"d-block m-auto img-thumbnail\" src=\"https:\/\/tvc.mx\/media\/118758\/wd-digital-hdd-disco-duro-wd-gold-wd102kryz-tvc-cctv-wd-caracteristicas.jpg\" alt=\" \" \/><\/div>\n<div class=\"col-md-7 text-md-left text-center\">\n<h2>Aplicaciones.<\/h2>\n<p class=\"text-muted\">\n<h4>Dise\u00f1ado espec\u00edficamente para su uso en centros de datos y sistemas de almacenamiento de clase empresarial.<\/h4>\n<h4>Mejore el rendimiento con nuestra tecnolog\u00eda de protecci\u00f3n contra vibraciones.<\/h4>\n<h4>Obtenga tranquilidad con una garant\u00eda limitada de 5 a\u00f1os.<\/h4>\n<h4>Asuma cargas de trabajo dif\u00edciles; hasta 10 veces la calificaci\u00f3n de escritorio t\u00edpica.<\/h4>\n<h4>Fiabilidad mejorada en la que puede confiar.<\/h4>\n<h4><em>La tecnolog\u00eda HelioSeal \u2122 ofrece altas capacidades con un bajo consumo de energ\u00eda [<\/em><strong><em>12 TB y superior<\/em><\/strong><em>]<\/em><\/h4>\n<p>&nbsp;<\/p>\n<\/div>\n<\/div>\n<hr class=\"padding-bottom-2x\" \/>\n<div class=\"row aling-items-center padding-bottom-2x\">\n<div class=\"col-lg-12\">\n<h5 class=\"card-title text-center\">Especificaciones<\/h5>\n<h4>Capacidad: 10TB<\/h4>\n<h4>Factor de forma: 3.5&#8243;<\/h4>\n<h4>RPM: 7200 RPM Class<\/h4>\n<h4>Interfase: SATA 6 Gb\/s<\/h4>\n<h4>Garant\u00eda limitada: 5 a\u00f1os<\/h4>\n<h4>MTBF (M horas): 2,000,000 &#8211; 2,500,000<\/h4>\n<p><img decoding=\"async\" class=\"overview-center-img-web\" src=\"https:\/\/tvc.mx\/media\/118766\/wd-digital-hdd-disco-duro-wd-gold-wd102kryz-tvc-cctv-wd-fiabilidad-gran-carga-de-trabajo.jpg\" alt=\"\" \/><\/div>\n<\/div>\n","protected":false},"excerpt":{"rendered":"<p>WD GOLD Dise\u00f1ado espec\u00edficamente para su uso en centros de datos y sistemas de almacenamiento de clase empresarial, el disco duro SATA WD Gold Enterprise Class ofrece el rendimiento de clase mundial que espera de los discos duros Western Digital\u00ae. Con 10TB de almacenamiento, el&hellip;<\/p>\n","protected":false},"featured_media":4389,"comment_status":"open","ping_status":"closed","template":"","meta":{"om_disable_all_campaigns":false,"_monsterinsights_skip_tracking":false,"_monsterinsights_sitenote_active":false,"_monsterinsights_sitenote_note":"","_monsterinsights_sitenote_category":0},"product_brand":[],"product_cat":[332],"product_tag":[320,323,324,321,322],"class_list":{"0":"post-4390","1":"product","2":"type-product","3":"status-publish","4":"has-post-thumbnail","6":"product_cat-discos-duros-western-digital","7":"product_tag-almacenamiento","8":"product_tag-disco-duro","9":"product_tag-memoria","10":"product_tag-seagate","11":"product_tag-usb","13":"first","14":"instock","15":"sale","16":"taxable","17":"shipping-taxable","18":"purchasable","19":"product-type-simple"},"aioseo_notices":[],"_links":{"self":[{"href":"https:\/\/tecsecmty.com\/index.php\/wp-json\/wp\/v2\/product\/4390","targetHints":{"allow":["GET"]}}],"collection":[{"href":"https:\/\/tecsecmty.com\/index.php\/wp-json\/wp\/v2\/product"}],"about":[{"href":"https:\/\/tecsecmty.com\/index.php\/wp-json\/wp\/v2\/types\/product"}],"replies":[{"embeddable":true,"href":"https:\/\/tecsecmty.com\/index.php\/wp-json\/wp\/v2\/comments?post=4390"}],"version-history":[{"count":0,"href":"https:\/\/tecsecmty.com\/index.php\/wp-json\/wp\/v2\/product\/4390\/revisions"}],"wp:featuredmedia":[{"embeddable":true,"href":"https:\/\/tecsecmty.com\/index.php\/wp-json\/wp\/v2\/media\/4389"}],"wp:attachment":[{"href":"https:\/\/tecsecmty.com\/index.php\/wp-json\/wp\/v2\/media?parent=4390"}],"wp:term":[{"taxonomy":"product_brand","embeddable":true,"href":"https:\/\/tecsecmty.com\/index.php\/wp-json\/wp\/v2\/product_brand?post=4390"},{"taxonomy":"product_cat","embeddable":true,"href":"https:\/\/tecsecmty.com\/index.php\/wp-json\/wp\/v2\/product_cat?post=4390"},{"taxonomy":"product_tag","embeddable":true,"href":"https:\/\/tecsecmty.com\/index.php\/wp-json\/wp\/v2\/product_tag?post=4390"}],"curies":[{"name":"wp","href":"https:\/\/api.w.org\/{rel}","templated":true}]}}