{"id":4394,"date":"2023-02-23T00:47:46","date_gmt":"2023-02-23T06:47:46","guid":{"rendered":"https:\/\/tecsecmty.com\/index.php\/producto\/western-wd22purz-disco-duro-de-2tb-purple-especial-para-videovigilancia-trabajo-24-7-interface-sata-6-gb-s-hasta-64-camaras-hasta-8-bahias-de-discos-duros-3-anos-de-garantia\/"},"modified":"2023-03-22T23:24:55","modified_gmt":"2023-03-23T05:24:55","slug":"western-wd22purz-disco-duro-de-2tb-purple-especial-para-videovigilancia-trabajo-24-7-interface-sata-6-gb-s-hasta-64-camaras-hasta-8-bahias-de-discos-duros-3-anos-de-garantia","status":"publish","type":"product","link":"https:\/\/tecsecmty.com\/index.php\/producto\/western-wd22purz-disco-duro-de-2tb-purple-especial-para-videovigilancia-trabajo-24-7-interface-sata-6-gb-s-hasta-64-camaras-hasta-8-bahias-de-discos-duros-3-anos-de-garantia\/","title":{"rendered":"WESTERN WD22PURZ &#8211; Disco Duro de 2TB Purple\/ Especial Para Videovigilancia\/ Trabajo 24\/7\/ Interface: Sata 6 Gb\/s\/ Hasta 64 C\u00e1maras\/ Hasta 8 Bah\u00edas de Discos Duros\/ 3 A\u00f1os de Garant\u00eda\/"},"content":{"rendered":"<div class=\"row aling-items-center padding-bottom-2x\">\n<div class=\"col-lg-12\">\n<h5 class=\"card-title text-center\">Informaci\u00f3n General<\/h5>\n<p>Creados para sistemas de seguridad de alta definici\u00f3n de funcionamiento continuo las 24 horas, los 7 d\u00edas de la semana. Compatibles con \u00edndices de cargas de trabajo de hasta 180 TB\/a\u00f1o<a href=\"https:\/\/www.westerndigital.com\/es-la\/products\/internal-drives\/wd-purple-sata-hdd#disclosures1\" target=\"_blank\" rel=\"noopener\">1<\/a>\u00a0y con un m\u00e1ximo de 64 c\u00e1maras, los discos WD Purple est\u00e1n optimizados para los sistemas de vigilancia. Los discos WD Purple de 8 TB, 10 TB, 12 TB, 14TB y 18TB est\u00e1n dise\u00f1ados para admitir la anal\u00edtica del aprendizaje profundo en los sistemas NVR.<\/p>\n<p>Con capacidad de inteligencia artificial y presentan un \u00edndice de carga de trabajo mejorado de hasta 360 TB\/a\u00f1o y hasta 16 canales de inteligencia artificial para la anal\u00edtica dentro del sistema.<\/p>\n<p><img decoding=\"async\" class=\"overview-center-img-web\" src=\"https:\/\/tvc.mx\/media\/338655\/Disco-Duro-2TB-Purple-Especial-Para-VideoVigilancia-WD22PURZ-Western-Digital-2.png\" alt=\"\" \/><\/div>\n<\/div>\n<div class=\"row aling-items-center padding-bottom-2x\">\n<div class=\"col-lg-12\">\n<h5 class=\"card-title text-center\">Caracter\u00edsticas Principales<\/h5>\n<p><strong>El disco adecuado para el trabajo adecuado<\/strong><\/p>\n<p>Los discos WD Purple han sido dise\u00f1ados espec\u00edficamente para una demanda extrema en condiciones de altas temperaturas con sistemas de videovigilancia que funcionan permanentemente.<\/p>\n<p><img decoding=\"async\" class=\"overview-center-img-web\" src=\"https:\/\/tvc.mx\/media\/338659\/Disco-Duro-8-TB-Serie-Purple-Pro-Western-Digital-WD8001PURP-4.png\" alt=\"\" \/><\/div>\n<\/div>\n<div class=\"row aling-items-center padding-bottom-2x\">\n<div class=\"col-lg-12\">\n<h5 class=\"card-title text-center\">Tecnolog\u00edas de respaldo<\/h5>\n<p><strong>Confie en lo que ve<\/strong><\/p>\n<p>La p\u00e9rdida de cuadros y filmaciones puede ser un problema serio cuando se debe recuperar la videovigilancia. Todos los discos WD Purple\u2122 est\u00e1n equipados con la tecnolog\u00eda AllFrame\u2122, que mejora la transmisi\u00f3n ATA para reducir la p\u00e9rdida de cuadros, mejorar la reproducci\u00f3n de videos en general y aumentar la cantidad de compartimentos del disco duro admitidos dentro del sistema NVR. Los discos WD Purple de 8 TB, 10 TB y 12 TB con IA AllFrame presentan un \u00edndice de carga de trabajo de hasta 360 TB\/a\u00f1o para admitir la anal\u00edtica del aprendizaje profundo que es caracter\u00edstica de los sistemas NVR con capacidad de inteligencia artificial.<\/p>\n<p><strong>Caracter\u00edsticas:<\/strong><\/p>\n<ul>\n<li>Dise\u00f1ado espec\u00edficamente para sistemas de seguridad de videovigilancia.<\/li>\n<li>\u00cdndice de carga de trabajo tres veces mayor que nuestros discos duros de escritorio. Las capacidades de 8 TB, 10 TB y 12 TB presentan un \u00edndice de carga de trabajo de hasta 360 TB\/a\u00f1o.<\/li>\n<li>Sintonizados para las aplicaciones de alta transmisi\u00f3n, escritura intensiva y con baja tasa de bits que son t\u00edpicas en la mayor\u00eda de las aplicaciones de videovigilancia.<\/li>\n<li>Priorizan la escritura de datos para rendimientos de videovigilancia maximizados.<\/li>\n<li>Soporte de transmisi\u00f3n ATA y TLER.<\/li>\n<\/ul>\n<p><img decoding=\"async\" class=\"overview-center-img-web\" src=\"https:\/\/tvc.mx\/media\/338663\/Disco-Duro-8-TB-Serie-Purple-Pro-Western-Digital-WD8001PURP-3.png\" alt=\"\" \/><\/div>\n<\/div>\n","protected":false},"excerpt":{"rendered":"<p>Informaci\u00f3n General Creados para sistemas de seguridad de alta definici\u00f3n de funcionamiento continuo las 24 horas, los 7 d\u00edas de la semana. Compatibles con \u00edndices de cargas de trabajo de hasta 180 TB\/a\u00f1o1\u00a0y con un m\u00e1ximo de 64 c\u00e1maras, los discos WD Purple est\u00e1n optimizados&hellip;<\/p>\n","protected":false},"featured_media":4393,"comment_status":"open","ping_status":"closed","template":"","meta":{"om_disable_all_campaigns":false,"_monsterinsights_skip_tracking":false,"_monsterinsights_sitenote_active":false,"_monsterinsights_sitenote_note":"","_monsterinsights_sitenote_category":0},"product_brand":[],"product_cat":[332],"product_tag":[320,323,324,321,322],"class_list":{"0":"post-4394","1":"product","2":"type-product","3":"status-publish","4":"has-post-thumbnail","6":"product_cat-discos-duros-western-digital","7":"product_tag-almacenamiento","8":"product_tag-disco-duro","9":"product_tag-memoria","10":"product_tag-seagate","11":"product_tag-usb","13":"first","14":"instock","15":"sale","16":"taxable","17":"shipping-taxable","18":"purchasable","19":"product-type-simple"},"aioseo_notices":[],"_links":{"self":[{"href":"https:\/\/tecsecmty.com\/index.php\/wp-json\/wp\/v2\/product\/4394","targetHints":{"allow":["GET"]}}],"collection":[{"href":"https:\/\/tecsecmty.com\/index.php\/wp-json\/wp\/v2\/product"}],"about":[{"href":"https:\/\/tecsecmty.com\/index.php\/wp-json\/wp\/v2\/types\/product"}],"replies":[{"embeddable":true,"href":"https:\/\/tecsecmty.com\/index.php\/wp-json\/wp\/v2\/comments?post=4394"}],"version-history":[{"count":0,"href":"https:\/\/tecsecmty.com\/index.php\/wp-json\/wp\/v2\/product\/4394\/revisions"}],"wp:featuredmedia":[{"embeddable":true,"href":"https:\/\/tecsecmty.com\/index.php\/wp-json\/wp\/v2\/media\/4393"}],"wp:attachment":[{"href":"https:\/\/tecsecmty.com\/index.php\/wp-json\/wp\/v2\/media?parent=4394"}],"wp:term":[{"taxonomy":"product_brand","embeddable":true,"href":"https:\/\/tecsecmty.com\/index.php\/wp-json\/wp\/v2\/product_brand?post=4394"},{"taxonomy":"product_cat","embeddable":true,"href":"https:\/\/tecsecmty.com\/index.php\/wp-json\/wp\/v2\/product_cat?post=4394"},{"taxonomy":"product_tag","embeddable":true,"href":"https:\/\/tecsecmty.com\/index.php\/wp-json\/wp\/v2\/product_tag?post=4394"}],"curies":[{"name":"wp","href":"https:\/\/api.w.org\/{rel}","templated":true}]}}