{"id":4396,"date":"2023-02-23T00:47:49","date_gmt":"2023-02-23T06:47:49","guid":{"rendered":"https:\/\/tecsecmty.com\/index.php\/producto\/western-wd30purz-disco-duro-de-3tb-purple-especial-para-videovigilancia-trabajo-24-7-interface-sata-6-gb-s-hasta-64-camaras-hasta-8-bahias-de-discos-duros-3-anos-de-garantia\/"},"modified":"2023-03-22T23:24:55","modified_gmt":"2023-03-23T05:24:55","slug":"western-wd30purz-disco-duro-de-3tb-purple-especial-para-videovigilancia-trabajo-24-7-interface-sata-6-gb-s-hasta-64-camaras-hasta-8-bahias-de-discos-duros-3-anos-de-garantia","status":"publish","type":"product","link":"https:\/\/tecsecmty.com\/index.php\/producto\/western-wd30purz-disco-duro-de-3tb-purple-especial-para-videovigilancia-trabajo-24-7-interface-sata-6-gb-s-hasta-64-camaras-hasta-8-bahias-de-discos-duros-3-anos-de-garantia\/","title":{"rendered":"WESTERN WD30PURZ &#8211; Disco Duro de 3TB Purple\/ Especial para Videovigilancia\/ Trabajo 24\/7\/ Interface: Sata 6 Gb\/s\/ Hasta 64 C\u00e1maras\/ Hasta 8 Bah\u00edas de Discos Duros\/ 3 A\u00f1os de Garant\u00eda\/"},"content":{"rendered":"<div class=\"row aling-items-center padding-bottom-2x\">\n<div class=\"col-lg-12\">\n<h5 class=\"card-title text-center\">Informaci\u00f3n general.<\/h5>\n<p class=\"ql-align-justify\">Los discos de almacenamiento para videovigilancia WD Purple incluyen la exclusiva tecnolog\u00eda AllFrame para proporcionar una fiabilidad y una tranquilidad superiores cuando instale un sistema de seguridad en su casa o empresa de peque\u00f1o y mediano tama\u00f1o. Las exclusivas actualizaciones del firmware de WD Purple son compatibles con la transmisi\u00f3n ATA para reducir los errores en la pixilaci\u00f3n y las interrupciones t\u00edpicas en el v\u00eddeo que ocurren cuando incorrectamente se utilizan discos duros de sobremesa en los sistemas de seguridad. Los discos de almacenamiento para videovigilancia WD Purple est\u00e1n dise\u00f1ados y fabricados para el funcionamiento fiable de los sistemas de vigilancia y seguridad de alta definici\u00f3n que operan 24&#215;7 y que utilizan hasta ocho discos duros y hasta 32 c\u00e1maras.<\/p>\n<p class=\"ql-align-justify\">\u00a0Elija un disco dise\u00f1ado y fabricado para los sistemas de videovigilancia dom\u00e9sticos y de empresas y queda usted tranquilo al contar con un disco duro espec\u00edficamente pensado para la videovigilancia.<\/p>\n<p><img decoding=\"async\" class=\"overview-center-img-web\" src=\"https:\/\/tvc.mx\/media\/107397\/D.D.-W.D.-Purple-3tb-banner.png\" alt=\"\" \/><\/div>\n<\/div>\n<div class=\"row align-items-center padding-bottom-2x\">\n<div class=\"col-md-5\"><img decoding=\"async\" class=\"d-block m-auto img-thumbnail\" src=\"https:\/\/tvc.mx\/media\/107409\/D.D.-W.D.-Purple-3tb-OVL6.png\" alt=\" \" \/><\/div>\n<div class=\"col-md-7 text-md-left text-center\">\n<h2>Caracter\u00edsticas.<\/h2>\n<p class=\"text-muted\">\n<ul>\n<li class=\"ql-align-justify\">Reduce la p\u00e9rdida de im\u00e1genes con discos especiales para la vigilancia.<\/li>\n<li class=\"ql-align-justify\">Especialmente dise\u00f1ados para los sistemas de vigilancia y seguridad.<\/li>\n<li class=\"ql-align-justify\">Los algoritmos de cach\u00e9 est\u00e1n personalizados para aplicaciones exigentes en escritura, con baja velocidad de transmisi\u00f3n y gran n\u00famero de transmisiones como los sistemas de vigilancia.<\/li>\n<li class=\"ql-align-justify\">Cambio prioritario para la escritura y las asignaciones del cach\u00e9.<\/li>\n<li class=\"ql-align-justify\">Compatibilidad con las transmisiones TLER y ATA<\/li>\n<li class=\"ql-align-justify\">Utilizaci\u00f3n hasta ocho discos.<\/li>\n<\/ul>\n<p>&nbsp;<\/p>\n<\/div>\n<\/div>\n<hr class=\"padding-bottom-2x\" \/>\n<div class=\"row align-items-center padding-bottom-2x\">\n<div class=\"col-md-5 order-md-2\"><img decoding=\"async\" class=\"d-block m-auto img-thumbnail\" src=\"https:\/\/tvc.mx\/media\/107413\/D.D.-W.D.-Purple-3tb-OVL4.png\" alt=\" \" \/><\/div>\n<div class=\"col-md-7 order-md-1 text-md-left text-center\">\n<h2>Especificaciones.<\/h2>\n<p class=\"text-muted\">\n<h2>Especificaciones.<\/h2>\n<p>WD Purple se ha dise\u00f1ado para sistemas de videovigilancia personales, en hogares o empresas peque\u00f1as que utilizan hasta 64 c\u00e1maras HD.<\/p>\n<p>Capacidad<\/p>\n<p>3\u00a0TB<\/p>\n<p>Interfaz<\/p>\n<p>SATA a 6 Gb\/s<\/p>\n<p>Formato<\/p>\n<p>3,5 pulgadas<\/p>\n<p>Velocidad del disco<\/p>\n<p>5400 r. p. m.<\/p>\n<\/div>\n<\/div>\n","protected":false},"excerpt":{"rendered":"<p>Informaci\u00f3n general. Los discos de almacenamiento para videovigilancia WD Purple incluyen la exclusiva tecnolog\u00eda AllFrame para proporcionar una fiabilidad y una tranquilidad superiores cuando instale un sistema de seguridad en su casa o empresa de peque\u00f1o y mediano tama\u00f1o. Las exclusivas actualizaciones del firmware de&hellip;<\/p>\n","protected":false},"featured_media":4395,"comment_status":"open","ping_status":"closed","template":"","meta":{"om_disable_all_campaigns":false,"_monsterinsights_skip_tracking":false,"_monsterinsights_sitenote_active":false,"_monsterinsights_sitenote_note":"","_monsterinsights_sitenote_category":0},"product_brand":[],"product_cat":[332],"product_tag":[320,323,324,321,322],"class_list":{"0":"post-4396","1":"product","2":"type-product","3":"status-publish","4":"has-post-thumbnail","6":"product_cat-discos-duros-western-digital","7":"product_tag-almacenamiento","8":"product_tag-disco-duro","9":"product_tag-memoria","10":"product_tag-seagate","11":"product_tag-usb","13":"first","14":"instock","15":"sale","16":"taxable","17":"shipping-taxable","18":"purchasable","19":"product-type-simple"},"aioseo_notices":[],"_links":{"self":[{"href":"https:\/\/tecsecmty.com\/index.php\/wp-json\/wp\/v2\/product\/4396","targetHints":{"allow":["GET"]}}],"collection":[{"href":"https:\/\/tecsecmty.com\/index.php\/wp-json\/wp\/v2\/product"}],"about":[{"href":"https:\/\/tecsecmty.com\/index.php\/wp-json\/wp\/v2\/types\/product"}],"replies":[{"embeddable":true,"href":"https:\/\/tecsecmty.com\/index.php\/wp-json\/wp\/v2\/comments?post=4396"}],"version-history":[{"count":0,"href":"https:\/\/tecsecmty.com\/index.php\/wp-json\/wp\/v2\/product\/4396\/revisions"}],"wp:featuredmedia":[{"embeddable":true,"href":"https:\/\/tecsecmty.com\/index.php\/wp-json\/wp\/v2\/media\/4395"}],"wp:attachment":[{"href":"https:\/\/tecsecmty.com\/index.php\/wp-json\/wp\/v2\/media?parent=4396"}],"wp:term":[{"taxonomy":"product_brand","embeddable":true,"href":"https:\/\/tecsecmty.com\/index.php\/wp-json\/wp\/v2\/product_brand?post=4396"},{"taxonomy":"product_cat","embeddable":true,"href":"https:\/\/tecsecmty.com\/index.php\/wp-json\/wp\/v2\/product_cat?post=4396"},{"taxonomy":"product_tag","embeddable":true,"href":"https:\/\/tecsecmty.com\/index.php\/wp-json\/wp\/v2\/product_tag?post=4396"}],"curies":[{"name":"wp","href":"https:\/\/api.w.org\/{rel}","templated":true}]}}