{"id":4402,"date":"2023-02-23T00:47:56","date_gmt":"2023-02-23T06:47:56","guid":{"rendered":"https:\/\/tecsecmty.com\/index.php\/producto\/western-wd63purz-disco-duro-de-6-tb-purple-especial-para-videovigilancia-trabajo-24-7-interface-sata-6-gb-s-cache-256-mb-hasta-64-camaras-hasta-16-bahias-de-discos-duros-3-anos-de-garantia\/"},"modified":"2023-03-22T23:24:55","modified_gmt":"2023-03-23T05:24:55","slug":"western-wd63purz-disco-duro-de-6-tb-purple-especial-para-videovigilancia-trabajo-24-7-interface-sata-6-gb-s-cache-256-mb-hasta-64-camaras-hasta-16-bahias-de-discos-duros-3-anos-de-garantia","status":"publish","type":"product","link":"https:\/\/tecsecmty.com\/index.php\/producto\/western-wd63purz-disco-duro-de-6-tb-purple-especial-para-videovigilancia-trabajo-24-7-interface-sata-6-gb-s-cache-256-mb-hasta-64-camaras-hasta-16-bahias-de-discos-duros-3-anos-de-garantia\/","title":{"rendered":"WESTERN WD63PURZ- Disco Duro de 6 TB Purple\/ Especial para Videovigilancia\/ Trabajo 24\/7\/ Interface: Sata 6 Gb\/s\/ Cache 256 MB\/ Hasta 64 C\u00e1maras\/ Hasta 16 Bah\u00edas de Discos Duros\/ 3 A\u00f1os de Garant\u00eda\/"},"content":{"rendered":"<div class=\"row aling-items-center padding-bottom-2x\">\n<div class=\"col-lg-12\">\n<h5 class=\"card-title text-center\">Funci\u00f3n<\/h5>\n<p>El disco duro adecuado para el trabajo adecuado<\/p>\n<p>Los discos duros WD Purple han sido ideados espec\u00edficamente para las demandas extremas de los sistemas de videovigilancia que funcionan las 24 horas, los 365 d\u00edas, y alcanzan altas temperaturas.<\/p>\n<p><img decoding=\"async\" class=\"overview-center-img-web\" src=\"https:\/\/tvc.mx\/media\/368395\/disco-duro-6T-serie-purple.png\" alt=\"\" \/><\/div>\n<\/div>\n<div class=\"row align-items-center padding-bottom-2x\">\n<div class=\"col-md-5 order-md-2\"><img decoding=\"async\" class=\"d-block m-auto img-thumbnail\" src=\"https:\/\/tvc.mx\/media\/368399\/Un-rendimiento-en-el-que-puede-confiar.png\" alt=\" \" \/><\/div>\n<div class=\"col-md-7 order-md-1 text-md-left text-center\">\n<h2>Un rendimiento en el que puede confiar<\/h2>\n<p class=\"text-muted\">\n<p>Dise\u00f1ado por uno de los l\u00edderes del mundo en la industria de almacenamiento, WD Purple reproduce videos de calidad cuando m\u00e1s lo necesita.<\/p>\n<p>&nbsp;<\/p>\n<\/div>\n<\/div>\n<hr class=\"padding-bottom-2x\" \/>\n<div class=\"row aling-items-center padding-bottom-2x\">\n<div class=\"col-lg-12\">\n<h5 class=\"card-title text-center\">Expanda su visualizaci\u00f3n a 64<\/h5>\n<p>Los discos WD Purple est\u00e1n optimizados para admitir un m\u00e1ximo de 64 c\u00e1maras, lo que le brinda la flexibilidad para actualizar o expandir su sistema de seguridad en el futuro.<\/p>\n<p><img decoding=\"async\" class=\"overview-center-img-web\" src=\"https:\/\/tvc.mx\/media\/368415\/Expanda-su-visualizaci%C3%B3n-a-64.png\" alt=\"\" \/><\/div>\n<\/div>\n<div class=\"row aling-items-center padding-bottom-2x\">\n<div class=\"col-lg-12\">\n<h5 class=\"card-title text-center\">Dise\u00f1ado Para Videovigilancia<\/h5>\n<p>El disco WD Purple est\u00e1 dise\u00f1ado para sistemas de seguridad DVR y NVR, y es compatible con muchos de los fabricantes l\u00edderes en vigilancia y seguridad. Podemos ayudarlo a encontrar el almacenamiento perfecto para su sistema.<\/p>\n<p><img decoding=\"async\" class=\"overview-center-img-web\" src=\"https:\/\/tvc.mx\/media\/368419\/Dise%C3%B1ado-Para-Videovigilancia.png\" alt=\"\" \/><\/div>\n<\/div>\n<div class=\"row aling-items-center padding-bottom-2x\">\n<div class=\"col-lg-12\">\n<h5 class=\"card-title text-center\">Principales Caracter\u00edsticas<\/h5>\n<p><strong>ESPECIFICACIONES TECNICAS:<\/strong><\/p>\n<p><strong>Capacidad:<\/strong>\u00a06 TB.<\/p>\n<p><strong>Factor de forma:<\/strong>\u00a03.5 pulgadas.<\/p>\n<p><strong>Velocidad de Transferencia de datos:<\/strong><\/p>\n<p>&#8211; B\u00fafer a host: 6Gb\/s.<\/p>\n<p>&#8211; Host a\/desde disco (sostenido): 185 MB\/s<\/p>\n<p><strong>Cache: 128<\/strong>\u00a0MB.<\/p>\n<p><strong>Velocidad de rotaci\u00f3n:\u00a0<\/strong>5640RMP.<\/p>\n<p><strong>Interfaz<\/strong>:\u00a0SATA III,\u00a06.0 Gb\/s.<\/p>\n<p><strong>Aplicaci\u00f3n:\u00a0<\/strong>Optimizado para Aplicaciones de Video Vigilancia<\/p>\n<p><strong>Cantidad de bah\u00edas:<\/strong>\u00a0De 1 a 8.<\/p>\n<p><strong>Cantidad de c\u00e1maras:<\/strong>\u00a0De 1 a 64. Resolucion HD<\/p>\n<p><strong>CARACTERISTICAS FISICAS Y ELECTRICAS:<\/strong><\/p>\n<p><strong>Temperatura de Operaci\u00f3n:<\/strong><\/p>\n<p>&#8211; En funcionamiento: 0 &#8211; 65 \u00baC<\/p>\n<p>&#8211; Inactivo: -40 &#8211; 70 \u00baC<\/p>\n<p><strong>Consumo el\u00e9ctrico:<\/strong><\/p>\n<p>&#8211; Lectura \/ escritura: 6.2W<\/p>\n<p>&#8211; Inactivo: 5.5W<\/p>\n<p>&#8211; Espera y suspensi\u00f3n: 0.4W<\/p>\n<p><strong>Dimensiones:<\/strong>\u00a025.4 x 147 x 101.6mm<\/p>\n<p><strong>Peso:<\/strong>\u00a0720g.<\/p>\n<p><img decoding=\"async\" class=\"overview-center-img-web\" src=\"https:\/\/tvc.mx\/media\/368435\/western-digital.png\" alt=\"\" \/><\/div>\n<\/div>\n","protected":false},"excerpt":{"rendered":"<p>Funci\u00f3n El disco duro adecuado para el trabajo adecuado Los discos duros WD Purple han sido ideados espec\u00edficamente para las demandas extremas de los sistemas de videovigilancia que funcionan las 24 horas, los 365 d\u00edas, y alcanzan altas temperaturas. Un rendimiento en el que puede&hellip;<\/p>\n","protected":false},"featured_media":4401,"comment_status":"open","ping_status":"closed","template":"","meta":{"om_disable_all_campaigns":false,"_monsterinsights_skip_tracking":false,"_monsterinsights_sitenote_active":false,"_monsterinsights_sitenote_note":"","_monsterinsights_sitenote_category":0},"product_brand":[],"product_cat":[332],"product_tag":[320,323,324,321,322],"class_list":{"0":"post-4402","1":"product","2":"type-product","3":"status-publish","4":"has-post-thumbnail","6":"product_cat-discos-duros-western-digital","7":"product_tag-almacenamiento","8":"product_tag-disco-duro","9":"product_tag-memoria","10":"product_tag-seagate","11":"product_tag-usb","13":"first","14":"instock","15":"sale","16":"taxable","17":"shipping-taxable","18":"purchasable","19":"product-type-simple"},"aioseo_notices":[],"_links":{"self":[{"href":"https:\/\/tecsecmty.com\/index.php\/wp-json\/wp\/v2\/product\/4402","targetHints":{"allow":["GET"]}}],"collection":[{"href":"https:\/\/tecsecmty.com\/index.php\/wp-json\/wp\/v2\/product"}],"about":[{"href":"https:\/\/tecsecmty.com\/index.php\/wp-json\/wp\/v2\/types\/product"}],"replies":[{"embeddable":true,"href":"https:\/\/tecsecmty.com\/index.php\/wp-json\/wp\/v2\/comments?post=4402"}],"version-history":[{"count":0,"href":"https:\/\/tecsecmty.com\/index.php\/wp-json\/wp\/v2\/product\/4402\/revisions"}],"wp:featuredmedia":[{"embeddable":true,"href":"https:\/\/tecsecmty.com\/index.php\/wp-json\/wp\/v2\/media\/4401"}],"wp:attachment":[{"href":"https:\/\/tecsecmty.com\/index.php\/wp-json\/wp\/v2\/media?parent=4402"}],"wp:term":[{"taxonomy":"product_brand","embeddable":true,"href":"https:\/\/tecsecmty.com\/index.php\/wp-json\/wp\/v2\/product_brand?post=4402"},{"taxonomy":"product_cat","embeddable":true,"href":"https:\/\/tecsecmty.com\/index.php\/wp-json\/wp\/v2\/product_cat?post=4402"},{"taxonomy":"product_tag","embeddable":true,"href":"https:\/\/tecsecmty.com\/index.php\/wp-json\/wp\/v2\/product_tag?post=4402"}],"curies":[{"name":"wp","href":"https:\/\/api.w.org\/{rel}","templated":true}]}}