{"id":4408,"date":"2023-02-23T00:48:02","date_gmt":"2023-02-23T06:48:02","guid":{"rendered":"https:\/\/tecsecmty.com\/index.php\/producto\/dahua-dhi-usb-u106-30-128gb-memoria-usb-de-128-gb-usb-3-0-lectura-y-escritura-de-alta-velocidad-sistema-de-archivos-exfat-compatible-con-windows-macos-linux-y-otros-sistemas\/"},"modified":"2023-03-22T23:22:36","modified_gmt":"2023-03-23T05:22:36","slug":"dahua-dhi-usb-u106-30-128gb-memoria-usb-de-128-gb-usb-3-0-lectura-y-escritura-de-alta-velocidad-sistema-de-archivos-exfat-compatible-con-windows-macos-linux-y-otros-sistemas","status":"publish","type":"product","link":"https:\/\/tecsecmty.com\/index.php\/producto\/dahua-dhi-usb-u106-30-128gb-memoria-usb-de-128-gb-usb-3-0-lectura-y-escritura-de-alta-velocidad-sistema-de-archivos-exfat-compatible-con-windows-macos-linux-y-otros-sistemas\/","title":{"rendered":"DAHUA DHI-USB-U106-30-128GB &#8211; Memoria USB de 128 Gb\/ USB 3.0\/ Lectura y Escritura de Alta Velocidad\/ Sistema de Archivos exFAT\/ Compatible con Windows, macOS, Linux y Otros Sistemas\/"},"content":{"rendered":"<div class=\"row aling-items-center padding-bottom-2x\">\n<div class=\"col-lg-12\">\n<h5 class=\"card-title text-center\">Informaci\u00f3n General<\/h5>\n<p>Dahua brinda soluciones de memoria de primer nivel que enriquecen la vida digital de cada uno de sus clientes.. La innovaci\u00f3n va m\u00e1s all\u00e1 de los l\u00edmites de la tecnolog\u00eda, gracias a sus dispositivos podr\u00e1s aumentar tus opciones de almacenamiento de datos port\u00e1tiles y disfrutar\u00e1s de un dise\u00f1o liviano y moderno, ideal para llevar a cualquier lado.<\/p>\n<p><img decoding=\"async\" class=\"overview-center-img-web\" src=\"https:\/\/tvc.mx\/media\/268987\/Dahua-DHI-USB-U106-30-128GB-memoria-USB-3.0-lectura-escritura-alta-velocidad.png\" alt=\"\" \/><\/p>\n<\/div>\n<\/div>\n<div class=\"row aling-items-center padding-bottom-2x\">\n<div class=\"col-lg-12\">\n<h5 class=\"card-title text-center\">Funciones<\/h5>\n<p><strong>USB 3.0<\/strong>\u00a0ofrece la misma facilidad de uso y la capacidad \u00abplug and play\u00bb (conecte y listo) de las tecnolog\u00edas USB anteriores, pero con un aumento de 10 veces en el rendimiento y mejor administraci\u00f3n del consumo de energ\u00eda.<\/p>\n<p><strong>Cubre necesidades\u00a0<\/strong>permitiendo transferir y respaldar texto, m\u00fasica, im\u00e1genes, videos e informaci\u00f3n en computadores y productos digitales.<\/p>\n<p><strong>Compatible con m\u00faltiples sistemas operativos\u00a0<\/strong>como Windows, macOS, Linux y otros sistemas.<\/p>\n<p><img decoding=\"async\" class=\"overview-center-img-web\" src=\"https:\/\/tvc.mx\/media\/268967\/Dahua-DHI-USB-U106-30-128GB-memoria-USB-3.0-lectura-escritura-alta-velocidad-3.0.png\" alt=\"\" \/><\/p>\n<\/div>\n<\/div>\n<div class=\"row aling-items-center padding-bottom-2x\">\n<div class=\"col-lg-12\">\n<h5 class=\"card-title text-center\">Caracter\u00edsticas<\/h5>\n<ul>\n<li>Capacidad: 128 GB<\/li>\n<li>Interfaz USB3.0<\/li>\n<li>Velocidad de lectura 40 &#8211; 70 MB\/s<\/li>\n<li>Velocidad de escritura 9 &#8211; 25 MB\/s<\/li>\n<li>Voltaje 5V<\/li>\n<li>Corriente max 150mA<\/li>\n<\/ul>\n<p><img decoding=\"async\" class=\"overview-center-img-web\" src=\"https:\/\/tvc.mx\/media\/268975\/caract.png\" alt=\"\" \/><\/p>\n<\/div>\n<\/div>\n","protected":false},"excerpt":{"rendered":"<p>Informaci\u00f3n General Dahua brinda soluciones de memoria de primer nivel que enriquecen la vida digital de cada uno de sus clientes.. La innovaci\u00f3n va m\u00e1s all\u00e1 de los l\u00edmites de la tecnolog\u00eda, gracias a sus dispositivos podr\u00e1s aumentar tus opciones de almacenamiento de datos port\u00e1tiles&hellip;<\/p>\n","protected":false},"featured_media":4407,"comment_status":"open","ping_status":"closed","template":"","meta":{"om_disable_all_campaigns":false,"_monsterinsights_skip_tracking":false,"_monsterinsights_sitenote_active":false,"_monsterinsights_sitenote_note":"","_monsterinsights_sitenote_category":0},"product_brand":[],"product_cat":[333],"product_tag":[320,323,324,321,322],"class_list":{"0":"post-4408","1":"product","2":"type-product","3":"status-publish","4":"has-post-thumbnail","6":"product_cat-memorias-microsd-y-usb","7":"product_tag-almacenamiento","8":"product_tag-disco-duro","9":"product_tag-memoria","10":"product_tag-seagate","11":"product_tag-usb","13":"first","14":"instock","15":"sale","16":"taxable","17":"shipping-taxable","18":"purchasable","19":"product-type-simple"},"aioseo_notices":[],"_links":{"self":[{"href":"https:\/\/tecsecmty.com\/index.php\/wp-json\/wp\/v2\/product\/4408","targetHints":{"allow":["GET"]}}],"collection":[{"href":"https:\/\/tecsecmty.com\/index.php\/wp-json\/wp\/v2\/product"}],"about":[{"href":"https:\/\/tecsecmty.com\/index.php\/wp-json\/wp\/v2\/types\/product"}],"replies":[{"embeddable":true,"href":"https:\/\/tecsecmty.com\/index.php\/wp-json\/wp\/v2\/comments?post=4408"}],"version-history":[{"count":0,"href":"https:\/\/tecsecmty.com\/index.php\/wp-json\/wp\/v2\/product\/4408\/revisions"}],"wp:featuredmedia":[{"embeddable":true,"href":"https:\/\/tecsecmty.com\/index.php\/wp-json\/wp\/v2\/media\/4407"}],"wp:attachment":[{"href":"https:\/\/tecsecmty.com\/index.php\/wp-json\/wp\/v2\/media?parent=4408"}],"wp:term":[{"taxonomy":"product_brand","embeddable":true,"href":"https:\/\/tecsecmty.com\/index.php\/wp-json\/wp\/v2\/product_brand?post=4408"},{"taxonomy":"product_cat","embeddable":true,"href":"https:\/\/tecsecmty.com\/index.php\/wp-json\/wp\/v2\/product_cat?post=4408"},{"taxonomy":"product_tag","embeddable":true,"href":"https:\/\/tecsecmty.com\/index.php\/wp-json\/wp\/v2\/product_tag?post=4408"}],"curies":[{"name":"wp","href":"https:\/\/api.w.org\/{rel}","templated":true}]}}