{"id":4414,"date":"2023-02-23T00:48:09","date_gmt":"2023-02-23T06:48:09","guid":{"rendered":"https:\/\/tecsecmty.com\/index.php\/producto\/dahua-tf-p100-128-gb-dahua-memoria-micro-sd-de-128-gb-uhs-i-c10-u3-v30-a2-velocidad-de-lectura-100-mb-s-velocidad-de-escritura-de-60-mb-s-especializada-para-videovigilancia\/"},"modified":"2023-03-22T23:23:09","modified_gmt":"2023-03-23T05:23:09","slug":"dahua-tf-p100-128-gb-dahua-memoria-micro-sd-de-128-gb-uhs-i-c10-u3-v30-a2-velocidad-de-lectura-100-mb-s-velocidad-de-escritura-de-60-mb-s-especializada-para-videovigilancia","status":"publish","type":"product","link":"https:\/\/tecsecmty.com\/index.php\/producto\/dahua-tf-p100-128-gb-dahua-memoria-micro-sd-de-128-gb-uhs-i-c10-u3-v30-a2-velocidad-de-lectura-100-mb-s-velocidad-de-escritura-de-60-mb-s-especializada-para-videovigilancia\/","title":{"rendered":"DAHUA TF-P100\/128 GB &#8211; Dahua Memoria Micro SD de 128 GB UHS-I\/ C10\/U3\/V30\/A2\/ Velocidad de Lectura 100 MB\/s\/ Velocidad de Escritura de 60 MB\/s\/ Especializada para Videovigilancia\/"},"content":{"rendered":"<div class=\"row aling-items-center padding-bottom-2x\">\n<div class=\"col-lg-12\">\n<h5 class=\"card-title text-center\">Informaci\u00f3n general<\/h5>\n<p>La tarjeta microSD Dahua est\u00e1 dise\u00f1ada para ser compatible con las necesidades de los clientes, permitiendo ser usada en diversos productos digitales como:<\/p>\n<ul>\n<li>Consolas<\/li>\n<li>Reproductores<\/li>\n<li>C\u00e1maras<\/li>\n<li>CCTV<\/li>\n<\/ul>\n<p>Permite transferir informaci\u00f3n en MB, monitorear videos o ver pel\u00edculas, jugar video juegos, escuchar m\u00fasica y enviar archivos sin la preocupaci\u00f3n de falta de capacidad. Cuenta con hasta 1000 ciclos de P\/E (Programaci\u00f3n y Borrado) en alta velocidad.<\/p>\n<p><img decoding=\"async\" class=\"overview-center-img-web\" src=\"https:\/\/tvc.mx\/media\/485152\/Dahua-TF-P100-128-GB-Memoria-micro-SD-de-128-GB-UHS-I-Principal.png\" alt=\"\" \/><\/div>\n<\/div>\n<div class=\"row align-items-center padding-bottom-2x\">\n<div class=\"col-md-5\"><img decoding=\"async\" class=\"d-block m-auto img-thumbnail\" src=\"https:\/\/tvc.mx\/media\/150686\/Dahua-TF-P100-128-GB-Memoria-micro-SD-de-128-GB-UHS-I-caracteristicas.png\" alt=\" \" \/><\/div>\n<div class=\"col-md-7 text-md-left text-center\">\n<h2>Funciones<\/h2>\n<p class=\"text-muted\">\n<p><strong>Celdas de almacenamiento de alta calidad y performance superior<\/strong><\/p>\n<ul>\n<li>Celdas de alta calidad, manufactura precisa y inspecci\u00f3n estricta, asegura un performance estable y alta velocidad<\/li>\n<\/ul>\n<p><strong>Transmisi\u00f3n y escritura de alta velocidad<\/strong><\/p>\n<ul>\n<li>La transmisi\u00f3n es de hasta 100MB\/s y la escritura de hasta 60MB\/s<\/li>\n<\/ul>\n<p><strong>Excelente captura de video UHD 4K<\/strong><\/p>\n<ul>\n<li>Ideal para grabaci\u00f3n 4K, capturando videos, jugando juegos, viendo pel\u00edculas, escuchando m\u00fasica, enviando informaci\u00f3n y mas<\/li>\n<\/ul>\n<p><strong>Dise\u00f1o duradero<\/strong><\/p>\n<ul>\n<li>4 tipos de protecci\u00f3n : Resistencia de alta y baja temperatura, contra agua, anti-magn\u00e9tica y contra rayos x (Certificada por organizaciones autorizadas), se adapta a las variaciones de ambiente.<\/li>\n<\/ul>\n<p><strong>Alta compatibilidad<\/strong><\/p>\n<ul>\n<li>Soporta c\u00e1maras mainstream y productos digitales.<\/li>\n<\/ul>\n<p>&nbsp;<\/p>\n<\/div>\n<\/div>\n<hr class=\"padding-bottom-2x\" \/>\n<div class=\"row align-items-center padding-bottom-2x\">\n<div class=\"col-md-5 order-md-2\"><img decoding=\"async\" class=\"d-block m-auto img-thumbnail\" src=\"https:\/\/tvc.mx\/media\/485154\/Dahua-TF-P100-64-GB-Memoria-micro-SD-de-64-GB-UHS-I-Principal-b-caracteristicas.png\" alt=\" \" \/><\/div>\n<div class=\"col-md-7 order-md-1 text-md-left text-center\">\n<h2>Especificaci\u00f3n<\/h2>\n<p class=\"text-muted\">\n<ul>\n<li>Capacidad: 128 GB<\/li>\n<li>Proceso de manufactura TLC<\/li>\n<li>Formato del sistema exFAT<\/li>\n<li>Temperatura en operaci\u00f3n 0\u00b0 C &#8211; 70\u00b0 C<\/li>\n<li>Garant\u00eda: limitada de 2\u00a0a\u00f1os<\/li>\n<\/ul>\n<\/div>\n<\/div>\n","protected":false},"excerpt":{"rendered":"<p>Informaci\u00f3n general La tarjeta microSD Dahua est\u00e1 dise\u00f1ada para ser compatible con las necesidades de los clientes, permitiendo ser usada en diversos productos digitales como: Consolas Reproductores C\u00e1maras CCTV Permite transferir informaci\u00f3n en MB, monitorear videos o ver pel\u00edculas, jugar video juegos, escuchar m\u00fasica y&hellip;<\/p>\n","protected":false},"featured_media":4413,"comment_status":"open","ping_status":"closed","template":"","meta":{"om_disable_all_campaigns":false,"_monsterinsights_skip_tracking":false,"_monsterinsights_sitenote_active":false,"_monsterinsights_sitenote_note":"","_monsterinsights_sitenote_category":0},"product_brand":[],"product_cat":[333],"product_tag":[320,323,324,321,322],"class_list":{"0":"post-4414","1":"product","2":"type-product","3":"status-publish","4":"has-post-thumbnail","6":"product_cat-memorias-microsd-y-usb","7":"product_tag-almacenamiento","8":"product_tag-disco-duro","9":"product_tag-memoria","10":"product_tag-seagate","11":"product_tag-usb","13":"first","14":"instock","15":"sale","16":"taxable","17":"shipping-taxable","18":"purchasable","19":"product-type-simple"},"aioseo_notices":[],"_links":{"self":[{"href":"https:\/\/tecsecmty.com\/index.php\/wp-json\/wp\/v2\/product\/4414","targetHints":{"allow":["GET"]}}],"collection":[{"href":"https:\/\/tecsecmty.com\/index.php\/wp-json\/wp\/v2\/product"}],"about":[{"href":"https:\/\/tecsecmty.com\/index.php\/wp-json\/wp\/v2\/types\/product"}],"replies":[{"embeddable":true,"href":"https:\/\/tecsecmty.com\/index.php\/wp-json\/wp\/v2\/comments?post=4414"}],"version-history":[{"count":0,"href":"https:\/\/tecsecmty.com\/index.php\/wp-json\/wp\/v2\/product\/4414\/revisions"}],"wp:featuredmedia":[{"embeddable":true,"href":"https:\/\/tecsecmty.com\/index.php\/wp-json\/wp\/v2\/media\/4413"}],"wp:attachment":[{"href":"https:\/\/tecsecmty.com\/index.php\/wp-json\/wp\/v2\/media?parent=4414"}],"wp:term":[{"taxonomy":"product_brand","embeddable":true,"href":"https:\/\/tecsecmty.com\/index.php\/wp-json\/wp\/v2\/product_brand?post=4414"},{"taxonomy":"product_cat","embeddable":true,"href":"https:\/\/tecsecmty.com\/index.php\/wp-json\/wp\/v2\/product_cat?post=4414"},{"taxonomy":"product_tag","embeddable":true,"href":"https:\/\/tecsecmty.com\/index.php\/wp-json\/wp\/v2\/product_tag?post=4414"}],"curies":[{"name":"wp","href":"https:\/\/api.w.org\/{rel}","templated":true}]}}