{"id":4416,"date":"2023-02-23T00:48:11","date_gmt":"2023-02-23T06:48:11","guid":{"rendered":"https:\/\/tecsecmty.com\/index.php\/producto\/dahua-tf-p100-256g-dahua-memoria-micro-sd-de-256-gb-uhs-i-c10-u3-v30-a2-velocidad-de-lectura-100-mb-s-velocidad-de-escritura-de-80-mb-s-especializada-para-videovigilancia\/"},"modified":"2023-03-22T23:23:09","modified_gmt":"2023-03-23T05:23:09","slug":"dahua-tf-p100-256g-dahua-memoria-micro-sd-de-256-gb-uhs-i-c10-u3-v30-a2-velocidad-de-lectura-100-mb-s-velocidad-de-escritura-de-80-mb-s-especializada-para-videovigilancia","status":"publish","type":"product","link":"https:\/\/tecsecmty.com\/index.php\/producto\/dahua-tf-p100-256g-dahua-memoria-micro-sd-de-256-gb-uhs-i-c10-u3-v30-a2-velocidad-de-lectura-100-mb-s-velocidad-de-escritura-de-80-mb-s-especializada-para-videovigilancia\/","title":{"rendered":"DAHUA TF-P100\/256G &#8211; Dahua Memoria Micro SD de 256 GB UHS-I\/ C10\/U3\/V30\/A2\/ Velocidad de Lectura 100 MB\/s\/ Velocidad de Escritura de 80 MB\/s\/ Especializada para Videovigilancia"},"content":{"rendered":"<div class=\"row aling-items-center padding-bottom-2x\">\n<div class=\"col-lg-12\">\n<h5 class=\"card-title text-center\">Informaci\u00f3n General<\/h5>\n<p>La tarjeta de memoria\u00a0<strong>TF-P100\/256G<\/strong>\u00a0se usa ampliamente en varios productos, incluidos productos de monitoreo, DC, DV, tabletas, reproductores de m\u00fasica de alta fidelidad, consolas de juegos y drones, para expandir la capacidad de almacenamiento y mejorar la velocidad de almacenamiento. Al ser clase 10 esta dise\u00f1ada especialmente para video vigilancia y trabajar 24\/7.<\/p>\n<p><img decoding=\"async\" class=\"overview-center-img-web\" src=\"https:\/\/tvc.mx\/media\/485132\/Dahua-TF-P100-256G-Memoria-Micro-SD-de-256GB-UHS-I-C10.png\" alt=\"\" \/><\/p>\n<\/div>\n<\/div>\n<div class=\"row align-items-center padding-bottom-2x\">\n<div class=\"col-md-5\"><img decoding=\"async\" class=\"d-block m-auto img-thumbnail\" src=\"https:\/\/tvc.mx\/media\/485134\/over-sd-dahua.png\" alt=\" \" \/><\/div>\n<div class=\"col-md-7 text-md-left text-center\">\n<h2>M\u00faltiples usos.<\/h2>\n<p>La tarjeta microSD Dahua est\u00e1 dise\u00f1ada para ser compatible con las necesidades de los clientes, permitiendo ser usada en diversos productos digitales como:<\/p>\n<ul>\n<li>Consolas<\/li>\n<li>Reproductores<\/li>\n<li>C\u00e1maras<\/li>\n<li>CCTV<\/li>\n<li>VDP IP<\/li>\n<\/ul>\n<p>Permite transferir informaci\u00f3n en MB, monitorear videos o ver pel\u00edculas, jugar video juegos, escuchar m\u00fasica y enviar archivos sin la preocupaci\u00f3n de falta de capacidad. Cuenta con hasta 1000 ciclos de P\/E (Programaci\u00f3n y Borrado) en alta velocidad.<\/p>\n<p>&nbsp;<\/p>\n<\/div>\n<\/div>\n<hr class=\"padding-bottom-2x\" \/>\n<div class=\"row align-items-center padding-bottom-2x\">\n<div class=\"col-md-5 order-md-2\"><img decoding=\"async\" class=\"d-block m-auto img-thumbnail\" src=\"https:\/\/tvc.mx\/media\/485136\/Dahua-TF-P100-64-GB-Memoria-micro-SD-de-64-GB-UHS-I-Principal-b-caracteristicas.png\" alt=\" \" \/><\/div>\n<div class=\"col-md-7 order-md-1 text-md-left text-center\">\n<h2>Principales Caracter\u00edsticas<\/h2>\n<ul>\n<li>Capacidad 256GB<\/li>\n<li>Velocidad de lectura\u00a0Hasta 100 MB \/ s<\/li>\n<li>Velocidad de escritura Hasta 80 MB \/ s<\/li>\n<li>Sistema de archivos exFAT<\/li>\n<li>Temperatura de operaci\u00f3n\u00a00 \u00b0 C a + 70 \u00b0 C<\/li>\n<li>Temperatura de almacenamiento &#8211; 25 \u00b0 C a + 85 \u00b0 C<\/li>\n<li>Humedad de operaci\u00f3n 5% -95% (sin condensaci\u00f3n)<\/li>\n<li>Cuatro tipos de proteccion Resistente a altas y bajas temperaturas, impermeable, antimagn\u00e9tico y<\/li>\n<li>anti-rayos X<\/li>\n<li>Compatibilidad: C\u00e1maras de vigilancia \/ seguridad, reproductores de alta fidelidad, tabletas, DVR \/ NVR<\/li>\n<li>m\u00f3viles, c\u00e1maras deportivas, sistemas est\u00e9reo digitales, terminales port\u00e1tiles m\u00f3viles,<\/li>\n<li>grabadoras de v\u00eddeo digitales<\/li>\n<li>Dimensiones 15 mm \u00d7 11 mm \u00d7 1,0 mm<\/li>\n<li>Dimensiones 130 mm \u00d7 100 mm \u00d7 5,8 mm<\/li>\n<li>Peso neto 0,33 g<\/li>\n<li>Peso bruto 11,3 g<\/li>\n<li>Garant\u00eda: limitada de 2\u00a0a\u00f1os<\/li>\n<\/ul>\n<\/div>\n<\/div>\n","protected":false},"excerpt":{"rendered":"<p>Informaci\u00f3n General La tarjeta de memoria\u00a0TF-P100\/256G\u00a0se usa ampliamente en varios productos, incluidos productos de monitoreo, DC, DV, tabletas, reproductores de m\u00fasica de alta fidelidad, consolas de juegos y drones, para expandir la capacidad de almacenamiento y mejorar la velocidad de almacenamiento. Al ser clase 10&hellip;<\/p>\n","protected":false},"featured_media":4415,"comment_status":"open","ping_status":"closed","template":"","meta":{"om_disable_all_campaigns":false,"_monsterinsights_skip_tracking":false,"_monsterinsights_sitenote_active":false,"_monsterinsights_sitenote_note":"","_monsterinsights_sitenote_category":0},"product_brand":[],"product_cat":[333],"product_tag":[320,323,324,321,322],"class_list":{"0":"post-4416","1":"product","2":"type-product","3":"status-publish","4":"has-post-thumbnail","6":"product_cat-memorias-microsd-y-usb","7":"product_tag-almacenamiento","8":"product_tag-disco-duro","9":"product_tag-memoria","10":"product_tag-seagate","11":"product_tag-usb","13":"first","14":"instock","15":"sale","16":"taxable","17":"shipping-taxable","18":"purchasable","19":"product-type-simple"},"aioseo_notices":[],"_links":{"self":[{"href":"https:\/\/tecsecmty.com\/index.php\/wp-json\/wp\/v2\/product\/4416","targetHints":{"allow":["GET"]}}],"collection":[{"href":"https:\/\/tecsecmty.com\/index.php\/wp-json\/wp\/v2\/product"}],"about":[{"href":"https:\/\/tecsecmty.com\/index.php\/wp-json\/wp\/v2\/types\/product"}],"replies":[{"embeddable":true,"href":"https:\/\/tecsecmty.com\/index.php\/wp-json\/wp\/v2\/comments?post=4416"}],"version-history":[{"count":0,"href":"https:\/\/tecsecmty.com\/index.php\/wp-json\/wp\/v2\/product\/4416\/revisions"}],"wp:featuredmedia":[{"embeddable":true,"href":"https:\/\/tecsecmty.com\/index.php\/wp-json\/wp\/v2\/media\/4415"}],"wp:attachment":[{"href":"https:\/\/tecsecmty.com\/index.php\/wp-json\/wp\/v2\/media?parent=4416"}],"wp:term":[{"taxonomy":"product_brand","embeddable":true,"href":"https:\/\/tecsecmty.com\/index.php\/wp-json\/wp\/v2\/product_brand?post=4416"},{"taxonomy":"product_cat","embeddable":true,"href":"https:\/\/tecsecmty.com\/index.php\/wp-json\/wp\/v2\/product_cat?post=4416"},{"taxonomy":"product_tag","embeddable":true,"href":"https:\/\/tecsecmty.com\/index.php\/wp-json\/wp\/v2\/product_tag?post=4416"}],"curies":[{"name":"wp","href":"https:\/\/api.w.org\/{rel}","templated":true}]}}