{"id":4422,"date":"2023-02-23T00:48:17","date_gmt":"2023-02-23T06:48:17","guid":{"rendered":"https:\/\/tecsecmty.com\/index.php\/producto\/dahua-usb-u106-30-16gb-memoria-usb-de-16-gb-usb-3-0-lectura-y-escritura-de-alta-velocidad-sistema-de-archivos-fat32-compatible-con-windows-macos-linux-y-otros-sistemas\/"},"modified":"2023-03-22T23:23:10","modified_gmt":"2023-03-23T05:23:10","slug":"dahua-usb-u106-30-16gb-memoria-usb-de-16-gb-usb-3-0-lectura-y-escritura-de-alta-velocidad-sistema-de-archivos-fat32-compatible-con-windows-macos-linux-y-otros-sistemas","status":"publish","type":"product","link":"https:\/\/tecsecmty.com\/index.php\/producto\/dahua-usb-u106-30-16gb-memoria-usb-de-16-gb-usb-3-0-lectura-y-escritura-de-alta-velocidad-sistema-de-archivos-fat32-compatible-con-windows-macos-linux-y-otros-sistemas\/","title":{"rendered":"DAHUA USB-U106-30-16GB &#8211; Memoria USB de 16 Gb\/ USB 3.0\/ Lectura y Escritura de Alta Velocidad\/ Sistema de Archivos FAT32\/ Compatible con Windows, macOS, Linux y Otros Sistemas\/"},"content":{"rendered":"<div class=\"row aling-items-center padding-bottom-2x\">\n<div class=\"col-lg-12\">\n<h5 class=\"card-title text-center\">Informaci\u00f3n General<\/h5>\n<p>El producto de la serie\u00a0<strong>USB-U106-30-16GB\u00a0<\/strong>est\u00e1 dise\u00f1ado para satisfacer la demanda de almacenamiento m\u00f3vil de los consumidores en cualquier parte del mundo, al ser USB 3.0 la velocidad de transferencia de datos es mucha mas r\u00e1pida haciendo mas eficiente el uso de almacenamiento. Para el caso de los dvr el respaldo puede ser directo del puerto USB, mejorando esta tarea al momento de realizar el respaldo de un evento.<\/p>\n<p><img decoding=\"async\" class=\"overview-center-img-web\" src=\"https:\/\/tvc.mx\/media\/484974\/Dahua-USB-U106-30-16GB-memoria-usb-16gb-3.0-portada.png\" alt=\"\" \/><\/div>\n<\/div>\n<div class=\"row align-items-center padding-bottom-2x\">\n<div class=\"col-md-5\"><img decoding=\"async\" class=\"d-block m-auto img-thumbnail\" src=\"https:\/\/tvc.mx\/media\/484976\/sistemas-operativos.png\" alt=\" \" \/><\/div>\n<div class=\"col-md-7 text-md-left text-center\">\n<h2>Compatibilidad<\/h2>\n<p class=\"text-muted\">\n<p>La memoria\u00a0<strong>USB-U106-30-16GB<\/strong>\u00a0es compatible con diferentes sistemas operativos, como lo son:\u00a0Windows 7 \/ 8 \/ 10; mac OS 10.15 y versiones posteriores; :Linux 2.4.x y versiones posteriores, con esta caracter\u00edstica hace que la memoria sea de gran ayuda a las tareas escolares y de oficina.<\/p>\n<p>&nbsp;<\/p>\n<\/div>\n<\/div>\n<hr class=\"padding-bottom-2x\" \/>\n<div class=\"row align-items-center padding-bottom-2x\">\n<div class=\"col-md-5 order-md-2\"><img decoding=\"async\" class=\"d-block m-auto img-thumbnail\" src=\"https:\/\/tvc.mx\/media\/484978\/rapides-Dahua.png\" alt=\" \" \/><\/div>\n<div class=\"col-md-7 order-md-1 text-md-left text-center\">\n<h2>Lectura y escritura de alta velocidad.<\/h2>\n<p class=\"text-muted\">\n<p>Con esta memoria USB al ser 3.0 posee una lectura y escritura de alta velocidad, con la cual puede satisfacer diversas necesidades tales como: transferir y hacer copias de seguridad de textos, im\u00e1genes, m\u00fasica, videos y otros datos en computadoras y productos digitales.<\/p>\n<p>&nbsp;<\/p>\n<\/div>\n<\/div>\n<hr class=\"padding-bottom-2x\" \/>\n<div class=\"row align-items-center padding-bottom-2x\">\n<div class=\"col-md-5\"><img decoding=\"async\" class=\"d-block m-auto img-thumbnail\" src=\"https:\/\/tvc.mx\/media\/484980\/Dahua-USB-U106-30-16GB-memoria-usb-16gb-3.0-portada-caracteristicas.png\" alt=\" \" \/><\/div>\n<div class=\"col-md-7 text-md-left text-center\">\n<h2>Principales Caracter\u00edsticas<\/h2>\n<p class=\"text-muted\">\n<ul>\n<li>Interfaz USB3.0<\/li>\n<li>Capacidad 16 GB<\/li>\n<li>Velocidad de lectura de 40 a 70 MB \/ s<\/li>\n<li>Velocidad de escritura 9-25 MB \/ s<\/li>\n<li>Sistema de archivos FAT32 FAT32 exFAT exFAT<\/li>\n<li>Temperatura 0 \u00b0 C a 60 \u00b0 C (32 \u00b0 F a 140 \u00b0 F)<\/li>\n<li>Soporta Windows 7\/8\/10; macOS10.15 y versiones posteriores; Linux 2.4.x y versiones posteriores<\/li>\n<li>Voltaje 5V<\/li>\n<li>Corriente 150mA<\/li>\n<li>Dimensiones 40,4 mm \u00d7 12,25 mm \u00d7 4,65 mm (1,59 \u00ab\u00d7 0,48\u00bb \u00d7 0,18 \u00ab)<\/li>\n<li>Peso neto Aproximadamente 5,7 g<\/li>\n<li>Peso bruto Aproximadamente 14,2 g<\/li>\n<\/ul>\n<\/div>\n<\/div>\n","protected":false},"excerpt":{"rendered":"<p>Informaci\u00f3n General El producto de la serie\u00a0USB-U106-30-16GB\u00a0est\u00e1 dise\u00f1ado para satisfacer la demanda de almacenamiento m\u00f3vil de los consumidores en cualquier parte del mundo, al ser USB 3.0 la velocidad de transferencia de datos es mucha mas r\u00e1pida haciendo mas eficiente el uso de almacenamiento. Para&hellip;<\/p>\n","protected":false},"featured_media":4421,"comment_status":"open","ping_status":"closed","template":"","meta":{"om_disable_all_campaigns":false,"_monsterinsights_skip_tracking":false,"_monsterinsights_sitenote_active":false,"_monsterinsights_sitenote_note":"","_monsterinsights_sitenote_category":0},"product_brand":[],"product_cat":[333],"product_tag":[320,323,324,321,322],"class_list":{"0":"post-4422","1":"product","2":"type-product","3":"status-publish","4":"has-post-thumbnail","6":"product_cat-memorias-microsd-y-usb","7":"product_tag-almacenamiento","8":"product_tag-disco-duro","9":"product_tag-memoria","10":"product_tag-seagate","11":"product_tag-usb","13":"first","14":"instock","15":"sale","16":"taxable","17":"shipping-taxable","18":"purchasable","19":"product-type-simple"},"aioseo_notices":[],"_links":{"self":[{"href":"https:\/\/tecsecmty.com\/index.php\/wp-json\/wp\/v2\/product\/4422","targetHints":{"allow":["GET"]}}],"collection":[{"href":"https:\/\/tecsecmty.com\/index.php\/wp-json\/wp\/v2\/product"}],"about":[{"href":"https:\/\/tecsecmty.com\/index.php\/wp-json\/wp\/v2\/types\/product"}],"replies":[{"embeddable":true,"href":"https:\/\/tecsecmty.com\/index.php\/wp-json\/wp\/v2\/comments?post=4422"}],"version-history":[{"count":0,"href":"https:\/\/tecsecmty.com\/index.php\/wp-json\/wp\/v2\/product\/4422\/revisions"}],"wp:featuredmedia":[{"embeddable":true,"href":"https:\/\/tecsecmty.com\/index.php\/wp-json\/wp\/v2\/media\/4421"}],"wp:attachment":[{"href":"https:\/\/tecsecmty.com\/index.php\/wp-json\/wp\/v2\/media?parent=4422"}],"wp:term":[{"taxonomy":"product_brand","embeddable":true,"href":"https:\/\/tecsecmty.com\/index.php\/wp-json\/wp\/v2\/product_brand?post=4422"},{"taxonomy":"product_cat","embeddable":true,"href":"https:\/\/tecsecmty.com\/index.php\/wp-json\/wp\/v2\/product_cat?post=4422"},{"taxonomy":"product_tag","embeddable":true,"href":"https:\/\/tecsecmty.com\/index.php\/wp-json\/wp\/v2\/product_tag?post=4422"}],"curies":[{"name":"wp","href":"https:\/\/api.w.org\/{rel}","templated":true}]}}