{"id":4424,"date":"2023-02-23T00:48:18","date_gmt":"2023-02-23T06:48:18","guid":{"rendered":"https:\/\/tecsecmty.com\/index.php\/producto\/imou-st2-64-s1-memoria-microsd-de-64-gb-uhs-1-clase-10-u3-v30-3d-tlc-nand-flash-velocidad-de-lectura-95mb-s-ideal-para-camaras-de-seguridad-telefonos-tablet-etc\/"},"modified":"2023-03-22T23:23:32","modified_gmt":"2023-03-23T05:23:32","slug":"imou-st2-64-s1-memoria-microsd-de-64-gb-uhs-1-clase-10-u3-v30-3d-tlc-nand-flash-velocidad-de-lectura-95mb-s-ideal-para-camaras-de-seguridad-telefonos-tablet-etc","status":"publish","type":"product","link":"https:\/\/tecsecmty.com\/index.php\/producto\/imou-st2-64-s1-memoria-microsd-de-64-gb-uhs-1-clase-10-u3-v30-3d-tlc-nand-flash-velocidad-de-lectura-95mb-s-ideal-para-camaras-de-seguridad-telefonos-tablet-etc\/","title":{"rendered":"IMOU ST2-64-S1 &#8211; Memoria MicroSD de 64 Gb\/ UHS-1, Clase 10, U3, V30\/ 3D TLC NAND flash\/ Velocidad de Lectura 95MB\/s\/ Ideal Para C\u00e1maras de Seguridad, Tel\u00e9fonos, Tablet, etc.\/"},"content":{"rendered":"<div class=\"row aling-items-center padding-bottom-2x\">\n<div class=\"col-lg-12\">\n<h5 class=\"card-title text-center\">Informaci\u00f3n general<\/h5>\n<p>La tarjeta de memoria microSD Imou S1 es una de las series de tarjetas de alta velocidad. El grado de velocidad puede alcanzar la Clase 10, U3 y V30, que puede cumplir con el uso diario de c\u00e1maras digitales, tel\u00e9fonos m\u00f3viles, computadoras port\u00e1tiles, consolas de juegos, etc., lo que le permite leer y escribir datos como fotos, audio y video y disfrutar del experiencia de velocidad.<\/p>\n<p><img decoding=\"async\" class=\"overview-center-img-web\" src=\"https:\/\/tvc.mx\/media\/181441\/IMOU-ST2-64-S1-Memoria-micro-sd-64-gb-principal.png\" alt=\"\" \/><\/div>\n<\/div>\n<div class=\"row align-items-center padding-bottom-2x\">\n<div class=\"col-md-5\"><img decoding=\"async\" class=\"d-block m-auto img-thumbnail\" src=\"https:\/\/tvc.mx\/media\/181433\/IMOU-ST2-32-S1-Memoria-micro-sd-64-gb-caract.png\" alt=\" \" \/><\/div>\n<div class=\"col-md-7 text-md-left text-center\">\n<h2>Caracter\u00edsticas<\/h2>\n<p class=\"text-muted\">\n<ul>\n<li><strong>Celda de memoria de alta calidad<\/strong><\/li>\n<li class=\"ql-indent-1\">Flash 3D TLC NAND, ciclo de hasta 1000 P \/ E<\/li>\n<li><strong>Alta velocidad<\/strong><\/li>\n<li class=\"ql-indent-1\">UHS-1, Clase 10, U3, V30<\/li>\n<li><strong>Alta adaptabilidad<\/strong><\/li>\n<li class=\"ql-indent-1\">A prueba de agua, a prueba de golpes, a prueba de rayos X, resistencia a altas y bajas temperaturas, etc<\/li>\n<li><strong>Alta compatibilidad<\/strong><\/li>\n<li class=\"ql-indent-1\">Compatible con dispositivos host microSDHC, microSDXC, microSDHC UHS-I y microSDXC UHS-I<\/li>\n<\/ul>\n<p>&nbsp;<\/p>\n<\/div>\n<\/div>\n<hr class=\"padding-bottom-2x\" \/>\n<div class=\"row align-items-center padding-bottom-2x\">\n<div class=\"col-md-5 order-md-2\"><img decoding=\"async\" class=\"d-block m-auto img-thumbnail\" src=\"https:\/\/tvc.mx\/media\/181445\/IMOU-ST2-64-S1-Memoria-micro-sd-64-gb-espec.png\" alt=\" \" \/><\/div>\n<div class=\"col-md-7 order-md-1 text-md-left text-center\">\n<h2>Especificaciones<\/h2>\n<p class=\"text-muted\">\n<ul>\n<li>Capacidad: 64 GB<\/li>\n<li>Clase de velocidad C10 \/ U3 \/ V30<\/li>\n<li>Velocidad de lectura 95 MB\/s<\/li>\n<li>Velocidad de escritura 38 MB\/s<\/li>\n<li>Ciclo P\/E 500 &#8211; 1000<\/li>\n<\/ul>\n<\/div>\n<\/div>\n","protected":false},"excerpt":{"rendered":"<p>Informaci\u00f3n general La tarjeta de memoria microSD Imou S1 es una de las series de tarjetas de alta velocidad. El grado de velocidad puede alcanzar la Clase 10, U3 y V30, que puede cumplir con el uso diario de c\u00e1maras digitales, tel\u00e9fonos m\u00f3viles, computadoras port\u00e1tiles,&hellip;<\/p>\n","protected":false},"featured_media":4423,"comment_status":"open","ping_status":"closed","template":"","meta":{"om_disable_all_campaigns":false,"_monsterinsights_skip_tracking":false,"_monsterinsights_sitenote_active":false,"_monsterinsights_sitenote_note":"","_monsterinsights_sitenote_category":0},"product_brand":[],"product_cat":[333],"product_tag":[320,323,324,321,322],"class_list":{"0":"post-4424","1":"product","2":"type-product","3":"status-publish","4":"has-post-thumbnail","6":"product_cat-memorias-microsd-y-usb","7":"product_tag-almacenamiento","8":"product_tag-disco-duro","9":"product_tag-memoria","10":"product_tag-seagate","11":"product_tag-usb","13":"first","14":"instock","15":"sale","16":"taxable","17":"shipping-taxable","18":"purchasable","19":"product-type-simple"},"aioseo_notices":[],"_links":{"self":[{"href":"https:\/\/tecsecmty.com\/index.php\/wp-json\/wp\/v2\/product\/4424","targetHints":{"allow":["GET"]}}],"collection":[{"href":"https:\/\/tecsecmty.com\/index.php\/wp-json\/wp\/v2\/product"}],"about":[{"href":"https:\/\/tecsecmty.com\/index.php\/wp-json\/wp\/v2\/types\/product"}],"replies":[{"embeddable":true,"href":"https:\/\/tecsecmty.com\/index.php\/wp-json\/wp\/v2\/comments?post=4424"}],"version-history":[{"count":0,"href":"https:\/\/tecsecmty.com\/index.php\/wp-json\/wp\/v2\/product\/4424\/revisions"}],"wp:featuredmedia":[{"embeddable":true,"href":"https:\/\/tecsecmty.com\/index.php\/wp-json\/wp\/v2\/media\/4423"}],"wp:attachment":[{"href":"https:\/\/tecsecmty.com\/index.php\/wp-json\/wp\/v2\/media?parent=4424"}],"wp:term":[{"taxonomy":"product_brand","embeddable":true,"href":"https:\/\/tecsecmty.com\/index.php\/wp-json\/wp\/v2\/product_brand?post=4424"},{"taxonomy":"product_cat","embeddable":true,"href":"https:\/\/tecsecmty.com\/index.php\/wp-json\/wp\/v2\/product_cat?post=4424"},{"taxonomy":"product_tag","embeddable":true,"href":"https:\/\/tecsecmty.com\/index.php\/wp-json\/wp\/v2\/product_tag?post=4424"}],"curies":[{"name":"wp","href":"https:\/\/api.w.org\/{rel}","templated":true}]}}