{"id":4426,"date":"2023-02-23T00:48:20","date_gmt":"2023-02-23T06:48:20","guid":{"rendered":"https:\/\/tecsecmty.com\/index.php\/producto\/western-digital-wdd256g1p0c-microsd-256gb-micro-sdxc-purple-sc-qd101-videovigilancia-24-7-clase-10-u1-lect-50mb-s-esc-40mb-s\/"},"modified":"2023-03-22T23:24:55","modified_gmt":"2023-03-23T05:24:55","slug":"western-digital-wdd256g1p0c-microsd-256gb-micro-sdxc-purple-sc-qd101-videovigilancia-24-7-clase-10-u1-lect-50mb-s-esc-40mb-s","status":"publish","type":"product","link":"https:\/\/tecsecmty.com\/index.php\/producto\/western-digital-wdd256g1p0c-microsd-256gb-micro-sdxc-purple-sc-qd101-videovigilancia-24-7-clase-10-u1-lect-50mb-s-esc-40mb-s\/","title":{"rendered":"WESTERN DIGITAL WDD256G1P0C MicroSD 256GB \/ MICRO SDXC PURPLE SC QD101 VIDEOVIGILANCIA 24\/7 CLASE 10 U1 LECT 50MB\/S ESC 40MB\/S"},"content":{"rendered":"<div class=\"row aling-items-center padding-bottom-2x\">\n<div class=\"col-lg-12\">\n<h5 class=\"card-title text-center\">Informaci\u00f3n general<\/h5>\n<p>Las tarjetas microSD WD Purple est\u00e1n dise\u00f1adas para un funcionamiento continuo 24\/7, y tienen la alta resistencia necesaria para aplicaciones de vigilancia intensivas en escritura. Una tarjeta microSD WD Purple de 256 GB puede grabar hasta 256 TB de video durante la vida \u00fatil de la tarjeta. Reemplazar el almacenamiento en c\u00e1maras de vigilancia inaccesibles puede ser costoso, por lo que usar una tarjeta Purple ahorrar\u00e1 un costo significativo en comparaci\u00f3n con el uso de m\u00faltiples tarjetas enfocadas en el rendimiento. Las tarjetas microSD WD Purple tambi\u00e9n est\u00e1n dise\u00f1adas para soportar cambios de temperatura, alta humedad y alta vibraci\u00f3n, y son ideales para entornos hostiles.<\/p>\n<p><img decoding=\"async\" class=\"overview-center-img-web\" src=\"https:\/\/tvc.mx\/media\/30001\/BANNER.png\" alt=\"\" \/><\/div>\n<\/div>\n<div class=\"row align-items-center padding-bottom-2x\">\n<div class=\"col-md-5\"><img decoding=\"async\" class=\"d-block m-auto img-thumbnail\" src=\"https:\/\/tvc.mx\/media\/30003\/OVL1.png\" alt=\" \" \/><\/div>\n<div class=\"col-md-7 text-md-left text-center\">\n<h2>Caracteristicas.<\/h2>\n<p class=\"text-muted\">\n<ul>\n<li>optimizado para c\u00e1maras de v\u00eddeo vigilancia 24\/7<\/li>\n<li>dise\u00f1ado con alta resistencia para operaci\u00f3n continua<\/li>\n<li>Resistente a la intemperie, resistente a la humedad y soporta temperaturas de -25 \u00b0 C a 85 \u00b0 C<\/li>\n<li>almacenamiento local de conmutaci\u00f3n por error, grabaci\u00f3n continua, incluso en caso de desconexi\u00f3n temporal de la c\u00e1mara<\/li>\n<li>Admite la funcionalidad de monitor de salud de tarjeta<\/li>\n<li>Tecnolog\u00eda avanzada 3d NAND<\/li>\n<\/ul>\n<\/div>\n<\/div>\n","protected":false},"excerpt":{"rendered":"<p>Informaci\u00f3n general Las tarjetas microSD WD Purple est\u00e1n dise\u00f1adas para un funcionamiento continuo 24\/7, y tienen la alta resistencia necesaria para aplicaciones de vigilancia intensivas en escritura. Una tarjeta microSD WD Purple de 256 GB puede grabar hasta 256 TB de video durante la vida&hellip;<\/p>\n","protected":false},"featured_media":4425,"comment_status":"open","ping_status":"closed","template":"","meta":{"om_disable_all_campaigns":false,"_monsterinsights_skip_tracking":false,"_monsterinsights_sitenote_active":false,"_monsterinsights_sitenote_note":"","_monsterinsights_sitenote_category":0},"product_brand":[],"product_cat":[334],"product_tag":[320,323,324,321,322],"class_list":{"0":"post-4426","1":"product","2":"type-product","3":"status-publish","4":"has-post-thumbnail","6":"product_cat-memorias-microsd-y-usb-western-digital","7":"product_tag-almacenamiento","8":"product_tag-disco-duro","9":"product_tag-memoria","10":"product_tag-seagate","11":"product_tag-usb","13":"first","14":"instock","15":"sale","16":"taxable","17":"shipping-taxable","18":"purchasable","19":"product-type-simple"},"aioseo_notices":[],"_links":{"self":[{"href":"https:\/\/tecsecmty.com\/index.php\/wp-json\/wp\/v2\/product\/4426","targetHints":{"allow":["GET"]}}],"collection":[{"href":"https:\/\/tecsecmty.com\/index.php\/wp-json\/wp\/v2\/product"}],"about":[{"href":"https:\/\/tecsecmty.com\/index.php\/wp-json\/wp\/v2\/types\/product"}],"replies":[{"embeddable":true,"href":"https:\/\/tecsecmty.com\/index.php\/wp-json\/wp\/v2\/comments?post=4426"}],"version-history":[{"count":0,"href":"https:\/\/tecsecmty.com\/index.php\/wp-json\/wp\/v2\/product\/4426\/revisions"}],"wp:featuredmedia":[{"embeddable":true,"href":"https:\/\/tecsecmty.com\/index.php\/wp-json\/wp\/v2\/media\/4425"}],"wp:attachment":[{"href":"https:\/\/tecsecmty.com\/index.php\/wp-json\/wp\/v2\/media?parent=4426"}],"wp:term":[{"taxonomy":"product_brand","embeddable":true,"href":"https:\/\/tecsecmty.com\/index.php\/wp-json\/wp\/v2\/product_brand?post=4426"},{"taxonomy":"product_cat","embeddable":true,"href":"https:\/\/tecsecmty.com\/index.php\/wp-json\/wp\/v2\/product_cat?post=4426"},{"taxonomy":"product_tag","embeddable":true,"href":"https:\/\/tecsecmty.com\/index.php\/wp-json\/wp\/v2\/product_tag?post=4426"}],"curies":[{"name":"wp","href":"https:\/\/api.w.org\/{rel}","templated":true}]}}