{"id":4428,"date":"2023-02-23T00:48:22","date_gmt":"2023-02-23T06:48:22","guid":{"rendered":"https:\/\/tecsecmty.com\/index.php\/producto\/western-wdd032g1p0c-memoria-de-32gb-micro-sdhc-linea-purple-clase-10-u1-lectura-50mb-escritura-40mb-especializada-para-videovigilancia\/"},"modified":"2023-03-22T23:24:56","modified_gmt":"2023-03-23T05:24:56","slug":"western-wdd032g1p0c-memoria-de-32gb-micro-sdhc-linea-purple-clase-10-u1-lectura-50mb-escritura-40mb-especializada-para-videovigilancia","status":"publish","type":"product","link":"https:\/\/tecsecmty.com\/index.php\/producto\/western-wdd032g1p0c-memoria-de-32gb-micro-sdhc-linea-purple-clase-10-u1-lectura-50mb-escritura-40mb-especializada-para-videovigilancia\/","title":{"rendered":"WESTERN WDD032G1P0C- Memoria de 32GB Micro SDHC\/ Linea Purple\/ Clase 10 U1\/ Lectura 50MB\/ Escritura 40MB\/ Especializada para Videovigilancia"},"content":{"rendered":"<div class=\"row aling-items-center padding-bottom-2x\">\n<div class=\"col-lg-12\">\n<h5 class=\"card-title text-center\">Informaci\u00f3n general.<\/h5>\n<p>La tarjeta microSD WD Purple SC\u00a0QD101\u00a0de Western Digital est\u00e1 dise\u00f1ada espec\u00edficamente para el mercado principal de las c\u00e1maras de seguridad. La tarjeta utiliza la tecnolog\u00eda\u00a03D\u00a0NAND de\u00a096\u00a0capas, por lo que ofrece una combinaci\u00f3n rentable de ultrarresistencia, alto rendimiento y un amplio rango de capacidad. Adem\u00e1s, el soporte de funcionalidad de supervisi\u00f3n del estado de la tarjeta posibilita la gesti\u00f3n preventiva del almacenamiento. Dado el r\u00e1pido crecimiento del mercado de las c\u00e1maras de seguridad y la creciente adopci\u00f3n de v\u00eddeo\u00a04K, esta tarjeta ofrece la combinaci\u00f3n adecuada de durabilidad y capacidad para manejar la carga de trabajo de grabaci\u00f3n continua las 24\u00a0horas del d\u00eda, los 7\u00a0d\u00edas de la semana.\u00a0En Western Digital, WD Purple es el almacenamiento microSD ideal para c\u00e1maras de vigilancia de seguridad y dispositivos perif\u00e9ricos en el que puede confiar.<\/p>\n<p><img decoding=\"async\" class=\"overview-center-img-web\" src=\"https:\/\/tvc.mx\/media\/99997\/Micro-SD-WD-Purple-32GB-Banner.png\" alt=\"\" \/><\/div>\n<\/div>\n<div class=\"row align-items-center padding-bottom-2x\">\n<div class=\"col-md-5\"><img decoding=\"async\" class=\"d-block m-auto img-thumbnail\" src=\"https:\/\/tvc.mx\/media\/100001\/Micro-SD-WD-Purple-32GB-OVL1.png\" alt=\" \" \/><\/div>\n<div class=\"col-md-7 text-md-left text-center\">\n<h2>Caracter\u00edsticas.<\/h2>\n<p class=\"text-muted\">\n<ul>\n<li><strong>Ultrarresistencia. (Operacion 24&#215;7)<\/strong><\/li>\n<li><strong>Mantenimiento inteligente del almacenamiento.<\/strong><\/li>\n<li><strong>Almacenamiento s\u00f3lido, en interiores o exteriores.<\/strong><\/li>\n<li><strong>Captura continua, por horas o d\u00edas.<\/strong><\/li>\n<li><strong>Ideal para CCTV.<\/strong><\/li>\n<\/ul>\n<p>&nbsp;<\/p>\n<\/div>\n<\/div>\n<hr class=\"padding-bottom-2x\" \/>\n<div class=\"row align-items-center padding-bottom-2x\">\n<div class=\"col-md-5 order-md-2\"><img decoding=\"async\" class=\"d-block m-auto img-thumbnail\" src=\"https:\/\/tvc.mx\/media\/100005\/Micro-SD-WD-Purple-32GB-OVL2.png\" alt=\" \" \/><\/div>\n<div class=\"col-md-7 order-md-1 text-md-left text-center\">\n<h2>Especificaciones.<\/h2>\n<p class=\"text-muted\">\n<ul>\n<li>Capacidad: 32 GB<\/li>\n<li>Factor De Forma: microSDXC\u2122<\/li>\n<li>Interfaz: SDA 6.0<\/li>\n<li>Garant\u00eda: 3 a\u00f1os<\/li>\n<\/ul>\n<\/div>\n<\/div>\n","protected":false},"excerpt":{"rendered":"<p>Informaci\u00f3n general. La tarjeta microSD WD Purple SC\u00a0QD101\u00a0de Western Digital est\u00e1 dise\u00f1ada espec\u00edficamente para el mercado principal de las c\u00e1maras de seguridad. La tarjeta utiliza la tecnolog\u00eda\u00a03D\u00a0NAND de\u00a096\u00a0capas, por lo que ofrece una combinaci\u00f3n rentable de ultrarresistencia, alto rendimiento y un amplio rango de capacidad.&hellip;<\/p>\n","protected":false},"featured_media":4427,"comment_status":"open","ping_status":"closed","template":"","meta":{"om_disable_all_campaigns":false,"_monsterinsights_skip_tracking":false,"_monsterinsights_sitenote_active":false,"_monsterinsights_sitenote_note":"","_monsterinsights_sitenote_category":0},"product_brand":[],"product_cat":[334],"product_tag":[320,323,324,321,322],"class_list":{"0":"post-4428","1":"product","2":"type-product","3":"status-publish","4":"has-post-thumbnail","6":"product_cat-memorias-microsd-y-usb-western-digital","7":"product_tag-almacenamiento","8":"product_tag-disco-duro","9":"product_tag-memoria","10":"product_tag-seagate","11":"product_tag-usb","13":"first","14":"instock","15":"sale","16":"taxable","17":"shipping-taxable","18":"purchasable","19":"product-type-simple"},"aioseo_notices":[],"_links":{"self":[{"href":"https:\/\/tecsecmty.com\/index.php\/wp-json\/wp\/v2\/product\/4428","targetHints":{"allow":["GET"]}}],"collection":[{"href":"https:\/\/tecsecmty.com\/index.php\/wp-json\/wp\/v2\/product"}],"about":[{"href":"https:\/\/tecsecmty.com\/index.php\/wp-json\/wp\/v2\/types\/product"}],"replies":[{"embeddable":true,"href":"https:\/\/tecsecmty.com\/index.php\/wp-json\/wp\/v2\/comments?post=4428"}],"version-history":[{"count":0,"href":"https:\/\/tecsecmty.com\/index.php\/wp-json\/wp\/v2\/product\/4428\/revisions"}],"wp:featuredmedia":[{"embeddable":true,"href":"https:\/\/tecsecmty.com\/index.php\/wp-json\/wp\/v2\/media\/4427"}],"wp:attachment":[{"href":"https:\/\/tecsecmty.com\/index.php\/wp-json\/wp\/v2\/media?parent=4428"}],"wp:term":[{"taxonomy":"product_brand","embeddable":true,"href":"https:\/\/tecsecmty.com\/index.php\/wp-json\/wp\/v2\/product_brand?post=4428"},{"taxonomy":"product_cat","embeddable":true,"href":"https:\/\/tecsecmty.com\/index.php\/wp-json\/wp\/v2\/product_cat?post=4428"},{"taxonomy":"product_tag","embeddable":true,"href":"https:\/\/tecsecmty.com\/index.php\/wp-json\/wp\/v2\/product_tag?post=4428"}],"curies":[{"name":"wp","href":"https:\/\/api.w.org\/{rel}","templated":true}]}}