{"id":4438,"date":"2023-02-23T00:48:35","date_gmt":"2023-02-23T06:48:35","guid":{"rendered":"https:\/\/tecsecmty.com\/index.php\/producto\/bosch-v_dip61844hd-servidor-de-almacenamiento-incluye-4-hdd-de-4tb-divar-ip-6000\/"},"modified":"2023-03-22T23:21:45","modified_gmt":"2023-03-23T05:21:45","slug":"bosch-v_dip61844hd-servidor-de-almacenamiento-incluye-4-hdd-de-4tb-divar-ip-6000","status":"publish","type":"product","link":"https:\/\/tecsecmty.com\/index.php\/producto\/bosch-v_dip61844hd-servidor-de-almacenamiento-incluye-4-hdd-de-4tb-divar-ip-6000\/","title":{"rendered":"BOSCH V_DIP61844HD &#8211; Servidor de almacenamiento \/ Incluye 4 HDD de 4TB \/ DIVAR IP 6000"},"content":{"rendered":"<h5 class=\"card-title text-center\">DIVAR IP 6000 2U, 4 discos duros de 4 TB<\/h5>\n<p class=\"ql-align-justify\"><strong>La serie DIVAR IP 6000\u00a0<\/strong>es una soluci\u00f3n asequible, f\u00e1cil de utilizar y fiable de gesti\u00f3n de grabaciones todo en uno para sistemas de vigilancia en red. Los sistemas\u00a0<strong>DIVAR IP 6000<\/strong>se suministran como una array de almacenamiento preconfigurado para la soluci\u00f3n de grabaci\u00f3n de v\u00eddeo de Bosch con el software V<strong>ideo Recording Manager\u00a0<\/strong>a\u00fan sin instalar. Despu\u00e9s de descargar el software desde el cat\u00e1logo de productos de Bosch y de instalarlo en el\u00a0<strong>DIVAR IP<\/strong>\u00a06000, se inicia con 64 canales con licencia incluida, que se pueden ampliar hasta 128 canales.\u00a0<strong>Con tecnolog\u00eda de software Video Recording Manager de Bosch, DIVAR IP 6000<\/strong>\u00a0es un dispositivo de almacenamiento IP inteligente que elimina la necesidad de disponer de hardware de almacenamiento y servidor\u00a0<strong>NVR (Network Video Recorder)<\/strong>\u00a0independientes, reduciendo el coste total de propiedad en hasta un\u00a0<strong>45%<\/strong>. El sistema DIVAR IP 6000 2U es una unidad de montaje en\u00a0<strong>rack 2HU q<\/strong>ue combina gesti\u00f3n de grabaci\u00f3n avanzada y almacenamiento\u00a0<strong>iSCSI\u00a0<\/strong>de vanguardia en un \u00fanico dispositivo de grabaci\u00f3n IP plug and play asequible para clientes centrados en la TI que buscan una soluci\u00f3n de grabaci\u00f3n NVR puntera de \u00absegunda generaci\u00f3n\u00bb.<\/p>\n<p class=\"ql-align-justify\"><strong>Resumen del sistema<\/strong><\/p>\n<p class=\"ql-align-justify\"><strong>La serie DIVAR IP 6000<\/strong>\u00a0utiliza un dise\u00f1o integrado con uso eficiente de la energ\u00eda que reduce los posibles puntos de fallo y ofrece la calidad total Bosch. El uso de discos de altas prestaciones en configuraci\u00f3n<strong>\u00a0RAID-5<\/strong>\u00a0con tolerancia a fallos, interfaces de r<strong>ed Ethernet Gigabit<\/strong>\u00a0de doble puerto, memoria del sistema de 8 GB y un novedoso procesador<strong>\u00a0Intel E3-1275 V3 (3,5 GHz, 8 MB<\/strong>\u00a0de cach\u00e9) de cuatro n\u00facleos, permiten a los nuevos modelos de la serie DIVAR IP 6000 proporcionar un rendimiento de gama alta a un precio muy asequible. F\u00e1cil de instalar, el sistema se integra por completo en los asistentes de instalaci\u00f3n y configuraci\u00f3n centralizada del<strong>\u00a0Bosch Video Management System y del Video Recording Manager para reducir los tiempos de instalaci\u00f3n en hasta un 45%.\u00a0<\/strong>Todos los componentes importantes para el uso de\u00a0<strong>DIVAR IP 6000<\/strong>\u00a0como un array de almacenamiento en una soluci\u00f3n de grabaci\u00f3n de Bosch est\u00e1n preinstalados y preconfigurados. El sistema<strong>\u00a0DIVAR IP 6000<\/strong>\u00a0est\u00e1 listo para utilizarse desde el primer momento, solo tendr\u00e1 que conectarlo a la red y encenderlo.<\/p>\n<p class=\"ql-align-justify\">Para crear una soluci\u00f3n de gesti\u00f3n de grabaci\u00f3n de v\u00eddeo completa, solo tiene que descargar y a\u00f1adir\u00a0<strong>Video Recording Manager<\/strong>. Para crear una soluci\u00f3n de gesti\u00f3n de v\u00eddeo completa, a\u00f1ada\u00a0<strong>DIVAR IP 6000 a Bosch Video Management System. DIVAR IP 6000\u00a0<\/strong>proporciona un almacenamiento basado en\u00a0<strong>iSCSI<\/strong>, que representa la base para una grabaci\u00f3n de v\u00eddeo escalable y resiliente y una funcionalidad de gesti\u00f3n en\u00a0<strong>Bosch Video Management System.<\/strong><\/p>\n<p class=\"ql-align-justify\"><strong>Funciones b\u00e1sicas<\/strong><\/p>\n<p class=\"ql-align-justify\"><strong>DIVAR IP 6000 2U cuenta<\/strong>\u00a0con fuentes de alimentaci\u00f3n redundantes e intercambiables en caliente de bajo consumo y d<strong>iscos duros SATA-3 intercambiables\u00a0<\/strong>en caliente que admiten\u00a0<strong>hasta 64 TB (8 x 8 TB)\u00a0<\/strong>de capacidad de almacenamiento bruta. Todo el software del sistema est\u00e1 preinstalado y preactivado, lo que lo convierte en un dispositivo de gesti\u00f3n de v\u00eddeo listo para usar desde el primer momento.\u00a0<strong>Utiliza Microsoft Windows Storage Server 2012 R2.\u00a0<\/strong><\/p>\n<p class=\"ql-align-justify\"><strong>Acceso inmediato en tiempo real a v\u00eddeo<\/strong><\/p>\n<p class=\"ql-align-justify\"><strong>Visualizaci\u00f3n de v\u00eddeo de alta definici\u00f3n (HD)<\/strong>\u00a0o ultra alta definici\u00f3n (<strong>UHD<\/strong>) aunque las conexiones de ancho de banda sean bajas o limitadas. Si se instala<strong>\u00a0Video Recording Manager,<\/strong>\u00a0la tecnolog\u00eda\u00a0<strong>Dynamic Transcoding<\/strong>\u00a0garantiza la visualizaci\u00f3n inmediata del v\u00eddeo, en cualquier momento y lugar<strong>. El transcodificador integrado admite hasta 4 flujos de v\u00eddeo de resoluci\u00f3n UHD en paralelo.<\/strong><\/p>\n<p class=\"ql-align-justify\"><strong>Visualizaci\u00f3n remota<\/strong><\/p>\n<p class=\"ql-align-justify\"><strong>DIVAR IP 6000 admite el Video Client<\/strong>\u00a0avanzado para la visualizaci\u00f3n remota.\u00a0<strong>Video Client<\/strong>\u00a0es una aplicaci\u00f3n para PC con\u00a0<strong>Windows\u00a0<\/strong>para la visualizaci\u00f3n y reproducci\u00f3n en directo que incluye\u00a0<strong>Configuration Manager,<\/strong>\u00a0lo que permite configurar los ajustes de<strong>\u00a0DIVAR IP 6000.<\/strong><\/p>\n<p class=\"ql-align-justify\"><strong>Control<\/strong><\/p>\n<p class=\"ql-align-justify\"><strong>La serie DIVAR IP 6000<\/strong>\u00a0proporciona compatibilidad\u00a0<strong>SNMP<\/strong>, con escritorio remoto y control\u00a0<strong>HTTP\u00a0<\/strong>para el hardware del sistema y, si se instala, para la aplicaci\u00f3n<strong>\u00a0Video Recording Manager<\/strong>. La mayor fiabilidad del hardware de alta disponibilidad, el dise\u00f1o integrado y el control y la gesti\u00f3n de todo el sistema garantizan el m\u00e1ximo tiempo de funcionamiento.<\/p>\n<p class=\"ql-align-justify\"><strong>Nota: DIVAR IP 6000<\/strong>\u00a0incluye todos los componentes de software necesarios preinstalados en un entorno de grabaci\u00f3n de Bosch. Est\u00e1 preconfigurado para integrarse en una soluci\u00f3n de gesti\u00f3n de v\u00eddeo o de grabaci\u00f3n de Bosch lista para usar sin necesidad de realizar ninguna tarea de configuraci\u00f3n adicional en el propio sistema de almacenamiento. El software Video Recording Manager a\u00fan no viene instalado y DIVAR IP 6000 no incluye ninguna aplicaci\u00f3n de visualizaci\u00f3n o de gesti\u00f3n de v\u00eddeo. El software de gesti\u00f3n de v\u00eddeo o de visualizaci\u00f3n se debe instalar en otro hardware.<\/p>\n<p class=\"ql-align-justify\"><strong>Nota: DIVAR IP 6000 2U, 4 discos duros de 4 TB<\/strong><\/p>\n<p class=\"ql-align-justify\"><strong>Soluci\u00f3n de gesti\u00f3n de grabaci\u00f3n para sistemas de vigilancia en red. Para hasta 128 canales; software Video Recording Manager no preinstalado; 4 discos de 4 TB de capacidad de almacenamiento ampliable a 6 de 4 TB como m\u00e1ximo.<\/strong><\/p>\n<p class=\"ql-align-justify\"><strong>N\u00famero de pedido: DIP-6184-4HD.<\/strong><\/p>\n<p class=\"ql-align-justify\"><strong>Principales Caracter\u00edsticas<\/strong><\/p>\n<ul>\n<li class=\"ql-align-justify\">Soluci\u00f3n de grabaci\u00f3n todo en uno con protecci\u00f3n RAID-5 (configuraci\u00f3n est\u00e1ndar) para un m\u00e1ximo de 128 canales.<\/li>\n<li class=\"ql-align-justify\">Soluci\u00f3n de almacenamiento IP preinstalada y preconfigurada con una capacidad de almacenamiento de hasta 64 TB.<\/li>\n<li class=\"ql-align-justify\">Discos duros intercambiables en caliente.<\/li>\n<li class=\"ql-align-justify\">Control remoto mediante aplicaci\u00f3n de escritorio, navegador o SNMP.<\/li>\n<li class=\"ql-align-justify\">Garant\u00eda de 3 a\u00f1os que incluye asistencia al siguiente d\u00eda laborable.<\/li>\n<\/ul>\n<p class=\"ql-align-justify\"><strong>Especificaciones<\/strong><\/p>\n<p class=\"ql-align-justify\"><strong>El\u00e9ctrico<\/strong><\/p>\n<ul>\n<li class=\"ql-align-justify\">Tensi\u00f3n de entrada de CA De 100 a 240 V\/50 a 60 Hz.<\/li>\n<li class=\"ql-align-justify\">Entrada el\u00e9ctrica de 140 VCA.<\/li>\n<li class=\"ql-align-justify\">Corriente de entrada 4HD: 1,6 A 8HD: 1,9 A.<\/li>\n<li class=\"ql-align-justify\">Potencia de salida real desde fuente de alimentaci\u00f3n 4HD: 200,5 W 8HD: 246,1 W.<\/li>\n<li class=\"ql-align-justify\">Eficiencia de alimentaci\u00f3n 92%.<\/li>\n<li class=\"ql-align-justify\">Consumo de energ\u00eda* 4HD: 217,9 W 8HD: 267,5 W.<\/li>\n<li class=\"ql-align-justify\">BTU\/h totales 4HD: 743,9 8HD: 913,0.<\/li>\n<li class=\"ql-align-justify\">Factor de alimentaci\u00f3n 0.98.<\/li>\n<li class=\"ql-align-justify\">Requisito de VA de entrada de CA del sistema 4HD: 222,4 VA 8HD: 273,0 VA.<\/li>\n<\/ul>\n<p class=\"ql-align-justify\"><strong>Entrada el\u00e9ctrica de 240 VCA<\/strong><\/p>\n<ul>\n<li class=\"ql-align-justify\">Corriente de entrada 4HD: 0,9 A 8HD: 1,1 A.<\/li>\n<li class=\"ql-align-justify\">Potencia de salida real desde fuente de alimentaci\u00f3n 4HD: 200,5 W 8HD: 246,1 W.<\/li>\n<li class=\"ql-align-justify\">Eficiencia de alimentaci\u00f3n 94%.<\/li>\n<li class=\"ql-align-justify\">Consumo de energ\u00eda* 4HD: 213,3 W 8HD: 261,8 W BTU\/h totales 4HD: 728,0 8HD: 893,6.<\/li>\n<li class=\"ql-align-justify\">Factor de alimentaci\u00f3n 0.96.<\/li>\n<li class=\"ql-align-justify\">Requisito de VA de entrada de CA del sistema 4HD: 222,2 VA 8HD: 272,7 VA.<\/li>\n<\/ul>\n<p class=\"ql-align-justify\"><strong>Mec\u00e1nicas<\/strong><\/p>\n<ul>\n<li class=\"ql-align-justify\">Factor de forma Montaje en rack 2HU.<\/li>\n<li class=\"ql-align-justify\">Fuente de alimentaci\u00f3n 740 W redundante de nivel Platinum.<\/li>\n<li class=\"ql-align-justify\">Puertos USB Parte frontal: 2 puertos USB 2.0.<\/li>\n<li class=\"ql-align-justify\">Parte trasera: 2 puertos USB 2.0, 2 puertos USB 3.0 Red LAN Gigabit Intel i210AT doble.<\/li>\n<li class=\"ql-align-justify\">Dimensiones (Al. x An. x Pr.) 89 x 437 x 648 mm (3,5 x 17,2 x 25,5 pulg.).<\/li>\n<li class=\"ql-align-justify\">Peso 23,6 kg (52 libras).<\/li>\n<\/ul>\n<p class=\"ql-align-justify\"><strong>Ambientales<\/strong><\/p>\n<ul>\n<li class=\"ql-align-justify\">Temperatura de funcionamiento.<\/li>\n<li class=\"ql-align-justify\">De +10 \u00b0C a +35 \u00b0C (de +50 \u00b0F a +95 \u00b0F).<\/li>\n<li class=\"ql-align-justify\">Temperatura de almacenamiento: De -40 \u00b0C a +70 \u00b0C (de -40 \u00b0F a +158 \u00b0F).<\/li>\n<li class=\"ql-align-justify\">Humedad relativa de funcionamiento Del 8 al 90% (sin condensaci\u00f3n).<\/li>\n<li class=\"ql-align-justify\">Humedad relativa de almacenamiento De 5 al 95% (sin condensaci\u00f3n).<\/li>\n<\/ul>\n<p class=\"ql-align-justify\"><strong>Procesador<\/strong><\/p>\n<ul>\n<li class=\"ql-align-justify\">Procesador Procesador Intel Xeon E3-1275 V3 (8 MB de cach\u00e9, 3,5 GHz).<\/li>\n<li class=\"ql-align-justify\">Z\u00f3calo 1.<\/li>\n<li class=\"ql-align-justify\">Memoria cach\u00e9 Cach\u00e9 inteligente Intel de 8 MB.<\/li>\n<li class=\"ql-align-justify\">Protecci\u00f3n de memoria Memoria sin b\u00fafer ECC.<\/li>\n<li class=\"ql-align-justify\">Bus frontal m\u00e1x. 1600 MHz.<\/li>\n<\/ul>\n<p class=\"ql-align-justify\"><strong>Memoria<\/strong><\/p>\n<ul>\n<li class=\"ql-align-justify\">Memoria instalada UNB DDR3-1666 ECC de 8 GB (1 x 8 GB).<\/li>\n<\/ul>\n<p class=\"ql-align-justify\"><strong>Almacenamiento<\/strong><\/p>\n<ul>\n<li class=\"ql-align-justify\">Tipo de almacenamiento 8 bandejas: SATA de 3,5 pulg.<\/li>\n<li class=\"ql-align-justify\">Sistema operativo 2 SSD de 120 GB, configuraci\u00f3n RAID-1<\/li>\n<li class=\"ql-align-justify\">Unidad \u00f3ptica DVD-RW.<\/li>\n<li class=\"ql-align-justify\">Tarjeta RAID SAS Controlador SAS3 LSI 3108 de 8 puertos.<\/li>\n<\/ul>\n<p class=\"ql-align-justify\"><strong>Discos duros instalados:<\/strong><\/p>\n<ul>\n<li class=\"ql-align-justify\">Datos SATA-3, 7200 RPM, 64 MB, 3,5\u201c<\/li>\n<li class=\"ql-align-justify\">configuraci\u00f3n RAID-5.<\/li>\n<li class=\"ql-align-justify\">DIP-6183-4HD: 4 x 3 TB .<\/li>\n<li class=\"ql-align-justify\">DIP-6183-8HD: 8 x 3 TB.<\/li>\n<li class=\"ql-align-justify\">DIP-6184-4HD: 4 x 4 TB.<\/li>\n<li class=\"ql-align-justify\">DIP-6184-8HD: 8 x 4 TB.<\/li>\n<li class=\"ql-align-justify\">DIP-6186-8HD: 8 x 6 TB.<\/li>\n<li class=\"ql-align-justify\">DIP-6188-8HD: 8 x 8 TB.<\/li>\n<li class=\"ql-align-justify\">DIP-6180-00N: sin disco duro.<\/li>\n<\/ul>\n<p><img decoding=\"async\" class=\"overview-center-img- aligncenter\" src=\"https:\/\/tvc.mx\/media\/13016\/Logoopaginas-oficial.png\" alt=\"\" \/><\/p>\n","protected":false},"excerpt":{"rendered":"<p>DIVAR IP 6000 2U, 4 discos duros de 4 TB La serie DIVAR IP 6000\u00a0es una soluci\u00f3n asequible, f\u00e1cil de utilizar y fiable de gesti\u00f3n de grabaciones todo en uno para sistemas de vigilancia en red. Los sistemas\u00a0DIVAR IP 6000se suministran como una array de&hellip;<\/p>\n","protected":false},"featured_media":4437,"comment_status":"open","ping_status":"closed","template":"","meta":{"om_disable_all_campaigns":false,"_monsterinsights_skip_tracking":false,"_monsterinsights_sitenote_active":false,"_monsterinsights_sitenote_note":"","_monsterinsights_sitenote_category":0},"product_brand":[],"product_cat":[335],"product_tag":[320,323,324,321,322],"class_list":{"0":"post-4438","1":"product","2":"type-product","3":"status-publish","4":"has-post-thumbnail","6":"product_cat-nas","7":"product_tag-almacenamiento","8":"product_tag-disco-duro","9":"product_tag-memoria","10":"product_tag-seagate","11":"product_tag-usb","13":"first","14":"instock","15":"sale","16":"taxable","17":"shipping-taxable","18":"purchasable","19":"product-type-simple"},"aioseo_notices":[],"_links":{"self":[{"href":"https:\/\/tecsecmty.com\/index.php\/wp-json\/wp\/v2\/product\/4438","targetHints":{"allow":["GET"]}}],"collection":[{"href":"https:\/\/tecsecmty.com\/index.php\/wp-json\/wp\/v2\/product"}],"about":[{"href":"https:\/\/tecsecmty.com\/index.php\/wp-json\/wp\/v2\/types\/product"}],"replies":[{"embeddable":true,"href":"https:\/\/tecsecmty.com\/index.php\/wp-json\/wp\/v2\/comments?post=4438"}],"version-history":[{"count":0,"href":"https:\/\/tecsecmty.com\/index.php\/wp-json\/wp\/v2\/product\/4438\/revisions"}],"wp:featuredmedia":[{"embeddable":true,"href":"https:\/\/tecsecmty.com\/index.php\/wp-json\/wp\/v2\/media\/4437"}],"wp:attachment":[{"href":"https:\/\/tecsecmty.com\/index.php\/wp-json\/wp\/v2\/media?parent=4438"}],"wp:term":[{"taxonomy":"product_brand","embeddable":true,"href":"https:\/\/tecsecmty.com\/index.php\/wp-json\/wp\/v2\/product_brand?post=4438"},{"taxonomy":"product_cat","embeddable":true,"href":"https:\/\/tecsecmty.com\/index.php\/wp-json\/wp\/v2\/product_cat?post=4438"},{"taxonomy":"product_tag","embeddable":true,"href":"https:\/\/tecsecmty.com\/index.php\/wp-json\/wp\/v2\/product_tag?post=4438"}],"curies":[{"name":"wp","href":"https:\/\/api.w.org\/{rel}","templated":true}]}}