{"id":4448,"date":"2023-02-23T00:48:45","date_gmt":"2023-02-23T06:48:45","guid":{"rendered":"https:\/\/tecsecmty.com\/index.php\/producto\/bosch-v_dip61f616hd-divar-6000-de-3u-con-16-hdd-de-6tb-vrm-hasta-128-canales-de-almacenamiento\/"},"modified":"2023-03-22T23:21:45","modified_gmt":"2023-03-23T05:21:45","slug":"bosch-v_dip61f616hd-divar-6000-de-3u-con-16-hdd-de-6tb-vrm-hasta-128-canales-de-almacenamiento","status":"publish","type":"product","link":"https:\/\/tecsecmty.com\/index.php\/producto\/bosch-v_dip61f616hd-divar-6000-de-3u-con-16-hdd-de-6tb-vrm-hasta-128-canales-de-almacenamiento\/","title":{"rendered":"BOSCH V_DIP61F616HD- DIVAR 6000 DE 3U CON 16 HDD DE 6TB\/ VRM HASTA 128 CANALES DE ALMACENAMIENTO"},"content":{"rendered":"<h5 class=\"card-title text-center\">DIVAR IP 6000 3U, 16 x discos duros de 6 TB<\/h5>\n<p class=\"ql-align-justify\"><strong>La serie DIVAR IP 6000 es una soluci\u00f3n asequible, f\u00e1cil de utilizar y fiable de gesti\u00f3n de grabaciones todo en uno para sistemas de vigilancia en red.<\/strong><\/p>\n<p class=\"ql-align-justify\">Los sistemas\u00a0<strong>DIVAR IP 6000<\/strong>\u00a0se suministran como una array de almacenamiento preconfigurado para la soluci\u00f3n de grabaci\u00f3n de v\u00eddeo de Bosch con el software\u00a0<strong>VRM Video Recording Manager<\/strong>\u00a0a\u00fan sin instalar. Despu\u00e9s de descargar el\u00a0<strong>VRM\u00a0<\/strong>del cat\u00e1logo de productos de Bosch y de instalarlo en el DIVAR IP 6000,\u00a0<strong>se inicia con 64 canales con licencia incluida, que se pueden ampliar hasta 128 canales.<\/strong><\/p>\n<p class=\"ql-align-justify\">Con tecnolog\u00eda de software\u00a0<strong>VRM Video Recording Manager<\/strong>\u00a0de Bosch, DIVAR IP 6000 es un dispositivo de almacenamiento IP inteligente que elimina la necesidad de disponer de hardware de almacenamiento y servidor<strong>\u00a0NVR (Network Video Recorder<\/strong>) independientes, reduciendo el coste total de propiedad en hasta un 45%.<\/p>\n<p class=\"ql-align-justify\"><strong>El sistema DIVAR IP 6000 3U<\/strong>\u00a0es una unidad de montaje en rack 3HU que combina gesti\u00f3n de grabaci\u00f3n avanzada y almacenamiento\u00a0<strong>iSCSI\u00a0<\/strong>de vanguardia en un \u00fanico dispositivo de grabaci\u00f3n IP plug and play asequible para clientes centrados en la TI que buscan una soluci\u00f3n de grabaci\u00f3n\u00a0<strong>NVR\u00a0<\/strong>puntera de \u00absegunda generaci\u00f3n\u00bb.<\/p>\n<p class=\"ql-align-justify\"><strong>Resumen del sistema<\/strong><\/p>\n<p class=\"ql-align-justify\">La serie DIVAR IP 6000 utiliza un dise\u00f1o integrado con uso eficiente de la energ\u00eda que reduce los posibles puntos de fallo y ofrece la calidad total Bosch.<\/p>\n<p class=\"ql-align-justify\">El uso de discos de altas prestaciones en configuraci\u00f3n\u00a0<strong>RAID-5<\/strong>\u00a0con tolerancia a fallos, interfaces de red Ethernet Gigabit de doble puerto, memoria del sistema de\u00a0<strong>8 GB<\/strong>\u00a0y un novedoso procesador Intel E3-1275 V3 (3,5 GHz, 8 MB de cach\u00e9) de cuatro n\u00facleos, permiten a los nuevos modelos de la serie DIVAR IP 6000 proporcionar un rendimiento de gama alta a un precio muy asequible.<\/p>\n<p class=\"ql-align-justify\">F\u00e1cil de instalar, el sistema se integra por completo en los asistentes de instalaci\u00f3n y configuraci\u00f3n centralizada del\u00a0<strong>Bosch Video Management System y del VRM Video Recording Manager<\/strong>\u00a0para reducir los tiempos de instalaci\u00f3n en hasta un 45%. Todos los componentes importantes para el uso de DIVAR IP 6000 como un array de almacenamiento en una soluci\u00f3n de grabaci\u00f3n de Bosch est\u00e1n preinstalados y preconfigurados. El sistema DIVAR IP 6000 est\u00e1 listo para utilizarse desde el primer momento, solo tendr\u00e1 que conectarlo a la red y encenderlo v\u00eddeo completa, solo tiene que descargar y a\u00f1adir VRM.<\/p>\n<p class=\"ql-align-justify\">Para crear una soluci\u00f3n de gesti\u00f3n de v\u00eddeo completa, a\u00f1ada DIVAR IP 6000 a Bosch Video Management System (Bosch VMS). DIVAR IP 6000 proporciona un almacenamiento basado en iSCSI, que representa la base para una grabaci\u00f3n de v\u00eddeo escalable y resiliente y una funcionalidad de gesti\u00f3n en Bosch VMS.<\/p>\n<p class=\"ql-align-justify\"><strong>Bosch VMS<\/strong>\u00a0gestiona enteramente todos los sistemas de audio y v\u00eddeo digitales e IP, adem\u00e1s de todos los datos de seguridad que se transmiten a trav\u00e9s de su red IP. Combina perfectamente c\u00e1maras IP y codificadores, proporciona gesti\u00f3n de alarmas y eventos del sistema, control del estado del sistema y gesti\u00f3n de prioridad y usuario.<\/p>\n<p class=\"ql-align-justify\">Video Client se puede utilizar solo como cliente de reproducci\u00f3n o para crear una soluci\u00f3n de gesti\u00f3n de v\u00eddeo b\u00e1sica completa sin necesidad de licencias adicionales.<\/p>\n<p class=\"ql-align-justify\"><strong>Funciones b\u00e1sicas<\/strong><\/p>\n<p class=\"ql-align-justify\">DIVAR IP 6000 3U cuenta con fuentes de alimentaci\u00f3n redundantes e intercambiables en caliente de bajo consumo y discos duros SATA-3 intercambiables en caliente que admiten hasta 64 TB (16 x 4 TB) de capacidad de almacenamiento bruta. Todo el software<\/p>\n<p class=\"ql-align-justify\">del sistema est\u00e1 preinstalado y preactivado, lo que lo convierte en un dispositivo listo para usarse desde el primer momento en una aplicaci\u00f3n de gesti\u00f3n de v\u00eddeo. Utiliza Microsoft Windows Storage<\/p>\n<p class=\"ql-align-justify\">Server 2012 R2. Acceso inmediato en tiempo real a v\u00eddeo.<\/p>\n<p class=\"ql-align-justify\">Visualizaci\u00f3n de v\u00eddeo de alta definici\u00f3n (HD) o ultra alta definici\u00f3n (UHD) aunque las conexiones de ancho de banda sean bajas o limitadas. Si se instala VRM, la tecnolog\u00eda Dynamic Transcoding garantiza la visualizaci\u00f3n inmediata del v\u00eddeo, en cualquier<\/p>\n<p class=\"ql-align-justify\">momento y lugar.<\/p>\n<p class=\"ql-align-justify\"><strong>Visualizaci\u00f3n remota<\/strong><\/p>\n<p class=\"ql-align-justify\"><strong>DIVAR IP 6000 admite el Video Client avanzado para la visualizaci\u00f3n remota.<\/strong>\u00a0Video Client es una aplicaci\u00f3n para PC con Windows para la visualizaci\u00f3n y reproducci\u00f3n en directo que incluye\u00a0<strong>Configuration Manager<\/strong>, lo que permite configurar los ajustes de<\/p>\n<p class=\"ql-align-justify\">DIVAR IP 6000.<\/p>\n<p class=\"ql-align-justify\"><strong>Gesti\u00f3n de TI<\/strong><\/p>\n<p class=\"ql-align-justify\"><strong>Microsoft Windows Storage Server 2012 R2<\/strong>\u00a0proporciona una interfaz de usuario sencilla e intuitiva para configurar el sistema y gestionar el dispositivo de forma unificada. Los administradores y profesionales de TI apreciar\u00e1n la capacidad de gestionar<\/p>\n<p class=\"ql-align-justify\">DIVAR IP 6000 utilizando la aplicaci\u00f3n\u00a0<strong>Microsoft System Center Suite<\/strong>\u00a0integrada. La capacidad de utilizar una herramienta central para configurar y gestionar operaciones reduce los requisitos de<\/p>\n<p class=\"ql-align-justify\">instalaci\u00f3n y formaci\u00f3n, y ayuda a mantener unos costes bajos de la gesti\u00f3n del sistema.<\/p>\n<p class=\"ql-align-justify\"><strong>Control<\/strong><\/p>\n<p class=\"ql-align-justify\">La serie DIVAR IP 6000 proporciona compatibilidad\u00a0<strong>SNMP<\/strong>, con escritorio remoto y control\u00a0<strong>HTTP<\/strong>\u00a0para el hardware del sistema y, si se instala, para la aplicaci\u00f3n\u00a0<strong>VRM Video Recording Manager<\/strong>.<\/p>\n<p class=\"ql-align-justify\">La mayor fiabilidad del hardware de alta disponibilidad, el dise\u00f1o integrado y el control y la gesti\u00f3n de todo el sistema garantizan el m\u00e1ximo tiempo de funcionamiento.<\/p>\n<p class=\"ql-align-justify\"><strong>Calidad Bosch<\/strong><\/p>\n<p class=\"ql-align-justify\">Bosch somete todos sus productos a las pruebas de calidad m\u00e1s completas y rigurosas del sector. Nuestros productos de grabaci\u00f3n se someten a temperaturas, tensiones y vibraciones extremas para determinar l\u00edmites de funcionamiento fiable y garantizar un funcionamiento fiable de larga duraci\u00f3n. Bosch defiende firmemente cada uno de los productos que vende con una garant\u00eda completa de 3 a\u00f1os respaldada por su servicio t\u00e9cnico.<\/p>\n<p class=\"ql-align-justify\"><strong>Nota: DIVAR IP 6000 3U, 16 x discos duros de 6 TB<\/strong><\/p>\n<p class=\"ql-align-justify\"><strong>Soluci\u00f3n de gesti\u00f3n de grabaci\u00f3n para sistemas de vigilancia en red. Para hasta 128 canales; software Video Recording Manager no preinstalado; 16 discos con una capacidad de almacenamiento de 6 TB.<\/strong><\/p>\n<p class=\"ql-align-justify\"><strong>N\u00famero de pedido: DIP-61F6-16HD.<\/strong><\/p>\n<p class=\"ql-align-justify\"><strong>Principales Caracter\u00edsticas:<\/strong><\/p>\n<ul>\n<li class=\"ql-align-justify\">Soluci\u00f3n de grabaci\u00f3n todo en uno con protecci\u00f3n RAID-5 (configuraci\u00f3n est\u00e1ndar) para un m\u00e1ximo de 128 canales.<\/li>\n<li class=\"ql-align-justify\">Soluci\u00f3n de almacenamiento IP preinstalada y preconfigurada con una capacidad de almacenamiento de hasta 64 TB.<\/li>\n<li class=\"ql-align-justify\">El sistema operativo de almacenamiento dedicado proporciona un funcionamiento fiable y seguro.<\/li>\n<li class=\"ql-align-justify\">Discos duros intercambiables en caliente.<\/li>\n<li class=\"ql-align-justify\">Control remoto mediante aplicaci\u00f3n de escritorio, navegador o SNMP.<\/li>\n<\/ul>\n<p class=\"ql-align-justify\"><strong>Especificaciones<\/strong><\/p>\n<p class=\"ql-align-justify\"><strong>El\u00e9ctricas<\/strong><\/p>\n<ul>\n<li class=\"ql-align-justify\">Tensi\u00f3n de entrada de CA: De 100 a 240 V\/50 a 60 Hz.<\/li>\n<\/ul>\n<p class=\"ql-align-justify\"><strong>Entrada el\u00e9ctrica de 140 VCA.<\/strong><\/p>\n<ul>\n<li class=\"ql-align-justify\">Corriente de entrada 2,9 A.<\/li>\n<li class=\"ql-align-justify\">Potencia de salida real desde fuente de alimentaci\u00f3n 362,7 W.<\/li>\n<li class=\"ql-align-justify\">Eficacia de alimentaci\u00f3n 92%.<\/li>\n<li class=\"ql-align-justify\">Consumo de energ\u00eda* 394,3 W.<\/li>\n<li class=\"ql-align-justify\">BTU\/h totales 1345.6.<\/li>\n<li class=\"ql-align-justify\">Factor de alimentaci\u00f3n 0.98.<\/li>\n<li class=\"ql-align-justify\">Requisito de VA de entrada de CA del sistema 402,3 VA.<\/li>\n<\/ul>\n<p class=\"ql-align-justify\"><strong>Nota: El consumo de energ\u00eda del sistema puede variar en funci\u00f3n de la carga de trabajo y del entorno.<\/strong><\/p>\n<p class=\"ql-align-justify\"><strong>Entrada el\u00e9ctrica de 240 VCA<\/strong><\/p>\n<ul>\n<li class=\"ql-align-justify\">Corriente de entrada 1,7 A.<\/li>\n<li class=\"ql-align-justify\">Potencia de salida real desde fuente de alimentaci\u00f3n 362,7 W.<\/li>\n<li class=\"ql-align-justify\">Eficacia de alimentaci\u00f3n 94%.<\/li>\n<\/ul>\n<p class=\"ql-align-justify\"><strong>Entrada el\u00e9ctrica de 240 VCA<\/strong><\/p>\n<ul>\n<li class=\"ql-align-justify\">Consumo de energ\u00eda* 385,9 W.<\/li>\n<li class=\"ql-align-justify\">BTU\/h totales 1317.0.<\/li>\n<li class=\"ql-align-justify\">Factor de alimentaci\u00f3n 0.96.<\/li>\n<li class=\"ql-align-justify\">Requisito de VA de entrada de CA del sistema 402,0 VA.<\/li>\n<\/ul>\n<p class=\"ql-align-justify\"><strong>Nota: El consumo de energ\u00eda del sistema puede variar en funci\u00f3n de la carga de trabajo y del entorno.<\/strong><\/p>\n<p class=\"ql-align-justify\"><strong>Mec\u00e1nicas<\/strong><\/p>\n<ul>\n<li class=\"ql-align-justify\">Factor de forma Montaje en rack 3HU.<\/li>\n<li class=\"ql-align-justify\">Fuente de alimentaci\u00f3n 1200 W redundante de nivel Platinum.<\/li>\n<li class=\"ql-align-justify\">Puertos USB Parte frontal: 2 puertos USB 2.0<\/li>\n<li class=\"ql-align-justify\">Parte trasera: 2 puertos USB 2.0, 2 puertos USB 3.0.<\/li>\n<li class=\"ql-align-justify\">Red LAN Gigabit Intel i210AT doble.<\/li>\n<li class=\"ql-align-justify\">Dimensiones (Al. x An. x Pr.) 132 x 437 x 648 mm (5,2 x 17,2 x 25,5 pulg.)<\/li>\n<li class=\"ql-align-justify\">Peso 32,7 kg (72 libras)<\/li>\n<\/ul>\n<p class=\"ql-align-justify\"><strong>Ambientales<\/strong><\/p>\n<ul>\n<li class=\"ql-align-justify\">Temperatura de funcionamiento: De +10 \u00b0C a +35 \u00b0C (de +50 \u00b0F a +95 \u00b0F).<\/li>\n<li class=\"ql-align-justify\">Temperatura de almacenamiento: De -40 \u00b0C a +70 \u00b0C (de -40 \u00b0F a +158 \u00b0F).<\/li>\n<li class=\"ql-align-justify\">Humedad relativa de funcionamiento: Del 8 al 90% (sin condensaci\u00f3n).<\/li>\n<li class=\"ql-align-justify\">Humedad relativa de almacenamiento: De 5 al 95% (sin condensaci\u00f3n).<\/li>\n<\/ul>\n<p><img decoding=\"async\" class=\"overview-center-img- aligncenter\" src=\"https:\/\/tvc.mx\/media\/16091\/Logoopaginas-oficial.png\" alt=\"\" \/><\/p>\n","protected":false},"excerpt":{"rendered":"<p>DIVAR IP 6000 3U, 16 x discos duros de 6 TB La serie DIVAR IP 6000 es una soluci\u00f3n asequible, f\u00e1cil de utilizar y fiable de gesti\u00f3n de grabaciones todo en uno para sistemas de vigilancia en red. Los sistemas\u00a0DIVAR IP 6000\u00a0se suministran como una&hellip;<\/p>\n","protected":false},"featured_media":4447,"comment_status":"open","ping_status":"closed","template":"","meta":{"om_disable_all_campaigns":false,"_monsterinsights_skip_tracking":false,"_monsterinsights_sitenote_active":false,"_monsterinsights_sitenote_note":"","_monsterinsights_sitenote_category":0},"product_brand":[],"product_cat":[335],"product_tag":[320,323,324,321,322],"class_list":{"0":"post-4448","1":"product","2":"type-product","3":"status-publish","4":"has-post-thumbnail","6":"product_cat-nas","7":"product_tag-almacenamiento","8":"product_tag-disco-duro","9":"product_tag-memoria","10":"product_tag-seagate","11":"product_tag-usb","13":"first","14":"instock","15":"sale","16":"taxable","17":"shipping-taxable","18":"purchasable","19":"product-type-simple"},"aioseo_notices":[],"_links":{"self":[{"href":"https:\/\/tecsecmty.com\/index.php\/wp-json\/wp\/v2\/product\/4448","targetHints":{"allow":["GET"]}}],"collection":[{"href":"https:\/\/tecsecmty.com\/index.php\/wp-json\/wp\/v2\/product"}],"about":[{"href":"https:\/\/tecsecmty.com\/index.php\/wp-json\/wp\/v2\/types\/product"}],"replies":[{"embeddable":true,"href":"https:\/\/tecsecmty.com\/index.php\/wp-json\/wp\/v2\/comments?post=4448"}],"version-history":[{"count":0,"href":"https:\/\/tecsecmty.com\/index.php\/wp-json\/wp\/v2\/product\/4448\/revisions"}],"wp:featuredmedia":[{"embeddable":true,"href":"https:\/\/tecsecmty.com\/index.php\/wp-json\/wp\/v2\/media\/4447"}],"wp:attachment":[{"href":"https:\/\/tecsecmty.com\/index.php\/wp-json\/wp\/v2\/media?parent=4448"}],"wp:term":[{"taxonomy":"product_brand","embeddable":true,"href":"https:\/\/tecsecmty.com\/index.php\/wp-json\/wp\/v2\/product_brand?post=4448"},{"taxonomy":"product_cat","embeddable":true,"href":"https:\/\/tecsecmty.com\/index.php\/wp-json\/wp\/v2\/product_cat?post=4448"},{"taxonomy":"product_tag","embeddable":true,"href":"https:\/\/tecsecmty.com\/index.php\/wp-json\/wp\/v2\/product_tag?post=4448"}],"curies":[{"name":"wp","href":"https:\/\/api.w.org\/{rel}","templated":true}]}}