{"id":4478,"date":"2023-02-23T01:32:50","date_gmt":"2023-02-23T07:32:50","guid":{"rendered":"https:\/\/tecsecmty.com\/index.php\/producto\/manhattan-151467-convertidor-hdmi-a-vga-puerto-hdmi-macho-a-vga-hembra-imagenes-en-alta-definicion-en-monitor-vga\/"},"modified":"2023-03-22T23:23:37","modified_gmt":"2023-03-23T05:23:37","slug":"manhattan-151467-convertidor-hdmi-a-vga-puerto-hdmi-macho-a-vga-hembra-imagenes-en-alta-definicion-en-monitor-vga","status":"publish","type":"product","link":"https:\/\/tecsecmty.com\/index.php\/producto\/manhattan-151467-convertidor-hdmi-a-vga-puerto-hdmi-macho-a-vga-hembra-imagenes-en-alta-definicion-en-monitor-vga\/","title":{"rendered":"MANHATTAN 151467 &#8211; Convertidor HDMI a VGA\/ Puerto HDMI Macho a VGA hembra\/ Im\u00e1genes en Alta Definici\u00f3n en Monitor VGA\/"},"content":{"rendered":"<h5 class=\"card-title text-center\">Convertidor HDMI a VGA<\/h5>\n<p class=\"ql-align-justify\">Conecta f\u00e1cilmente una fuente HDMI con una pantalla VGA<\/p>\n<p class=\"ql-align-justify\">El Convertidor de HDMI a VGA de Manhattan te ayuda a establecer una<\/p>\n<p class=\"ql-align-justify\">conexi\u00f3n r\u00e1pida, f\u00e1cil y c\u00f3moda entre una computadora de escritorio o laptop<\/p>\n<p class=\"ql-align-justify\">equipada con HDMI y otras fuentes de medios con monitores, proyectores y<\/p>\n<p class=\"ql-align-justify\">otras pantallas con VGA. El Convertidor de HDMI a VGA de Manhattan es f\u00e1cil y<\/p>\n<p class=\"ql-align-justify\">r\u00e1pido de instalar y no requiere una configuraci\u00f3n complicada para ayudar a<\/p>\n<p class=\"ql-align-justify\">extender el tiempo de vida y aprovechar la inversi\u00f3n de pantallas, proyectores<\/p>\n<p class=\"ql-align-justify\">y otros equipos con tecnolog\u00eda VGA.<\/p>\n<p><img decoding=\"async\" class=\"overview-center-img-web\" src=\"https:\/\/tvc.mx\/media\/465128\/151467-OVERVIE-%281%29.png\" alt=\"\" \/><\/p>\n","protected":false},"excerpt":{"rendered":"<p>Convertidor HDMI a VGA Conecta f\u00e1cilmente una fuente HDMI con una pantalla VGA El Convertidor de HDMI a VGA de Manhattan te ayuda a establecer una conexi\u00f3n r\u00e1pida, f\u00e1cil y c\u00f3moda entre una computadora de escritorio o laptop equipada con HDMI y otras fuentes de&hellip;<\/p>\n","protected":false},"featured_media":4477,"comment_status":"open","ping_status":"closed","template":"","meta":{"om_disable_all_campaigns":false,"_monsterinsights_skip_tracking":false,"_monsterinsights_sitenote_active":false,"_monsterinsights_sitenote_note":"","_monsterinsights_sitenote_category":0},"product_brand":[],"product_cat":[355],"product_tag":[343,341,339,346,347,350,348,179,344,349,340,351,345,352,342],"class_list":{"0":"post-4478","1":"product","2":"type-product","3":"status-publish","4":"has-post-thumbnail","6":"product_cat-hdmi","7":"product_tag-antiincendio","8":"product_tag-cable-anti-incendio","9":"product_tag-cables-estructurado","10":"product_tag-canaletas","11":"product_tag-charolas","12":"product_tag-conectores","13":"product_tag-fibra-optica","14":"product_tag-gabinetes","15":"product_tag-hdmi","16":"product_tag-jacks","17":"product_tag-patch-cord","18":"product_tag-racks","19":"product_tag-siameses","20":"product_tag-tierra-fisica","21":"product_tag-utp","23":"first","24":"instock","25":"sale","26":"taxable","27":"shipping-taxable","28":"purchasable","29":"product-type-simple"},"aioseo_notices":[],"_links":{"self":[{"href":"https:\/\/tecsecmty.com\/index.php\/wp-json\/wp\/v2\/product\/4478","targetHints":{"allow":["GET"]}}],"collection":[{"href":"https:\/\/tecsecmty.com\/index.php\/wp-json\/wp\/v2\/product"}],"about":[{"href":"https:\/\/tecsecmty.com\/index.php\/wp-json\/wp\/v2\/types\/product"}],"replies":[{"embeddable":true,"href":"https:\/\/tecsecmty.com\/index.php\/wp-json\/wp\/v2\/comments?post=4478"}],"version-history":[{"count":0,"href":"https:\/\/tecsecmty.com\/index.php\/wp-json\/wp\/v2\/product\/4478\/revisions"}],"wp:featuredmedia":[{"embeddable":true,"href":"https:\/\/tecsecmty.com\/index.php\/wp-json\/wp\/v2\/media\/4477"}],"wp:attachment":[{"href":"https:\/\/tecsecmty.com\/index.php\/wp-json\/wp\/v2\/media?parent=4478"}],"wp:term":[{"taxonomy":"product_brand","embeddable":true,"href":"https:\/\/tecsecmty.com\/index.php\/wp-json\/wp\/v2\/product_brand?post=4478"},{"taxonomy":"product_cat","embeddable":true,"href":"https:\/\/tecsecmty.com\/index.php\/wp-json\/wp\/v2\/product_cat?post=4478"},{"taxonomy":"product_tag","embeddable":true,"href":"https:\/\/tecsecmty.com\/index.php\/wp-json\/wp\/v2\/product_tag?post=4478"}],"curies":[{"name":"wp","href":"https:\/\/api.w.org\/{rel}","templated":true}]}}