{"id":4486,"date":"2023-02-23T01:32:58","date_gmt":"2023-02-23T07:32:58","guid":{"rendered":"https:\/\/tecsecmty.com\/index.php\/producto\/manhattan-308458-cable-hdmi-de-alta-velocidad-de-22-5-metros-resolucion-4k30hz-soprota-3d-hdmi-macho-a-macho-soporta-canal-de-retorno-de-audio-arc-blindado-para-reducir-interferencia\/"},"modified":"2023-03-22T23:23:39","modified_gmt":"2023-03-23T05:23:39","slug":"manhattan-308458-cable-hdmi-de-alta-velocidad-de-22-5-metros-resolucion-4k30hz-soprota-3d-hdmi-macho-a-macho-soporta-canal-de-retorno-de-audio-arc-blindado-para-reducir-interferencia","status":"publish","type":"product","link":"https:\/\/tecsecmty.com\/index.php\/producto\/manhattan-308458-cable-hdmi-de-alta-velocidad-de-22-5-metros-resolucion-4k30hz-soprota-3d-hdmi-macho-a-macho-soporta-canal-de-retorno-de-audio-arc-blindado-para-reducir-interferencia\/","title":{"rendered":"MANHATTAN 308458 &#8211; Cable HDMI de Alta Velocidad de 22.5 Metros\/ Resoluci\u00f3n 4k@30Hz\/ Soprota 3D\/ HDMI Macho a Macho\/ Soporta Canal de Retorno de Audio (ARC)\/ Blindado para Reducir Interferencia\/"},"content":{"rendered":"<div class=\"row aling-items-center padding-bottom-2x\">\n<div class=\"col-lg-12\">\n<h5 class=\"card-title text-center\">Informaci\u00f3n General<\/h5>\n<p>Cables de Alta Velocidad entregan un desempe\u00f1o de Alta Definici\u00f3n HDMI se ha convertido en el est\u00e1ndar digital para conexiones de audio y v\u00eddeo de Alta Calidad sobre un solo cable. Est\u00e1n dise\u00f1ados y cuidadosamente ensamblados para cubrir las necesidades del mercado de Alta Definici\u00f3n. Adem\u00e1s proporcionan una resoluci\u00f3n 1080 p y un ancho de banda de 10.2 Gbit\/sec a 340 MHz. Estos cables de alta calidad proporcionan una Alta Definici\u00f3n en v\u00eddeo y sonido digital en multicanal con caracter\u00edsticas de desempe\u00f1o mejoradas y mejor precisi\u00f3n. Soporta\u00a0una resoluci\u00f3n de 1080 p y color intenso<\/p>\n<ul>\n<li>Compatible con cualquier dispositivo HDMI, como Blu-ray, consolas de juego, est\u00e9reos y PC&#8217;s<\/li>\n<li>Cumple con las especificaciones de HDMI de Alta Velocidad<\/li>\n<li>Ancho de banda de hasta 10.2 Gbps a 340 MHz<\/li>\n<li>Completamente blindado para reducir fuentes de interferencia tales como EMI<\/li>\n<li>Terminales moldeadas en PVC<\/li>\n<\/ul>\n<p><img decoding=\"async\" class=\"overview-center-img-web\" src=\"https:\/\/tvc.mx\/media\/268739\/Cable-HDMI-Blindado-22.5-metros-Manhattan-308458-2.png\" alt=\"\" \/><\/div>\n<\/div>\n<div class=\"row aling-items-center padding-bottom-2x\">\n<div class=\"col-lg-12\">\n<h5 class=\"card-title text-center\">Caracter\u00edsticas Principales<\/h5>\n<p>Est\u00e1ndares y certificaciones:<\/p>\n<ul>\n<li>UL 20276<\/li>\n<li>ISO9002<\/li>\n<\/ul>\n<p>General:<\/p>\n<ul>\n<li>Ancho de banda: 10.2 Gbps<\/li>\n<li>340 MHz<\/li>\n<li>Cumple o excede con los est\u00e1ndares actuales de HDMI<\/li>\n<li>Longitud: 22.5 m (75 ft.)<\/li>\n<\/ul>\n<p>Conectores:<\/p>\n<ul>\n<li>2 HDMI de 19 pines, macho<\/li>\n<li>Contactos con ba\u00f1o de n\u00edquel<\/li>\n<li>Terminales moldeadas en PVC<\/li>\n<li>Doble blindaje<\/li>\n<li>Calibre 24 AWG<\/li>\n<\/ul>\n<p>El\u00e9ctrico:<\/p>\n<ul>\n<li>Corriente promedio: 0.5 A DC<\/li>\n<li>Voltaje de ruptura: 300 V DC<\/li>\n<li>Resistencia de aislamiento: 5 MOhms<\/li>\n<li>Resistencia de conductividad: 8.0 Ohms<\/li>\n<\/ul>\n<p>Contenido del paquete:<\/p>\n<ul>\n<li>Cable HDMI de Alta Velocidad<\/li>\n<li>Especificaciones F\u00edsicas<\/li>\n<li>Peso: 2.22 kg<\/li>\n<li>Dimensiones: 22.5 m<\/li>\n<li>Embalaje: Dona<\/li>\n<\/ul>\n<\/div>\n<\/div>\n","protected":false},"excerpt":{"rendered":"<p>Informaci\u00f3n General Cables de Alta Velocidad entregan un desempe\u00f1o de Alta Definici\u00f3n HDMI se ha convertido en el est\u00e1ndar digital para conexiones de audio y v\u00eddeo de Alta Calidad sobre un solo cable. Est\u00e1n dise\u00f1ados y cuidadosamente ensamblados para cubrir las necesidades del mercado de&hellip;<\/p>\n","protected":false},"featured_media":4485,"comment_status":"open","ping_status":"closed","template":"","meta":{"om_disable_all_campaigns":false,"_monsterinsights_skip_tracking":false,"_monsterinsights_sitenote_active":false,"_monsterinsights_sitenote_note":"","_monsterinsights_sitenote_category":0},"product_brand":[],"product_cat":[355],"product_tag":[343,341,339,346,347,350,348,179,344,349,340,351,345,352,342],"class_list":{"0":"post-4486","1":"product","2":"type-product","3":"status-publish","4":"has-post-thumbnail","6":"product_cat-hdmi","7":"product_tag-antiincendio","8":"product_tag-cable-anti-incendio","9":"product_tag-cables-estructurado","10":"product_tag-canaletas","11":"product_tag-charolas","12":"product_tag-conectores","13":"product_tag-fibra-optica","14":"product_tag-gabinetes","15":"product_tag-hdmi","16":"product_tag-jacks","17":"product_tag-patch-cord","18":"product_tag-racks","19":"product_tag-siameses","20":"product_tag-tierra-fisica","21":"product_tag-utp","23":"first","24":"instock","25":"sale","26":"taxable","27":"shipping-taxable","28":"purchasable","29":"product-type-simple"},"aioseo_notices":[],"_links":{"self":[{"href":"https:\/\/tecsecmty.com\/index.php\/wp-json\/wp\/v2\/product\/4486","targetHints":{"allow":["GET"]}}],"collection":[{"href":"https:\/\/tecsecmty.com\/index.php\/wp-json\/wp\/v2\/product"}],"about":[{"href":"https:\/\/tecsecmty.com\/index.php\/wp-json\/wp\/v2\/types\/product"}],"replies":[{"embeddable":true,"href":"https:\/\/tecsecmty.com\/index.php\/wp-json\/wp\/v2\/comments?post=4486"}],"version-history":[{"count":0,"href":"https:\/\/tecsecmty.com\/index.php\/wp-json\/wp\/v2\/product\/4486\/revisions"}],"wp:featuredmedia":[{"embeddable":true,"href":"https:\/\/tecsecmty.com\/index.php\/wp-json\/wp\/v2\/media\/4485"}],"wp:attachment":[{"href":"https:\/\/tecsecmty.com\/index.php\/wp-json\/wp\/v2\/media?parent=4486"}],"wp:term":[{"taxonomy":"product_brand","embeddable":true,"href":"https:\/\/tecsecmty.com\/index.php\/wp-json\/wp\/v2\/product_brand?post=4486"},{"taxonomy":"product_cat","embeddable":true,"href":"https:\/\/tecsecmty.com\/index.php\/wp-json\/wp\/v2\/product_cat?post=4486"},{"taxonomy":"product_tag","embeddable":true,"href":"https:\/\/tecsecmty.com\/index.php\/wp-json\/wp\/v2\/product_tag?post=4486"}],"curies":[{"name":"wp","href":"https:\/\/api.w.org\/{rel}","templated":true}]}}