{"id":4488,"date":"2023-02-23T01:33:01","date_gmt":"2023-02-23T07:33:01","guid":{"rendered":"https:\/\/tecsecmty.com\/index.php\/producto\/manhattan-308816-cable-hdmi-de-alta-velocidad-de-1-metro-resolucion-4k30hz-soporta-3d-hdmi-macho-a-macho-soporta-canal-de-retorno-de-audio-arc-blindado-para-reducir-interferencia\/"},"modified":"2023-03-22T23:23:39","modified_gmt":"2023-03-23T05:23:39","slug":"manhattan-308816-cable-hdmi-de-alta-velocidad-de-1-metro-resolucion-4k30hz-soporta-3d-hdmi-macho-a-macho-soporta-canal-de-retorno-de-audio-arc-blindado-para-reducir-interferencia","status":"publish","type":"product","link":"https:\/\/tecsecmty.com\/index.php\/producto\/manhattan-308816-cable-hdmi-de-alta-velocidad-de-1-metro-resolucion-4k30hz-soporta-3d-hdmi-macho-a-macho-soporta-canal-de-retorno-de-audio-arc-blindado-para-reducir-interferencia\/","title":{"rendered":"MANHATTAN 308816- Cable HDMI de Alta Velocidad de 1 Metro\/ Resolucion 4K@30Hz\/ Soporta 3D\/ HDMI Macho a Macho\/ Soporta Canal de Retorno de Audio (ARC)\/ Blindado para Reducir Interferencia\/"},"content":{"rendered":"<div class=\"row aling-items-center padding-bottom-2x\">\n<div class=\"col-lg-12\">\n<h5 class=\"card-title text-center\">Informaci\u00f3n general<\/h5>\n<p>Un Cable de Alta Velocidad ofrece un desempe\u00f1o en Alta Definici\u00f3n HDMI se ha convertido en el est\u00e1ndar digital para conexiones de Audio y V\u00eddeo de Alta Calidad sobre un solo cable. Los Cables HDMI de Alta Velocidad MANHATTAN est\u00e1n dise\u00f1ados y cuidadosamente construidos para cubrir las necesidades de la Alta Definici\u00f3n que el mercado requiere. Los Cables HDMI de Alta Velocidad MANHATTAN proporcionan la m\u00e1s alta resoluci\u00f3n posible a 4K x 2K, canal de retorno de audio y un ancho de banda de 10.2 Gbit\/sec a 340 MHz. Estos cables de alta calidad proporcionan una Alta Definici\u00f3n en v\u00eddeo y audio digital en multicanal, mayor precisi\u00f3n y caracter\u00edsticas de desempe\u00f1o mejoradas.\u00a0La resoluci\u00f3n 4K@30Hz de ultraalta definici\u00f3n (UHD) admite una resoluci\u00f3n de v\u00eddeo hasta cuatro veces superior a la de 1080p; admite una resoluci\u00f3n de hasta 1080p en 3D y color intenso<\/p>\n<ul>\n<li>El canal de retorno de audio (ARC) transmite el audio de la TV en un sistema de sonido, sin necesidad de un cable adicional<\/li>\n<li>El dise\u00f1o resistente al enredo permite un control y manejo m\u00e1s f\u00e1cil; m\u00e1s resistente a cortes y rasgu\u00f1os<\/li>\n<li>Asegura la integridad de la se\u00f1al entre dispositivos HDMI<\/li>\n<li>Cumple con las especificaciones de HDMI de Alta Velocidad<\/li>\n<li>Ancho de banda de hasta 10.2 Gbps a 340 MHz<\/li>\n<li>Completamente blindado para reducir fuentes de interferencia tales como EMI<\/li>\n<li>Compatible con cualquier dispositivo HDMI, como Blu-ray, consolas de videojuegos, est\u00e9reos, PC&#8217;s y m\u00e1s<\/li>\n<\/ul>\n<p><img decoding=\"async\" class=\"overview-center-img-web\" src=\"https:\/\/tvc.mx\/media\/145762\/Manhattan-308816-HDMI-macho-a-macho-ARC-3D-4K%4030Hz-blindado-negro-1m-%280%29.jpg\" alt=\"\" \/><\/p>\n<\/div>\n<\/div>\n<div class=\"row align-items-center padding-bottom-2x\">\n<div class=\"col-md-5 order-md-2\"><img decoding=\"async\" class=\"d-block m-auto img-thumbnail\" src=\"https:\/\/tvc.mx\/media\/145670\/Manhattan-308816-HDMI-macho-a-macho-ARC-3D-4K%4030Hz-blindado-negro-1m%281%29.jpg\" alt=\" \" \/><\/div>\n<div class=\"col-md-7 order-md-1 text-md-left text-center\">\n<h2>Caracteristicas<\/h2>\n<p><strong>Cable HDMI de Alta Velocidad<\/strong><\/p>\n<p><strong>HDMI Macho a HDMI Macho, ARC, 3D, 4K@30Hz, Blindado, Negro, 1 m<\/strong><\/p>\n<p><strong>N\u00famero de modelo<\/strong>: 308816<\/p>\n<h4><strong>Highlights<\/strong><\/h4>\n<ul>\n<li>La resoluci\u00f3n 4K@30Hz de ultraalta definici\u00f3n (UHD) admite una resoluci\u00f3n de v\u00eddeo hasta cuatro veces superior a la de 1080p; admite una resoluci\u00f3n de hasta 1080p en 3D y color intenso<\/li>\n<li>El canal de retorno de audio (ARC) transmite el audio de la TV en un sistema de sonido, sin necesidad de un cable adicional<\/li>\n<li>El dise\u00f1o resistente al enredo permite un control y manejo m\u00e1s f\u00e1cil; m\u00e1s resistente a cortes y rasgu\u00f1os<\/li>\n<\/ul>\n<p>&nbsp;<\/p>\n<\/div>\n<\/div>\n<hr class=\"padding-bottom-2x\" \/>\n<div class=\"row align-items-center padding-bottom-2x\">\n<div class=\"col-md-5 order-md-2\"><img decoding=\"async\" class=\"d-block m-auto img-thumbnail\" src=\"https:\/\/tvc.mx\/media\/145698\/Manhattan-308816-HDMI-macho-a-macho-ARC-3D-4K%4030Hz-blindado-negro-1m-%282%29.jpg\" alt=\" \" \/><\/div>\n<div class=\"col-md-7 order-md-1 text-md-left text-center\">\n<h2>Especificaciones<\/h2>\n<ul>\n<li>Est\u00e1ndares y certificaciones:<\/li>\n<li>ISO9001<\/li>\n<li><\/li>\n<li>General:<\/li>\n<li>Ancho de banda: 10.2 Gbps a 340 MHz<\/li>\n<li>Cumple o excede con los est\u00e1ndares actuales de HDMI<\/li>\n<li>Longitud: 1 m<\/li>\n<li><\/li>\n<li>Conectores:<\/li>\n<li>2 HDMI de 19 pines, macho<\/li>\n<li>Contactos con ba\u00f1o de oro<\/li>\n<li>Terminales moldeadas en PVC<\/li>\n<li>Alivio de tensi\u00f3n integrado<\/li>\n<li><\/li>\n<li>Cable:<\/li>\n<li>Calibre 30 AWG<\/li>\n<li>Doble blindaje, aluminio y trenzado<\/li>\n<li>Corriente promedio: 0.5 A DC<\/li>\n<li>Voltaje de ruptura: 300 V DC<\/li>\n<li>Resistencia de aislamiento: 5 MOhms<\/li>\n<li>Resistencia de conductividad: 1 Ohms<\/li>\n<li>Forro de pl\u00e1stico t\u00e9rmico<\/li>\n<li><\/li>\n<li>Entorno de operaci\u00f3n<\/li>\n<li>Temperatura de operaci\u00f3n: 0 \u2013 40\u00b0C<\/li>\n<li>Temperatura de almacenamiento: -20 \u2013 60\u00b0C<\/li>\n<li>Humedad (sin condensaci\u00f3n): 0 \u2013 96%<\/li>\n<li><\/li>\n<li>Contenido del paquete:<\/li>\n<li>Cable HDMI de Alta Velocidad<\/li>\n<\/ul>\n<\/div>\n<\/div>\n","protected":false},"excerpt":{"rendered":"<p>Informaci\u00f3n general Un Cable de Alta Velocidad ofrece un desempe\u00f1o en Alta Definici\u00f3n HDMI se ha convertido en el est\u00e1ndar digital para conexiones de Audio y V\u00eddeo de Alta Calidad sobre un solo cable. Los Cables HDMI de Alta Velocidad MANHATTAN est\u00e1n dise\u00f1ados y cuidadosamente&hellip;<\/p>\n","protected":false},"featured_media":4487,"comment_status":"open","ping_status":"closed","template":"","meta":{"om_disable_all_campaigns":false,"_monsterinsights_skip_tracking":false,"_monsterinsights_sitenote_active":false,"_monsterinsights_sitenote_note":"","_monsterinsights_sitenote_category":0},"product_brand":[],"product_cat":[355],"product_tag":[343,341,339,346,347,350,348,179,344,349,340,351,345,352,342],"class_list":{"0":"post-4488","1":"product","2":"type-product","3":"status-publish","4":"has-post-thumbnail","6":"product_cat-hdmi","7":"product_tag-antiincendio","8":"product_tag-cable-anti-incendio","9":"product_tag-cables-estructurado","10":"product_tag-canaletas","11":"product_tag-charolas","12":"product_tag-conectores","13":"product_tag-fibra-optica","14":"product_tag-gabinetes","15":"product_tag-hdmi","16":"product_tag-jacks","17":"product_tag-patch-cord","18":"product_tag-racks","19":"product_tag-siameses","20":"product_tag-tierra-fisica","21":"product_tag-utp","23":"first","24":"instock","25":"sale","26":"taxable","27":"shipping-taxable","28":"purchasable","29":"product-type-simple"},"aioseo_notices":[],"_links":{"self":[{"href":"https:\/\/tecsecmty.com\/index.php\/wp-json\/wp\/v2\/product\/4488","targetHints":{"allow":["GET"]}}],"collection":[{"href":"https:\/\/tecsecmty.com\/index.php\/wp-json\/wp\/v2\/product"}],"about":[{"href":"https:\/\/tecsecmty.com\/index.php\/wp-json\/wp\/v2\/types\/product"}],"replies":[{"embeddable":true,"href":"https:\/\/tecsecmty.com\/index.php\/wp-json\/wp\/v2\/comments?post=4488"}],"version-history":[{"count":0,"href":"https:\/\/tecsecmty.com\/index.php\/wp-json\/wp\/v2\/product\/4488\/revisions"}],"wp:featuredmedia":[{"embeddable":true,"href":"https:\/\/tecsecmty.com\/index.php\/wp-json\/wp\/v2\/media\/4487"}],"wp:attachment":[{"href":"https:\/\/tecsecmty.com\/index.php\/wp-json\/wp\/v2\/media?parent=4488"}],"wp:term":[{"taxonomy":"product_brand","embeddable":true,"href":"https:\/\/tecsecmty.com\/index.php\/wp-json\/wp\/v2\/product_brand?post=4488"},{"taxonomy":"product_cat","embeddable":true,"href":"https:\/\/tecsecmty.com\/index.php\/wp-json\/wp\/v2\/product_cat?post=4488"},{"taxonomy":"product_tag","embeddable":true,"href":"https:\/\/tecsecmty.com\/index.php\/wp-json\/wp\/v2\/product_tag?post=4488"}],"curies":[{"name":"wp","href":"https:\/\/api.w.org\/{rel}","templated":true}]}}