{"id":4490,"date":"2023-02-23T01:33:03","date_gmt":"2023-02-23T07:33:03","guid":{"rendered":"https:\/\/tecsecmty.com\/index.php\/producto\/manhattan-311731-cable-de-1-8-metros-para-monitor-svga-hd-15-macho-a-hd-15-macho-color-negro\/"},"modified":"2023-03-22T23:23:39","modified_gmt":"2023-03-23T05:23:39","slug":"manhattan-311731-cable-de-1-8-metros-para-monitor-svga-hd-15-macho-a-hd-15-macho-color-negro","status":"publish","type":"product","link":"https:\/\/tecsecmty.com\/index.php\/producto\/manhattan-311731-cable-de-1-8-metros-para-monitor-svga-hd-15-macho-a-hd-15-macho-color-negro\/","title":{"rendered":"MANHATTAN 311731 &#8211; Cable de 1.8 Metros Para Monitor SVGA\/ HD 15 Macho a HD 15 Macho\/ Color Negro\/"},"content":{"rendered":"<h5 class=\"card-title text-center\">Caracter\u00edsticas T\u00e9cnicas<\/h5>\n<ul>\n<li>HD 15 macho a HD 15 macho<\/li>\n<li>Conecta fuentes SVGA a monitores SVGA, Resoluci\u00f3n 1360 x 768<\/li>\n<li>Completamente blindado para reducir la interferencia EMI para transmisiones de v\u00eddeo mejoradas<\/li>\n<\/ul>\n<hr \/>\n<p>&nbsp;<\/p>\n<p>&nbsp;<\/p>\n<p><img decoding=\"async\" class=\"overview-center-img-web\" src=\"https:\/\/tvc.mx\/media\/469644\/CABLE-MONITOR-SVGA-8MM-HD15M-M-1.8M.png\" alt=\"\" \/><\/p>\n","protected":false},"excerpt":{"rendered":"<p>Caracter\u00edsticas T\u00e9cnicas HD 15 macho a HD 15 macho Conecta fuentes SVGA a monitores SVGA, Resoluci\u00f3n 1360 x 768 Completamente blindado para reducir la interferencia EMI para transmisiones de v\u00eddeo mejoradas &nbsp; &nbsp;<\/p>\n","protected":false},"featured_media":4489,"comment_status":"open","ping_status":"closed","template":"","meta":{"om_disable_all_campaigns":false,"_monsterinsights_skip_tracking":false,"_monsterinsights_sitenote_active":false,"_monsterinsights_sitenote_note":"","_monsterinsights_sitenote_category":0},"product_brand":[],"product_cat":[355],"product_tag":[343,341,339,346,347,350,348,179,344,349,340,351,345,352,342],"class_list":{"0":"post-4490","1":"product","2":"type-product","3":"status-publish","4":"has-post-thumbnail","6":"product_cat-hdmi","7":"product_tag-antiincendio","8":"product_tag-cable-anti-incendio","9":"product_tag-cables-estructurado","10":"product_tag-canaletas","11":"product_tag-charolas","12":"product_tag-conectores","13":"product_tag-fibra-optica","14":"product_tag-gabinetes","15":"product_tag-hdmi","16":"product_tag-jacks","17":"product_tag-patch-cord","18":"product_tag-racks","19":"product_tag-siameses","20":"product_tag-tierra-fisica","21":"product_tag-utp","23":"first","24":"instock","25":"sale","26":"taxable","27":"shipping-taxable","28":"purchasable","29":"product-type-simple"},"aioseo_notices":[],"_links":{"self":[{"href":"https:\/\/tecsecmty.com\/index.php\/wp-json\/wp\/v2\/product\/4490","targetHints":{"allow":["GET"]}}],"collection":[{"href":"https:\/\/tecsecmty.com\/index.php\/wp-json\/wp\/v2\/product"}],"about":[{"href":"https:\/\/tecsecmty.com\/index.php\/wp-json\/wp\/v2\/types\/product"}],"replies":[{"embeddable":true,"href":"https:\/\/tecsecmty.com\/index.php\/wp-json\/wp\/v2\/comments?post=4490"}],"version-history":[{"count":0,"href":"https:\/\/tecsecmty.com\/index.php\/wp-json\/wp\/v2\/product\/4490\/revisions"}],"wp:featuredmedia":[{"embeddable":true,"href":"https:\/\/tecsecmty.com\/index.php\/wp-json\/wp\/v2\/media\/4489"}],"wp:attachment":[{"href":"https:\/\/tecsecmty.com\/index.php\/wp-json\/wp\/v2\/media?parent=4490"}],"wp:term":[{"taxonomy":"product_brand","embeddable":true,"href":"https:\/\/tecsecmty.com\/index.php\/wp-json\/wp\/v2\/product_brand?post=4490"},{"taxonomy":"product_cat","embeddable":true,"href":"https:\/\/tecsecmty.com\/index.php\/wp-json\/wp\/v2\/product_cat?post=4490"},{"taxonomy":"product_tag","embeddable":true,"href":"https:\/\/tecsecmty.com\/index.php\/wp-json\/wp\/v2\/product_tag?post=4490"}],"curies":[{"name":"wp","href":"https:\/\/api.w.org\/{rel}","templated":true}]}}