{"id":4494,"date":"2023-02-23T01:33:06","date_gmt":"2023-02-23T07:33:06","guid":{"rendered":"https:\/\/tecsecmty.com\/index.php\/producto\/manhattan-323215-cable-hdmi-de-alta-velocidad-de-2-metros-resolucion-4k30hz-soporta-3d-y-canal-de-ethernet-de-100-mbps-soporta-canal-de-retorno-de-audio-arc-blindado-para-reducir-interferencia\/"},"modified":"2023-03-22T23:23:39","modified_gmt":"2023-03-23T05:23:39","slug":"manhattan-323215-cable-hdmi-de-alta-velocidad-de-2-metros-resolucion-4k30hz-soporta-3d-y-canal-de-ethernet-de-100-mbps-soporta-canal-de-retorno-de-audio-arc-blindado-para-reducir-interferencia","status":"publish","type":"product","link":"https:\/\/tecsecmty.com\/index.php\/producto\/manhattan-323215-cable-hdmi-de-alta-velocidad-de-2-metros-resolucion-4k30hz-soporta-3d-y-canal-de-ethernet-de-100-mbps-soporta-canal-de-retorno-de-audio-arc-blindado-para-reducir-interferencia\/","title":{"rendered":"MANHATTAN 323215- Cable HDMI de Alta Velocidad de 2 Metros\/ Resoluci\u00f3n 4k@30Hz\/ Soporta 3D y Canal de Ethernet de 100 Mbps\/ Soporta Canal de Retorno de Audio (ARC)\/ Blindado para Reducir Interferencia\/"},"content":{"rendered":"<div class=\"row aling-items-center padding-bottom-2x\">\n<div class=\"col-lg-12\">\n<h5 class=\"card-title text-center\">Informaci\u00f3n general<\/h5>\n<ul>\n<li>Los Cables de Alta Velocidad entregan un desempe\u00f1o de alta definici\u00f3n HDMI se ha convertido en el est\u00e1ndar digital de conexiones, entregando la m\u00e1s alta calidad en se\u00f1ales de audio y v\u00eddeo sobre un mismo cable. Los Cables HDMI de Alta Velocidad MANHATTAN est\u00e1n dise\u00f1ados y cuidadosamente construidos para cumplir las necesidades actuales del mercado de la alta definici\u00f3n. Los Cables HDMI de Alta Velocidad proporcionan la m\u00e1xima resoluci\u00f3n posible con canales de audio de 4K x 2K y un canal de audio de retorno, un ancho de banda de 10.2 Gbps a 340 MHz. Estos cables de alta calidad proporcionan una alta definici\u00f3n en v\u00eddeo y audio multicanal con caracter\u00edsticas de desempe\u00f1o mejorado, una alta exactitud y caracter\u00edsticas expandidas, incluyendo interconectividad a Internet para el hogar.\u00a0Soporta HDMI con Canal Ethernet, Canal de Audio de Retorno, V\u00eddeo en 3D, Display 4K y Color Profundo<\/li>\n<li>Ethernet de Alta Velocidad, tasa de transferencia de red de hasta 100 Mbps<\/li>\n<li>La funci\u00f3n ARC permite a la TV por HDMI enviar el sonido a un sistema de audio; no es necesario un cable adicional para ello<\/li>\n<li>La resoluci\u00f3n 4K@30Hz soporta 1080p y m\u00e1s; hasta 1080p en 3D con Color Profundo<\/li>\n<li>Compatible con cualquier dispositivo HDMI, como Blu-ray, consolas de juego, est\u00e9reos y PCs<\/li>\n<li>Cumple con las especificaciones de HDMI de Alta Velocidad<\/li>\n<li>Hasta 10.2 Gbps con un ancho de banda de 340 MHz<\/li>\n<li>Doble blindaje para reducir EMI y otras fuentes de interferencia<\/li>\n<li>Terminales moldeadas en PVC<\/li>\n<\/ul>\n<p><img decoding=\"async\" class=\"overview-center-img-web\" src=\"https:\/\/tvc.mx\/media\/145774\/Manhattan-323215-cable-hdmi-de-alta-velocidad.jpg\" alt=\"\" \/><\/div>\n<\/div>\n<div class=\"row align-items-center padding-bottom-2x\">\n<div class=\"col-md-5 order-md-2\"><img decoding=\"async\" class=\"d-block m-auto img-thumbnail\" src=\"https:\/\/tvc.mx\/media\/145778\/Manhattan-308816-HDMI-macho-a-macho-ARC-3D-4K%4030Hz-blindado-negro-1m%281%29.jpg\" alt=\" \" \/><\/div>\n<div class=\"col-md-7 order-md-1 text-md-left text-center\">\n<h2>Caracter\u00edsticas<\/h2>\n<p class=\"text-muted\">\n<h1><strong>Cable HDMI de Alta Velocidad con Canal Ethernet<\/strong><\/h1>\n<h3><strong>HEC, ARC, 3D, 4K@30Hz, HDMI Macho a Macho, Blindado, Negro, 2 m (6.6ft.)<\/strong><\/h3>\n<p><strong>N\u00famero de modelo<\/strong>: 323215<\/p>\n<h4><strong>Highlights<\/strong><\/h4>\n<ul>\n<li>Soporta HDMIcon Canal Ethernet, Canal de Audio de Retorno, V\u00eddeo en 3D, Display 4K y Color Profundo<\/li>\n<li>Ethernet de Alta Velocidad, tasa de transferencia de red de hasta 100 Mbps<\/li>\n<li>La funci\u00f3n ARC permite a la TV por HDMI enviar el sonido a un sistema de audio; no es necesario un cable adicional para ello<\/li>\n<\/ul>\n<h1><\/h1>\n<p>&nbsp;<\/p>\n<\/div>\n<\/div>\n<hr class=\"padding-bottom-2x\" \/>\n<div class=\"row align-items-center padding-bottom-2x\">\n<div class=\"col-md-5 order-md-2\"><img decoding=\"async\" class=\"d-block m-auto img-thumbnail\" src=\"https:\/\/tvc.mx\/media\/145782\/Manhattan-308816-HDMI-macho-a-macho-ARC-3D-4K%4030Hz-blindado-negro-1m-%282%29.jpg\" alt=\" \" \/><\/div>\n<div class=\"col-md-7 order-md-1 text-md-left text-center\">\n<h2>Especificaciones<\/h2>\n<p class=\"text-muted\">\n<ul>\n<li>Est\u00e1ndares y certificaciones:<\/li>\n<li>ISO9002<\/li>\n<li><\/li>\n<li>General<\/li>\n<li>Ancho de banda: 10.2 Gbps<\/li>\n<li>340 MHz<\/li>\n<li>Soporta HEC<\/li>\n<li>Cumple o excede los est\u00e1ndares actuales de HDMI<\/li>\n<li>Longitud: 2 m (6.6 ft.)<\/li>\n<li><\/li>\n<li>Conectores:<\/li>\n<li>2 HDMI de 19 pines, macho<\/li>\n<li>Contactos con ba\u00f1o de n\u00edquel<\/li>\n<li>Terminales moldeadas en PVC<\/li>\n<li>Blindado, aluminio y trenzado<\/li>\n<li>Calibre 30 AWG<\/li>\n<li><\/li>\n<li>El\u00e9ctrico:<\/li>\n<li>Corriente promedio: 0.5 A DC<\/li>\n<li>Voltaje de ruptura: 300 V DC<\/li>\n<li>Resistencia de aislamiento: 50 MOhms<\/li>\n<li>Resistencia de conductividad: 2 Ohms<\/li>\n<li>Forro de pl\u00e1stico t\u00e9rmico<\/li>\n<li><\/li>\n<li>Contenido del paquete:<\/li>\n<li>Cable HDMI de Alta Velocidad con Canal Ethernet<\/li>\n<\/ul>\n<\/div>\n<\/div>\n","protected":false},"excerpt":{"rendered":"<p>Informaci\u00f3n general Los Cables de Alta Velocidad entregan un desempe\u00f1o de alta definici\u00f3n HDMI se ha convertido en el est\u00e1ndar digital de conexiones, entregando la m\u00e1s alta calidad en se\u00f1ales de audio y v\u00eddeo sobre un mismo cable. Los Cables HDMI de Alta Velocidad MANHATTAN&hellip;<\/p>\n","protected":false},"featured_media":4493,"comment_status":"open","ping_status":"closed","template":"","meta":{"om_disable_all_campaigns":false,"_monsterinsights_skip_tracking":false,"_monsterinsights_sitenote_active":false,"_monsterinsights_sitenote_note":"","_monsterinsights_sitenote_category":0},"product_brand":[],"product_cat":[355],"product_tag":[343,341,339,346,347,350,348,179,344,349,340,351,345,352,342],"class_list":{"0":"post-4494","1":"product","2":"type-product","3":"status-publish","4":"has-post-thumbnail","6":"product_cat-hdmi","7":"product_tag-antiincendio","8":"product_tag-cable-anti-incendio","9":"product_tag-cables-estructurado","10":"product_tag-canaletas","11":"product_tag-charolas","12":"product_tag-conectores","13":"product_tag-fibra-optica","14":"product_tag-gabinetes","15":"product_tag-hdmi","16":"product_tag-jacks","17":"product_tag-patch-cord","18":"product_tag-racks","19":"product_tag-siameses","20":"product_tag-tierra-fisica","21":"product_tag-utp","23":"first","24":"instock","25":"sale","26":"taxable","27":"shipping-taxable","28":"purchasable","29":"product-type-simple"},"aioseo_notices":[],"_links":{"self":[{"href":"https:\/\/tecsecmty.com\/index.php\/wp-json\/wp\/v2\/product\/4494","targetHints":{"allow":["GET"]}}],"collection":[{"href":"https:\/\/tecsecmty.com\/index.php\/wp-json\/wp\/v2\/product"}],"about":[{"href":"https:\/\/tecsecmty.com\/index.php\/wp-json\/wp\/v2\/types\/product"}],"replies":[{"embeddable":true,"href":"https:\/\/tecsecmty.com\/index.php\/wp-json\/wp\/v2\/comments?post=4494"}],"version-history":[{"count":0,"href":"https:\/\/tecsecmty.com\/index.php\/wp-json\/wp\/v2\/product\/4494\/revisions"}],"wp:featuredmedia":[{"embeddable":true,"href":"https:\/\/tecsecmty.com\/index.php\/wp-json\/wp\/v2\/media\/4493"}],"wp:attachment":[{"href":"https:\/\/tecsecmty.com\/index.php\/wp-json\/wp\/v2\/media?parent=4494"}],"wp:term":[{"taxonomy":"product_brand","embeddable":true,"href":"https:\/\/tecsecmty.com\/index.php\/wp-json\/wp\/v2\/product_brand?post=4494"},{"taxonomy":"product_cat","embeddable":true,"href":"https:\/\/tecsecmty.com\/index.php\/wp-json\/wp\/v2\/product_cat?post=4494"},{"taxonomy":"product_tag","embeddable":true,"href":"https:\/\/tecsecmty.com\/index.php\/wp-json\/wp\/v2\/product_tag?post=4494"}],"curies":[{"name":"wp","href":"https:\/\/api.w.org\/{rel}","templated":true}]}}