{"id":4500,"date":"2023-02-23T01:33:12","date_gmt":"2023-02-23T07:33:12","guid":{"rendered":"https:\/\/tecsecmty.com\/index.php\/producto\/manhattan-323260-cable-hdmi-de-alta-velocidad-de-15-metros-resolucion-4k30hz-soprota-3d-y-canal-de-ethernet-de-100-mbps-hdmi-macho-a-macho-soporta-canal-de-retorno-de-audio-arc-blindado-par\/"},"modified":"2023-03-22T23:23:40","modified_gmt":"2023-03-23T05:23:40","slug":"manhattan-323260-cable-hdmi-de-alta-velocidad-de-15-metros-resolucion-4k30hz-soprota-3d-y-canal-de-ethernet-de-100-mbps-hdmi-macho-a-macho-soporta-canal-de-retorno-de-audio-arc-blindado-par","status":"publish","type":"product","link":"https:\/\/tecsecmty.com\/index.php\/producto\/manhattan-323260-cable-hdmi-de-alta-velocidad-de-15-metros-resolucion-4k30hz-soprota-3d-y-canal-de-ethernet-de-100-mbps-hdmi-macho-a-macho-soporta-canal-de-retorno-de-audio-arc-blindado-par\/","title":{"rendered":"MANHATTAN 323260 &#8211; Cable HDMI de Alta Velocidad de 15 Metros \/ Resoluci\u00f3n 4k@30Hz\/ Soprota 3D y Canal de Ethernet de 100 Mbps\/ HDMI Macho a Macho\/ Soporta Canal de Retorno de Audio (ARC)\/ Blindado para Reducir Interferencia\/"},"content":{"rendered":"<div class=\"row aling-items-center padding-bottom-2x\">\n<div class=\"col-lg-12\">\n<h5 class=\"card-title text-center\">Informaci\u00f3n General<\/h5>\n<p>Los Cables de Alta Velocidad entregan un desempe\u00f1o de alta definici\u00f3n. HDMI se ha convertido en el est\u00e1ndar digital de conexiones, entregando la m\u00e1s alta calidad en se\u00f1ales de audio y v\u00eddeo sobre un mismo cable. Est\u00e1n dise\u00f1ados y cuidadosamente construidos para cumplir las necesidades actuales del mercado de la alta definici\u00f3n. Adem\u00e1s proporcionan la m\u00e1xima resoluci\u00f3n posible con canales de audio de 4K x 2K y un canal de audio de retorno, un ancho de banda de 10.2 Gbps a 340 MHz. Estos cables de alta calidad proporcionan una alta definici\u00f3n en v\u00eddeo y audio multicanal con caracter\u00edsticas de desempe\u00f1o mejorado, una alta exactitud y caracter\u00edsticas expandidas, incluyendo interconectividad a Internet para el hogar.<\/p>\n<ul>\n<li>Soporta HDMI con Canal Ethernet, Canal de Audio de Retorno, V\u00eddeo en 3D, Display 4K y Color Profundo<\/li>\n<li>Ethernet de Alta Velocidad, tasas de transferencia de red bidireccional de hasta 100 Mbps<\/li>\n<li>La funci\u00f3n ARC permite a la TV por HDMI enviar el sonido a un sistema de audio; no es necesario un cable adicional para ello<\/li>\n<li>La resoluci\u00f3n 4K@30Hz soporta 1080p y m\u00e1s; hasta 1080p en 3D con Color Profundo<\/li>\n<li>Compatible con cualquier dispositivo HDMI, como Blu-ray, consolas de juego, est\u00e9reos y PC&#8217;s<\/li>\n<li>Cumple con las especificaciones de HDMI de Alta Velocidad<\/li>\n<li>Hasta 10.2 Gbps con un ancho de banda de 340 MHz<\/li>\n<li>Completamente blindado para reducir EMI y otras fuentes de interferencia<\/li>\n<li>Moldeado en PVC<\/li>\n<\/ul>\n<p><img decoding=\"async\" class=\"overview-center-img-web\" src=\"https:\/\/tvc.mx\/media\/269491\/Cable-HDMI-De-Alta-Velocidad-Blindado-15-metros-Manhattan-323260-2.png\" alt=\"\" \/><\/div>\n<\/div>\n<div class=\"row aling-items-center padding-bottom-2x\">\n<div class=\"col-lg-12\">\n<h5 class=\"card-title text-center\">Caracter\u00edsticas Principales<\/h5>\n<p><strong>Est\u00e1ndares y certificaciones:<\/strong><\/p>\n<ul>\n<li>UL 20276<\/li>\n<li>ISO 9002<\/li>\n<\/ul>\n<p><strong>General<\/strong><\/p>\n<ul>\n<li>Ancho de banda: 10.2 Gbps<\/li>\n<li>340 MHz<\/li>\n<li>Soporta HEC<\/li>\n<li>Cumple o excede con los est\u00e1ndares actuales de HDMI<\/li>\n<li>Longitud: 15 m<\/li>\n<\/ul>\n<p><strong>Conectores:<\/strong><\/p>\n<ul>\n<li>2 HDMI de 19 pines, macho<\/li>\n<li>Contactos con ba\u00f1o de n\u00edquel<\/li>\n<li>Terminales moldeadas en PVC<\/li>\n<li>Blindado, aluminio y trenzado<\/li>\n<li>Calibre 26 AWG<\/li>\n<\/ul>\n<p><strong>El\u00e9ctrico:<\/strong><\/p>\n<ul>\n<li>Corriente promedio: 0.5 A DC<\/li>\n<li>Voltaje de ruptura: 300 V DC<\/li>\n<li>Resistencia de aislamiento: 50 MOhms<\/li>\n<li>Resistencia de conductividad: 2 Ohms<\/li>\n<li>Forro de pl\u00e1stico t\u00e9rmico<\/li>\n<\/ul>\n<p><strong>Contenido del paquete:<\/strong><\/p>\n<ul>\n<li>Cable HDMI de Alta Velocidad con Canal Ethernet<\/li>\n<\/ul>\n<p><strong>Especificaciones F\u00edsicas<\/strong><\/p>\n<ul>\n<li>Peso: 1.5 kg<\/li>\n<li>Dimensiones: 15 m<\/li>\n<li>Embalaje: Bolsa<\/li>\n<\/ul>\n<\/div>\n<\/div>\n","protected":false},"excerpt":{"rendered":"<p>Informaci\u00f3n General Los Cables de Alta Velocidad entregan un desempe\u00f1o de alta definici\u00f3n. HDMI se ha convertido en el est\u00e1ndar digital de conexiones, entregando la m\u00e1s alta calidad en se\u00f1ales de audio y v\u00eddeo sobre un mismo cable. Est\u00e1n dise\u00f1ados y cuidadosamente construidos para cumplir&hellip;<\/p>\n","protected":false},"featured_media":4499,"comment_status":"open","ping_status":"closed","template":"","meta":{"om_disable_all_campaigns":false,"_monsterinsights_skip_tracking":false,"_monsterinsights_sitenote_active":false,"_monsterinsights_sitenote_note":"","_monsterinsights_sitenote_category":0},"product_brand":[],"product_cat":[355],"product_tag":[343,341,339,346,347,350,348,179,344,349,340,351,345,352,342],"class_list":{"0":"post-4500","1":"product","2":"type-product","3":"status-publish","4":"has-post-thumbnail","6":"product_cat-hdmi","7":"product_tag-antiincendio","8":"product_tag-cable-anti-incendio","9":"product_tag-cables-estructurado","10":"product_tag-canaletas","11":"product_tag-charolas","12":"product_tag-conectores","13":"product_tag-fibra-optica","14":"product_tag-gabinetes","15":"product_tag-hdmi","16":"product_tag-jacks","17":"product_tag-patch-cord","18":"product_tag-racks","19":"product_tag-siameses","20":"product_tag-tierra-fisica","21":"product_tag-utp","23":"first","24":"instock","25":"sale","26":"taxable","27":"shipping-taxable","28":"purchasable","29":"product-type-simple"},"aioseo_notices":[],"_links":{"self":[{"href":"https:\/\/tecsecmty.com\/index.php\/wp-json\/wp\/v2\/product\/4500","targetHints":{"allow":["GET"]}}],"collection":[{"href":"https:\/\/tecsecmty.com\/index.php\/wp-json\/wp\/v2\/product"}],"about":[{"href":"https:\/\/tecsecmty.com\/index.php\/wp-json\/wp\/v2\/types\/product"}],"replies":[{"embeddable":true,"href":"https:\/\/tecsecmty.com\/index.php\/wp-json\/wp\/v2\/comments?post=4500"}],"version-history":[{"count":0,"href":"https:\/\/tecsecmty.com\/index.php\/wp-json\/wp\/v2\/product\/4500\/revisions"}],"wp:featuredmedia":[{"embeddable":true,"href":"https:\/\/tecsecmty.com\/index.php\/wp-json\/wp\/v2\/media\/4499"}],"wp:attachment":[{"href":"https:\/\/tecsecmty.com\/index.php\/wp-json\/wp\/v2\/media?parent=4500"}],"wp:term":[{"taxonomy":"product_brand","embeddable":true,"href":"https:\/\/tecsecmty.com\/index.php\/wp-json\/wp\/v2\/product_brand?post=4500"},{"taxonomy":"product_cat","embeddable":true,"href":"https:\/\/tecsecmty.com\/index.php\/wp-json\/wp\/v2\/product_cat?post=4500"},{"taxonomy":"product_tag","embeddable":true,"href":"https:\/\/tecsecmty.com\/index.php\/wp-json\/wp\/v2\/product_tag?post=4500"}],"curies":[{"name":"wp","href":"https:\/\/api.w.org\/{rel}","templated":true}]}}