{"id":4508,"date":"2023-02-23T01:33:18","date_gmt":"2023-02-23T07:33:18","guid":{"rendered":"https:\/\/tecsecmty.com\/index.php\/producto\/manhattan-372978-cable-de-7-5-metros-para-monitor-svga-hd-15-macho-a-hd-15-macho-color-negro\/"},"modified":"2023-03-22T23:23:40","modified_gmt":"2023-03-23T05:23:40","slug":"manhattan-372978-cable-de-7-5-metros-para-monitor-svga-hd-15-macho-a-hd-15-macho-color-negro","status":"publish","type":"product","link":"https:\/\/tecsecmty.com\/index.php\/producto\/manhattan-372978-cable-de-7-5-metros-para-monitor-svga-hd-15-macho-a-hd-15-macho-color-negro\/","title":{"rendered":"MANHATTAN 372978 &#8211; Cable de 7.5 Metros Para Monitor SVGA\/ HD 15 Macho a HD 15 Macho\/ Color Negro\/"},"content":{"rendered":"<h5 class=\"card-title text-center\">Caracter\u00edsticas Principales<\/h5>\n<p>Conexiones confiables para proporcionar se\u00f1ales de alta calidad<\/p>\n<p>Los Cables SVGA MANHATTAN extienden las conexiones entre un monitor y la computadora. Ideal para usarse con v\u00eddeo splitters, switches KVM y monitores con puerto HD15, computadoras o dispositivos,<\/p>\n<p>Los Cables SVGA MANHATTAN son dise\u00f1ados y construidos con materiales de calidad para entregar transmisiones confiables en aplicaciones de v\u00eddeo. Completamente blindados con materiales anti tensi\u00f3n y con cables mini coaxial (RGB) y par de v\u00eddeo que ayudan a maximizar la conductividad y proporcionar im\u00e1genes claras, n\u00edtidas y con reducci\u00f3n de interferencias, tales como EMI y distorsi\u00f3n sobre distancias extensas<\/p>\n<p>HD15 macho a HD15 macho<\/p>\n<p>Conecte cualquier computadora con puerto HD15 a un dispositivo HD15,<\/p>\n<p>Resoluci\u00f3n 1360 x 768<\/p>\n<p>Completamente blindado para reducir la interferencia EMI para transmisiones de v\u00eddeo mejoradas<\/p>\n<p>Moldeado en PVC con anti tensi\u00f3n<\/p>\n<p>Garant\u00eda de por vida<\/p>\n<p>Especificaciones:<\/p>\n<p>Est\u00e1ndares y certificaciones:<\/p>\n<p>\u2022 UL 2919 Contactos:<\/p>\n<p>\u2022 2 HD15 macho<\/p>\n<p>\u2022 Con ba\u00f1o de n\u00edquel<\/p>\n<p>\u2022 Arranque Moldeado en PVC<\/p>\n<p>\u2022 Con anti tensi\u00f3n<\/p>\n<p><img decoding=\"async\" class=\"overview-center-img-web\" src=\"https:\/\/tvc.mx\/media\/469552\/CABLE-MONITOR-SVGA-8MM-HD15M-M-7.5M.png\" alt=\"\" \/><\/p>\n","protected":false},"excerpt":{"rendered":"<p>Caracter\u00edsticas Principales Conexiones confiables para proporcionar se\u00f1ales de alta calidad Los Cables SVGA MANHATTAN extienden las conexiones entre un monitor y la computadora. Ideal para usarse con v\u00eddeo splitters, switches KVM y monitores con puerto HD15, computadoras o dispositivos, Los Cables SVGA MANHATTAN son dise\u00f1ados&hellip;<\/p>\n","protected":false},"featured_media":4507,"comment_status":"open","ping_status":"closed","template":"","meta":{"om_disable_all_campaigns":false,"_monsterinsights_skip_tracking":false,"_monsterinsights_sitenote_active":false,"_monsterinsights_sitenote_note":"","_monsterinsights_sitenote_category":0},"product_brand":[],"product_cat":[355],"product_tag":[343,341,339,346,347,350,348,179,344,349,340,351,345,352,342],"class_list":{"0":"post-4508","1":"product","2":"type-product","3":"status-publish","4":"has-post-thumbnail","6":"product_cat-hdmi","7":"product_tag-antiincendio","8":"product_tag-cable-anti-incendio","9":"product_tag-cables-estructurado","10":"product_tag-canaletas","11":"product_tag-charolas","12":"product_tag-conectores","13":"product_tag-fibra-optica","14":"product_tag-gabinetes","15":"product_tag-hdmi","16":"product_tag-jacks","17":"product_tag-patch-cord","18":"product_tag-racks","19":"product_tag-siameses","20":"product_tag-tierra-fisica","21":"product_tag-utp","23":"first","24":"instock","25":"sale","26":"taxable","27":"shipping-taxable","28":"purchasable","29":"product-type-simple"},"aioseo_notices":[],"_links":{"self":[{"href":"https:\/\/tecsecmty.com\/index.php\/wp-json\/wp\/v2\/product\/4508","targetHints":{"allow":["GET"]}}],"collection":[{"href":"https:\/\/tecsecmty.com\/index.php\/wp-json\/wp\/v2\/product"}],"about":[{"href":"https:\/\/tecsecmty.com\/index.php\/wp-json\/wp\/v2\/types\/product"}],"replies":[{"embeddable":true,"href":"https:\/\/tecsecmty.com\/index.php\/wp-json\/wp\/v2\/comments?post=4508"}],"version-history":[{"count":0,"href":"https:\/\/tecsecmty.com\/index.php\/wp-json\/wp\/v2\/product\/4508\/revisions"}],"wp:featuredmedia":[{"embeddable":true,"href":"https:\/\/tecsecmty.com\/index.php\/wp-json\/wp\/v2\/media\/4507"}],"wp:attachment":[{"href":"https:\/\/tecsecmty.com\/index.php\/wp-json\/wp\/v2\/media?parent=4508"}],"wp:term":[{"taxonomy":"product_brand","embeddable":true,"href":"https:\/\/tecsecmty.com\/index.php\/wp-json\/wp\/v2\/product_brand?post=4508"},{"taxonomy":"product_cat","embeddable":true,"href":"https:\/\/tecsecmty.com\/index.php\/wp-json\/wp\/v2\/product_cat?post=4508"},{"taxonomy":"product_tag","embeddable":true,"href":"https:\/\/tecsecmty.com\/index.php\/wp-json\/wp\/v2\/product_tag?post=4508"}],"curies":[{"name":"wp","href":"https:\/\/api.w.org\/{rel}","templated":true}]}}