{"id":4528,"date":"2023-02-23T01:33:40","date_gmt":"2023-02-23T07:33:40","guid":{"rendered":"https:\/\/tecsecmty.com\/index.php\/producto\/intellinet-318921-cable-patch-1-0m-3-0f-cat-5e-utp-gris\/"},"modified":"2023-03-22T23:23:33","modified_gmt":"2023-03-23T05:23:33","slug":"intellinet-318921-cable-patch-1-0m-3-0f-cat-5e-utp-gris","status":"publish","type":"product","link":"https:\/\/tecsecmty.com\/index.php\/producto\/intellinet-318921-cable-patch-1-0m-3-0f-cat-5e-utp-gris\/","title":{"rendered":"INTELLINET 318921 &#8211; CABLE PATCH \/ 1.0m( 3.0f) \/ Cat 5e \/ UTP GRIS"},"content":{"rendered":"<div class=\"row aling-items-center padding-bottom-2x\">\n<div class=\"col-lg-12\">\n<h5 class=\"card-title text-center\">Informaci\u00f3n General<\/h5>\n<p>Patch cord de intellinet, dise\u00f1ado para realizar conexiones entre equipos de telecomunicaciones, como: switch\u2019s, router\u2019s, etc.<\/p>\n<ul>\n<li>Contactos con ba\u00f1o de oro para una mejor conexi\u00f3n<\/li>\n<li>Cable con forro de PVC para darle flexibilidad y durabilidad<\/li>\n<li>Terminales con protecci\u00f3n para los conectores RJ45<\/li>\n<li>5 a\u00f1os de garant\u00eda<\/li>\n<\/ul>\n<p><img decoding=\"async\" class=\"overview-center-img-web\" src=\"https:\/\/tvc.mx\/media\/258435\/Cable-Patch-Cord-1-Metro-Cat-5e-UTP-Gris-Intellinet-318921-2.png\" alt=\"\" \/><\/div>\n<\/div>\n<div class=\"row aling-items-center padding-bottom-2x\">\n<div class=\"col-lg-12\">\n<h5 class=\"card-title text-center\">Informaci\u00f3n General<\/h5>\n<ul>\n<li>UTP color azul<\/li>\n<li>Ancho de banda certificado 350 MHz<\/li>\n<li>Aprobado por la norma EIA\/TIA<\/li>\n<li>4 Pares<\/li>\n<li>Conectores RJ45<\/li>\n<li>Peso: 0.04 kg<\/li>\n<li>Dimensiones: 1,0 m<\/li>\n<li>Embalaje: Bolsa<\/li>\n<\/ul>\n<\/div>\n<\/div>\n","protected":false},"excerpt":{"rendered":"<p>Informaci\u00f3n General Patch cord de intellinet, dise\u00f1ado para realizar conexiones entre equipos de telecomunicaciones, como: switch\u2019s, router\u2019s, etc. Contactos con ba\u00f1o de oro para una mejor conexi\u00f3n Cable con forro de PVC para darle flexibilidad y durabilidad Terminales con protecci\u00f3n para los conectores RJ45 5&hellip;<\/p>\n","protected":false},"featured_media":4527,"comment_status":"open","ping_status":"closed","template":"","meta":{"om_disable_all_campaigns":false,"_monsterinsights_skip_tracking":false,"_monsterinsights_sitenote_active":false,"_monsterinsights_sitenote_note":"","_monsterinsights_sitenote_category":0},"product_brand":[],"product_cat":[368],"product_tag":[343,341,339,346,347,350,348,179,344,349,340,351,345,352,342],"class_list":{"0":"post-4528","1":"product","2":"type-product","3":"status-publish","4":"has-post-thumbnail","6":"product_cat-patch-cord-cables-intellinet","7":"product_tag-antiincendio","8":"product_tag-cable-anti-incendio","9":"product_tag-cables-estructurado","10":"product_tag-canaletas","11":"product_tag-charolas","12":"product_tag-conectores","13":"product_tag-fibra-optica","14":"product_tag-gabinetes","15":"product_tag-hdmi","16":"product_tag-jacks","17":"product_tag-patch-cord","18":"product_tag-racks","19":"product_tag-siameses","20":"product_tag-tierra-fisica","21":"product_tag-utp","23":"first","24":"instock","25":"sale","26":"taxable","27":"shipping-taxable","28":"purchasable","29":"product-type-simple"},"aioseo_notices":[],"_links":{"self":[{"href":"https:\/\/tecsecmty.com\/index.php\/wp-json\/wp\/v2\/product\/4528","targetHints":{"allow":["GET"]}}],"collection":[{"href":"https:\/\/tecsecmty.com\/index.php\/wp-json\/wp\/v2\/product"}],"about":[{"href":"https:\/\/tecsecmty.com\/index.php\/wp-json\/wp\/v2\/types\/product"}],"replies":[{"embeddable":true,"href":"https:\/\/tecsecmty.com\/index.php\/wp-json\/wp\/v2\/comments?post=4528"}],"version-history":[{"count":0,"href":"https:\/\/tecsecmty.com\/index.php\/wp-json\/wp\/v2\/product\/4528\/revisions"}],"wp:featuredmedia":[{"embeddable":true,"href":"https:\/\/tecsecmty.com\/index.php\/wp-json\/wp\/v2\/media\/4527"}],"wp:attachment":[{"href":"https:\/\/tecsecmty.com\/index.php\/wp-json\/wp\/v2\/media?parent=4528"}],"wp:term":[{"taxonomy":"product_brand","embeddable":true,"href":"https:\/\/tecsecmty.com\/index.php\/wp-json\/wp\/v2\/product_brand?post=4528"},{"taxonomy":"product_cat","embeddable":true,"href":"https:\/\/tecsecmty.com\/index.php\/wp-json\/wp\/v2\/product_cat?post=4528"},{"taxonomy":"product_tag","embeddable":true,"href":"https:\/\/tecsecmty.com\/index.php\/wp-json\/wp\/v2\/product_tag?post=4528"}],"curies":[{"name":"wp","href":"https:\/\/api.w.org\/{rel}","templated":true}]}}