{"id":4560,"date":"2023-02-23T01:34:12","date_gmt":"2023-02-23T07:34:12","guid":{"rendered":"https:\/\/tecsecmty.com\/index.php\/producto\/saxxon-p5e2ug-cable-patch-cord-utp-2-metros-cat-5e-color-gris\/"},"modified":"2023-03-22T23:24:01","modified_gmt":"2023-03-23T05:24:01","slug":"saxxon-p5e2ug-cable-patch-cord-utp-2-metros-cat-5e-color-gris","status":"publish","type":"product","link":"https:\/\/tecsecmty.com\/index.php\/producto\/saxxon-p5e2ug-cable-patch-cord-utp-2-metros-cat-5e-color-gris\/","title":{"rendered":"SAXXON P5E2UG &#8211; Cable patch cord UTP 2 metros \/ CAT 5E \/ Color gris"},"content":{"rendered":"<h5 class=\"card-title text-center\">Caracter\u00edsticas Principales<\/h5>\n<p>Excede las caracter\u00edsticas de la norma ANSI\/TIA-568-C.2 para CAT.5E\/Clase D;\u00a0Desempe\u00f1o del canal garantizada para hasta 4 conexiones en canales de hasta 100 metros; Cubiertas termopl\u00e1sticas protectoras (\u00abboot\u00bb) para evitar desgaste del cable en movimientos en la conexi\u00f3n y que evitan la desconexi\u00f3n accidental en la estaci\u00f3n de trabajo. Esta cubierta protectora presenta el mismo dimensional del conector plug RJ-45, su estructura proporciona el trabamiento del plug y protecci\u00f3n contra enganche; Conectores RJ-45 con garras dobles que aseguran la conexi\u00f3n el\u00e9ctrica con los conductores del cable.<\/p>\n<p>Soporte a POE 802.3af y 802.3at<\/p>\n<p>Aplicaci\u00f3n Soporte IEEE 802.3, 1000 BASE T, 1000 BASE TX, EIA\/TIA-854, ANSI\/TIA-862, ATM, V\u00eddeo, Sistemas de Automatizaci\u00f3n Predial, y todos los protocolos LAN anteriores;<\/p>\n<p>Tipo de Cable U\/UTP Cat.5e<\/p>\n","protected":false},"excerpt":{"rendered":"<p>Caracter\u00edsticas Principales Excede las caracter\u00edsticas de la norma ANSI\/TIA-568-C.2 para CAT.5E\/Clase D;\u00a0Desempe\u00f1o del canal garantizada para hasta 4 conexiones en canales de hasta 100 metros; Cubiertas termopl\u00e1sticas protectoras (\u00abboot\u00bb) para evitar desgaste del cable en movimientos en la conexi\u00f3n y que evitan la desconexi\u00f3n accidental&hellip;<\/p>\n","protected":false},"featured_media":4559,"comment_status":"open","ping_status":"closed","template":"","meta":{"om_disable_all_campaigns":false,"_monsterinsights_skip_tracking":false,"_monsterinsights_sitenote_active":false,"_monsterinsights_sitenote_note":"","_monsterinsights_sitenote_category":0},"product_brand":[],"product_cat":[370],"product_tag":[343,341,339,346,347,350,348,179,344,349,340,351,345,352,342],"class_list":{"0":"post-4560","1":"product","2":"type-product","3":"status-publish","4":"has-post-thumbnail","6":"product_cat-patch-cord-cables-saxxon-cableado-estructurado","7":"product_tag-antiincendio","8":"product_tag-cable-anti-incendio","9":"product_tag-cables-estructurado","10":"product_tag-canaletas","11":"product_tag-charolas","12":"product_tag-conectores","13":"product_tag-fibra-optica","14":"product_tag-gabinetes","15":"product_tag-hdmi","16":"product_tag-jacks","17":"product_tag-patch-cord","18":"product_tag-racks","19":"product_tag-siameses","20":"product_tag-tierra-fisica","21":"product_tag-utp","23":"first","24":"instock","25":"sale","26":"taxable","27":"shipping-taxable","28":"purchasable","29":"product-type-simple"},"aioseo_notices":[],"_links":{"self":[{"href":"https:\/\/tecsecmty.com\/index.php\/wp-json\/wp\/v2\/product\/4560","targetHints":{"allow":["GET"]}}],"collection":[{"href":"https:\/\/tecsecmty.com\/index.php\/wp-json\/wp\/v2\/product"}],"about":[{"href":"https:\/\/tecsecmty.com\/index.php\/wp-json\/wp\/v2\/types\/product"}],"replies":[{"embeddable":true,"href":"https:\/\/tecsecmty.com\/index.php\/wp-json\/wp\/v2\/comments?post=4560"}],"version-history":[{"count":0,"href":"https:\/\/tecsecmty.com\/index.php\/wp-json\/wp\/v2\/product\/4560\/revisions"}],"wp:featuredmedia":[{"embeddable":true,"href":"https:\/\/tecsecmty.com\/index.php\/wp-json\/wp\/v2\/media\/4559"}],"wp:attachment":[{"href":"https:\/\/tecsecmty.com\/index.php\/wp-json\/wp\/v2\/media?parent=4560"}],"wp:term":[{"taxonomy":"product_brand","embeddable":true,"href":"https:\/\/tecsecmty.com\/index.php\/wp-json\/wp\/v2\/product_brand?post=4560"},{"taxonomy":"product_cat","embeddable":true,"href":"https:\/\/tecsecmty.com\/index.php\/wp-json\/wp\/v2\/product_cat?post=4560"},{"taxonomy":"product_tag","embeddable":true,"href":"https:\/\/tecsecmty.com\/index.php\/wp-json\/wp\/v2\/product_tag?post=4560"}],"curies":[{"name":"wp","href":"https:\/\/api.w.org\/{rel}","templated":true}]}}