{"id":4580,"date":"2023-02-23T01:34:37","date_gmt":"2023-02-23T07:34:37","guid":{"rendered":"https:\/\/tecsecmty.com\/index.php\/producto\/saxxon-p62ug-cable-patch-cord-utp-2-metros-cat-6-color-gris\/"},"modified":"2023-03-22T23:24:02","modified_gmt":"2023-03-23T05:24:02","slug":"saxxon-p62ug-cable-patch-cord-utp-2-metros-cat-6-color-gris","status":"publish","type":"product","link":"https:\/\/tecsecmty.com\/index.php\/producto\/saxxon-p62ug-cable-patch-cord-utp-2-metros-cat-6-color-gris\/","title":{"rendered":"SAXXON P62UG &#8211; Cable patch cord UTP 2 metros \/ CAT 6 \/ Color gris"},"content":{"rendered":"<h5 class=\"card-title text-center\">Caracter\u00edsticas Principales<\/h5>\n<p>Nuestro cable de par trenzado sin blindar (U\/UTP) categor\u00eda 6, ha sido dise\u00f1ado para la transmisi\u00f3n de datos, garantiza una operaci\u00f3n estable en la frecuencia de 500MHz o superior. Cumple con todas las normas el\u00e9ctricas y de telecomunicaciones pertinentes a nivel mundial, incluyendo ANSI\/TIA 568C.2 e ISO\/IEC 11801. Este cable consta de cuatro pares de hilos r\u00edgidos de cobre pulido calibre 26 AWG, combinado con un diel\u00e9ctrico de espuma de polietileno. El compuesto sin hal\u00f3geno de baja toxicidad (LSZH) le otorga a este cable una ventaja adicional. Este material se caracteriza por la baja emisi\u00f3n de humo, de gases t\u00f3xicos y corrosivos cuando se expone al fuego y facilita la segura evacuaci\u00f3n en caso de incendio, lo cual es fundamental cuando se trata de proteger la vida humana y el equipo durante un siniestro. Disponible en dos longitudes diferentes<\/p>\n<p><img decoding=\"async\" class=\"overview-center-img-web\" src=\"https:\/\/tvc.mx\/media\/473994\/Cable-patch-cord-UTP-2--metros-CAT-6-Color-gris-6.png\" alt=\"\" \/><\/p>\n","protected":false},"excerpt":{"rendered":"<p>Caracter\u00edsticas Principales Nuestro cable de par trenzado sin blindar (U\/UTP) categor\u00eda 6, ha sido dise\u00f1ado para la transmisi\u00f3n de datos, garantiza una operaci\u00f3n estable en la frecuencia de 500MHz o superior. Cumple con todas las normas el\u00e9ctricas y de telecomunicaciones pertinentes a nivel mundial, incluyendo&hellip;<\/p>\n","protected":false},"featured_media":4579,"comment_status":"open","ping_status":"closed","template":"","meta":{"om_disable_all_campaigns":false,"_monsterinsights_skip_tracking":false,"_monsterinsights_sitenote_active":false,"_monsterinsights_sitenote_note":"","_monsterinsights_sitenote_category":0},"product_brand":[],"product_cat":[370],"product_tag":[343,341,339,346,347,350,348,179,344,349,340,351,345,352,342],"class_list":{"0":"post-4580","1":"product","2":"type-product","3":"status-publish","4":"has-post-thumbnail","6":"product_cat-patch-cord-cables-saxxon-cableado-estructurado","7":"product_tag-antiincendio","8":"product_tag-cable-anti-incendio","9":"product_tag-cables-estructurado","10":"product_tag-canaletas","11":"product_tag-charolas","12":"product_tag-conectores","13":"product_tag-fibra-optica","14":"product_tag-gabinetes","15":"product_tag-hdmi","16":"product_tag-jacks","17":"product_tag-patch-cord","18":"product_tag-racks","19":"product_tag-siameses","20":"product_tag-tierra-fisica","21":"product_tag-utp","23":"first","24":"instock","25":"sale","26":"taxable","27":"shipping-taxable","28":"purchasable","29":"product-type-simple"},"aioseo_notices":[],"_links":{"self":[{"href":"https:\/\/tecsecmty.com\/index.php\/wp-json\/wp\/v2\/product\/4580","targetHints":{"allow":["GET"]}}],"collection":[{"href":"https:\/\/tecsecmty.com\/index.php\/wp-json\/wp\/v2\/product"}],"about":[{"href":"https:\/\/tecsecmty.com\/index.php\/wp-json\/wp\/v2\/types\/product"}],"replies":[{"embeddable":true,"href":"https:\/\/tecsecmty.com\/index.php\/wp-json\/wp\/v2\/comments?post=4580"}],"version-history":[{"count":0,"href":"https:\/\/tecsecmty.com\/index.php\/wp-json\/wp\/v2\/product\/4580\/revisions"}],"wp:featuredmedia":[{"embeddable":true,"href":"https:\/\/tecsecmty.com\/index.php\/wp-json\/wp\/v2\/media\/4579"}],"wp:attachment":[{"href":"https:\/\/tecsecmty.com\/index.php\/wp-json\/wp\/v2\/media?parent=4580"}],"wp:term":[{"taxonomy":"product_brand","embeddable":true,"href":"https:\/\/tecsecmty.com\/index.php\/wp-json\/wp\/v2\/product_brand?post=4580"},{"taxonomy":"product_cat","embeddable":true,"href":"https:\/\/tecsecmty.com\/index.php\/wp-json\/wp\/v2\/product_cat?post=4580"},{"taxonomy":"product_tag","embeddable":true,"href":"https:\/\/tecsecmty.com\/index.php\/wp-json\/wp\/v2\/product_tag?post=4580"}],"curies":[{"name":"wp","href":"https:\/\/api.w.org\/{rel}","templated":true}]}}