{"id":4586,"date":"2023-02-23T01:34:43","date_gmt":"2023-02-23T07:34:43","guid":{"rendered":"https:\/\/tecsecmty.com\/index.php\/producto\/saxxon-p63ug-cable-patch-cord-utp-3-metros-cat-6-color-gris\/"},"modified":"2023-03-22T23:24:03","modified_gmt":"2023-03-23T05:24:03","slug":"saxxon-p63ug-cable-patch-cord-utp-3-metros-cat-6-color-gris","status":"publish","type":"product","link":"https:\/\/tecsecmty.com\/index.php\/producto\/saxxon-p63ug-cable-patch-cord-utp-3-metros-cat-6-color-gris\/","title":{"rendered":"SAXXON P63UG- Cable patch cord UTP 3 Metros\/ CAT 6\/ Color gris"},"content":{"rendered":"<h5 class=\"card-title text-center\">Informaci\u00f3n General.<\/h5>\n<p>El patch cord consiste en el tendido de un cable UTP, en el interior de un edificio o SITE con el prop\u00f3sito de implantar una red de \u00e1rea local.<\/p>\n<p>Nuestro PATCH CORD ayuda a la infraestructura de cable destinada a transportar, a lo largo y ancho de un edificio, las se\u00f1ales que emite un emisor de alg\u00fan tipo de se\u00f1al hasta el correspondiente receptor.<\/p>\n<p><img decoding=\"async\" class=\"overview-center-img-web\" src=\"https:\/\/tvc.mx\/media\/35738\/banner.png\" alt=\"\" \/><\/p>\n","protected":false},"excerpt":{"rendered":"<p>Informaci\u00f3n General. El patch cord consiste en el tendido de un cable UTP, en el interior de un edificio o SITE con el prop\u00f3sito de implantar una red de \u00e1rea local. Nuestro PATCH CORD ayuda a la infraestructura de cable destinada a transportar, a lo&hellip;<\/p>\n","protected":false},"featured_media":4585,"comment_status":"open","ping_status":"closed","template":"","meta":{"om_disable_all_campaigns":false,"_monsterinsights_skip_tracking":false,"_monsterinsights_sitenote_active":false,"_monsterinsights_sitenote_note":"","_monsterinsights_sitenote_category":0},"product_brand":[],"product_cat":[370],"product_tag":[343,341,339,346,347,350,348,179,344,349,340,351,345,352,342],"class_list":{"0":"post-4586","1":"product","2":"type-product","3":"status-publish","4":"has-post-thumbnail","6":"product_cat-patch-cord-cables-saxxon-cableado-estructurado","7":"product_tag-antiincendio","8":"product_tag-cable-anti-incendio","9":"product_tag-cables-estructurado","10":"product_tag-canaletas","11":"product_tag-charolas","12":"product_tag-conectores","13":"product_tag-fibra-optica","14":"product_tag-gabinetes","15":"product_tag-hdmi","16":"product_tag-jacks","17":"product_tag-patch-cord","18":"product_tag-racks","19":"product_tag-siameses","20":"product_tag-tierra-fisica","21":"product_tag-utp","23":"first","24":"instock","25":"sale","26":"taxable","27":"shipping-taxable","28":"purchasable","29":"product-type-simple"},"aioseo_notices":[],"_links":{"self":[{"href":"https:\/\/tecsecmty.com\/index.php\/wp-json\/wp\/v2\/product\/4586","targetHints":{"allow":["GET"]}}],"collection":[{"href":"https:\/\/tecsecmty.com\/index.php\/wp-json\/wp\/v2\/product"}],"about":[{"href":"https:\/\/tecsecmty.com\/index.php\/wp-json\/wp\/v2\/types\/product"}],"replies":[{"embeddable":true,"href":"https:\/\/tecsecmty.com\/index.php\/wp-json\/wp\/v2\/comments?post=4586"}],"version-history":[{"count":0,"href":"https:\/\/tecsecmty.com\/index.php\/wp-json\/wp\/v2\/product\/4586\/revisions"}],"wp:featuredmedia":[{"embeddable":true,"href":"https:\/\/tecsecmty.com\/index.php\/wp-json\/wp\/v2\/media\/4585"}],"wp:attachment":[{"href":"https:\/\/tecsecmty.com\/index.php\/wp-json\/wp\/v2\/media?parent=4586"}],"wp:term":[{"taxonomy":"product_brand","embeddable":true,"href":"https:\/\/tecsecmty.com\/index.php\/wp-json\/wp\/v2\/product_brand?post=4586"},{"taxonomy":"product_cat","embeddable":true,"href":"https:\/\/tecsecmty.com\/index.php\/wp-json\/wp\/v2\/product_cat?post=4586"},{"taxonomy":"product_tag","embeddable":true,"href":"https:\/\/tecsecmty.com\/index.php\/wp-json\/wp\/v2\/product_tag?post=4586"}],"curies":[{"name":"wp","href":"https:\/\/api.w.org\/{rel}","templated":true}]}}