{"id":4590,"date":"2023-02-23T01:34:46","date_gmt":"2023-02-23T07:34:46","guid":{"rendered":"https:\/\/tecsecmty.com\/index.php\/producto\/sbetech-pcc610mgy-patch-cord-cat-6-con-bota-inyectada-y-moldeada-1m-gris\/"},"modified":"2023-03-22T23:24:15","modified_gmt":"2023-03-23T05:24:15","slug":"sbetech-pcc610mgy-patch-cord-cat-6-con-bota-inyectada-y-moldeada-1m-gris","status":"publish","type":"product","link":"https:\/\/tecsecmty.com\/index.php\/producto\/sbetech-pcc610mgy-patch-cord-cat-6-con-bota-inyectada-y-moldeada-1m-gris\/","title":{"rendered":"SBETECH PCC610MGY- Patch Cord Cat 6 con bota inyectada y moldeada 1m Gris"},"content":{"rendered":"<h5 class=\"card-title text-center\">Informaci\u00f3n General<\/h5>\n<ul>\n<li>Cumple con los est\u00e1ndares ANSI\/TIA 568-C.2 Categor\u00eda 6 e ISO11801 2a Edici\u00f3n Clase E.<\/li>\n<li>Aprobado por ETL para Categor\u00eda 6.<\/li>\n<li>Cada cord\u00f3n de parcheo ha sido probado para asegurar el 100% de desempe\u00f1o.<\/li>\n<li>Fabricado con cable UTP multifilar Cat. 6 24 AWG y conectores modulares SBE Tech.<\/li>\n<li>Las cuchillas de los conectores est\u00e1n recubiertos con 50 micras de oro.<\/li>\n<li>El conector cumple con todos los requerimientos de FCC parte 68 Subparte F que aplica adem\u00e1s de cumplir con IEC 60603J-7.<\/li>\n<li>Cada cord\u00f3n de parcheo es fabricado con bota inyectada y moldeada que ayuda a tener f\u00e1cil acceso en instalaciones de alta densidad.<\/li>\n<\/ul>\n<p><img decoding=\"async\" class=\"overview-center-img-web\" src=\"https:\/\/tvc.mx\/media\/118454\/SBETECH---SBEPCC61.OMGY---PATCHCORD.png\" alt=\"\" \/><\/p>\n","protected":false},"excerpt":{"rendered":"<p>Informaci\u00f3n General Cumple con los est\u00e1ndares ANSI\/TIA 568-C.2 Categor\u00eda 6 e ISO11801 2a Edici\u00f3n Clase E. Aprobado por ETL para Categor\u00eda 6. Cada cord\u00f3n de parcheo ha sido probado para asegurar el 100% de desempe\u00f1o. Fabricado con cable UTP multifilar Cat. 6 24 AWG y&hellip;<\/p>\n","protected":false},"featured_media":4589,"comment_status":"open","ping_status":"closed","template":"","meta":{"om_disable_all_campaigns":false,"_monsterinsights_skip_tracking":false,"_monsterinsights_sitenote_active":false,"_monsterinsights_sitenote_note":"","_monsterinsights_sitenote_category":0},"product_brand":[],"product_cat":[373],"product_tag":[343,341,339,346,347,350,348,179,344,349,340,351,345,352,342],"class_list":{"0":"post-4590","1":"product","2":"type-product","3":"status-publish","4":"has-post-thumbnail","6":"product_cat-patch-cord-cables-sbe-tech","7":"product_tag-antiincendio","8":"product_tag-cable-anti-incendio","9":"product_tag-cables-estructurado","10":"product_tag-canaletas","11":"product_tag-charolas","12":"product_tag-conectores","13":"product_tag-fibra-optica","14":"product_tag-gabinetes","15":"product_tag-hdmi","16":"product_tag-jacks","17":"product_tag-patch-cord","18":"product_tag-racks","19":"product_tag-siameses","20":"product_tag-tierra-fisica","21":"product_tag-utp","23":"first","24":"instock","25":"sale","26":"taxable","27":"shipping-taxable","28":"purchasable","29":"product-type-simple"},"aioseo_notices":[],"_links":{"self":[{"href":"https:\/\/tecsecmty.com\/index.php\/wp-json\/wp\/v2\/product\/4590","targetHints":{"allow":["GET"]}}],"collection":[{"href":"https:\/\/tecsecmty.com\/index.php\/wp-json\/wp\/v2\/product"}],"about":[{"href":"https:\/\/tecsecmty.com\/index.php\/wp-json\/wp\/v2\/types\/product"}],"replies":[{"embeddable":true,"href":"https:\/\/tecsecmty.com\/index.php\/wp-json\/wp\/v2\/comments?post=4590"}],"version-history":[{"count":0,"href":"https:\/\/tecsecmty.com\/index.php\/wp-json\/wp\/v2\/product\/4590\/revisions"}],"wp:featuredmedia":[{"embeddable":true,"href":"https:\/\/tecsecmty.com\/index.php\/wp-json\/wp\/v2\/media\/4589"}],"wp:attachment":[{"href":"https:\/\/tecsecmty.com\/index.php\/wp-json\/wp\/v2\/media?parent=4590"}],"wp:term":[{"taxonomy":"product_brand","embeddable":true,"href":"https:\/\/tecsecmty.com\/index.php\/wp-json\/wp\/v2\/product_brand?post=4590"},{"taxonomy":"product_cat","embeddable":true,"href":"https:\/\/tecsecmty.com\/index.php\/wp-json\/wp\/v2\/product_cat?post=4590"},{"taxonomy":"product_tag","embeddable":true,"href":"https:\/\/tecsecmty.com\/index.php\/wp-json\/wp\/v2\/product_tag?post=4590"}],"curies":[{"name":"wp","href":"https:\/\/api.w.org\/{rel}","templated":true}]}}