{"id":4622,"date":"2023-02-23T01:35:23","date_gmt":"2023-02-23T07:35:23","guid":{"rendered":"https:\/\/tecsecmty.com\/index.php\/producto\/saxxon-wb0150c-cable-de-50-metros-armado-para-video-y-energia-para-camaras-hasta-8-megapixeles-con-conectores-bnc-y-de-energia-uso-interior-cable-de-video-100-cobre-12w-soporta-ahd-cvi-tvi-cvb\/"},"modified":"2023-03-22T23:24:10","modified_gmt":"2023-03-23T05:24:10","slug":"saxxon-wb0150c-cable-de-50-metros-armado-para-video-y-energia-para-camaras-hasta-8-megapixeles-con-conectores-bnc-y-de-energia-uso-interior-cable-de-video-100-cobre-12w-soporta-ahd-cvi-tvi-cvb","status":"publish","type":"product","link":"https:\/\/tecsecmty.com\/index.php\/producto\/saxxon-wb0150c-cable-de-50-metros-armado-para-video-y-energia-para-camaras-hasta-8-megapixeles-con-conectores-bnc-y-de-energia-uso-interior-cable-de-video-100-cobre-12w-soporta-ahd-cvi-tvi-cvb\/","title":{"rendered":"SAXXON WB0150C- Cable de 50 Metros Armado para Video y Energia\/ Para Camaras Hasta 8 Megapixeles\/ con Conectores BNC y de Energ\u00eda\/ Uso Interior\/ Cable de Video 100% Cobre\/ 12W\/ Soporta: AHD\/CVI\/TVI\/CVBS\/"},"content":{"rendered":"<div class=\"row aling-items-center padding-bottom-2x\">\n<div class=\"col-lg-12\">\n<h5 class=\"card-title text-center\">Informaci\u00f3n general.<\/h5>\n<p>Cable para Transmisi\u00f3n de V\u00eddeo y Energ\u00eda a\u00a0Largo: 50 Metros<\/p>\n<p>Incluye 2 conectores BNC y\u00a02 conectores de energ\u00eda. Compuestos por\u00a01 conector de energ\u00eda hembra y 1 conector de energ\u00eda macho.<\/p>\n<p>Forro de PVC clasificada CM\/CL2 (color NEGRO).<\/p>\n<p>Cable duplex polarizado (ROJO y NEGRO) calibre 24.<\/p>\n<p>Ideal para sistemas de v\u00eddeo-vigilancia, v\u00eddeo compuesto, v\u00eddeo de RGBHV y v\u00eddeo componente.<\/p>\n<p><img decoding=\"async\" class=\"overview-center-img-web\" src=\"https:\/\/tvc.mx\/media\/98089\/Cable-Siames-50m-Saxxon-OVL1.png\" alt=\"\" \/><\/p>\n<\/div>\n<\/div>\n<div class=\"row align-items-center padding-bottom-2x\">\n<div class=\"col-md-5\"><img decoding=\"async\" class=\"d-block m-auto img-thumbnail\" src=\"https:\/\/tvc.mx\/media\/98101\/Cable-Siames-50m-Saxxon-OVL2.png\" alt=\" \" \/><\/div>\n<div class=\"col-md-7 text-md-left text-center\">\n<h2>Especificaciones.<\/h2>\n<p><strong>Construcci\u00f3n de cables.<\/strong><\/p>\n<ul>\n<li>Cable de video: 26 AWG<\/li>\n<li>Cable de alimentaci\u00f3n: 19AWG CCA<\/li>\n<\/ul>\n<p><strong>Caracter\u00edsticas el\u00e9ctricas.<\/strong><\/p>\n<ul>\n<li>Impedancia de cobre completo: 50 o 75 +\/- 2 ohmios<\/li>\n<li>Temperatura de funcionamiento: -20 \u2103 + 75 \u2103<\/li>\n<\/ul>\n<p><strong>Conectores.<\/strong><\/p>\n<ul>\n<li>DC MACHO: W-1-004, niquelado<\/li>\n<li>DC HEMBRA: W-1-005, niquelado<\/li>\n<li>BNC Silver Male: W-1-0016, plata, carcasa de aleaci\u00f3n de zinc con niquelado<\/li>\n<\/ul>\n<\/div>\n<\/div>\n","protected":false},"excerpt":{"rendered":"<p>Informaci\u00f3n general. Cable para Transmisi\u00f3n de V\u00eddeo y Energ\u00eda a\u00a0Largo: 50 Metros Incluye 2 conectores BNC y\u00a02 conectores de energ\u00eda. Compuestos por\u00a01 conector de energ\u00eda hembra y 1 conector de energ\u00eda macho. Forro de PVC clasificada CM\/CL2 (color NEGRO). Cable duplex polarizado (ROJO y NEGRO)&hellip;<\/p>\n","protected":false},"featured_media":4621,"comment_status":"open","ping_status":"closed","template":"","meta":{"om_disable_all_campaigns":false,"_monsterinsights_skip_tracking":false,"_monsterinsights_sitenote_active":false,"_monsterinsights_sitenote_note":"","_monsterinsights_sitenote_category":0},"product_brand":[],"product_cat":[375],"product_tag":[343,341,339,346,347,350,348,179,344,349,340,351,345,352,342],"class_list":{"0":"post-4622","1":"product","2":"type-product","3":"status-publish","4":"has-post-thumbnail","6":"product_cat-siames-cables-saxxon-cableado-estructurado","7":"product_tag-antiincendio","8":"product_tag-cable-anti-incendio","9":"product_tag-cables-estructurado","10":"product_tag-canaletas","11":"product_tag-charolas","12":"product_tag-conectores","13":"product_tag-fibra-optica","14":"product_tag-gabinetes","15":"product_tag-hdmi","16":"product_tag-jacks","17":"product_tag-patch-cord","18":"product_tag-racks","19":"product_tag-siameses","20":"product_tag-tierra-fisica","21":"product_tag-utp","23":"first","24":"instock","25":"sale","26":"taxable","27":"shipping-taxable","28":"purchasable","29":"product-type-simple"},"aioseo_notices":[],"_links":{"self":[{"href":"https:\/\/tecsecmty.com\/index.php\/wp-json\/wp\/v2\/product\/4622","targetHints":{"allow":["GET"]}}],"collection":[{"href":"https:\/\/tecsecmty.com\/index.php\/wp-json\/wp\/v2\/product"}],"about":[{"href":"https:\/\/tecsecmty.com\/index.php\/wp-json\/wp\/v2\/types\/product"}],"replies":[{"embeddable":true,"href":"https:\/\/tecsecmty.com\/index.php\/wp-json\/wp\/v2\/comments?post=4622"}],"version-history":[{"count":0,"href":"https:\/\/tecsecmty.com\/index.php\/wp-json\/wp\/v2\/product\/4622\/revisions"}],"wp:featuredmedia":[{"embeddable":true,"href":"https:\/\/tecsecmty.com\/index.php\/wp-json\/wp\/v2\/media\/4621"}],"wp:attachment":[{"href":"https:\/\/tecsecmty.com\/index.php\/wp-json\/wp\/v2\/media?parent=4622"}],"wp:term":[{"taxonomy":"product_brand","embeddable":true,"href":"https:\/\/tecsecmty.com\/index.php\/wp-json\/wp\/v2\/product_brand?post=4622"},{"taxonomy":"product_cat","embeddable":true,"href":"https:\/\/tecsecmty.com\/index.php\/wp-json\/wp\/v2\/product_cat?post=4622"},{"taxonomy":"product_tag","embeddable":true,"href":"https:\/\/tecsecmty.com\/index.php\/wp-json\/wp\/v2\/product_tag?post=4622"}],"curies":[{"name":"wp","href":"https:\/\/api.w.org\/{rel}","templated":true}]}}