{"id":4624,"date":"2023-02-23T01:35:26","date_gmt":"2023-02-23T07:35:26","guid":{"rendered":"https:\/\/tecsecmty.com\/index.php\/producto\/belden-1583a006u1000-cable-utp-4-pares-categoria-5e-24-awg-305-metros-100-cobre-color-azul\/"},"modified":"2023-03-22T23:20:52","modified_gmt":"2023-03-23T05:20:52","slug":"belden-1583a006u1000-cable-utp-4-pares-categoria-5e-24-awg-305-metros-100-cobre-color-azul","status":"publish","type":"product","link":"https:\/\/tecsecmty.com\/index.php\/producto\/belden-1583a006u1000-cable-utp-4-pares-categoria-5e-24-awg-305-metros-100-cobre-color-azul\/","title":{"rendered":"BELDEN 1583A006U1000 &#8211; Cable UTP \/ 4 Pares \/ Categoria 5E \/ 24 AWG \/ 305 Metros \/ 100% Cobre \/ Color azul\/"},"content":{"rendered":"<div class=\"row aling-items-center padding-bottom-2x\">\n<div class=\"col-lg-12\">\n<h5 class=\"card-title text-center\">Informaci\u00f3n general.<\/h5>\n<p>Le ofrecemos la mejor calidad en cable para sus proyectos de conectividad. \u00c9ste cable adem\u00e1s de ser \u00fatil para redes Ethernet, tambi\u00e9n es ideal para la instalaci\u00f3n de C\u00e1maras de CCTV.<\/p>\n<p><img decoding=\"async\" class=\"overview-center-img-web\" src=\"https:\/\/tvc.mx\/media\/105361\/Cable-UTP-Cat.5e-Belden-305m---Banner.png\" alt=\"\" \/><\/div>\n<\/div>\n<div class=\"row align-items-center padding-bottom-2x\">\n<div class=\"col-md-5\"><img decoding=\"async\" class=\"d-block m-auto img-thumbnail\" src=\"https:\/\/tvc.mx\/media\/105365\/Cable-UTP-Cat.5e-Belden-305m---OVL1.png\" alt=\" \" \/><\/div>\n<div class=\"col-md-7 text-md-left text-center\">\n<h2>Caracter\u00edsticas.<\/h2>\n<p class=\"text-muted\">\n<p>Cable para alta velocidad de datos.<\/p>\n<p>-Calibres AWG24.<\/p>\n<p>-Sin blindaje.<\/p>\n<p>-Di\u00e1metro exterior de 5.44 mm.<\/p>\n<\/div>\n<\/div>\n","protected":false},"excerpt":{"rendered":"<p>Informaci\u00f3n general. Le ofrecemos la mejor calidad en cable para sus proyectos de conectividad. \u00c9ste cable adem\u00e1s de ser \u00fatil para redes Ethernet, tambi\u00e9n es ideal para la instalaci\u00f3n de C\u00e1maras de CCTV. Caracter\u00edsticas. Cable para alta velocidad de datos. -Calibres AWG24. -Sin blindaje. -Di\u00e1metro&hellip;<\/p>\n","protected":false},"featured_media":4623,"comment_status":"open","ping_status":"closed","template":"","meta":{"om_disable_all_campaigns":false,"_monsterinsights_skip_tracking":false,"_monsterinsights_sitenote_active":false,"_monsterinsights_sitenote_note":"","_monsterinsights_sitenote_category":0},"product_brand":[],"product_cat":[376],"product_tag":[343,341,339,346,347,350,348,179,344,349,340,351,345,352,342],"class_list":{"0":"post-4624","1":"product","2":"type-product","3":"status-publish","4":"has-post-thumbnail","6":"product_cat-utp-ftp","7":"product_tag-antiincendio","8":"product_tag-cable-anti-incendio","9":"product_tag-cables-estructurado","10":"product_tag-canaletas","11":"product_tag-charolas","12":"product_tag-conectores","13":"product_tag-fibra-optica","14":"product_tag-gabinetes","15":"product_tag-hdmi","16":"product_tag-jacks","17":"product_tag-patch-cord","18":"product_tag-racks","19":"product_tag-siameses","20":"product_tag-tierra-fisica","21":"product_tag-utp","23":"first","24":"instock","25":"sale","26":"taxable","27":"shipping-taxable","28":"purchasable","29":"product-type-simple"},"aioseo_notices":[],"_links":{"self":[{"href":"https:\/\/tecsecmty.com\/index.php\/wp-json\/wp\/v2\/product\/4624","targetHints":{"allow":["GET"]}}],"collection":[{"href":"https:\/\/tecsecmty.com\/index.php\/wp-json\/wp\/v2\/product"}],"about":[{"href":"https:\/\/tecsecmty.com\/index.php\/wp-json\/wp\/v2\/types\/product"}],"replies":[{"embeddable":true,"href":"https:\/\/tecsecmty.com\/index.php\/wp-json\/wp\/v2\/comments?post=4624"}],"version-history":[{"count":0,"href":"https:\/\/tecsecmty.com\/index.php\/wp-json\/wp\/v2\/product\/4624\/revisions"}],"wp:featuredmedia":[{"embeddable":true,"href":"https:\/\/tecsecmty.com\/index.php\/wp-json\/wp\/v2\/media\/4623"}],"wp:attachment":[{"href":"https:\/\/tecsecmty.com\/index.php\/wp-json\/wp\/v2\/media?parent=4624"}],"wp:term":[{"taxonomy":"product_brand","embeddable":true,"href":"https:\/\/tecsecmty.com\/index.php\/wp-json\/wp\/v2\/product_brand?post=4624"},{"taxonomy":"product_cat","embeddable":true,"href":"https:\/\/tecsecmty.com\/index.php\/wp-json\/wp\/v2\/product_cat?post=4624"},{"taxonomy":"product_tag","embeddable":true,"href":"https:\/\/tecsecmty.com\/index.php\/wp-json\/wp\/v2\/product_tag?post=4624"}],"curies":[{"name":"wp","href":"https:\/\/api.w.org\/{rel}","templated":true}]}}