{"id":4634,"date":"2023-02-23T01:35:39","date_gmt":"2023-02-23T07:35:39","guid":{"rendered":"https:\/\/tecsecmty.com\/index.php\/producto\/dahua-dh-pfm920i-5eun-c-v2-100-bobina-de-100-mts-de-cable-utp-cat5e-100-cobre-color-blanco-ideal-para-video-y-redes\/"},"modified":"2023-03-22T23:22:25","modified_gmt":"2023-03-23T05:22:25","slug":"dahua-dh-pfm920i-5eun-c-v2-100-bobina-de-100-mts-de-cable-utp-cat5e-100-cobre-color-blanco-ideal-para-video-y-redes","status":"publish","type":"product","link":"https:\/\/tecsecmty.com\/index.php\/producto\/dahua-dh-pfm920i-5eun-c-v2-100-bobina-de-100-mts-de-cable-utp-cat5e-100-cobre-color-blanco-ideal-para-video-y-redes\/","title":{"rendered":"DAHUA DH-PFM920I-5EUN-C-V2-100 &#8211; Bobina de 100 Mts de Cable UTP Cat5e\/ 100% Cobre\/ Color Blanco\/ Ideal para Video y Redes\/"},"content":{"rendered":"<div class=\"row aling-items-center padding-bottom-2x\">\n<div class=\"col-lg-12\">\n<h5 class=\"card-title text-center\">Informaci\u00f3n general<\/h5>\n<p>La bobina\u00a0<strong>PFM920I-5EUN-C-V2-100<\/strong>\u00a0est\u00e1 compuesta por cable UTP de categor\u00eda\u00a0<strong>5E<\/strong>, el cual est\u00e1 constituido por\u00a0<strong>99.97%<\/strong>\u00a0de cobre en los conductores, este cable es fabricado por Dahua para soluciones de cableado HDCVI e IP principalmente.\u00a0Los cables UTP son los medios de transmisi\u00f3n m\u00e1s utilizados en el sistema de cableado gen\u00e9rico en CCTV y REDES, suele estar compuesto por 4 pares de hilos trenzados y se aplica generalmente en el cableado del sistema dentro de los 100 metros.<\/p>\n<p><img decoding=\"async\" class=\"overview-center-img-web\" src=\"https:\/\/tvc.mx\/media\/280087\/DAHUA-Accesorios-Cable-UTP-Cat5e-PFM920I-5EUN-C-V2-100-Overview-principal-min.png\" alt=\"\" \/><\/div>\n<\/div>\n<div class=\"row aling-items-center padding-bottom-2x\">\n<div class=\"col-lg-12\">\n<h5 class=\"card-title text-center\">Cubierta con revestimiento resistente<\/h5>\n<p>El cable de la bobina\u00a0<strong>PFM920I-5EUN-C-V2-100<\/strong>tiene una cubierta de PVC retardante compuesta por un revestimiento de\u00a0<strong>HDPE<\/strong>\u00a0, este es un pol\u00edmero termopl\u00e1stico conformado por unidades repetitivas de etileno. Se designa como HDPE (por sus siglas en ingl\u00e9s, High Density Polyethylene) o PEAD (polietileno de alta densidad), este material permite tener mas resistencia, adem\u00e1s de contar con un retardante de llama para mejorar el rendimiento y la durabilidad de la red.<\/p>\n<p><img decoding=\"async\" class=\"overview-center-img-web\" src=\"https:\/\/tvc.mx\/media\/280131\/Dahua-Bobina---PFM920I-5EUN-C-V2-100-Cable-Utp-Cat5e-min-%281%29.png\" alt=\"\" \/><\/div>\n<\/div>\n<div class=\"row aling-items-center padding-bottom-2x\">\n<div class=\"col-lg-12\">\n<h5 class=\"card-title text-center\">Principales caracter\u00edsticas<\/h5>\n<ul>\n<li class=\"ql-align-justify\">Cable UTP CAT5E.<\/li>\n<li class=\"ql-align-justify\">Material: Cobre (99,97% de pureza).<\/li>\n<li class=\"ql-align-justify\">Di\u00e1metro 0,45 mm \u00b1 0,01 mm.<\/li>\n<li class=\"ql-align-justify\">Aislamiento HDPE.<\/li>\n<li class=\"ql-align-justify\">4 pares.<\/li>\n<li class=\"ql-align-justify\">Sobrecubierta de PVC color blanco.<\/li>\n<li class=\"ql-align-justify\">100 metros de longitud.<\/li>\n<\/ul>\n<p><img decoding=\"async\" class=\"overview-center-img-web\" src=\"https:\/\/tvc.mx\/media\/280167\/principalcaracimg-pal.png\" alt=\"\" \/><\/div>\n<\/div>\n","protected":false},"excerpt":{"rendered":"<p>Informaci\u00f3n general La bobina\u00a0PFM920I-5EUN-C-V2-100\u00a0est\u00e1 compuesta por cable UTP de categor\u00eda\u00a05E, el cual est\u00e1 constituido por\u00a099.97%\u00a0de cobre en los conductores, este cable es fabricado por Dahua para soluciones de cableado HDCVI e IP principalmente.\u00a0Los cables UTP son los medios de transmisi\u00f3n m\u00e1s utilizados en el sistema&hellip;<\/p>\n","protected":false},"featured_media":4633,"comment_status":"open","ping_status":"closed","template":"","meta":{"om_disable_all_campaigns":false,"_monsterinsights_skip_tracking":false,"_monsterinsights_sitenote_active":false,"_monsterinsights_sitenote_note":"","_monsterinsights_sitenote_category":0},"product_brand":[],"product_cat":[377],"product_tag":[343,341,339,346,347,350,348,179,344,349,340,351,345,352,342],"class_list":{"0":"post-4634","1":"product","2":"type-product","3":"status-publish","4":"has-post-thumbnail","6":"product_cat-utp-ftp-cables-dahua-cableado-estructurado","7":"product_tag-antiincendio","8":"product_tag-cable-anti-incendio","9":"product_tag-cables-estructurado","10":"product_tag-canaletas","11":"product_tag-charolas","12":"product_tag-conectores","13":"product_tag-fibra-optica","14":"product_tag-gabinetes","15":"product_tag-hdmi","16":"product_tag-jacks","17":"product_tag-patch-cord","18":"product_tag-racks","19":"product_tag-siameses","20":"product_tag-tierra-fisica","21":"product_tag-utp","23":"first","24":"instock","25":"sale","26":"taxable","27":"shipping-taxable","28":"purchasable","29":"product-type-simple"},"aioseo_notices":[],"_links":{"self":[{"href":"https:\/\/tecsecmty.com\/index.php\/wp-json\/wp\/v2\/product\/4634","targetHints":{"allow":["GET"]}}],"collection":[{"href":"https:\/\/tecsecmty.com\/index.php\/wp-json\/wp\/v2\/product"}],"about":[{"href":"https:\/\/tecsecmty.com\/index.php\/wp-json\/wp\/v2\/types\/product"}],"replies":[{"embeddable":true,"href":"https:\/\/tecsecmty.com\/index.php\/wp-json\/wp\/v2\/comments?post=4634"}],"version-history":[{"count":0,"href":"https:\/\/tecsecmty.com\/index.php\/wp-json\/wp\/v2\/product\/4634\/revisions"}],"wp:featuredmedia":[{"embeddable":true,"href":"https:\/\/tecsecmty.com\/index.php\/wp-json\/wp\/v2\/media\/4633"}],"wp:attachment":[{"href":"https:\/\/tecsecmty.com\/index.php\/wp-json\/wp\/v2\/media?parent=4634"}],"wp:term":[{"taxonomy":"product_brand","embeddable":true,"href":"https:\/\/tecsecmty.com\/index.php\/wp-json\/wp\/v2\/product_brand?post=4634"},{"taxonomy":"product_cat","embeddable":true,"href":"https:\/\/tecsecmty.com\/index.php\/wp-json\/wp\/v2\/product_cat?post=4634"},{"taxonomy":"product_tag","embeddable":true,"href":"https:\/\/tecsecmty.com\/index.php\/wp-json\/wp\/v2\/product_tag?post=4634"}],"curies":[{"name":"wp","href":"https:\/\/api.w.org\/{rel}","templated":true}]}}