{"id":4636,"date":"2023-02-23T01:35:41","date_gmt":"2023-02-23T07:35:41","guid":{"rendered":"https:\/\/tecsecmty.com\/index.php\/producto\/dahua-dh-pfm920i-6un-c-bobina-de-cable-utp-100-cobre-cat-6-color-azul-interior-305-metros-ideal-para-redes-y-video\/"},"modified":"2023-03-22T23:22:25","modified_gmt":"2023-03-23T05:22:25","slug":"dahua-dh-pfm920i-6un-c-bobina-de-cable-utp-100-cobre-cat-6-color-azul-interior-305-metros-ideal-para-redes-y-video","status":"publish","type":"product","link":"https:\/\/tecsecmty.com\/index.php\/producto\/dahua-dh-pfm920i-6un-c-bobina-de-cable-utp-100-cobre-cat-6-color-azul-interior-305-metros-ideal-para-redes-y-video\/","title":{"rendered":"DAHUA DH-PFM920I-6UN-C &#8211; Bobina de Cable UTP 100% Cobre\/ Cat 6\/ Color Azul \/ Interior\/ 305 Metros\/ Ideal para Redes y Video\/"},"content":{"rendered":"<div class=\"row aling-items-center padding-bottom-2x\">\n<div class=\"col-lg-12\">\n<h5 class=\"card-title text-center\">Informaci\u00f3n general<\/h5>\n<p>Dise\u00f1ado para la construcci\u00f3n de redes a gran escala, la bobina de cable UTP Cat 6 de Dahua ofrece velocidades de red de hasta 1 Gbps, junto con conductores de cobre sin ox\u00edgeno al 99.7%, aislamiento de HDPE y funda de PVC para un mejor rendimiento de la red. Adem\u00e1s, este cable admite la transmisi\u00f3n de PoE.<\/p>\n<p><img decoding=\"async\" class=\"overview-center-img-web\" src=\"https:\/\/tvc.mx\/media\/302927\/Bobina-Cable-UTP-100%2525-Cobre-305-metros-Blanco-Dahua-B.png\" alt=\"\" \/><\/div>\n<\/div>\n<div class=\"row align-items-center padding-bottom-2x\">\n<div class=\"col-md-5 order-md-2\"><img decoding=\"async\" class=\"d-block m-auto img-thumbnail\" src=\"https:\/\/tvc.mx\/media\/303007\/Bobina-Cable-UTP-100%2525-Cobre-305-metros-Blanco-Dahua-overview.png\" alt=\" \" \/><\/div>\n<div class=\"col-md-7 order-md-1 text-md-left text-center\">\n<h2>Cubierta de PVC<\/h2>\n<p class=\"text-muted\">\n<p>El cable tiene una cubierta de PVC compuesta por un revestimiento de HDPE (por sus siglas en ingl\u00e9s, High Density Polyethylene)\u00a0, este es un pol\u00edmero termopl\u00e1stico conformado por unidades repetitivas de etileno.<\/p>\n<\/div>\n<\/div>\n","protected":false},"excerpt":{"rendered":"<p>Informaci\u00f3n general Dise\u00f1ado para la construcci\u00f3n de redes a gran escala, la bobina de cable UTP Cat 6 de Dahua ofrece velocidades de red de hasta 1 Gbps, junto con conductores de cobre sin ox\u00edgeno al 99.7%, aislamiento de HDPE y funda de PVC para&hellip;<\/p>\n","protected":false},"featured_media":4635,"comment_status":"open","ping_status":"closed","template":"","meta":{"om_disable_all_campaigns":false,"_monsterinsights_skip_tracking":false,"_monsterinsights_sitenote_active":false,"_monsterinsights_sitenote_note":"","_monsterinsights_sitenote_category":0},"product_brand":[],"product_cat":[377],"product_tag":[343,341,339,346,347,350,348,179,344,349,340,351,345,352,342],"class_list":{"0":"post-4636","1":"product","2":"type-product","3":"status-publish","4":"has-post-thumbnail","6":"product_cat-utp-ftp-cables-dahua-cableado-estructurado","7":"product_tag-antiincendio","8":"product_tag-cable-anti-incendio","9":"product_tag-cables-estructurado","10":"product_tag-canaletas","11":"product_tag-charolas","12":"product_tag-conectores","13":"product_tag-fibra-optica","14":"product_tag-gabinetes","15":"product_tag-hdmi","16":"product_tag-jacks","17":"product_tag-patch-cord","18":"product_tag-racks","19":"product_tag-siameses","20":"product_tag-tierra-fisica","21":"product_tag-utp","23":"first","24":"instock","25":"sale","26":"taxable","27":"shipping-taxable","28":"purchasable","29":"product-type-simple"},"aioseo_notices":[],"_links":{"self":[{"href":"https:\/\/tecsecmty.com\/index.php\/wp-json\/wp\/v2\/product\/4636","targetHints":{"allow":["GET"]}}],"collection":[{"href":"https:\/\/tecsecmty.com\/index.php\/wp-json\/wp\/v2\/product"}],"about":[{"href":"https:\/\/tecsecmty.com\/index.php\/wp-json\/wp\/v2\/types\/product"}],"replies":[{"embeddable":true,"href":"https:\/\/tecsecmty.com\/index.php\/wp-json\/wp\/v2\/comments?post=4636"}],"version-history":[{"count":0,"href":"https:\/\/tecsecmty.com\/index.php\/wp-json\/wp\/v2\/product\/4636\/revisions"}],"wp:featuredmedia":[{"embeddable":true,"href":"https:\/\/tecsecmty.com\/index.php\/wp-json\/wp\/v2\/media\/4635"}],"wp:attachment":[{"href":"https:\/\/tecsecmty.com\/index.php\/wp-json\/wp\/v2\/media?parent=4636"}],"wp:term":[{"taxonomy":"product_brand","embeddable":true,"href":"https:\/\/tecsecmty.com\/index.php\/wp-json\/wp\/v2\/product_brand?post=4636"},{"taxonomy":"product_cat","embeddable":true,"href":"https:\/\/tecsecmty.com\/index.php\/wp-json\/wp\/v2\/product_cat?post=4636"},{"taxonomy":"product_tag","embeddable":true,"href":"https:\/\/tecsecmty.com\/index.php\/wp-json\/wp\/v2\/product_tag?post=4636"}],"curies":[{"name":"wp","href":"https:\/\/api.w.org\/{rel}","templated":true}]}}