{"id":4638,"date":"2023-02-23T01:35:44","date_gmt":"2023-02-23T07:35:44","guid":{"rendered":"https:\/\/tecsecmty.com\/index.php\/producto\/dahua-dh-pfm922i-5eun-c-bobina-de-cable-utp-cat5e-cca-305-metros-color-blanco-uso-interior-cubierta-de-fr-pvc-rohs-compliant-lonuevo\/"},"modified":"2023-03-22T23:22:26","modified_gmt":"2023-03-23T05:22:26","slug":"dahua-dh-pfm922i-5eun-c-bobina-de-cable-utp-cat5e-cca-305-metros-color-blanco-uso-interior-cubierta-de-fr-pvc-rohs-compliant-lonuevo","status":"publish","type":"product","link":"https:\/\/tecsecmty.com\/index.php\/producto\/dahua-dh-pfm922i-5eun-c-bobina-de-cable-utp-cat5e-cca-305-metros-color-blanco-uso-interior-cubierta-de-fr-pvc-rohs-compliant-lonuevo\/","title":{"rendered":"DAHUA DH-PFM922I-5EUN-C &#8211; Bobina de Cable UTP Cat5e\/ CCA\/ 305 Metros\/Color Blanco\/ Uso Interior\/ Cubierta de FR-PVC (ROHS compliant)\/ #LoNuevo"},"content":{"rendered":"<div class=\"row aling-items-center padding-bottom-2x\">\n<div class=\"col-lg-12\">\n<h5 class=\"card-title text-center\">Informaci\u00f3n general<\/h5>\n<p>Los cables de red son los medios de transmisi\u00f3n m\u00e1s utilizados en el sistema de cableado gen\u00e9rico. Por lo general, se compone de 4 pares de cables trenzados y generalmente se aplica en el cableado del sistema dentro de los 100 metros.<\/p>\n<p><img decoding=\"async\" class=\"overview-center-img-web\" src=\"https:\/\/tvc.mx\/media\/550715\/DAHUA-DH-PFM922I-5EUN-CBobina-305-Metros-Cable-UTP-banner-principal-.png\" alt=\"Bobina 305 M\" \/><\/div>\n<\/div>\n<div class=\"row align-items-center padding-bottom-2x\">\n<div class=\"col-md-5 order-md-2\"><img decoding=\"async\" class=\"d-block m-auto img-thumbnail\" src=\"https:\/\/tvc.mx\/media\/552185\/CUBIERTA--PVC-RESISTE-OVERVIEWS-LATERAL.png\" alt=\" cubierta de PVC\" \/><\/div>\n<div class=\"col-md-7 order-md-1 text-md-left text-center\">\n<h2>Cubierta de PVC Resistente<\/h2>\n<p class=\"text-muted\">\n<p>El cable tiene una cubierta de PVC compuesta por un revestimiento de\u00a0HDPE\u00a0, este es un pol\u00edmero termopl\u00e1stico conformado por unidades repetitivas de etileno. Se designa como\u00a0HDPE\u00a0(por sus\u00a0siglas\u00a0en ingl\u00e9s,\u00a0High Density Polyethylene) o PEAD (polietileno de alta densidad). Este material permite tener mas resistencia.<\/p>\n<p>&nbsp;<\/p>\n<\/div>\n<\/div>\n<hr class=\"padding-bottom-2x\" \/>\n<div class=\"row align-items-center padding-bottom-2x\">\n<div class=\"col-md-5\"><img decoding=\"async\" class=\"d-block m-auto img-thumbnail\" src=\"https:\/\/tvc.mx\/media\/552203\/DAHUA-DH-PFM922I-5EUN-CBobina-305-Metros-Cable-UTP-caracteristicas-principales-.png\" alt=\" 305 m caja UTP\" \/><\/div>\n<div class=\"col-md-7 text-md-left text-center\">\n<h2>Caracter\u00edsticas Principales<\/h2>\n<p class=\"text-muted\">\n<p><strong>\u00b7\u00a0<\/strong>305 m (1000 pies)\/caja UTP CA5e, alimentaci\u00f3n a trav\u00e9s de Ethernet, compatible con un cable.<\/p>\n<p><strong>\u00b7\u00a0<\/strong>Excelencia en la fabricaci\u00f3n.<\/p>\n<p><strong>\u00b7\u00a0<\/strong>Cubierta exterior de PVC personalizada, dotada de cierta resistencia a la llama.<\/p>\n<p><strong>\u00b7\u00a0<\/strong>Compromiso de calidad de primer nivel durante 10 a\u00f1os.<\/p>\n<p>&nbsp;<\/p>\n<\/div>\n<\/div>\n<hr class=\"padding-bottom-2x\" \/>\n<div class=\"row align-items-center padding-bottom-2x\">\n<div class=\"col-md-5 order-md-2\"><img decoding=\"async\" class=\"d-block m-auto img-thumbnail\" src=\"https:\/\/tvc.mx\/media\/552236\/DAHUA-DH-PFM922I-5EUN-CBobina-305-Metros-Cable-UTP-ESPECIFICACIONES.png\" alt=\" dimensiones\" \/><\/div>\n<div class=\"col-md-7 order-md-1 text-md-left text-center\">\n<h2>Especificaciones t\u00e9cnicas<\/h2>\n<p class=\"text-muted\">\n<p><strong>Conductor<\/strong><\/p>\n<p>Material\u00a0CCA (contenido de cobre: 22%\u201331%)<\/p>\n<p>Di\u00e1metro\u00a00,5 mm \u00b1 0,01 mm<\/p>\n<p>Calibre del cable\u00a024 AWG<\/p>\n<p><strong>Aislamiento<\/strong><\/p>\n<p>Material\u00a0HDPE<\/p>\n<p>Espesor\u00a00,18 mm<\/p>\n<p>Di\u00e1metro\u00a00,90 mm \u00b1 0,06 mm<\/p>\n<p>Color: Azul, blanco\/azul; naranja, blanco\/naranja; verde, blanco\/verde; marr\u00f3n, blanco\/marr\u00f3n<\/p>\n<p>Material\u00a0Fibra de poliester<\/p>\n<p>Especificaci\u00f3n\u00a0500D<\/p>\n<p><strong>Vaina<\/strong><\/p>\n<p>Material\u00a0FR-PVC (compatible con ROHS)<\/p>\n<p>M\u00edn. Grosor promedio\u00a00,5mm<\/p>\n<p>Di\u00e1metro\u00a05,1 mm \u00b1 0,3 mm<\/p>\n<p>Color\u00a0Naranja<\/p>\n<p><strong>El\u00e9ctrico<\/strong><\/p>\n<p>m\u00e1x. Resistencia DC de un solo conductor\u00a014,5 \u03a9\/100 m (14,5 \u03a9\/328,08 pies)<\/p>\n<p>m\u00edn. Resistencia de aislamiento\u00a05000 M\u03a9\/km<\/p>\n<\/div>\n<\/div>\n","protected":false},"excerpt":{"rendered":"<p>Informaci\u00f3n general Los cables de red son los medios de transmisi\u00f3n m\u00e1s utilizados en el sistema de cableado gen\u00e9rico. Por lo general, se compone de 4 pares de cables trenzados y generalmente se aplica en el cableado del sistema dentro de los 100 metros. Cubierta&hellip;<\/p>\n","protected":false},"featured_media":4637,"comment_status":"open","ping_status":"closed","template":"","meta":{"om_disable_all_campaigns":false,"_monsterinsights_skip_tracking":false,"_monsterinsights_sitenote_active":false,"_monsterinsights_sitenote_note":"","_monsterinsights_sitenote_category":0},"product_brand":[],"product_cat":[377],"product_tag":[343,341,339,346,347,350,348,179,344,349,340,351,345,352,342],"class_list":{"0":"post-4638","1":"product","2":"type-product","3":"status-publish","4":"has-post-thumbnail","6":"product_cat-utp-ftp-cables-dahua-cableado-estructurado","7":"product_tag-antiincendio","8":"product_tag-cable-anti-incendio","9":"product_tag-cables-estructurado","10":"product_tag-canaletas","11":"product_tag-charolas","12":"product_tag-conectores","13":"product_tag-fibra-optica","14":"product_tag-gabinetes","15":"product_tag-hdmi","16":"product_tag-jacks","17":"product_tag-patch-cord","18":"product_tag-racks","19":"product_tag-siameses","20":"product_tag-tierra-fisica","21":"product_tag-utp","23":"first","24":"instock","25":"sale","26":"taxable","27":"shipping-taxable","28":"purchasable","29":"product-type-simple"},"aioseo_notices":[],"_links":{"self":[{"href":"https:\/\/tecsecmty.com\/index.php\/wp-json\/wp\/v2\/product\/4638","targetHints":{"allow":["GET"]}}],"collection":[{"href":"https:\/\/tecsecmty.com\/index.php\/wp-json\/wp\/v2\/product"}],"about":[{"href":"https:\/\/tecsecmty.com\/index.php\/wp-json\/wp\/v2\/types\/product"}],"replies":[{"embeddable":true,"href":"https:\/\/tecsecmty.com\/index.php\/wp-json\/wp\/v2\/comments?post=4638"}],"version-history":[{"count":0,"href":"https:\/\/tecsecmty.com\/index.php\/wp-json\/wp\/v2\/product\/4638\/revisions"}],"wp:featuredmedia":[{"embeddable":true,"href":"https:\/\/tecsecmty.com\/index.php\/wp-json\/wp\/v2\/media\/4637"}],"wp:attachment":[{"href":"https:\/\/tecsecmty.com\/index.php\/wp-json\/wp\/v2\/media?parent=4638"}],"wp:term":[{"taxonomy":"product_brand","embeddable":true,"href":"https:\/\/tecsecmty.com\/index.php\/wp-json\/wp\/v2\/product_brand?post=4638"},{"taxonomy":"product_cat","embeddable":true,"href":"https:\/\/tecsecmty.com\/index.php\/wp-json\/wp\/v2\/product_cat?post=4638"},{"taxonomy":"product_tag","embeddable":true,"href":"https:\/\/tecsecmty.com\/index.php\/wp-json\/wp\/v2\/product_tag?post=4638"}],"curies":[{"name":"wp","href":"https:\/\/api.w.org\/{rel}","templated":true}]}}