{"id":4640,"date":"2023-02-23T01:35:46","date_gmt":"2023-02-23T07:35:46","guid":{"rendered":"https:\/\/tecsecmty.com\/index.php\/producto\/dahua-dh-pfm922i-5eun-c-100-bobina-de-100-metros-de-cable-utp-cat-5e-cca-color-blanco-uso-interior-cubierta-de-fr-pvc-rohs-compliant-lonuevo\/"},"modified":"2023-03-22T23:22:26","modified_gmt":"2023-03-23T05:22:26","slug":"dahua-dh-pfm922i-5eun-c-100-bobina-de-100-metros-de-cable-utp-cat-5e-cca-color-blanco-uso-interior-cubierta-de-fr-pvc-rohs-compliant-lonuevo","status":"publish","type":"product","link":"https:\/\/tecsecmty.com\/index.php\/producto\/dahua-dh-pfm922i-5eun-c-100-bobina-de-100-metros-de-cable-utp-cat-5e-cca-color-blanco-uso-interior-cubierta-de-fr-pvc-rohs-compliant-lonuevo\/","title":{"rendered":"DAHUA DH-PFM922I-5EUN-C-100 &#8211; Bobina de 100 Metros de Cable UTP Cat 5e\/ CCA\/Color Blanco\/ Uso Interior\/ Cubierta de FR-PVC (ROHS compliant)\/ #LoNuevo"},"content":{"rendered":"<div class=\"row aling-items-center padding-bottom-2x\">\n<div class=\"col-lg-12\">\n<h5 class=\"card-title text-center\">Informaci\u00f3n general<\/h5>\n<p>Los cables de red son los medios de transmisi\u00f3n m\u00e1s utilizados en el sistema de cableado gen\u00e9rico. Por lo general, se compone de 4 pares de cables trenzados y generalmente se aplica en el cableado del sistema dentro de los 100 metros.<\/p>\n<p><img decoding=\"async\" class=\"overview-center-img-web\" src=\"https:\/\/tvc.mx\/media\/550575\/H-PFM922I-5EUN-BOBINA-100-Metros-Cable-UTP-Cat-5e-CCA-Color-Blanco-Uso-Interior-Cubierta-FR-PVC-%28ROHS-compliant%29-banner-principal.png\" alt=\"Bobina UTP\" \/><\/div>\n<\/div>\n<div class=\"row align-items-center padding-bottom-2x\">\n<div class=\"col-md-5\"><img decoding=\"async\" class=\"d-block m-auto img-thumbnail\" src=\"https:\/\/tvc.mx\/media\/550011\/DAHUA-DH-PFM922I-5EUN-CBobina-100-Metros-Cable-UTP-cubierta-pvc-over.png\" alt=\" cubierta de PVC\" \/><\/div>\n<div class=\"col-md-7 text-md-left text-center\">\n<h2>Cubierta PVC Resistente<\/h2>\n<p class=\"text-muted\">\n<p>El cable tiene una cubierta de PVC compuesta por un revestimiento de\u00a0HDPE\u00a0, este es un pol\u00edmero termopl\u00e1stico conformado por unidades repetitivas de etileno. Se designa como\u00a0HDPE\u00a0(por sus\u00a0siglas\u00a0en ingl\u00e9s,\u00a0High Density Polyethylene) o PEAD (polietileno de alta densidad). Este material permite tener mas resistencia.<\/p>\n<p>&nbsp;<\/p>\n<\/div>\n<\/div>\n<hr class=\"padding-bottom-2x\" \/>\n<div class=\"row align-items-center padding-bottom-2x\">\n<div class=\"col-md-5 order-md-2\"><img decoding=\"async\" class=\"d-block m-auto img-thumbnail\" src=\"https:\/\/tvc.mx\/media\/550583\/H-PFM922I-5EUN-BOBINA-100-Metros-Cable-UTP-Cat-5e-CCA-Color-Blanco-Uso-Interior-Cubierta-FR-PVC-%28ROHS-compliant%29-caracteristicas-principales.png\" alt=\" Alimentaci\u00f3n a trav\u00e9s de Ethernet\" \/><\/div>\n<div class=\"col-md-7 order-md-1 text-md-left text-center\">\n<h2>Caracter\u00edsticas principales<\/h2>\n<p class=\"text-muted\">\n<p><strong>\u00b7<\/strong>100 m (328,08 pies)\/caja UTP CAT5e, alimentaci\u00f3n a trav\u00e9s de Ethernet, compatible con un cable.<\/p>\n<p><strong>\u00b7\u00a0<\/strong>Excelencia en la fabricaci\u00f3n.<\/p>\n<p><strong>\u00b7\u00a0<\/strong>Cubierta exterior de PVC personalizada, dotada de cierta resistencia a la llama.<\/p>\n<p><strong>\u00b7\u00a0<\/strong>Compromiso de calidad de primer nivel durante 10 a\u00f1os.<\/p>\n<p>&nbsp;<\/p>\n<\/div>\n<\/div>\n<hr class=\"padding-bottom-2x\" \/>\n<div class=\"row align-items-center padding-bottom-2x\">\n<div class=\"col-md-5\"><img decoding=\"async\" class=\"d-block m-auto img-thumbnail\" src=\"https:\/\/tvc.mx\/media\/550035\/DAHUA-DH-PFM922I-5EUN-CBobina-100-Metros-Cable-UTP-ESPECIFICACIONES.png\" alt=\" dimensiones\" \/><\/div>\n<div class=\"col-md-7 text-md-left text-center\">\n<h2>Especificaciones tecnicas<\/h2>\n<p class=\"text-muted\">\n<p>Material:\u00a0CCA (contenido de cobre: 22%\u201331%)<\/p>\n<p>Alargamiento a la rotura:\u00a0Revestimiento \u2265150%, aislamiento \u2265300%<\/p>\n<p>Di\u00e1metro:\u00a00,5 mm \u00b1 0,01 mm<\/p>\n<p>Radio de flexi\u00f3n de instalaci\u00f3n\u00a0&gt; 8 veces el di\u00e1metro exterior del cable<\/p>\n<p>Calibre del cable\u00a024 AWG<\/p>\n<p>Elongaci\u00f3n del conductor en la rotura\u00a0\u22658%<\/p>\n<p>Material:\u00a0HDPE<\/p>\n<p>Contracci\u00f3n del aislamiento:\u00a0\u22645%<\/p>\n<p>Espesor\u00a00,18 mm<\/p>\n<p>Resistencia a la migraci\u00f3n de color del<\/p>\n<p>aislamiento<\/p>\n<p>Sin migraci\u00f3n<\/p>\n<p>Di\u00e1metro:\u00a00,90 mm \u00b1 0,06 mm<\/p>\n<p>Resistencia a la tracci\u00f3n de la vaina y elongaci\u00f3n a la rotura despu\u00e9s del envejecimiento\u00a0\u226512,5 MPa, \u2265100 %<\/p>\n<p>Prueba de flexi\u00f3n a baja temperatura\u00a0Sin grietas despu\u00e9s de la prueba.<\/p>\n<p>Cuerda de rasgar<\/p>\n<p>Prueba de choque t\u00e9rmico<\/p>\n<p>Sin grietas despu\u00e9s de la prueba.<\/p>\n<\/div>\n<\/div>\n","protected":false},"excerpt":{"rendered":"<p>Informaci\u00f3n general Los cables de red son los medios de transmisi\u00f3n m\u00e1s utilizados en el sistema de cableado gen\u00e9rico. Por lo general, se compone de 4 pares de cables trenzados y generalmente se aplica en el cableado del sistema dentro de los 100 metros. Cubierta&hellip;<\/p>\n","protected":false},"featured_media":4639,"comment_status":"open","ping_status":"closed","template":"","meta":{"om_disable_all_campaigns":false,"_monsterinsights_skip_tracking":false,"_monsterinsights_sitenote_active":false,"_monsterinsights_sitenote_note":"","_monsterinsights_sitenote_category":0},"product_brand":[],"product_cat":[377],"product_tag":[343,341,339,346,347,350,348,179,344,349,340,351,345,352,342],"class_list":{"0":"post-4640","1":"product","2":"type-product","3":"status-publish","4":"has-post-thumbnail","6":"product_cat-utp-ftp-cables-dahua-cableado-estructurado","7":"product_tag-antiincendio","8":"product_tag-cable-anti-incendio","9":"product_tag-cables-estructurado","10":"product_tag-canaletas","11":"product_tag-charolas","12":"product_tag-conectores","13":"product_tag-fibra-optica","14":"product_tag-gabinetes","15":"product_tag-hdmi","16":"product_tag-jacks","17":"product_tag-patch-cord","18":"product_tag-racks","19":"product_tag-siameses","20":"product_tag-tierra-fisica","21":"product_tag-utp","23":"first","24":"instock","25":"sale","26":"taxable","27":"shipping-taxable","28":"purchasable","29":"product-type-simple"},"aioseo_notices":[],"_links":{"self":[{"href":"https:\/\/tecsecmty.com\/index.php\/wp-json\/wp\/v2\/product\/4640","targetHints":{"allow":["GET"]}}],"collection":[{"href":"https:\/\/tecsecmty.com\/index.php\/wp-json\/wp\/v2\/product"}],"about":[{"href":"https:\/\/tecsecmty.com\/index.php\/wp-json\/wp\/v2\/types\/product"}],"replies":[{"embeddable":true,"href":"https:\/\/tecsecmty.com\/index.php\/wp-json\/wp\/v2\/comments?post=4640"}],"version-history":[{"count":0,"href":"https:\/\/tecsecmty.com\/index.php\/wp-json\/wp\/v2\/product\/4640\/revisions"}],"wp:featuredmedia":[{"embeddable":true,"href":"https:\/\/tecsecmty.com\/index.php\/wp-json\/wp\/v2\/media\/4639"}],"wp:attachment":[{"href":"https:\/\/tecsecmty.com\/index.php\/wp-json\/wp\/v2\/media?parent=4640"}],"wp:term":[{"taxonomy":"product_brand","embeddable":true,"href":"https:\/\/tecsecmty.com\/index.php\/wp-json\/wp\/v2\/product_brand?post=4640"},{"taxonomy":"product_cat","embeddable":true,"href":"https:\/\/tecsecmty.com\/index.php\/wp-json\/wp\/v2\/product_cat?post=4640"},{"taxonomy":"product_tag","embeddable":true,"href":"https:\/\/tecsecmty.com\/index.php\/wp-json\/wp\/v2\/product_tag?post=4640"}],"curies":[{"name":"wp","href":"https:\/\/api.w.org\/{rel}","templated":true}]}}