{"id":4650,"date":"2023-02-23T01:35:55","date_gmt":"2023-02-23T07:35:55","guid":{"rendered":"https:\/\/tecsecmty.com\/index.php\/producto\/intellinet-334136-bobina-de-cable-utp-cat6-solida-100-cobre-305-m-de-cable-utp-filamento-solido-cm-certificable-gris\/"},"modified":"2023-03-22T23:23:34","modified_gmt":"2023-03-23T05:23:34","slug":"intellinet-334136-bobina-de-cable-utp-cat6-solida-100-cobre-305-m-de-cable-utp-filamento-solido-cm-certificable-gris","status":"publish","type":"product","link":"https:\/\/tecsecmty.com\/index.php\/producto\/intellinet-334136-bobina-de-cable-utp-cat6-solida-100-cobre-305-m-de-cable-utp-filamento-solido-cm-certificable-gris\/","title":{"rendered":"INTELLINET 334136 Bobina de Cable UTP Cat6, S\u00f3lida, 100% cobre, 305 m de cable UTP, Filamento s\u00f3lido, CM, Certificable, Gris"},"content":{"rendered":"<h5 class=\"card-title text-center\">Especificaciones T\u00e9cnicas<\/h5>\n<p class=\"ql-align-center\">La Bobina de Cable Cat6 de INTELLINET NETWORK SOLUTIONS permite una mejor relaci\u00f3n se\u00f1al a ruido con p\u00e9rdidas m\u00ednimas &#8211; lo que se traduce en redes m\u00e1s veloces y confiables para las aplicaciones actuales. El Cable Cat6 cumple con los est\u00e1ndares EIA\/TIA y se encuentra clasificado como Retardante de Flama. \u2022 Clasificaci\u00f3n de Retardante de Flama: CM en muros; permitido en aplicaciones residenciales riser de la familia 1-2 , o en montajes con canaleta o escalerilla a prueba de fuego \u2022 Probado bajo est\u00e1ndares: Cumple o excede los est\u00e1ndares actuales de CAT 6 por lo que es CERTIFICABLE<\/p>\n<p class=\"ql-align-center\">Garant\u00eda de por Vida* Los estrictos est\u00e1ndares de fabricaci\u00f3n aseguran la m\u00e1xima calidad en todos los productos INTELLINET NETWORK SOLUTIONS. Todos los art\u00edculos cuentan con una Garant\u00eda de por Vida*, el compromiso de calidad m\u00e1s fuerte que alguien puede ofrecer. (*Revise la garant\u00eda estipulada en cada pa\u00eds)<\/p>\n<p class=\"ql-align-center\">Especificaciones t\u00e9cnicas \u2022 Pruebas de canal CAT6 TIA, probada a 250 MHz: &#8211; P\u00e9rdidas en el retorno (db) = 17.32 &#8211; Atenuaci\u00f3n (db\/100) = 33.04 &#8211; Near-End Crosstalk (db) = 38.3 &#8211; Power Sum-NEXT (db) = 36.3 &#8211; Equal Level-FEXT (db) = 19.8 &#8211; Power Sum-ELFEXT (db) = 16.8<\/p>\n<p><img decoding=\"async\" class=\"overview-center-img-web\" src=\"https:\/\/tvc.mx\/media\/429195\/Bobina-de-Cable-UTP-Cat6%2C-S%C3%B3lida%2C-100%25-cobre-305-m.png\" alt=\"Especificaciones T\u00e9cnicas \" \/><\/p>\n","protected":false},"excerpt":{"rendered":"<p>Especificaciones T\u00e9cnicas La Bobina de Cable Cat6 de INTELLINET NETWORK SOLUTIONS permite una mejor relaci\u00f3n se\u00f1al a ruido con p\u00e9rdidas m\u00ednimas &#8211; lo que se traduce en redes m\u00e1s veloces y confiables para las aplicaciones actuales. El Cable Cat6 cumple con los est\u00e1ndares EIA\/TIA y&hellip;<\/p>\n","protected":false},"featured_media":4649,"comment_status":"open","ping_status":"closed","template":"","meta":{"om_disable_all_campaigns":false,"_monsterinsights_skip_tracking":false,"_monsterinsights_sitenote_active":false,"_monsterinsights_sitenote_note":"","_monsterinsights_sitenote_category":0},"product_brand":[],"product_cat":[378],"product_tag":[343,341,339,346,347,350,348,179,344,349,340,351,345,352,342],"class_list":{"0":"post-4650","1":"product","2":"type-product","3":"status-publish","4":"has-post-thumbnail","6":"product_cat-utp-ftp-cables-intellinet","7":"product_tag-antiincendio","8":"product_tag-cable-anti-incendio","9":"product_tag-cables-estructurado","10":"product_tag-canaletas","11":"product_tag-charolas","12":"product_tag-conectores","13":"product_tag-fibra-optica","14":"product_tag-gabinetes","15":"product_tag-hdmi","16":"product_tag-jacks","17":"product_tag-patch-cord","18":"product_tag-racks","19":"product_tag-siameses","20":"product_tag-tierra-fisica","21":"product_tag-utp","23":"first","24":"instock","25":"sale","26":"taxable","27":"shipping-taxable","28":"purchasable","29":"product-type-simple"},"aioseo_notices":[],"_links":{"self":[{"href":"https:\/\/tecsecmty.com\/index.php\/wp-json\/wp\/v2\/product\/4650","targetHints":{"allow":["GET"]}}],"collection":[{"href":"https:\/\/tecsecmty.com\/index.php\/wp-json\/wp\/v2\/product"}],"about":[{"href":"https:\/\/tecsecmty.com\/index.php\/wp-json\/wp\/v2\/types\/product"}],"replies":[{"embeddable":true,"href":"https:\/\/tecsecmty.com\/index.php\/wp-json\/wp\/v2\/comments?post=4650"}],"version-history":[{"count":0,"href":"https:\/\/tecsecmty.com\/index.php\/wp-json\/wp\/v2\/product\/4650\/revisions"}],"wp:featuredmedia":[{"embeddable":true,"href":"https:\/\/tecsecmty.com\/index.php\/wp-json\/wp\/v2\/media\/4649"}],"wp:attachment":[{"href":"https:\/\/tecsecmty.com\/index.php\/wp-json\/wp\/v2\/media?parent=4650"}],"wp:term":[{"taxonomy":"product_brand","embeddable":true,"href":"https:\/\/tecsecmty.com\/index.php\/wp-json\/wp\/v2\/product_brand?post=4650"},{"taxonomy":"product_cat","embeddable":true,"href":"https:\/\/tecsecmty.com\/index.php\/wp-json\/wp\/v2\/product_cat?post=4650"},{"taxonomy":"product_tag","embeddable":true,"href":"https:\/\/tecsecmty.com\/index.php\/wp-json\/wp\/v2\/product_tag?post=4650"}],"curies":[{"name":"wp","href":"https:\/\/api.w.org\/{rel}","templated":true}]}}