{"id":4656,"date":"2023-02-23T01:36:01","date_gmt":"2023-02-23T07:36:01","guid":{"rendered":"https:\/\/tecsecmty.com\/index.php\/producto\/intellinet-705073-bobina-de-cable-utp-cat5e-solida-100-cobre-cm-305-m-en-caja-gris-24-awg\/"},"modified":"2023-03-22T23:23:35","modified_gmt":"2023-03-23T05:23:35","slug":"intellinet-705073-bobina-de-cable-utp-cat5e-solida-100-cobre-cm-305-m-en-caja-gris-24-awg","status":"publish","type":"product","link":"https:\/\/tecsecmty.com\/index.php\/producto\/intellinet-705073-bobina-de-cable-utp-cat5e-solida-100-cobre-cm-305-m-en-caja-gris-24-awg\/","title":{"rendered":"INTELLINET 705073 Bobina de Cable UTP Cat5e, S\u00f3lida, 100% cobre, CM 305 m en caja, Gris, 24 AWG"},"content":{"rendered":"<h5 class=\"card-title text-center\">Caracter\u00edsticas Principales<\/h5>\n<p>La Bobina de Cable Cat5e de INTELLINET NETWORK SOLUTIONS permite una mejor relaci\u00f3n se\u00f1al a ruido con p\u00e9rdidas m\u00ednimas lo que se traduce en redes m\u00e1s veloces y confiables para las aplicaciones actuales, logrando transmisiones de hasta 350MHz y m\u00e1s.<\/p>\n<p>El Cable Cat5e cumple con los est\u00e1ndares EIA\/TIA y se encuentra clasificado como CM con Retardante de Flama.<\/p>\n<p>\u2022 Clasificaci\u00f3n de Retardante de Flama: CM en muros; permitido en aplicaciones residenciales riser de la familia 1-2 ,o en montajes con canaleta o escalerilla a prueba de fuego<\/p>\n<p>\u2022 Probado bajo est\u00e1ndares: Cumple o excede los est\u00e1ndares actuales de CAT 5e por lo que es CERTIFICABLE.<\/p>\n<p>\u2022 Bit\u00e1cora de uso en la caja: Seguimiento del cable restante disponible para el pr\u00f3ximo trabajo. Garant\u00eda de por Vida*<\/p>\n<p>Los estrictos est\u00e1ndares de fabricaci\u00f3n aseguran la m\u00e1xima calidad en todos los productos INTELLINET NETWORK SOLUTIONS. Todos los art\u00edculos cuentan con una Garant\u00eda de por Vida*, el compromiso de calidad m\u00e1s fuerte que alguien puede ofrecer. (*Revise la garant\u00eda estipulada en cada pa\u00eds)<\/p>\n<p>Especificaciones: General<\/p>\n<p>\u2022 Color Gris<\/p>\n<p>\u2022 4 Pares Trenzados Sin Blindar<\/p>\n<p>\u2022 24 AWG<\/p>\n<p>\u2022 N\u00facleo s\u00f3lido<\/p>\n<p>\u2022 Forro de PVC<\/p>\n<p>\u2022 Probado a 350 MHz para proporcionar ancho de banda y desempe\u00f1o mejorado<\/p>\n<p>\u2022 Cumple o excede con las especificaciones de Cat5e<\/p>\n<p>\u2022 Ideal para 10Base-T, 100Base-TX y 1000base-TX<\/p>\n<p>\u2022 Retardador de flama: CM Clasificaci\u00f3n de Retardante de Flama: CM en muros; permitido en aplicaciones residenciales riser de la familia 1-2 , o en montajes con canaleta o escalerilla a prueba de fuego<\/p>\n<p>\u2022 Aprobado por UL \u2022 Certificado 3P Especificaciones t\u00e9cnicas \u2022 Pruebas de canal CAT5e TIA, probada a 350 MHz a 80 metros: &#8211; P\u00e9rdidas en el retorno (db) = 16.3 &#8211; Atenuaci\u00f3n (db\/100) = 45.0 &#8211; Near-End Crosstalk (db) = 30.1 &#8211; Power Sum-NEXT (db) = 28.1 &#8211; Equal Level-FEXT (db) = 12.9 &#8211; Power Sum-ELFEXT (db) = 9.9<\/p>\n<p><img decoding=\"async\" class=\"overview-center-img-web\" src=\"https:\/\/tvc.mx\/media\/434555\/INTELLINET-705073-Bobina-de-Cable-UTP-Cat5e-S%C3%B3lida-100%25-cobre.png\" alt=\"\" \/><\/p>\n","protected":false},"excerpt":{"rendered":"<p>Caracter\u00edsticas Principales La Bobina de Cable Cat5e de INTELLINET NETWORK SOLUTIONS permite una mejor relaci\u00f3n se\u00f1al a ruido con p\u00e9rdidas m\u00ednimas lo que se traduce en redes m\u00e1s veloces y confiables para las aplicaciones actuales, logrando transmisiones de hasta 350MHz y m\u00e1s. El Cable Cat5e&hellip;<\/p>\n","protected":false},"featured_media":4655,"comment_status":"open","ping_status":"closed","template":"","meta":{"om_disable_all_campaigns":false,"_monsterinsights_skip_tracking":false,"_monsterinsights_sitenote_active":false,"_monsterinsights_sitenote_note":"","_monsterinsights_sitenote_category":0},"product_brand":[],"product_cat":[378],"product_tag":[343,341,339,346,347,350,348,179,344,349,340,351,345,352,342],"class_list":{"0":"post-4656","1":"product","2":"type-product","3":"status-publish","4":"has-post-thumbnail","6":"product_cat-utp-ftp-cables-intellinet","7":"product_tag-antiincendio","8":"product_tag-cable-anti-incendio","9":"product_tag-cables-estructurado","10":"product_tag-canaletas","11":"product_tag-charolas","12":"product_tag-conectores","13":"product_tag-fibra-optica","14":"product_tag-gabinetes","15":"product_tag-hdmi","16":"product_tag-jacks","17":"product_tag-patch-cord","18":"product_tag-racks","19":"product_tag-siameses","20":"product_tag-tierra-fisica","21":"product_tag-utp","23":"first","24":"instock","25":"sale","26":"taxable","27":"shipping-taxable","28":"purchasable","29":"product-type-simple"},"aioseo_notices":[],"_links":{"self":[{"href":"https:\/\/tecsecmty.com\/index.php\/wp-json\/wp\/v2\/product\/4656","targetHints":{"allow":["GET"]}}],"collection":[{"href":"https:\/\/tecsecmty.com\/index.php\/wp-json\/wp\/v2\/product"}],"about":[{"href":"https:\/\/tecsecmty.com\/index.php\/wp-json\/wp\/v2\/types\/product"}],"replies":[{"embeddable":true,"href":"https:\/\/tecsecmty.com\/index.php\/wp-json\/wp\/v2\/comments?post=4656"}],"version-history":[{"count":0,"href":"https:\/\/tecsecmty.com\/index.php\/wp-json\/wp\/v2\/product\/4656\/revisions"}],"wp:featuredmedia":[{"embeddable":true,"href":"https:\/\/tecsecmty.com\/index.php\/wp-json\/wp\/v2\/media\/4655"}],"wp:attachment":[{"href":"https:\/\/tecsecmty.com\/index.php\/wp-json\/wp\/v2\/media?parent=4656"}],"wp:term":[{"taxonomy":"product_brand","embeddable":true,"href":"https:\/\/tecsecmty.com\/index.php\/wp-json\/wp\/v2\/product_brand?post=4656"},{"taxonomy":"product_cat","embeddable":true,"href":"https:\/\/tecsecmty.com\/index.php\/wp-json\/wp\/v2\/product_cat?post=4656"},{"taxonomy":"product_tag","embeddable":true,"href":"https:\/\/tecsecmty.com\/index.php\/wp-json\/wp\/v2\/product_tag?post=4656"}],"curies":[{"name":"wp","href":"https:\/\/api.w.org\/{rel}","templated":true}]}}