{"id":4658,"date":"2023-02-23T01:36:04","date_gmt":"2023-02-23T07:36:04","guid":{"rendered":"https:\/\/tecsecmty.com\/index.php\/producto\/panduit-nuc5c04buc-cable-utp-cat5e-netkey-caja-de-305-metros-color-azul-100-cobre-4-pares-24-awg-utp\/"},"modified":"2023-03-22T23:23:44","modified_gmt":"2023-03-23T05:23:44","slug":"panduit-nuc5c04buc-cable-utp-cat5e-netkey-caja-de-305-metros-color-azul-100-cobre-4-pares-24-awg-utp","status":"publish","type":"product","link":"https:\/\/tecsecmty.com\/index.php\/producto\/panduit-nuc5c04buc-cable-utp-cat5e-netkey-caja-de-305-metros-color-azul-100-cobre-4-pares-24-awg-utp\/","title":{"rendered":"PANDUIT NUC5C04BUC &#8211; CABLE UTP CAT5E NETKEY\/ CAJA DE 305 METROS\/ COLOR AZUL\/100% COBRE\/ 4 PARES\/ 24 AWG\/ #UTP"},"content":{"rendered":"<div class=\"row aling-items-center padding-bottom-2x\">\n<div class=\"row aling-items-center padding-bottom-2x\">\n<div class=\"col-lg-12\">\n<h5 class=\"card-title text-center\">Informaci\u00f3n General<\/h5>\n<p>El cable de categor\u00eda 5e cumple con ANSI \/ TIA-568-C.2 categor\u00eda 5e e ISO 11801 2da edici\u00f3n Clase D est\u00e1ndares de canal. Los conductores son 24 AWG<\/p>\n<p>cobre aislado con pol\u00edmero HDPE. El cobre los conductores est\u00e1n trenzados en pares y los cuatro pares est\u00e1n cubiertos por un bajo contenido de humo cero hal\u00f3genos o Chaqueta de PVC retardante de llama (CM o CMR).<\/p>\n<p><img decoding=\"async\" class=\"overview-center-img-web\" src=\"https:\/\/tvc.mx\/media\/113185\/webqnap.png\" alt=\"\" \/><\/div>\n<\/div>\n<div class=\"row aling-items-center padding-bottom-2x\">\n<div class=\"col-lg-12\">\n<h5 class=\"card-title text-center\">Principales Caracter\u00edsticas<\/h5>\n<ul>\n<li><strong>Modelo: NetKey<\/strong><\/li>\n<li><strong>Grado de combustibilidad: CM<\/strong><\/li>\n<li><strong>Material forro de cables: Policloruro de vinilo<\/strong><\/li>\n<li><strong>Temperatura m\u00e1xima de funcionamiento: (C)60<\/strong><\/li>\n<li><strong>Temperatura m\u00e1xima de funcionamiento (F): 140<\/strong><\/li>\n<li><strong>Temperatura m\u00ednima de funcionamiento (C): -20<\/strong><\/li>\n<li><strong>Temperatura m\u00ednima de funcionamiento (F): -4<\/strong><\/li>\n<li><strong>Temperatura m\u00e1xima de instalaci\u00f3n (\u00b0 C): 50<\/strong><\/li>\n<li><strong>Temperatura m\u00ednima de instalaci\u00f3n (C): 0<\/strong><\/li>\n<li><strong>Temperatura m\u00ednima de instalaci\u00f3n (F): 32<\/strong><\/li>\n<li><strong>No. de pares 4<\/strong><\/li>\n<li><strong>Longitud Total: (m)305<\/strong><\/li>\n<li><strong>Tama\u00f1o de AWG: 24<\/strong><\/li>\n<li><strong>Di\u00e1metro de aislamiento: (mm)1<\/strong><\/li>\n<li><strong>Est\u00e1ndares: ANSI\/TIA-568-C.2 de categor\u00eda 5e, requisitos de canal ISO\u00a011801 2.a edici\u00f3n clase\u00a0D, IEEE 802.3af e IEEE 802.3at para aplicaciones PoE, IEC 60332, 60754 y 61034, y UL 1685 y 1666<\/strong><\/li>\n<li><strong>Color: Azul<\/strong><\/li>\n<li><strong>Tipo de Producto: Cable de cobre<\/strong><\/li>\n<\/ul>\n<\/div>\n<\/div>\n<\/div>\n","protected":false},"excerpt":{"rendered":"<p>Informaci\u00f3n General El cable de categor\u00eda 5e cumple con ANSI \/ TIA-568-C.2 categor\u00eda 5e e ISO 11801 2da edici\u00f3n Clase D est\u00e1ndares de canal. Los conductores son 24 AWG cobre aislado con pol\u00edmero HDPE. El cobre los conductores est\u00e1n trenzados en pares y los cuatro&hellip;<\/p>\n","protected":false},"featured_media":4657,"comment_status":"open","ping_status":"closed","template":"","meta":{"om_disable_all_campaigns":false,"_monsterinsights_skip_tracking":false,"_monsterinsights_sitenote_active":false,"_monsterinsights_sitenote_note":"","_monsterinsights_sitenote_category":0},"product_brand":[],"product_cat":[381],"product_tag":[343,341,339,346,347,350,348,179,344,349,340,351,345,352,342],"class_list":{"0":"post-4658","1":"product","2":"type-product","3":"status-publish","4":"has-post-thumbnail","6":"product_cat-utp-ftp-cables-panduit","7":"product_tag-antiincendio","8":"product_tag-cable-anti-incendio","9":"product_tag-cables-estructurado","10":"product_tag-canaletas","11":"product_tag-charolas","12":"product_tag-conectores","13":"product_tag-fibra-optica","14":"product_tag-gabinetes","15":"product_tag-hdmi","16":"product_tag-jacks","17":"product_tag-patch-cord","18":"product_tag-racks","19":"product_tag-siameses","20":"product_tag-tierra-fisica","21":"product_tag-utp","23":"first","24":"instock","25":"sale","26":"taxable","27":"shipping-taxable","28":"purchasable","29":"product-type-simple"},"aioseo_notices":[],"_links":{"self":[{"href":"https:\/\/tecsecmty.com\/index.php\/wp-json\/wp\/v2\/product\/4658","targetHints":{"allow":["GET"]}}],"collection":[{"href":"https:\/\/tecsecmty.com\/index.php\/wp-json\/wp\/v2\/product"}],"about":[{"href":"https:\/\/tecsecmty.com\/index.php\/wp-json\/wp\/v2\/types\/product"}],"replies":[{"embeddable":true,"href":"https:\/\/tecsecmty.com\/index.php\/wp-json\/wp\/v2\/comments?post=4658"}],"version-history":[{"count":0,"href":"https:\/\/tecsecmty.com\/index.php\/wp-json\/wp\/v2\/product\/4658\/revisions"}],"wp:featuredmedia":[{"embeddable":true,"href":"https:\/\/tecsecmty.com\/index.php\/wp-json\/wp\/v2\/media\/4657"}],"wp:attachment":[{"href":"https:\/\/tecsecmty.com\/index.php\/wp-json\/wp\/v2\/media?parent=4658"}],"wp:term":[{"taxonomy":"product_brand","embeddable":true,"href":"https:\/\/tecsecmty.com\/index.php\/wp-json\/wp\/v2\/product_brand?post=4658"},{"taxonomy":"product_cat","embeddable":true,"href":"https:\/\/tecsecmty.com\/index.php\/wp-json\/wp\/v2\/product_cat?post=4658"},{"taxonomy":"product_tag","embeddable":true,"href":"https:\/\/tecsecmty.com\/index.php\/wp-json\/wp\/v2\/product_tag?post=4658"}],"curies":[{"name":"wp","href":"https:\/\/api.w.org\/{rel}","templated":true}]}}