{"id":4668,"date":"2023-02-23T01:36:12","date_gmt":"2023-02-23T07:36:12","guid":{"rendered":"https:\/\/tecsecmty.com\/index.php\/producto\/saxxon-oftpcat6copext-bobina-de-cable-ftp-cat6-100-cobre-305-metros-blindado-color-negro-uso-exterior-ideal-para-cableado-de-redes-de-datos-y-video-cert-iso9001-ul-rosh\/"},"modified":"2023-03-22T23:23:58","modified_gmt":"2023-03-23T05:23:58","slug":"saxxon-oftpcat6copext-bobina-de-cable-ftp-cat6-100-cobre-305-metros-blindado-color-negro-uso-exterior-ideal-para-cableado-de-redes-de-datos-y-video-cert-iso9001-ul-rosh","status":"publish","type":"product","link":"https:\/\/tecsecmty.com\/index.php\/producto\/saxxon-oftpcat6copext-bobina-de-cable-ftp-cat6-100-cobre-305-metros-blindado-color-negro-uso-exterior-ideal-para-cableado-de-redes-de-datos-y-video-cert-iso9001-ul-rosh\/","title":{"rendered":"SAXXON OFTPCAT6COPEXT &#8211; Bobina de Cable FTP Cat6 100% Cobre\/ 305 Metros\/ Blindado\/ Color Negro\/ Uso Exterior\/ Ideal para Cableado de Redes de Datos y Video\/ Cert ISO9001\/ UL \/ RoSH\/"},"content":{"rendered":"<div class=\"row aling-items-center padding-bottom-2x\">\n<div class=\"col-lg-12\">\n<h5 class=\"card-title text-center\">Informaci\u00f3n general.<\/h5>\n<p>Cable FTP CAT6 hecho de cobre puro (99,99% de cobre) con alta &#8211; actuaci\u00f3n.<\/p>\n<p>Cumple con el requisito de ancho de banda de 250MHz especificado por Cat.6 de acuerdo con el est\u00e1ndar TIA \/ EIA568.<\/p>\n<p>El dise\u00f1o central dividido en cruz reduce la p\u00e9rdida causada por el extremo cercano<\/p>\n<p>diafon\u00eda (NEXT) entre pares.<\/p>\n<p>Adopta blindaje integral de papel de aluminio para efectivamente resistir la interferencia electromagn\u00e9tica externa.<\/p>\n<p>La cubierta de LDPE hace que el cable tenga una capacidad antiinterferencia m\u00e1s fuerte<\/p>\n<p>Al mundo exterior y transmitir la se\u00f1al con la m\u00e1s estricta confianza<\/p>\n<p><img decoding=\"async\" class=\"overview-center-img-web\" src=\"https:\/\/tvc.mx\/media\/38856\/Banner.png\" alt=\"\" \/><\/div>\n<\/div>\n<div class=\"row align-items-center padding-bottom-2x\">\n<div class=\"col-md-5\"><img decoding=\"async\" class=\"d-block m-auto img-thumbnail\" src=\"https:\/\/tvc.mx\/media\/38859\/OVL1.png\" alt=\" \" \/><\/div>\n<div class=\"col-md-7 text-md-left text-center\">\n<h2>Caracter\u00edsticas.<\/h2>\n<p class=\"text-muted\">\n<ul>\n<li>Estructura: 4 pares trenzados<\/li>\n<li>Conductor: cobre puro<\/li>\n<li>Aislamiento: HD-PE<\/li>\n<li>Blindado: Mylar + Al Foil<\/li>\n<li>Drenaje de alambre: 100% Cobre<\/li>\n<li>Chaqueta exterior: LDPE<\/li>\n<li>Temperatura nominal: 60 \u00b0 C<\/li>\n<li>Impedancia: 100 \u00b1 15% \u03a9<\/li>\n<li>Frecuencia: 250MHz<\/li>\n<li>Est\u00e1ndar de referencia: YD \/ T1019-2001,<\/li>\n<li>ISO \/ IEC 11801, ANSI \/ TIA \/ EIA-568.<\/li>\n<li>SXN1570006: 305M \/ Tambor de madera<\/li>\n<\/ul>\n<\/div>\n<\/div>\n","protected":false},"excerpt":{"rendered":"<p>Informaci\u00f3n general. Cable FTP CAT6 hecho de cobre puro (99,99% de cobre) con alta &#8211; actuaci\u00f3n. Cumple con el requisito de ancho de banda de 250MHz especificado por Cat.6 de acuerdo con el est\u00e1ndar TIA \/ EIA568. El dise\u00f1o central dividido en cruz reduce la&hellip;<\/p>\n","protected":false},"featured_media":4667,"comment_status":"open","ping_status":"closed","template":"","meta":{"om_disable_all_campaigns":false,"_monsterinsights_skip_tracking":false,"_monsterinsights_sitenote_active":false,"_monsterinsights_sitenote_note":"","_monsterinsights_sitenote_category":0},"product_brand":[],"product_cat":[382],"product_tag":[343,341,339,346,347,350,348,179,344,349,340,351,345,352,342],"class_list":{"0":"post-4668","1":"product","2":"type-product","3":"status-publish","4":"has-post-thumbnail","6":"product_cat-utp-ftp-cables-saxxon-cableado-estructurado","7":"product_tag-antiincendio","8":"product_tag-cable-anti-incendio","9":"product_tag-cables-estructurado","10":"product_tag-canaletas","11":"product_tag-charolas","12":"product_tag-conectores","13":"product_tag-fibra-optica","14":"product_tag-gabinetes","15":"product_tag-hdmi","16":"product_tag-jacks","17":"product_tag-patch-cord","18":"product_tag-racks","19":"product_tag-siameses","20":"product_tag-tierra-fisica","21":"product_tag-utp","23":"first","24":"instock","25":"sale","26":"taxable","27":"shipping-taxable","28":"purchasable","29":"product-type-simple"},"aioseo_notices":[],"_links":{"self":[{"href":"https:\/\/tecsecmty.com\/index.php\/wp-json\/wp\/v2\/product\/4668","targetHints":{"allow":["GET"]}}],"collection":[{"href":"https:\/\/tecsecmty.com\/index.php\/wp-json\/wp\/v2\/product"}],"about":[{"href":"https:\/\/tecsecmty.com\/index.php\/wp-json\/wp\/v2\/types\/product"}],"replies":[{"embeddable":true,"href":"https:\/\/tecsecmty.com\/index.php\/wp-json\/wp\/v2\/comments?post=4668"}],"version-history":[{"count":0,"href":"https:\/\/tecsecmty.com\/index.php\/wp-json\/wp\/v2\/product\/4668\/revisions"}],"wp:featuredmedia":[{"embeddable":true,"href":"https:\/\/tecsecmty.com\/index.php\/wp-json\/wp\/v2\/media\/4667"}],"wp:attachment":[{"href":"https:\/\/tecsecmty.com\/index.php\/wp-json\/wp\/v2\/media?parent=4668"}],"wp:term":[{"taxonomy":"product_brand","embeddable":true,"href":"https:\/\/tecsecmty.com\/index.php\/wp-json\/wp\/v2\/product_brand?post=4668"},{"taxonomy":"product_cat","embeddable":true,"href":"https:\/\/tecsecmty.com\/index.php\/wp-json\/wp\/v2\/product_cat?post=4668"},{"taxonomy":"product_tag","embeddable":true,"href":"https:\/\/tecsecmty.com\/index.php\/wp-json\/wp\/v2\/product_tag?post=4668"}],"curies":[{"name":"wp","href":"https:\/\/api.w.org\/{rel}","templated":true}]}}