{"id":4674,"date":"2023-02-23T01:36:16","date_gmt":"2023-02-23T07:36:16","guid":{"rendered":"https:\/\/tecsecmty.com\/index.php\/producto\/saxxon-outp5ecca305g-bobina-de-cable-utp-cat5e-305-metros-cca-color-gris-uso-interior-cert-iso9001-ul-444-rosh-ansi-tia-ei-568b\/"},"modified":"2023-03-22T23:23:58","modified_gmt":"2023-03-23T05:23:58","slug":"saxxon-outp5ecca305g-bobina-de-cable-utp-cat5e-305-metros-cca-color-gris-uso-interior-cert-iso9001-ul-444-rosh-ansi-tia-ei-568b","status":"publish","type":"product","link":"https:\/\/tecsecmty.com\/index.php\/producto\/saxxon-outp5ecca305g-bobina-de-cable-utp-cat5e-305-metros-cca-color-gris-uso-interior-cert-iso9001-ul-444-rosh-ansi-tia-ei-568b\/","title":{"rendered":"SAXXON OUTP5ECCA305G &#8211; Bobina de Cable UTP Cat5e\/ 305 Metros\/ CCA\/ Color Gris\/ Uso Interior\/ Cert ISO9001\/ UL 444\/ RoSH\/ ANSI\/ TIA\/ EI-568B"},"content":{"rendered":"<div class=\"row aling-items-center padding-bottom-2x\">\n<div class=\"col-lg-12\">\n<h5 class=\"card-title text-center\">Informaci\u00f3n general.<\/h5>\n<p class=\"ql-align-justify\">Le ofrecemos la mejor calidad en cable para sus proyectos de conectividad. \u00c9ste cable adem\u00e1s de ser \u00fatil para redes Ethernet, tambi\u00e9n es ideal para la instalaci\u00f3n de C\u00e1maras de CCTV.<\/p>\n<p class=\"ql-align-justify\">El modelo\u00a0<strong><em>SAXXON OUTP5ECCA305G<\/em><\/strong>\u00a0es una bobina de Cable Utp Cat5E fabricado de CCA\u00a0(Aluminio\u00a0revestido\u00a0de\u00a0cobre).<\/p>\n<p class=\"ql-align-justify\">Ancho\u00a0de\u00a0banda\u00a0100MHZ\u00a0para\u00a0aplicaciones\u00a0de\u00a0datos, Fast Ethernet y\u00a0155Mbps.<\/p>\n<p class=\"ql-align-justify\">F\u00e1cil\u00a0identificaci\u00f3n\u00a0de\u00a0los\u00a0pares\u00a0de\u00a0franjas\u00a0de\u00a0color.<\/p>\n<p class=\"ql-align-justify\">10Base-T,\u00a0100Base-TX,\u00a0100Base-T4,\u00a01000Base-T. El\u00a0ancho\u00a0de\u00a0banda\u00a0efectivo\u00a0de\u00a0datos\u00a0es\u00a01\u00a0Gbit\u00a0\/\u00a0s.<\/p>\n<p><img decoding=\"async\" class=\"overview-center-img-web\" src=\"https:\/\/tvc.mx\/media\/102369\/Cable-UTP-para-interior-CCA-305m-Cat.-5e-Saxxon.--BANNER.png\" alt=\"\" \/><\/div>\n<\/div>\n<div class=\"row align-items-center padding-bottom-2x\">\n<div class=\"col-md-5\"><img decoding=\"async\" class=\"d-block m-auto img-thumbnail\" src=\"https:\/\/tvc.mx\/media\/102373\/Cable-UTP-para-interior-CCA-305m-Cat.-5e-Saxxon.--OVL1.png\" alt=\" \" \/><\/div>\n<div class=\"col-md-7 text-md-left text-center\">\n<h2>Caracter\u00edsticas.<\/h2>\n<p class=\"text-muted\">\n<ul>\n<li>Estructura:\u00a04\u00a0pares\u00a0trenzados<\/li>\n<li>Bobina de 305 m<\/li>\n<li>Conductor:\u00a0CCA<\/li>\n<li>Aislamiento:\u00a0HD-PE<\/li>\n<li>Chaqueta\u00a0de\u00a0PVC<\/li>\n<li>Temperatura\u00a0clasificada:\u00a060\u00a0\u00b0\u00a0C<\/li>\n<li>Impedancia:\u00a0100\u00a0\u00b1\u00a015%\u00a0\u03a9<\/li>\n<li>Frecuencia:\u00a0100MHz<\/li>\n<li>Est\u00e1ndar\u00a0de\u00a0referencia:\u00a0YD\u00a0\/\u00a0T1019-2001,\u00a0ISO\u00a0\/\u00a0IEC\u00a011801,\u00a0ANSI\u00a0\/\u00a0TIA\u00a0\/\u00a0EIA-568.<\/li>\n<\/ul>\n<p>&nbsp;<\/p>\n<\/div>\n<\/div>\n<hr class=\"padding-bottom-2x\" \/>\n<div class=\"row align-items-center padding-bottom-2x\">\n<div class=\"col-md-5 order-md-2\"><img decoding=\"async\" class=\"d-block m-auto img-thumbnail\" src=\"https:\/\/tvc.mx\/media\/102377\/Cable-UTP-para-interior-CCA-305m-Cat.-5e-Saxxon.--OVL2.png\" alt=\" \" \/><\/div>\n<div class=\"col-md-7 order-md-1 text-md-left text-center\">\n<h2>Caracter\u00edsticas del CCA.<\/h2>\n<p class=\"text-muted\">\n<p>El cable CCA est\u00e1 compuesto\u00a0de aluminio revestido de cobre,\u00a0un conductor el\u00e9ctrico que tiene el interior central de aluminio y el exterior de revestimiento de cobre.<\/p>\n<h3>Principales ventajas\u00a0del\u00a0CCA:<\/h3>\n<ul>\n<li>Es m\u00e1s ligero.<\/li>\n<li>Son m\u00e1s f\u00e1ciles de instalar que el cobre s\u00f3lido.<\/li>\n<\/ul>\n<\/div>\n<\/div>\n","protected":false},"excerpt":{"rendered":"<p>Informaci\u00f3n general. Le ofrecemos la mejor calidad en cable para sus proyectos de conectividad. \u00c9ste cable adem\u00e1s de ser \u00fatil para redes Ethernet, tambi\u00e9n es ideal para la instalaci\u00f3n de C\u00e1maras de CCTV. El modelo\u00a0SAXXON OUTP5ECCA305G\u00a0es una bobina de Cable Utp Cat5E fabricado de CCA\u00a0(Aluminio\u00a0revestido\u00a0de\u00a0cobre).&hellip;<\/p>\n","protected":false},"featured_media":4673,"comment_status":"open","ping_status":"closed","template":"","meta":{"om_disable_all_campaigns":false,"_monsterinsights_skip_tracking":false,"_monsterinsights_sitenote_active":false,"_monsterinsights_sitenote_note":"","_monsterinsights_sitenote_category":0},"product_brand":[],"product_cat":[382],"product_tag":[343,341,339,346,347,350,348,179,344,349,340,351,345,352,342],"class_list":{"0":"post-4674","1":"product","2":"type-product","3":"status-publish","4":"has-post-thumbnail","6":"product_cat-utp-ftp-cables-saxxon-cableado-estructurado","7":"product_tag-antiincendio","8":"product_tag-cable-anti-incendio","9":"product_tag-cables-estructurado","10":"product_tag-canaletas","11":"product_tag-charolas","12":"product_tag-conectores","13":"product_tag-fibra-optica","14":"product_tag-gabinetes","15":"product_tag-hdmi","16":"product_tag-jacks","17":"product_tag-patch-cord","18":"product_tag-racks","19":"product_tag-siameses","20":"product_tag-tierra-fisica","21":"product_tag-utp","23":"first","24":"instock","25":"sale","26":"taxable","27":"shipping-taxable","28":"purchasable","29":"product-type-simple"},"aioseo_notices":[],"_links":{"self":[{"href":"https:\/\/tecsecmty.com\/index.php\/wp-json\/wp\/v2\/product\/4674","targetHints":{"allow":["GET"]}}],"collection":[{"href":"https:\/\/tecsecmty.com\/index.php\/wp-json\/wp\/v2\/product"}],"about":[{"href":"https:\/\/tecsecmty.com\/index.php\/wp-json\/wp\/v2\/types\/product"}],"replies":[{"embeddable":true,"href":"https:\/\/tecsecmty.com\/index.php\/wp-json\/wp\/v2\/comments?post=4674"}],"version-history":[{"count":0,"href":"https:\/\/tecsecmty.com\/index.php\/wp-json\/wp\/v2\/product\/4674\/revisions"}],"wp:featuredmedia":[{"embeddable":true,"href":"https:\/\/tecsecmty.com\/index.php\/wp-json\/wp\/v2\/media\/4673"}],"wp:attachment":[{"href":"https:\/\/tecsecmty.com\/index.php\/wp-json\/wp\/v2\/media?parent=4674"}],"wp:term":[{"taxonomy":"product_brand","embeddable":true,"href":"https:\/\/tecsecmty.com\/index.php\/wp-json\/wp\/v2\/product_brand?post=4674"},{"taxonomy":"product_cat","embeddable":true,"href":"https:\/\/tecsecmty.com\/index.php\/wp-json\/wp\/v2\/product_cat?post=4674"},{"taxonomy":"product_tag","embeddable":true,"href":"https:\/\/tecsecmty.com\/index.php\/wp-json\/wp\/v2\/product_tag?post=4674"}],"curies":[{"name":"wp","href":"https:\/\/api.w.org\/{rel}","templated":true}]}}