{"id":4713,"date":"2023-02-23T01:36:58","date_gmt":"2023-02-23T07:36:58","guid":{"rendered":"https:\/\/tecsecmty.com\/index.php\/producto\/saxxon-outpcat6gcopext-bobina-de-cable-utp-cat6-100-cobre-con-gel-305-metros-uso-exterior-color-negro-cumple-con-estandares-iso-iec-11801-ed2-eia-tia568-ideal-para-cableado-de-redes-y-video\/"},"modified":"2023-03-22T23:24:00","modified_gmt":"2023-03-23T05:24:00","slug":"saxxon-outpcat6gcopext-bobina-de-cable-utp-cat6-100-cobre-con-gel-305-metros-uso-exterior-color-negro-cumple-con-estandares-iso-iec-11801-ed2-eia-tia568-ideal-para-cableado-de-redes-y-video","status":"publish","type":"product","link":"https:\/\/tecsecmty.com\/index.php\/producto\/saxxon-outpcat6gcopext-bobina-de-cable-utp-cat6-100-cobre-con-gel-305-metros-uso-exterior-color-negro-cumple-con-estandares-iso-iec-11801-ed2-eia-tia568-ideal-para-cableado-de-redes-y-video\/","title":{"rendered":"SAXXON OUTPCAT6GCOPEXT- Bobina de Cable UTP Cat6 100% Cobre con Gel\/ 305 Metros\/ Uso Exterior\/ Color Negro\/ Cumple con Estandares: ISO\/ IEC 11801 Ed2; EIA\/ TIA568\/ Ideal para Cableado de Redes y Video\/"},"content":{"rendered":"<h5 class=\"card-title text-center\">Informaci\u00f3n general.<\/h5>\n<p class=\"ql-indent-1\">UTP CAT6 hecho de cobre puro (99.99% de cobre) con alto rendimiento<\/p>\n<p class=\"ql-indent-1\">El cable cat6 satisface completamente los requisitos el\u00e9ctricos y mec\u00e1nicos.<\/p>\n<p class=\"ql-indent-1\">Es compatible con todos los sistemas UTP cat6 y cumple con ISO \/ IEC 1180 Ed2; EIA \/ TIA568.<\/p>\n<p class=\"ql-indent-1\">La estructura interna en forma de cruz hace que la estructura y el rendimiento del cable sean m\u00e1s estables.<\/p>\n<p class=\"ql-indent-1\">El relleno de gel evita la entrada de agua y aire para garantizar el rendimiento del cable de red.<\/p>\n<p class=\"ql-indent-1\">El cable de transmisi\u00f3n de datos de cableado estructurado transmite datos y voz digital,<\/p>\n<p class=\"ql-indent-1\">Especialmente adecuado para la aplicaci\u00f3n de todos los enlaces de nivel E y CAT6.<\/p>\n<p class=\"ql-indent-1\">Incluyendo ISDN, 10Mbit Ethernet, 100Mbit Fast Ethernet, 1Gbit<\/p>\n<p class=\"ql-indent-1\">Ethernet, 4\/16 Mbit \/ s Token ring, TP-PMD \/ TP-DDI 125Mbit \/ s, ATM155 Mbit \/ s.<\/p>\n<p class=\"ql-indent-1\">La cubierta de LDPE hace que el cable tenga una capacidad antiinterferencia m\u00e1s fuerte para el mundo exterior y transmita la se\u00f1al con la m\u00e1s estricta confidencialidad.<\/p>\n<p><img decoding=\"async\" class=\"overview-center-img-web\" src=\"https:\/\/tvc.mx\/media\/40773\/Banner.png\" alt=\"\" \/><\/p>\n","protected":false},"excerpt":{"rendered":"<p>Informaci\u00f3n general. UTP CAT6 hecho de cobre puro (99.99% de cobre) con alto rendimiento El cable cat6 satisface completamente los requisitos el\u00e9ctricos y mec\u00e1nicos. Es compatible con todos los sistemas UTP cat6 y cumple con ISO \/ IEC 1180 Ed2; EIA \/ TIA568. La estructura&hellip;<\/p>\n","protected":false},"featured_media":4712,"comment_status":"open","ping_status":"closed","template":"","meta":{"om_disable_all_campaigns":false,"_monsterinsights_skip_tracking":false,"_monsterinsights_sitenote_active":false,"_monsterinsights_sitenote_note":"","_monsterinsights_sitenote_category":0},"product_brand":[],"product_cat":[382],"product_tag":[343,341,339,346,347,350,348,179,344,349,340,351,345,352,342],"class_list":{"0":"post-4713","1":"product","2":"type-product","3":"status-publish","4":"has-post-thumbnail","6":"product_cat-utp-ftp-cables-saxxon-cableado-estructurado","7":"product_tag-antiincendio","8":"product_tag-cable-anti-incendio","9":"product_tag-cables-estructurado","10":"product_tag-canaletas","11":"product_tag-charolas","12":"product_tag-conectores","13":"product_tag-fibra-optica","14":"product_tag-gabinetes","15":"product_tag-hdmi","16":"product_tag-jacks","17":"product_tag-patch-cord","18":"product_tag-racks","19":"product_tag-siameses","20":"product_tag-tierra-fisica","21":"product_tag-utp","23":"first","24":"instock","25":"sale","26":"taxable","27":"shipping-taxable","28":"purchasable","29":"product-type-simple"},"aioseo_notices":[],"_links":{"self":[{"href":"https:\/\/tecsecmty.com\/index.php\/wp-json\/wp\/v2\/product\/4713","targetHints":{"allow":["GET"]}}],"collection":[{"href":"https:\/\/tecsecmty.com\/index.php\/wp-json\/wp\/v2\/product"}],"about":[{"href":"https:\/\/tecsecmty.com\/index.php\/wp-json\/wp\/v2\/types\/product"}],"replies":[{"embeddable":true,"href":"https:\/\/tecsecmty.com\/index.php\/wp-json\/wp\/v2\/comments?post=4713"}],"version-history":[{"count":0,"href":"https:\/\/tecsecmty.com\/index.php\/wp-json\/wp\/v2\/product\/4713\/revisions"}],"wp:featuredmedia":[{"embeddable":true,"href":"https:\/\/tecsecmty.com\/index.php\/wp-json\/wp\/v2\/media\/4712"}],"wp:attachment":[{"href":"https:\/\/tecsecmty.com\/index.php\/wp-json\/wp\/v2\/media?parent=4713"}],"wp:term":[{"taxonomy":"product_brand","embeddable":true,"href":"https:\/\/tecsecmty.com\/index.php\/wp-json\/wp\/v2\/product_brand?post=4713"},{"taxonomy":"product_cat","embeddable":true,"href":"https:\/\/tecsecmty.com\/index.php\/wp-json\/wp\/v2\/product_cat?post=4713"},{"taxonomy":"product_tag","embeddable":true,"href":"https:\/\/tecsecmty.com\/index.php\/wp-json\/wp\/v2\/product_tag?post=4713"}],"curies":[{"name":"wp","href":"https:\/\/api.w.org\/{rel}","templated":true}]}}