{"id":4715,"date":"2023-02-23T01:36:59","date_gmt":"2023-02-23T07:36:59","guid":{"rendered":"https:\/\/tecsecmty.com\/index.php\/producto\/sbetech-sbe-utpc6ucert-gy-cable-utp-cat6-100-cobre-caja-305-metros-color-gris-23-awg-separador-central-utp\/"},"modified":"2023-03-22T23:24:22","modified_gmt":"2023-03-23T05:24:22","slug":"sbetech-sbe-utpc6ucert-gy-cable-utp-cat6-100-cobre-caja-305-metros-color-gris-23-awg-separador-central-utp","status":"publish","type":"product","link":"https:\/\/tecsecmty.com\/index.php\/producto\/sbetech-sbe-utpc6ucert-gy-cable-utp-cat6-100-cobre-caja-305-metros-color-gris-23-awg-separador-central-utp\/","title":{"rendered":"SBETECH SBE-UTPC6UCERT-GY &#8211; CABLE UTP CAT6\/ 100% COBRE\/CAJA 305 METROS\/ COLOR GRIS\/ 23 AWG\/ SEPARADOR CENTRAL\/ #UTP"},"content":{"rendered":"<h5 class=\"card-title text-center\">Informaci\u00f3n Principal<\/h5>\n<p>Cable UTP categor\u00eda 6 para red de \u00e1rea local, de 100 ohms calibre 23 AWG, con conductores de cobre y cubierta de material poliolefina, forro exterior de PVC. Cumple y excede los requerimientos de los est\u00e1ndares ANSI\/TIA-568-C2 de categor\u00eda 6 e iso I 1801 2\u00b0 Edici\u00f3n clase E para canal, as\u00ed como IEC 61156-5.<\/p>\n<p>Incluye:<\/p>\n<p>1 Bobina de cable Categor\u00eda 6 certificable .<\/p>\n<p>&#8211; Cable UTP categor\u00eda 6 para Red de \u00c1rea Local, de 100 ohms<\/p>\n<p>&#8211; Calibre 23 AWG tipo CM UL fracci\u00f3n 1685, no plenum, s\u00f3lido<\/p>\n<p>&#8211; Conductores de cobre con cubierta de material Polyolefin<\/p>\n<p>&#8211; Forro o cubierta exterior de PVC (color gris o azul)<\/p>\n<p>&#8211; Cord\u00f3n de ruptura de forro o cubierta exterior<\/p>\n<p>&#8211; M\u00e1ximo radio de curvatura en doblez 5%<\/p>\n<p>&#8211; Rangos de temperatura: -20\u00b0C + 60\u00b0C<\/p>\n<p>&#8211; Presentaci\u00f3n: caja con 1000 pies (305 metros)<\/p>\n<p>&#8211; Cumple y excede los requerimientos de los est\u00e1ndares ANSI\/TIA-568-C.2 de<\/p>\n<p>&#8211; Categor\u00eda 6 e ISO 11801 2\u00aa edici\u00f3n clase E para canal, as\u00ed como IEC 61156-5<\/p>\n<p>&#8211; Cumple con IEEE 802.3af as\u00ed como IEEE 802.3at<\/p>\n<p>&#8211; Soporta hasta 305 metros en instalaciones de CCTV (probado en laboratorio)<\/p>\n<p><img decoding=\"async\" class=\"overview-center-img-web\" src=\"https:\/\/tvc.mx\/media\/113221\/SBEUTPC6CERTGYove.png\" alt=\"\" \/><\/p>\n","protected":false},"excerpt":{"rendered":"<p>Informaci\u00f3n Principal Cable UTP categor\u00eda 6 para red de \u00e1rea local, de 100 ohms calibre 23 AWG, con conductores de cobre y cubierta de material poliolefina, forro exterior de PVC. Cumple y excede los requerimientos de los est\u00e1ndares ANSI\/TIA-568-C2 de categor\u00eda 6 e iso I&hellip;<\/p>\n","protected":false},"featured_media":4714,"comment_status":"open","ping_status":"closed","template":"","meta":{"om_disable_all_campaigns":false,"_monsterinsights_skip_tracking":false,"_monsterinsights_sitenote_active":false,"_monsterinsights_sitenote_note":"","_monsterinsights_sitenote_category":0},"product_brand":[],"product_cat":[383],"product_tag":[343,341,339,346,347,350,348,179,344,349,340,351,345,352,342],"class_list":{"0":"post-4715","1":"product","2":"type-product","3":"status-publish","4":"has-post-thumbnail","6":"product_cat-utp-ftp-cables-sbe-tech","7":"product_tag-antiincendio","8":"product_tag-cable-anti-incendio","9":"product_tag-cables-estructurado","10":"product_tag-canaletas","11":"product_tag-charolas","12":"product_tag-conectores","13":"product_tag-fibra-optica","14":"product_tag-gabinetes","15":"product_tag-hdmi","16":"product_tag-jacks","17":"product_tag-patch-cord","18":"product_tag-racks","19":"product_tag-siameses","20":"product_tag-tierra-fisica","21":"product_tag-utp","23":"first","24":"instock","25":"sale","26":"taxable","27":"shipping-taxable","28":"purchasable","29":"product-type-simple"},"aioseo_notices":[],"_links":{"self":[{"href":"https:\/\/tecsecmty.com\/index.php\/wp-json\/wp\/v2\/product\/4715","targetHints":{"allow":["GET"]}}],"collection":[{"href":"https:\/\/tecsecmty.com\/index.php\/wp-json\/wp\/v2\/product"}],"about":[{"href":"https:\/\/tecsecmty.com\/index.php\/wp-json\/wp\/v2\/types\/product"}],"replies":[{"embeddable":true,"href":"https:\/\/tecsecmty.com\/index.php\/wp-json\/wp\/v2\/comments?post=4715"}],"version-history":[{"count":0,"href":"https:\/\/tecsecmty.com\/index.php\/wp-json\/wp\/v2\/product\/4715\/revisions"}],"wp:featuredmedia":[{"embeddable":true,"href":"https:\/\/tecsecmty.com\/index.php\/wp-json\/wp\/v2\/media\/4714"}],"wp:attachment":[{"href":"https:\/\/tecsecmty.com\/index.php\/wp-json\/wp\/v2\/media?parent=4715"}],"wp:term":[{"taxonomy":"product_brand","embeddable":true,"href":"https:\/\/tecsecmty.com\/index.php\/wp-json\/wp\/v2\/product_brand?post=4715"},{"taxonomy":"product_cat","embeddable":true,"href":"https:\/\/tecsecmty.com\/index.php\/wp-json\/wp\/v2\/product_cat?post=4715"},{"taxonomy":"product_tag","embeddable":true,"href":"https:\/\/tecsecmty.com\/index.php\/wp-json\/wp\/v2\/product_tag?post=4715"}],"curies":[{"name":"wp","href":"https:\/\/api.w.org\/{rel}","templated":true}]}}