{"id":4719,"date":"2023-02-23T01:37:04","date_gmt":"2023-02-23T07:37:04","guid":{"rendered":"https:\/\/tecsecmty.com\/index.php\/producto\/ubiquiti-uisp-cable-pro-bobina-de-cable-utp-para-exterior-cat5e-blindado-100-cobre-305-metros-color-negro-blindaje-interno-y-cable-de-drenaje-para-proteccion-de-descargas-ideal-para-climas-ext\/"},"modified":"2023-03-22T23:24:35","modified_gmt":"2023-03-23T05:24:35","slug":"ubiquiti-uisp-cable-pro-bobina-de-cable-utp-para-exterior-cat5e-blindado-100-cobre-305-metros-color-negro-blindaje-interno-y-cable-de-drenaje-para-proteccion-de-descargas-ideal-para-climas-ext","status":"publish","type":"product","link":"https:\/\/tecsecmty.com\/index.php\/producto\/ubiquiti-uisp-cable-pro-bobina-de-cable-utp-para-exterior-cat5e-blindado-100-cobre-305-metros-color-negro-blindaje-interno-y-cable-de-drenaje-para-proteccion-de-descargas-ideal-para-climas-ext\/","title":{"rendered":"UBIQUITI UISP-Cable-Pro &#8211; Bobina de cable UTP para Exterior\/ Cat5e Blindado\/ 100% Cobre\/ 305 Metros\/ Color Negro\/ Blindaje Interno y Cable de Drenaje para Protecci\u00f3n de Descargas\/ Ideal para Climas Extremos\/ #OfertasUbiquiti #LosIndispensables"},"content":{"rendered":"<p><img decoding=\"async\" src=\"https:\/\/tvc.mx\/media\/377459\/UISP-Cable-Pro_001_grande-%281%29.png\" alt=\" \" \/><\/p>\n<h2>Cable UISP Pro<\/h2>\n<p class=\"text-muted\">\n<p><strong>Cable Ethernet de grado industrial que protege su red de da\u00f1os elementales y electrost\u00e1ticos<\/strong><\/p>\n<p>El UISP-Cable-Pro es un cable de categor\u00eda 5e con una cubierta resistente a la intemperie altamente aislante que evita da\u00f1os por lluvia, nieve y otras condiciones clim\u00e1ticas extremas.\u00a0El cable tambi\u00e9n est\u00e1 reforzado con un blindaje de aluminio interno y un cable de drenaje que lo protegen colectivamente de descargas electrost\u00e1ticas (ESD) y le permiten mantener velocidades de enlace Gigabit Ethernet incluso cuando hay interferencia electromagn\u00e9tica.<\/p>\n<div class=\"col-md-5\"><img decoding=\"async\" class=\"d-block m-auto img-thumbnail\" src=\"https:\/\/tvc.mx\/media\/515647\/UISP-Cable-Pro-Industrial-grade-Ethernet-cable.png\" alt=\" \" \/><\/div>\n<div class=\"col-md-7 text-md-left text-center\">\n<h2>Principales Caracter\u00edsticas<\/h2>\n<p class=\"text-muted\">\n<ul>\n<li class=\"ql-indent-1\">Cable de categor\u00eda 5e de 1000 pies (305 m)<\/li>\n<li class=\"ql-indent-1\">Pares de conductores de cobre s\u00f3lido de 24 AWG<\/li>\n<li class=\"ql-indent-1\">Forro de cable aislado y resistente a la intemperie<\/li>\n<li class=\"ql-indent-1\">Blindaje de l\u00e1mina interna y cable de drenaje para una mayor protecci\u00f3n contra da\u00f1os por descargas electrost\u00e1ticas (ESD)<\/li>\n<\/ul>\n<\/div>\n","protected":false},"excerpt":{"rendered":"<p>Cable UISP Pro Cable Ethernet de grado industrial que protege su red de da\u00f1os elementales y electrost\u00e1ticos El UISP-Cable-Pro es un cable de categor\u00eda 5e con una cubierta resistente a la intemperie altamente aislante que evita da\u00f1os por lluvia, nieve y otras condiciones clim\u00e1ticas extremas.\u00a0El&hellip;<\/p>\n","protected":false},"featured_media":4718,"comment_status":"open","ping_status":"closed","template":"","meta":{"om_disable_all_campaigns":false,"_monsterinsights_skip_tracking":false,"_monsterinsights_sitenote_active":false,"_monsterinsights_sitenote_note":"","_monsterinsights_sitenote_category":0},"product_brand":[],"product_cat":[386],"product_tag":[343,341,339,346,347,350,348,179,344,349,340,351,345,352,342],"class_list":{"0":"post-4719","1":"product","2":"type-product","3":"status-publish","4":"has-post-thumbnail","6":"product_cat-utp-ftp-cables-ubiquiti","7":"product_tag-antiincendio","8":"product_tag-cable-anti-incendio","9":"product_tag-cables-estructurado","10":"product_tag-canaletas","11":"product_tag-charolas","12":"product_tag-conectores","13":"product_tag-fibra-optica","14":"product_tag-gabinetes","15":"product_tag-hdmi","16":"product_tag-jacks","17":"product_tag-patch-cord","18":"product_tag-racks","19":"product_tag-siameses","20":"product_tag-tierra-fisica","21":"product_tag-utp","23":"first","24":"instock","25":"sale","26":"taxable","27":"shipping-taxable","28":"purchasable","29":"product-type-simple"},"aioseo_notices":[],"_links":{"self":[{"href":"https:\/\/tecsecmty.com\/index.php\/wp-json\/wp\/v2\/product\/4719","targetHints":{"allow":["GET"]}}],"collection":[{"href":"https:\/\/tecsecmty.com\/index.php\/wp-json\/wp\/v2\/product"}],"about":[{"href":"https:\/\/tecsecmty.com\/index.php\/wp-json\/wp\/v2\/types\/product"}],"replies":[{"embeddable":true,"href":"https:\/\/tecsecmty.com\/index.php\/wp-json\/wp\/v2\/comments?post=4719"}],"version-history":[{"count":0,"href":"https:\/\/tecsecmty.com\/index.php\/wp-json\/wp\/v2\/product\/4719\/revisions"}],"wp:featuredmedia":[{"embeddable":true,"href":"https:\/\/tecsecmty.com\/index.php\/wp-json\/wp\/v2\/media\/4718"}],"wp:attachment":[{"href":"https:\/\/tecsecmty.com\/index.php\/wp-json\/wp\/v2\/media?parent=4719"}],"wp:term":[{"taxonomy":"product_brand","embeddable":true,"href":"https:\/\/tecsecmty.com\/index.php\/wp-json\/wp\/v2\/product_brand?post=4719"},{"taxonomy":"product_cat","embeddable":true,"href":"https:\/\/tecsecmty.com\/index.php\/wp-json\/wp\/v2\/product_cat?post=4719"},{"taxonomy":"product_tag","embeddable":true,"href":"https:\/\/tecsecmty.com\/index.php\/wp-json\/wp\/v2\/product_tag?post=4719"}],"curies":[{"name":"wp","href":"https:\/\/api.w.org\/{rel}","templated":true}]}}